{"id":20596,"date":"2025-04-08T11:43:39","date_gmt":"2025-04-08T09:43:39","guid":{"rendered":"https:\/\/omsi.it\/wp\/?page_id=20596"},"modified":"2026-01-20T10:14:21","modified_gmt":"2026-01-20T09:14:21","slug":"fachmessen","status":"publish","type":"page","link":"https:\/\/omsi.it\/de\/fachmessen\/","title":{"rendered":"Feste"},"content":{"rendered":"<div class=\"wpb-content-wrapper\"><div class=\"vc_row wpb_row vc_row-fluid vc_custom_1744182087948 wd-rs-67f61b4350c3f\"><div class=\"wpb_column vc_column_container vc_col-sm-12\"><div class=\"vc_column-inner\"><div class=\"wpb_wrapper\"><div class=\"vc_empty_space\"   style=\"height: 40px\"><span class=\"vc_empty_space_inner\"><\/span><\/div><div class=\"vc_row wpb_row vc_inner vc_row-fluid wd-rs-67f61b95c3246\"><div class=\"wpb_column vc_column_container vc_col-sm-4 wd-rs-67f61b59465ef\"><div class=\"vc_column-inner\"><div class=\"wpb_wrapper\">\n\t<div  class=\"wpb_single_image wpb_content_element vc_align_center\">\n\t\t\n\t\t<figure class=\"wpb_wrapper vc_figure\">\n\t\t\t<div class=\"vc_single_image-wrapper   vc_box_border_grey\"><img loading=\"lazy\" decoding=\"async\" width=\"1280\" height=\"941\" src=\"https:\/\/omsi.it\/wp\/wp-content\/uploads\/2025\/04\/Interzum-scaled.jpg\" class=\"vc_single_image-img attachment-full\" alt=\"Interzum\" title=\"Interzum\" srcset=\"https:\/\/omsi.it\/wp\/wp-content\/uploads\/2025\/04\/Interzum-scaled.jpg 1280w, https:\/\/omsi.it\/wp\/wp-content\/uploads\/2025\/04\/Interzum-300x221.jpg 300w, https:\/\/omsi.it\/wp\/wp-content\/uploads\/2025\/04\/Interzum-1024x753.jpg 1024w, https:\/\/omsi.it\/wp\/wp-content\/uploads\/2025\/04\/Interzum-768x565.jpg 768w, https:\/\/omsi.it\/wp\/wp-content\/uploads\/2025\/04\/Interzum-1536x1130.jpg 1536w, https:\/\/omsi.it\/wp\/wp-content\/uploads\/2025\/04\/Interzum-1200x882.jpg 1200w, https:\/\/omsi.it\/wp\/wp-content\/uploads\/2025\/04\/Interzum-150x110.jpg 150w\" sizes=\"auto, (max-width: 1280px) 100vw, 1280px\" wpfc-lazyload-disable=\"true\" \/><\/div>\n\t\t<\/figure>\n\t<\/div>\n\n\t\t<div id=\"wd-67fcb5eb10344\" class=\"title-wrapper wd-wpb wd-set-mb reset-last-child  wd-rs-67fcb5eb10344 wd-title-color-primary wd-title-style-simple text-center vc_custom_1744615217959 wd-underline-colored\">\n\t\t\t\n\t\t\t<div class=\"liner-continer\">\n\t\t\t\t<h6 class=\"woodmart-title-container title  wd-font-weight- wd-fontsize-l\" >INTERZUM<\/h6>\n\t\t\t\t\t\t\t<\/div>\n\t\t\t\n\t\t\t\t\t\t\t<div class=\"title-after_title reset-last-child  wd-fontsize-xs\">Die Interzum ist die Weltmesse f\u00fcr die M\u00f6belzulieferindustrie, die mit ihrem neuen Slogan ``Rethinking Resources: Ecological and Circular Solutions`` auf eine nachhaltige Produktion abzielt.<\/div>\n\t\t\t\n\t\t\t\n\t\t<\/div>\n\t\t\n\t\t<div id=\"wd-696f474d9b435\" class=\"wd-rs-696f474d9b435 vc_custom_1768900448341 wd-button-wrapper text-center\"><a href=\"https:\/\/omsi.it\/de\/interzum\/\" title=\"\" class=\"btn btn-color-primary btn-style-default btn-shape-rectangle btn-size-extra-small\">Mehr erfahren<\/a><\/div><\/div><\/div><\/div><div class=\"wpb_column vc_column_container vc_col-sm-4 wd-rs-67f61ada6b178\"><div class=\"vc_column-inner\"><div class=\"wpb_wrapper\">\n\t<div  class=\"wpb_single_image wpb_content_element vc_align_center\">\n\t\t\n\t\t<figure class=\"wpb_wrapper vc_figure\">\n\t\t\t<div class=\"vc_single_image-wrapper   vc_box_border_grey\"><img loading=\"lazy\" decoding=\"async\" width=\"1280\" height=\"941\" src=\"https:\/\/omsi.it\/wp\/wp-content\/uploads\/2025\/04\/Workspace-scaled.png\" class=\"vc_single_image-img attachment-full\" alt=\"Arbeitsbereich\" title=\"Arbeitsbereich\" srcset=\"https:\/\/omsi.it\/wp\/wp-content\/uploads\/2025\/04\/Workspace-scaled.png 1280w, https:\/\/omsi.it\/wp\/wp-content\/uploads\/2025\/04\/Workspace-300x221.png 300w, https:\/\/omsi.it\/wp\/wp-content\/uploads\/2025\/04\/Workspace-1024x753.png 1024w, https:\/\/omsi.it\/wp\/wp-content\/uploads\/2025\/04\/Workspace-768x565.png 768w, https:\/\/omsi.it\/wp\/wp-content\/uploads\/2025\/04\/Workspace-1536x1130.png 1536w, https:\/\/omsi.it\/wp\/wp-content\/uploads\/2025\/04\/Workspace-1200x882.png 1200w, https:\/\/omsi.it\/wp\/wp-content\/uploads\/2025\/04\/Workspace-150x110.png 150w\" sizes=\"auto, (max-width: 1280px) 100vw, 1280px\" wpfc-lazyload-disable=\"true\" \/><\/div>\n\t\t<\/figure>\n\t<\/div>\n\n\t\t<div id=\"wd-680202ccde0e2\" class=\"title-wrapper wd-wpb wd-set-mb reset-last-child  wd-rs-680202ccde0e2 wd-title-color-primary wd-title-style-simple text-center vc_custom_1744962414419 wd-underline-colored\">\n\t\t\t\n\t\t\t<div class=\"liner-continer\">\n\t\t\t\t<h6 class=\"woodmart-title-container title  wd-font-weight- wd-fontsize-l\" >INDEX WORKSPACE DUBAI<\/h6>\n\t\t\t\t\t\t\t<\/div>\n\t\t\t\n\t\t\t\t\t\t\t<div class=\"title-after_title reset-last-child  wd-fontsize-xs\">Index Workspace ist die B2B-Messe schlechthin, die ausschlie\u00dflich f\u00fcr Arbeitsplatzl\u00f6sungen konzipiert ist.<\/div>\n\t\t\t\n\t\t\t\n\t\t<\/div>\n\t\t\n\t\t<div id=\"wd-67f619da308a1\" class=\"wd-rs-67f619da308a1 vc_custom_1744181728362 wd-button-wrapper text-center\"><a href=\"https:\/\/omsi.it\/de\/wp\/index-workspace-dubai\/\" title=\"Mehr erfahren\" class=\"btn btn-color-primary btn-style-default btn-shape-rectangle btn-size-extra-small\">Mehr erfahren<\/a><\/div><\/div><\/div><\/div><div class=\"wpb_column vc_column_container vc_col-sm-4 wd-rs-67f61bb1e8552\"><div class=\"vc_column-inner\"><div class=\"wpb_wrapper\">\n\t<div  class=\"wpb_single_image wpb_content_element vc_align_center\">\n\t\t\n\t\t<figure class=\"wpb_wrapper vc_figure\">\n\t\t\t<div class=\"vc_single_image-wrapper   vc_box_border_grey\"><img loading=\"lazy\" decoding=\"async\" width=\"1280\" height=\"941\" src=\"https:\/\/omsi.it\/wp\/wp-content\/uploads\/2025\/04\/FSB-Riyadh-scaled.jpg\" class=\"vc_single_image-img attachment-full\" alt=\"FSB Riyadh\" title=\"FSB Riyadh\" srcset=\"https:\/\/omsi.it\/wp\/wp-content\/uploads\/2025\/04\/FSB-Riyadh-scaled.jpg 1280w, https:\/\/omsi.it\/wp\/wp-content\/uploads\/2025\/04\/FSB-Riyadh-300x221.jpg 300w, https:\/\/omsi.it\/wp\/wp-content\/uploads\/2025\/04\/FSB-Riyadh-1024x753.jpg 1024w, https:\/\/omsi.it\/wp\/wp-content\/uploads\/2025\/04\/FSB-Riyadh-768x565.jpg 768w, https:\/\/omsi.it\/wp\/wp-content\/uploads\/2025\/04\/FSB-Riyadh-1536x1130.jpg 1536w, https:\/\/omsi.it\/wp\/wp-content\/uploads\/2025\/04\/FSB-Riyadh-1200x882.jpg 1200w, https:\/\/omsi.it\/wp\/wp-content\/uploads\/2025\/04\/FSB-Riyadh-150x110.jpg 150w\" sizes=\"auto, (max-width: 1280px) 100vw, 1280px\" wpfc-lazyload-disable=\"true\" \/><\/div>\n\t\t<\/figure>\n\t<\/div>\n\n\t\t<div id=\"wd-68020696c8c3e\" class=\"title-wrapper wd-wpb wd-set-mb reset-last-child  wd-rs-68020696c8c3e wd-title-color-primary wd-title-style-simple text-center vc_custom_1744963234529 wd-underline-colored\">\n\t\t\t\n\t\t\t<div class=\"liner-continer\">\n\t\t\t\t<h6 class=\"woodmart-title-container title  wd-font-weight- wd-fontsize-l\" >FSB-Sportschau<\/h6>\n\t\t\t\t\t\t\t<\/div>\n\t\t\t\n\t\t\t\t\t\t\t<div class=\"title-after_title reset-last-child  wd-fontsize-xs\">FSB Sport Show, die erste Ausgabe von Saudi-Arabiens gr\u00f6\u00dfter Fachmesse f\u00fcr Sportbau, Freizeiteinrichtungen und \u00f6ffentliche R\u00e4ume.<\/div>\n\t\t\t\n\t\t\t\n\t\t<\/div>\n\t\t\n\t\t<div id=\"wd-67f619bac1f18\" class=\"wd-rs-67f619bac1f18 vc_custom_1744181707327 wd-button-wrapper text-center\"><a href=\"https:\/\/omsi.it\/de\/wp\/fsb-sportschau\/\" title=\"Mehr erfahren\" class=\"btn btn-color-primary btn-style-default btn-shape-rectangle btn-size-extra-small\">Mehr erfahren<\/a><\/div><\/div><\/div><\/div><\/div><div class=\"vc_row wpb_row vc_inner vc_row-fluid vc_custom_1744182052594 wd-rs-67f61b1ba1cad\"><div class=\"wpb_column vc_column_container vc_col-sm-4 wd-rs-67f61af3e7c80\"><div class=\"vc_column-inner\"><div class=\"wpb_wrapper\">\n\t<div  class=\"wpb_single_image wpb_content_element vc_align_center\">\n\t\t\n\t\t<figure class=\"wpb_wrapper vc_figure\">\n\t\t\t<div class=\"vc_single_image-wrapper   vc_box_border_grey\"><img loading=\"lazy\" decoding=\"async\" width=\"1280\" height=\"941\" src=\"https:\/\/omsi.it\/wp\/wp-content\/uploads\/2025\/04\/FSB-Cologne-scaled.jpg\" class=\"vc_single_image-img attachment-full\" alt=\"FSB K\u00f6ln\" title=\"FSB K\u00f6ln\" srcset=\"https:\/\/omsi.it\/wp\/wp-content\/uploads\/2025\/04\/FSB-Cologne-scaled.jpg 1280w, https:\/\/omsi.it\/wp\/wp-content\/uploads\/2025\/04\/FSB-Cologne-300x221.jpg 300w, https:\/\/omsi.it\/wp\/wp-content\/uploads\/2025\/04\/FSB-Cologne-1024x753.jpg 1024w, https:\/\/omsi.it\/wp\/wp-content\/uploads\/2025\/04\/FSB-Cologne-768x565.jpg 768w, https:\/\/omsi.it\/wp\/wp-content\/uploads\/2025\/04\/FSB-Cologne-1536x1130.jpg 1536w, https:\/\/omsi.it\/wp\/wp-content\/uploads\/2025\/04\/FSB-Cologne-1200x882.jpg 1200w, https:\/\/omsi.it\/wp\/wp-content\/uploads\/2025\/04\/FSB-Cologne-150x110.jpg 150w\" sizes=\"auto, (max-width: 1280px) 100vw, 1280px\" wpfc-lazyload-disable=\"true\" \/><\/div>\n\t\t<\/figure>\n\t<\/div>\n\n\t\t<div id=\"wd-6802018997f4b\" class=\"title-wrapper wd-wpb wd-set-mb reset-last-child  wd-rs-6802018997f4b wd-title-color-primary wd-title-style-simple text-center vc_custom_1744962000782 wd-underline-colored\">\n\t\t\t\n\t\t\t<div class=\"liner-continer\">\n\t\t\t\t<h6 class=\"woodmart-title-container title  wd-font-weight- wd-fontsize-l\" >FSB<\/h6>\n\t\t\t\t\t\t\t<\/div>\n\t\t\t\n\t\t\t\t\t\t\t<div class=\"title-after_title reset-last-child  wd-fontsize-xs\">Die FSB ist die f\u00fchrende internationale Fachmesse f\u00fcr nachhaltige Sport- und Freizeiteinrichtungen und setzt sich f\u00fcr \u00f6kologische Verantwortung, soziale Gerechtigkeit und langfristige finanzielle Nachhaltigkeit im Sportsektor ein.<\/div>\n\t\t\t\n\t\t\t\n\t\t<\/div>\n\t\t\n\t\t<div id=\"wd-67f619f2f0194\" class=\"wd-rs-67f619f2f0194 vc_custom_1744181756264 wd-button-wrapper text-center\"><a href=\"https:\/\/omsi.it\/de\/wp\/fsb\/\" title=\"Mehr erfahren\" class=\"btn btn-color-primary btn-style-default btn-shape-rectangle btn-size-extra-small\">Mehr erfahren<\/a><\/div><\/div><\/div><\/div><div class=\"wpb_column vc_column_container vc_col-sm-4\"><div class=\"vc_column-inner\"><div class=\"wpb_wrapper\"><\/div><\/div><\/div><div class=\"wpb_column vc_column_container vc_col-sm-4\"><div class=\"vc_column-inner\"><div class=\"wpb_wrapper\"><\/div><\/div><\/div><\/div><\/div><\/div><\/div><\/div>\n<\/div>","protected":false},"excerpt":{"rendered":"INTERZUM Die Interzum ist die Weltmesse f\u00fcr die M\u00f6belzulieferindustrie mit dem neuen Slogan ``Rethinking Resources:","protected":false},"author":1,"featured_media":0,"parent":0,"menu_order":0,"comment_status":"closed","ping_status":"closed","template":"","meta":{"footnotes":""},"class_list":["post-20596","page","type-page","status-publish","hentry"],"_links":{"self":[{"href":"https:\/\/omsi.it\/de\/wp-json\/wp\/v2\/pages\/20596","targetHints":{"allow":["GET"]}}],"collection":[{"href":"https:\/\/omsi.it\/de\/wp-json\/wp\/v2\/pages"}],"about":[{"href":"https:\/\/omsi.it\/de\/wp-json\/wp\/v2\/types\/page"}],"author":[{"embeddable":true,"href":"https:\/\/omsi.it\/de\/wp-json\/wp\/v2\/users\/1"}],"replies":[{"embeddable":true,"href":"https:\/\/omsi.it\/de\/wp-json\/wp\/v2\/comments?post=20596"}],"version-history":[{"count":3,"href":"https:\/\/omsi.it\/de\/wp-json\/wp\/v2\/pages\/20596\/revisions"}],"predecessor-version":[{"id":21315,"href":"https:\/\/omsi.it\/de\/wp-json\/wp\/v2\/pages\/20596\/revisions\/21315"}],"wp:attachment":[{"href":"https:\/\/omsi.it\/de\/wp-json\/wp\/v2\/media?parent=20596"}],"curies":[{"name":"wp","href":"https:\/\/api.w.org\/{rel}","templated":true}]}}