{"id":20627,"date":"2025-04-09T09:12:03","date_gmt":"2025-04-09T07:12:03","guid":{"rendered":"https:\/\/omsi.it\/wp\/?page_id=20627"},"modified":"2025-11-11T12:01:59","modified_gmt":"2025-11-11T11:01:59","slug":"veranstaltungen","status":"publish","type":"page","link":"https:\/\/omsi.it\/de\/veranstaltungen\/","title":{"rendered":"Veranstaltungen"},"content":{"rendered":"<div class=\"wpb-content-wrapper\"><div class=\"vc_row wpb_row vc_row-fluid vc_custom_1744182087948 wd-rs-67f61b4350c3f\"><div class=\"wpb_column vc_column_container vc_col-sm-12\"><div class=\"vc_column-inner\"><div class=\"wpb_wrapper\"><div class=\"vc_empty_space\"   style=\"height: 40px\"><span class=\"vc_empty_space_inner\"><\/span><\/div><div class=\"vc_row wpb_row vc_inner vc_row-fluid wd-rs-67f61b95c3246\"><div class=\"wpb_column vc_column_container vc_col-sm-4 wd-rs-67f61b59465ef\"><div class=\"vc_column-inner\"><div class=\"wpb_wrapper\">\n\t<div class=\"wpb_video_widget wpb_content_element vc_clearfix vc_video-aspect-ratio-169 vc_video-el-width-100 vc_video-align-center\" >\n\t\t<div class=\"wpb_wrapper\">\n\t\t\t\n\t\t\t<div class=\"wpb_video_wrapper\"><iframe loading=\"lazy\" title=\"OMSI srl - 60. Jahrestag (ITALIENISCH)\" width=\"500\" height=\"281\" src=\"https:\/\/www.youtube.com\/embed\/sTIpHPGIAEo?feature=oembed\" frameborder=\"0\" allow=\"accelerometer; autoplay; clipboard-write; encrypted-media; gyroscope; picture-in-picture; web-share\" referrerpolicy=\"strict-origin-when-cross-origin\" allowfullscreen><\/iframe><\/div>\n\t\t<\/div>\n\t<\/div>\n\n\t\t<div id=\"wd-67f62e67b49ff\" class=\"title-wrapper wd-wpb wd-set-mb reset-last-child  wd-rs-67f62e67b49ff wd-title-color-primary wd-title-style-simple text-center vc_custom_1744187062639 wd-underline-colored\">\n\t\t\t\n\t\t\t<div class=\"liner-continer\">\n\t\t\t\t<h6 class=\"woodmart-title-container title  wd-font-weight- wd-fontsize-l\" >Omsi - 60 Jahre Qualit\u00e4t<\/h6>\n\t\t\t\t\t\t\t<\/div>\n\t\t\t\n\t\t\t\t\t\t\t<div class=\"title-after_title reset-last-child  wd-fontsize-xs\">Wir zeichnen unsere Geschichte nach: von unseren Anf\u00e4ngen bis zu den heutigen Erfolgen.<\/div>\n\t\t\t\n\t\t\t\n\t\t<\/div>\n\t\t\n\t\t<div id=\"wd-67f61d9d6a265\" class=\"wd-rs-67f61d9d6a265 vc_custom_1744182693592 wd-button-wrapper text-center\"><a href=\"https:\/\/omsi.it\/de\/wp\/omsi-60-jahre-qualitat\/\" title=\"Mehr erfahren\" class=\"btn btn-color-primary btn-style-default btn-shape-rectangle btn-size-extra-small\">Mehr erfahren<\/a><\/div><\/div><\/div><\/div><div class=\"wpb_column vc_column_container vc_col-sm-4 wd-rs-67f61bb1e8552\"><div class=\"vc_column-inner\"><div class=\"wpb_wrapper\"><\/div><\/div><\/div><div class=\"wpb_column vc_column_container vc_col-sm-4 wd-rs-67f61ada6b178\"><div class=\"vc_column-inner\"><div class=\"wpb_wrapper\"><\/div><\/div><\/div><\/div><\/div><\/div><\/div><\/div>\n<\/div>","protected":false},"excerpt":{"rendered":"Omsi - 60 Jahre Qualit\u00e4t Werfen wir einen Blick zur\u00fcck auf unsere Geschichte: von den Anf\u00e4ngen bis zum heutigen Erfolg. Mehr erfahren","protected":false},"author":1,"featured_media":0,"parent":0,"menu_order":0,"comment_status":"closed","ping_status":"closed","template":"","meta":{"footnotes":""},"class_list":["post-20627","page","type-page","status-publish","hentry"],"_links":{"self":[{"href":"https:\/\/omsi.it\/de\/wp-json\/wp\/v2\/pages\/20627","targetHints":{"allow":["GET"]}}],"collection":[{"href":"https:\/\/omsi.it\/de\/wp-json\/wp\/v2\/pages"}],"about":[{"href":"https:\/\/omsi.it\/de\/wp-json\/wp\/v2\/types\/page"}],"author":[{"embeddable":true,"href":"https:\/\/omsi.it\/de\/wp-json\/wp\/v2\/users\/1"}],"replies":[{"embeddable":true,"href":"https:\/\/omsi.it\/de\/wp-json\/wp\/v2\/comments?post=20627"}],"version-history":[{"count":1,"href":"https:\/\/omsi.it\/de\/wp-json\/wp\/v2\/pages\/20627\/revisions"}],"predecessor-version":[{"id":21277,"href":"https:\/\/omsi.it\/de\/wp-json\/wp\/v2\/pages\/20627\/revisions\/21277"}],"wp:attachment":[{"href":"https:\/\/omsi.it\/de\/wp-json\/wp\/v2\/media?parent=20627"}],"curies":[{"name":"wp","href":"https:\/\/api.w.org\/{rel}","templated":true}]}}