{"id":21191,"date":"2025-09-15T10:34:18","date_gmt":"2025-09-15T08:34:18","guid":{"rendered":"https:\/\/omsi.it\/?page_id=21191"},"modified":"2025-11-11T12:29:21","modified_gmt":"2025-11-11T11:29:21","slug":"virtuelle-tour-durch-das-tanger-stadion","status":"publish","type":"page","link":"https:\/\/omsi.it\/de\/virtuelle-tour-durch-das-tanger-stadion\/","title":{"rendered":"Virtueller Rundgang - Grand Stade de Tanger"},"content":{"rendered":"<div class=\"wpb-content-wrapper\"><div data-vc-full-width=\"true\" data-vc-full-width-temp=\"true\" data-vc-full-width-init=\"false\" data-vc-stretch-content=\"true\" class=\"vc_row wpb_row vc_row-fluid lista-realizzazioni vc_custom_1758010752531 vc_row-has-fill vc_row-no-padding vc_row-o-full-height vc_row-o-columns-middle vc_row-o-equal-height vc_row-o-content-middle vc_row-flex wd-rs-68c91d76dcc26 wd-section-stretch-content-no-pd\"><div class=\"wpb_column vc_column_container vc_col-sm-12 vc_col-has-fill text-center wd-rs-68c91c5cdb8e5\"><div class=\"vc_column-inner vc_custom_1758010466193\"><div class=\"wpb_wrapper\">\n\t<div class=\"wpb_raw_code wpb_raw_html wpb_content_element vc_custom_1758010410027\" >\n\t\t<div class=\"wpb_wrapper\">\n\t\t\t<iframe loading=\"lazy\"\n  src=\"https:\/\/photodaf.viewin360.co\/share\/collection\/7D098?logo=-1&info=0&fs=1&vr=1&sd=1&initload=0&thumbs=1\"\n  width=\"100%\"\n  height=\"1000\"\n  frameborder=\"0\"\n  allowfullscreen\n><\/iframe>\n\t\t<\/div>\n\t<\/div>\n<\/div><\/div><\/div><\/div><div class=\"vc_row-full-width vc_clearfix\"><\/div><div class=\"vc_row wpb_row vc_row-fluid vc_custom_1757926882871 wd-rs-68c7d5d8f0212\"><div class=\"wpb_column vc_column_container vc_col-sm-12\"><div class=\"vc_column-inner\"><div class=\"wpb_wrapper\">\n\t\t<div id=\"wd-68cbe626890e6\" class=\"title-wrapper wd-wpb wd-set-mb reset-last-child  wd-rs-68cbe626890e6 wd-title-color-primary wd-title-style-default text-left  wd-underline-colored\">\n\t\t\t\n\t\t\t<div class=\"liner-continer\">\n\t\t\t\t<h4 class=\"woodmart-title-container title  wd-font-weight- wd-fontsize-xl\" >Omsi renoviert das Grand Stade de Tanger. Entdecken Sie das Projekt mit der Virtual Tour.<\/h4>\n\t\t\t\t\t\t\t<\/div>\n\t\t\t\n\t\t\t\n\t\t\t\n\t\t<\/div>\n\t\t\n\t\t\t\t<div id=\"wd-68cbe66a69d94\" class=\"wd-text-block wd-wpb reset-last-child wd-rs-68cbe66a69d94 text-center wd-fontsize-m\">\n\t\t\t<p style=\"text-align: left;\" class=\"translation-block\">F\u00fcr \u00fcber 12 Millionen Euro hat Omsi den Auftrag f\u00fcr die grundlegende Renovierung des Grand Stade de Tanger im Hinblick auf den Afrika-Cup gewonnen, der im Dezember 2025 und Januar 2026 in Marokko stattfinden wird.\nZiel der Ma\u00dfnahme war es, die Sichtbarkeit zu verbessern und die Kapazit\u00e4t der Anlage zu erh\u00f6hen. Mit einer neuen Gesamtkapazit\u00e4t von 75.000 Sitzpl\u00e4tzen ist das Grand Stade de Tanger bereit, Veranstaltungen von weltweitem Rang auszurichten.<\/p>\n\t\t<\/div>\n\t\t\t\t<div id=\"wd-68c804c9b4950\" class=\"wd-text-block wd-wpb reset-last-child wd-rs-68c804c9b4950 text-center\">\n\t\t\t<blockquote class=\"\">\n<div class=\"\">\n<div class=\"\">\n<div class=\"\" dir=\"ltr\" style=\"text-align: left;\"><strong><span class=\"\">Gelieferte Modelle und Mengen:<\/span><\/strong><\/div>\n<ul class=\"\" style=\"text-align: left;\" data-editing-info=\"{&quot;applyListStyleFromLevel&quot;:false,&quot;unorderedStyleType&quot;:2}\">\n<li style=\"list-style-type: none;\">\n<ul class=\"\" data-editing-info=\"{&quot;applyListStyleFromLevel&quot;:false,&quot;unorderedStyleType&quot;:2}\">\n<li class=\"\">\n<div class=\"\" dir=\"ltr\" role=\"presentation\"><span class=\"\">Monoblocksitz, M2025: <b class=\"\">ca. 54.200<\/b><\/span><\/div>\n<\/li>\n<li class=\"\">\n<div class=\"translation-block\" dir=\"ltr\" role=\"presentation\">Klappsitz, M2013: <b class=\"\">ca. 9.000<\/b><\/span><\/div>\n<\/li>\n<li class=\"\">\n<div class=\"\" dir=\"ltr\" role=\"presentation\"><span class=\"\">Sessel - LEONARDO GOLD:\u00a0<b class=\"\">ca. 8.100<\/b><\/span><\/div>\n<\/li>\n<li class=\"\">\n<div class=\"translation-block\" dir=\"ltr\" role=\"presentation\">Tisch f\u00fcr die Presse, MP2025: \u00a0<b class=\"\">ca. 500<\/b><\/span><\/div>\n<\/li>\n<li class=\"\">\n<div class=\"\" dir=\"ltr\" role=\"presentation\"><span class=\"\">Stuhl f\u00fcr Konferenzraum SIGMA:<\/span><span class=\"\">\u00a0<b class=\"\">ca. 1.300<\/b><\/span><\/div>\n<\/li>\n<\/ul>\n<\/li>\n<\/ul>\n<\/div>\n<\/div>\n<\/blockquote>\n<p style=\"text-align: left;\">\n\t\t<\/div>\n\t\t<\/div><\/div><\/div><\/div><div class=\"vc_row wpb_row vc_row-fluid\"><div class=\"wpb_column vc_column_container vc_col-sm-12\"><div class=\"vc_column-inner\"><div class=\"wpb_wrapper\">\n\t<div class=\"wpb_text_column wpb_content_element\" >\n\t\t<div class=\"wpb_wrapper\">\n\t\t\t\n\t\t<\/div>\n\t<\/div>\n<\/div><\/div><\/div><\/div>\n<\/div>","protected":false},"excerpt":{"rendered":"Omsi renoviert das Grand Stade de Tanger. Entdecken Sie das Projekt mit dem virtuellen Rundgang. F\u00fcr \u00fcber 12 Millionen Euro,","protected":false},"author":1,"featured_media":0,"parent":0,"menu_order":0,"comment_status":"closed","ping_status":"closed","template":"","meta":{"footnotes":""},"class_list":["post-21191","page","type-page","status-publish","hentry"],"_links":{"self":[{"href":"https:\/\/omsi.it\/de\/wp-json\/wp\/v2\/pages\/21191","targetHints":{"allow":["GET"]}}],"collection":[{"href":"https:\/\/omsi.it\/de\/wp-json\/wp\/v2\/pages"}],"about":[{"href":"https:\/\/omsi.it\/de\/wp-json\/wp\/v2\/types\/page"}],"author":[{"embeddable":true,"href":"https:\/\/omsi.it\/de\/wp-json\/wp\/v2\/users\/1"}],"replies":[{"embeddable":true,"href":"https:\/\/omsi.it\/de\/wp-json\/wp\/v2\/comments?post=21191"}],"version-history":[{"count":25,"href":"https:\/\/omsi.it\/de\/wp-json\/wp\/v2\/pages\/21191\/revisions"}],"predecessor-version":[{"id":21289,"href":"https:\/\/omsi.it\/de\/wp-json\/wp\/v2\/pages\/21191\/revisions\/21289"}],"wp:attachment":[{"href":"https:\/\/omsi.it\/de\/wp-json\/wp\/v2\/media?parent=21191"}],"curies":[{"name":"wp","href":"https:\/\/api.w.org\/{rel}","templated":true}]}}