{"id":996,"date":"2017-09-22T13:16:43","date_gmt":"2017-09-22T13:16:43","guid":{"rendered":"http:\/\/dummy.xtemos.com\/woodmart\/demos\/?page_id=996"},"modified":"2026-04-01T11:06:55","modified_gmt":"2026-04-01T09:06:55","slug":"wer-wir-sind","status":"publish","type":"page","link":"https:\/\/omsi.it\/de\/chi-siamo\/","title":{"rendered":"wer wir sind"},"content":{"rendered":"<div class=\"wpb-content-wrapper\"><div id=\"storia\" class=\"vc_row wpb_row vc_row-fluid vc_custom_1607510045105 vc_column-gap-20 vc_row-o-content-middle vc_row-flex\"><div class=\"wpb_column vc_column_container vc_col-sm-12 vc_col-md-6\"><div class=\"vc_column-inner\"><div class=\"wpb_wrapper\"><div class=\"vc_empty_space\"   style=\"height: 40px\"><span class=\"vc_empty_space_inner\"><\/span><\/div>\t\t<div id=\"gallery_167\" class=\"wd-images-gallery wd-wpb wd-rs-652d14a0eb855 wd-carousel-container wd-wpb\" style=\"--wd-justify-content:center;--wd-align-items:center;\">\n\t\t\t\t\t\t\t<div class=\"wd-carousel-inner\">\n\t\t\t\n\t\t\t<div class=\"wd-carousel wd-grid\"data-speed=\"5000\" data-wrap=\"yes\" data-autoplay=\"yes\" data-scroll_per_page=\"yes\" data-center_mode=\"yes\" style=\"--wd-col-lg:1;--wd-col-md:1;--wd-col-sm:1;--wd-gap-lg:0px;\">\n\t\t\t\t\t\t\t\t\t<div class=\"wd-carousel-wrap\">\n\t\t\t\t\n\t\t\t\t\t\t\t\t\t\t\t\t\t\t\t<div class=\"wd-gallery-item wd-carousel-item\">\n\t\t\t\t\t\t\t\n\t\t\t\t\t\t\t\t<img loading=\"lazy\" decoding=\"async\" width=\"1280\" height=\"855\" src=\"https:\/\/omsi.it\/wp\/wp-content\/uploads\/2020\/12\/omsi-calcio-stadio-scaled-scaled.jpg\" class=\"wd-gallery-image image-1\" alt=\"omsi Fu\u00dfballstadion skaliert\" srcset=\"https:\/\/omsi.it\/wp\/wp-content\/uploads\/2020\/12\/omsi-calcio-stadio-scaled-scaled.jpg 1280w, https:\/\/omsi.it\/wp\/wp-content\/uploads\/2020\/12\/omsi-calcio-stadio-scaled-150x100.jpg 150w, https:\/\/omsi.it\/wp\/wp-content\/uploads\/2020\/12\/omsi-calcio-stadio-scaled-1200x801.jpg 1200w, https:\/\/omsi.it\/wp\/wp-content\/uploads\/2020\/12\/omsi-calcio-stadio-300x200.jpg 300w, https:\/\/omsi.it\/wp\/wp-content\/uploads\/2020\/12\/omsi-calcio-stadio-1024x684.jpg 1024w, https:\/\/omsi.it\/wp\/wp-content\/uploads\/2020\/12\/omsi-calcio-stadio-768x513.jpg 768w, https:\/\/omsi.it\/wp\/wp-content\/uploads\/2020\/12\/omsi-calcio-stadio-1536x1025.jpg 1536w, https:\/\/omsi.it\/wp\/wp-content\/uploads\/2020\/12\/omsi-calcio-stadio-2048x1367.jpg 2048w\" sizes=\"auto, (max-width: 1280px) 100vw, 1280px\" wpfc-lazyload-disable=\"true\" \/>\n\t\t\t\t\t\t\t\t\t\t\t\t\t\t<\/div>\n\t\t\t\t\t\t\t\t\t\t\t<div class=\"wd-gallery-item wd-carousel-item\">\n\t\t\t\t\t\t\t\n\t\t\t\t\t\t\t\t<img loading=\"lazy\" decoding=\"async\" width=\"1280\" height=\"853\" src=\"https:\/\/omsi.it\/wp\/wp-content\/uploads\/2020\/12\/omsi-basket-stadio-scaled-scaled.jpg\" class=\"wd-gallery-image image-2\" alt=\"omsi basketball stadion skaliert\" srcset=\"https:\/\/omsi.it\/wp\/wp-content\/uploads\/2020\/12\/omsi-basket-stadio-scaled-scaled.jpg 1280w, https:\/\/omsi.it\/wp\/wp-content\/uploads\/2020\/12\/omsi-basket-stadio-scaled-150x100.jpg 150w, https:\/\/omsi.it\/wp\/wp-content\/uploads\/2020\/12\/omsi-basket-stadio-scaled-1200x800.jpg 1200w, https:\/\/omsi.it\/wp\/wp-content\/uploads\/2020\/12\/omsi-basket-stadio-300x200.jpg 300w, https:\/\/omsi.it\/wp\/wp-content\/uploads\/2020\/12\/omsi-basket-stadio-1024x683.jpg 1024w, https:\/\/omsi.it\/wp\/wp-content\/uploads\/2020\/12\/omsi-basket-stadio-768x512.jpg 768w, https:\/\/omsi.it\/wp\/wp-content\/uploads\/2020\/12\/omsi-basket-stadio-1536x1024.jpg 1536w, https:\/\/omsi.it\/wp\/wp-content\/uploads\/2020\/12\/omsi-basket-stadio-2048x1365.jpg 2048w\" sizes=\"auto, (max-width: 1280px) 100vw, 1280px\" wpfc-lazyload-disable=\"true\" \/>\n\t\t\t\t\t\t\t\t\t\t\t\t\t\t<\/div>\n\t\t\t\t\t\t\t\t\t\t\t<div class=\"wd-gallery-item wd-carousel-item\">\n\t\t\t\t\t\t\t\n\t\t\t\t\t\t\t\t<img loading=\"lazy\" decoding=\"async\" width=\"1280\" height=\"853\" src=\"https:\/\/omsi.it\/wp\/wp-content\/uploads\/2020\/12\/omsi-scuola-scaled-scaled.jpg\" class=\"wd-gallery-image image-3\" alt=\"omsi skalierte Schule\" srcset=\"https:\/\/omsi.it\/wp\/wp-content\/uploads\/2020\/12\/omsi-scuola-scaled-scaled.jpg 1280w, https:\/\/omsi.it\/wp\/wp-content\/uploads\/2020\/12\/omsi-scuola-scaled-150x100.jpg 150w, https:\/\/omsi.it\/wp\/wp-content\/uploads\/2020\/12\/omsi-scuola-scaled-1200x800.jpg 1200w, https:\/\/omsi.it\/wp\/wp-content\/uploads\/2020\/12\/omsi-scuola-300x200.jpg 300w, https:\/\/omsi.it\/wp\/wp-content\/uploads\/2020\/12\/omsi-scuola-1024x683.jpg 1024w, https:\/\/omsi.it\/wp\/wp-content\/uploads\/2020\/12\/omsi-scuola-768x512.jpg 768w, https:\/\/omsi.it\/wp\/wp-content\/uploads\/2020\/12\/omsi-scuola-1536x1024.jpg 1536w, https:\/\/omsi.it\/wp\/wp-content\/uploads\/2020\/12\/omsi-scuola-2048x1365.jpg 2048w\" sizes=\"auto, (max-width: 1280px) 100vw, 1280px\" wpfc-lazyload-disable=\"true\" \/>\n\t\t\t\t\t\t\t\t\t\t\t\t\t\t<\/div>\n\t\t\t\t\t\t\t\t\t\t\t<div class=\"wd-gallery-item wd-carousel-item\">\n\t\t\t\t\t\t\t\n\t\t\t\t\t\t\t\t<img loading=\"lazy\" decoding=\"async\" width=\"1280\" height=\"922\" src=\"https:\/\/omsi.it\/wp\/wp-content\/uploads\/2020\/12\/collettivita-scaled.jpg\" class=\"wd-gallery-image image-4\" alt=\"Gemeinschaft\" srcset=\"https:\/\/omsi.it\/wp\/wp-content\/uploads\/2020\/12\/collettivita-scaled.jpg 1280w, https:\/\/omsi.it\/wp\/wp-content\/uploads\/2020\/12\/collettivita-150x108.jpg 150w, https:\/\/omsi.it\/wp\/wp-content\/uploads\/2020\/12\/collettivita-1200x864.jpg 1200w, https:\/\/omsi.it\/wp\/wp-content\/uploads\/2020\/12\/collettivita-300x216.jpg 300w, https:\/\/omsi.it\/wp\/wp-content\/uploads\/2020\/12\/collettivita-1024x738.jpg 1024w, https:\/\/omsi.it\/wp\/wp-content\/uploads\/2020\/12\/collettivita-768x553.jpg 768w, https:\/\/omsi.it\/wp\/wp-content\/uploads\/2020\/12\/collettivita-1536x1107.jpg 1536w, https:\/\/omsi.it\/wp\/wp-content\/uploads\/2020\/12\/collettivita-2048x1475.jpg 2048w\" sizes=\"auto, (max-width: 1280px) 100vw, 1280px\" wpfc-lazyload-disable=\"true\" \/>\n\t\t\t\t\t\t\t\t\t\t\t\t\t\t<\/div>\n\t\t\t\t\t\t\t\t\t\n\t\t\t\t\t\t\t\t\t<\/div>\n\t\t\t\t\t\t\t<\/div>\n\n\t\t\t\t\t\t\t\n\t\t\t\t<\/div>\n\n\t\t\t\t\t\t<div class=\"wd-nav-pagin-wrap text-center wd-style-shape wd-hide-md-sm wd-hide-sm\">\n\t\t\t<ul class=\"wd-nav-pagin\"><\/ul>\n\t\t<\/div>\n\t\t\t\t\t\t\t\t\t\t\t<\/div>\n\t\t<\/div><\/div><\/div><div class=\"wpb_column vc_column_container vc_col-sm-12 vc_col-md-6 vc_col-xs-12 vc_col-has-fill color-scheme-dark\"><div class=\"vc_column-inner vc_custom_1505897347535\"><div class=\"wpb_wrapper\">\n\t\t<div id=\"wd-5f6b134b45222\" class=\"title-wrapper wd-wpb wd-set-mb reset-last-child  wd-rs-5f6b134b45222 wd-title-color-primary wd-title-style-simple text-left  wd-underline-colored\">\n\t\t\t\n\t\t\t<div class=\"liner-continer\">\n\t\t\t\t<h2 class=\"woodmart-title-container title  wd-font-weight- wd-fontsize-xxl\" >DIE GESCHICHTE VON OMSI<\/h2>\n\t\t\t\t\t\t\t<\/div>\n\t\t\t\n\t\t\t\n\t\t\t\n\t\t<\/div>\n\t\t\n\t\t<div class=\"vc_row wpb_row vc_inner vc_row-fluid vc_custom_1497001704725\"><div class=\"wpb_column vc_column_container vc_col-sm-12 vc_col-lg-6 vc_col-xs-12\"><div class=\"vc_column-inner\"><div class=\"wpb_wrapper\">\n\t<div class=\"wpb_text_column wpb_content_element vc_custom_1775034346174\" >\n\t\t<div class=\"wpb_wrapper\">\n\t\t\t<h3 style=\"font-size: 16px; margin-bottom: 10px;\">65 Jahre beste Qualit\u00e4t.<\/h3>\n<p>F\u00fchrend auf nationalen und internationalen M\u00e4rkten, <strong>M\u00e4rkten fertigt und installiert OMSI seit \u00fcber 65 Jahren Kunststoffsitze.<\/strong><\/p>\n\n\t\t<\/div>\n\t<\/div>\n<div class=\"vc_empty_space\"   style=\"height: 15px\"><span class=\"vc_empty_space_inner\"><\/span><\/div>\n\t<div class=\"wpb_text_column wpb_content_element vc_custom_1693313311333\" >\n\t\t<div class=\"wpb_wrapper\">\n\t\t\t<h3 style=\"font-size: 16px; margin-bottom: 10px;\">Seit 1961 in Zola Predosa.<\/h3>\n<p class=\"translation-block\">Es wurde 1961 in Zola Predosa, einem Industriegebiet von Bologna, gegr\u00fcndet. Seitdem hat sich das Unternehmen immer durch seinen ehrgeizigen und konkreten Geist ausgezeichnet, der zum Erfolg gef\u00fchrt hat.<\/p>\n\n\t\t<\/div>\n\t<\/div>\n<\/div><\/div><\/div><div class=\"wpb_column vc_column_container vc_col-sm-6 vc_hidden-md vc_hidden-sm vc_hidden-xs\"><div class=\"vc_column-inner vc_custom_1496236392182\"><div class=\"wpb_wrapper\">\n\t<div class=\"wpb_text_column wpb_content_element vc_custom_1693313291734\" >\n\t\t<div class=\"wpb_wrapper\">\n\t\t\t<h3 style=\"font-size: 16px; margin-bottom: 10px;\">Sport ist unsere Spezialit\u00e4t.<\/h3>\n<p class=\"translation-block\">OMSI ist weltweit f\u00fchrend in der Ausstattung von Stadien und Sportst\u00e4tten und bietet nur Produkte von h\u00f6chster Qualit\u00e4t an.<\/p>\n\n\t\t<\/div>\n\t<\/div>\n\n\t<div class=\"wpb_text_column wpb_content_element vc_custom_1693313331260\" >\n\t\t<div class=\"wpb_wrapper\">\n\t\t\t<h3 style=\"font-size: 16px; margin-bottom: 10px;\">International, seit 2002.<\/h3>\n<p class=\"translation-block\">Im Jahr 2002 wurde OMSI Teil der TWINS-Gruppe, der weltweiten Nummer 1 Hersteller von Kunststoffkomponenten f\u00fcr Sitzm\u00f6bel, die auf f\u00fcnf Kontinenten pr\u00e4sent ist.<\/p>\n\n\t\t<\/div>\n\t<\/div>\n<\/div><\/div><\/div><\/div><\/div><\/div><\/div><\/div><div id=\"mission\" data-vc-full-width=\"true\" data-vc-full-width-temp=\"true\" data-vc-full-width-init=\"false\" class=\"vc_row wpb_row vc_row-fluid vc_custom_1600420494362 vc_row-has-fill\"><div class=\"wpb_column vc_column_container vc_col-sm-12\"><div class=\"vc_column-inner\"><div class=\"wpb_wrapper\">\n\t\t<div id=\"wd-5f6b13514bc3a\" class=\"title-wrapper wd-wpb wd-set-mb reset-last-child  wd-rs-5f6b13514bc3a wd-title-color-primary wd-title-style-simple text-center  wd-width-enabled wd-underline-colored\" style=\"--wd-max-width: 50%;\">\n\t\t\t\n\t\t\t<div class=\"liner-continer\">\n\t\t\t\t<h2 class=\"woodmart-title-container title  wd-font-weight- wd-fontsize-xxl\" >UNSERE MISSION<\/h2>\n\t\t\t\t\t\t\t<\/div>\n\t\t\t\n\t\t\t\n\t\t\t\n\t\t<\/div>\n\t\t\n\t\t\t\t\t<div id=\"wd-5fbcef9458dbd\" class=\"wd-text-block-wrapper wd-wpb wd-rs-5fbcef9458dbd color-scheme- text-center wd-width-enabled\" style=\"--wd-max-width: 70%;\">\n\t\t\t\t<div class=\"woodmart-title-container woodmart-text-block reset-last-child font-primary wd-font-weight-\">\n\t\t\t\t\t<strong>Entwicklung<\/strong> innovativer und kundenspezifischer L\u00f6sungen mit Fokus auf Qualit\u00e4t und \u00c4sthetik, die hohes technisches Niveau und Nachhaltigkeit verbinden.<br \/>\nund \u00c4sthetik, die hohes technisches Niveau und Nachhaltigkeit miteinander verbinden.<br \/>\n<strong>Durchf\u00fchrung<\/strong> von Eingriffen mit dem Ziel der maximalen Zufriedenheit zu erreichen, und dadurch den italienischen Stil in die Welt zu bringen.<br \/>\nden italienischen Stil in die Welt bringen.\t\t\t\t<\/div>\n\n\t\t\t\t\t\t\t<\/div>\n\t\t<div class=\"vc_empty_space\"   style=\"height: 32px\"><span class=\"vc_empty_space_inner\"><\/span><\/div><\/div><\/div><\/div><\/div><div class=\"vc_row-full-width vc_clearfix\"><\/div><div id=\"servizi\" data-vc-full-width=\"true\" data-vc-full-width-temp=\"true\" data-vc-full-width-init=\"false\" class=\"vc_row wpb_row vc_row-fluid vc_custom_1600420519461\"><div class=\"wpb_column vc_column_container vc_col-sm-12\"><div class=\"vc_column-inner\"><div class=\"wpb_wrapper\">\n\t\t<div id=\"wd-5fd0b2498f025\" class=\"title-wrapper wd-wpb wd-set-mb reset-last-child  wd-rs-5fd0b2498f025 wd-title-color-primary wd-title-style-simple text-center  wd-width-enabled wd-underline-colored\" style=\"--wd-max-width: 50%;\">\n\t\t\t\n\t\t\t<div class=\"liner-continer\">\n\t\t\t\t<h2 class=\"woodmart-title-container title  wd-font-weight- wd-fontsize-xxl\" >UNSERE VISION<\/h2>\n\t\t\t\t\t\t\t<\/div>\n\t\t\t\n\t\t\t\n\t\t\t\n\t\t<\/div>\n\t\t\n\t\t<div class=\"vc_empty_space\"   style=\"height: 32px\"><span class=\"vc_empty_space_inner\"><\/span><\/div><div class=\"vc_row wpb_row vc_inner vc_row-fluid\"><div class=\"wpb_column vc_column_container vc_col-sm-6\"><div class=\"vc_column-inner\"><div class=\"wpb_wrapper\">\n\t\t<div id=\"wd-5f647874a0b35\" class=\"title-wrapper wd-wpb wd-set-mb reset-last-child  wd-rs-5f647874a0b35 wd-title-color-default wd-title-style-default text-left  wd-underline-colored\">\n\t\t\t\n\t\t\t<div class=\"liner-continer\">\n\t\t\t\t<h2 class=\"woodmart-title-container title  wd-font-weight-600 wd-fontsize-l\" >MASSGESCHNEIDERTE PROJEKTE<\/h2>\n\t\t\t\t\t\t\t<\/div>\n\t\t\t\n\t\t\t\n\t\t\t\n\t\t<\/div>\n\t\t\n\t\t\t\t\t<div id=\"wd-64edea2857fd7\" class=\"wd-text-block-wrapper wd-wpb wd-rs-64edea2857fd7 color-scheme- text-left\">\n\t\t\t\t<div class=\"woodmart-title-container woodmart-text-block reset-last-child font-primary wd-font-weight-\">\n\t\t\t\t\t<strong>OMSI entwickelt ma\u00dfgeschneiderte Projekte, die auf die Bed\u00fcrfnisse des Kunden zugeschnitten sind<\/strong>mit\u00a0<strong>Fachleute mit technischer Erfahrung <\/strong>und unternimmt Kooperationen mit<strong> Designhaus<\/strong>\u00a0weltweit bekannt und garantiert, dass die Produkte stets den geltenden Vorschriften entsprechen.<\/p>\n<p>Nach einer ersten Studie der Eingabedaten und einem Entwurf auf dem Produktdesignblatt<strong>wir erstellen ein 3D-Modell<\/strong> und anschlie\u00dfend <strong>ein Prototyp des Projekts<\/strong> die unter funktionalen, technischen und \u00e4sthetischen Gesichtspunkten gepr\u00fcft werden. Die n\u00e4chste Etappe ist <strong>die<\/strong>\u00a0<strong>Verwirklichung der Form.<\/strong>\t\t\t\t<\/div>\n\n\t\t\t\t\t\t\t<\/div>\n\t\t<\/div><\/div><\/div><div class=\"wpb_column vc_column_container vc_col-sm-6\"><div class=\"vc_column-inner\"><div class=\"wpb_wrapper\">\n\t\t<div id=\"wd-5f6476de23a77\" class=\"title-wrapper wd-wpb wd-set-mb reset-last-child  wd-rs-5f6476de23a77 wd-title-color-default wd-title-style-default text-left  wd-width-enabled wd-underline-colored\" style=\"--wd-max-width: 50%;\">\n\t\t\t\n\t\t\t<div class=\"liner-continer\">\n\t\t\t\t<h2 class=\"woodmart-title-container title  wd-font-weight-600 wd-fontsize-l\" >OMSI GREEN<\/h2>\n\t\t\t\t\t\t\t<\/div>\n\t\t\t\n\t\t\t\n\t\t\t\n\t\t<\/div>\n\t\t\n\t\t\t\t\t<div id=\"wd-64edec2ada13c\" class=\"wd-text-block-wrapper wd-wpb wd-rs-64edec2ada13c color-scheme- text-left\">\n\t\t\t\t<div class=\"woodmart-title-container woodmart-text-block reset-last-child font-primary wd-font-weight-\">\n\t\t\t\t\tDas OMSI hat schon immer<strong> nachhaltige Qualit\u00e4tsprodukte<\/strong>Die Produktionsprozesse basieren auf\u00a0<strong>fortschrittliche umweltfreundliche Technologien<\/strong>\u00a0und investiert neben der Auswahl nachhaltiger Materialien j\u00e4hrlich erhebliche Mittel und Ressourcen in die\u00a0<strong>Recycling von Propylen und Polyamid<\/strong>.<\/p>\n<p><strong>Wir k\u00fcmmern uns um den Ausbau der gebrauchten Sitze und machen <\/strong><strong>die Schritte des Recyclingprozesses beginnen:<\/strong><\/p>\n<ul>\n<li>Waschsitzungen Trennung der verschiedenen Materialien nach Art und technischen Eigenschaften<\/li>\n<li>Zerkleinerung der Materialien<\/li>\n<li>Analyse der Zusammensetzung der gewonnenen Flocken<\/li>\n<li>Verkauf der Flocken an Produktionsunternehmen<\/li>\n<li>Herstellung neuer Gegenst\u00e4nde aus recyceltem Kunststoff<\/li>\n<\/ul>\n<p>Diese Art von Verfahren ist eine konkrete Anwendung der\u00a0<strong>Kreislaufwirtschaft<\/strong>.\t\t\t\t<\/div>\n\n\t\t\t\t\t\t\t<\/div>\n\t\t<\/div><\/div><\/div><\/div><div class=\"vc_row wpb_row vc_inner vc_row-fluid\"><div class=\"wpb_column vc_column_container vc_col-sm-6\"><div class=\"vc_column-inner\"><div class=\"wpb_wrapper\">\n\t\t<div id=\"wd-5fc8d60a7b692\" class=\"title-wrapper wd-wpb wd-set-mb reset-last-child  wd-rs-5fc8d60a7b692 wd-title-color-default wd-title-style-default text-left  wd-underline-colored\">\n\t\t\t\n\t\t\t<div class=\"liner-continer\">\n\t\t\t\t<h2 class=\"woodmart-title-container title  wd-font-weight-600 wd-fontsize-l\" >MADE IN ITALY<\/h2>\n\t\t\t\t\t\t\t<\/div>\n\t\t\t\n\t\t\t\n\t\t\t\n\t\t<\/div>\n\t\t\n\t\t\t\t\t<div id=\"wd-64edecd18fc5f\" class=\"wd-text-block-wrapper wd-wpb wd-rs-64edecd18fc5f color-scheme- text-left\">\n\t\t\t\t<div class=\"woodmart-title-container woodmart-text-block reset-last-child font-primary wd-font-weight-\">\n\t\t\t\t\t<strong>OMSI verwirklicht seine<\/strong>\u00a0<strong>Erzeugnisse im italienischen Hoheitsgebiet<\/strong>\u00a0und wirbt in der ganzen Welt f\u00fcr MADE IN ITALY. Wir machen Gebrauch von<strong> Hochwertige Rohstoffe <\/strong>um ein Endprodukt von h\u00f6chstem Standard zu garantieren; aus diesem Grund verwenden wir nur\u00a0<strong>ISO 9001:2015 zertifizierte Lieferanten<\/strong>.<\/p>\n<p>Die Produktion erfolgt durch den Einsatz von<strong>\u00a0moderner, dem Stand der Technik entsprechender Maschinenpark<\/strong>sowohl im Spritzguss- als auch im Blasformverfahren.<\/p>\n<p>Unser hochspezialisiertes Personal ist in der Lage, Tausende von Teilen pro Tag zu produzieren und dabei stets einen hohen Qualit\u00e4tsstandard zu gew\u00e4hrleisten. Wir testen die mechanische Festigkeit der Produkte, um die bestm\u00f6gliche Pr\u00fcfung zu erhalten.\t\t\t\t<\/div>\n\n\t\t\t\t\t\t\t<\/div>\n\t\t<\/div><\/div><\/div><div class=\"wpb_column vc_column_container vc_col-sm-6\"><div class=\"vc_column-inner\"><div class=\"wpb_wrapper\">\n\t\t<div id=\"wd-5fc8d6247f3ec\" class=\"title-wrapper wd-wpb wd-set-mb reset-last-child  wd-rs-5fc8d6247f3ec wd-title-color-default wd-title-style-default text-left  wd-underline-colored\">\n\t\t\t\n\t\t\t<div class=\"liner-continer\">\n\t\t\t\t<h2 class=\"woodmart-title-container title  wd-font-weight-600 wd-fontsize-l\" >GLOBALE PR\u00c4SENZ<\/h2>\n\t\t\t\t\t\t\t<\/div>\n\t\t\t\n\t\t\t\n\t\t\t\n\t\t<\/div>\n\t\t\n\t\t\t\t\t<div id=\"wd-64edec160eae6\" class=\"wd-text-block-wrapper wd-wpb wd-rs-64edec160eae6 color-scheme- text-left\">\n\t\t\t\t<div class=\"woodmart-title-container woodmart-text-block reset-last-child font-primary wd-font-weight-\">\n\t\t\t\t\t<strong>Omsi-Sitze werden in den<\/strong> <strong>Sportanlagen<\/strong> (Stadien, Arenen, H\u00f6rs\u00e4le, Schwimmb\u00e4der, usw.). <strong>und in den renommiertesten \u00f6ffentlichen und privaten Einrichtungen in Italien und der ganzen Welt.<\/strong><\/p>\n<p>Wo auch immer unsere Kunden ans\u00e4ssig sind, seit \u00fcber 60 Jahren sind wir in der Lage, direkt oder \u00fcber unser globales Netzwerk, das auf 5 Kontinenten vertreten ist, Unterst\u00fctzung zu bieten, um allen Anforderungen gerecht zu werden, sowohl kommerziell als auch operativ.\t\t\t\t<\/div>\n\n\t\t\t\t\t\t\t<\/div>\n\t\t<div id=\"wd-5fce085d29c0a\" class=\"wd-rs-5fce085d29c0a  wd-button-wrapper text-left\"><a href=\"https:\/\/omsi.it\/de\/wp\/verwirklichungen\/\" title=\"Realisierungen\" class=\"btn btn-color-primary btn-style-default btn-shape-rectangle btn-size-default\">UNSERE REFERENZEN<\/a><\/div><\/div><\/div><\/div><\/div><\/div><\/div><\/div><\/div><div class=\"vc_row-full-width vc_clearfix\"><\/div>\n<\/div>","protected":false},"excerpt":{"rendered":"LA STORIA DI OMSI 65 anni di qualit\u00e0. Leader nei mercati nazionali e internazionali, da oltre 65 anni OMSI si","protected":false},"author":1,"featured_media":0,"parent":0,"menu_order":0,"comment_status":"closed","ping_status":"closed","template":"","meta":{"footnotes":""},"class_list":["post-996","page","type-page","status-publish","hentry"],"_links":{"self":[{"href":"https:\/\/omsi.it\/de\/wp-json\/wp\/v2\/pages\/996","targetHints":{"allow":["GET"]}}],"collection":[{"href":"https:\/\/omsi.it\/de\/wp-json\/wp\/v2\/pages"}],"about":[{"href":"https:\/\/omsi.it\/de\/wp-json\/wp\/v2\/types\/page"}],"author":[{"embeddable":true,"href":"https:\/\/omsi.it\/de\/wp-json\/wp\/v2\/users\/1"}],"replies":[{"embeddable":true,"href":"https:\/\/omsi.it\/de\/wp-json\/wp\/v2\/comments?post=996"}],"version-history":[{"count":2,"href":"https:\/\/omsi.it\/de\/wp-json\/wp\/v2\/pages\/996\/revisions"}],"predecessor-version":[{"id":21540,"href":"https:\/\/omsi.it\/de\/wp-json\/wp\/v2\/pages\/996\/revisions\/21540"}],"wp:attachment":[{"href":"https:\/\/omsi.it\/de\/wp-json\/wp\/v2\/media?parent=996"}],"curies":[{"name":"wp","href":"https:\/\/api.w.org\/{rel}","templated":true}]}}