{"id":16959,"date":"2022-04-21T10:53:37","date_gmt":"2022-04-21T08:53:37","guid":{"rendered":"https:\/\/omsi.it\/wp\/?post_type=product&#038;p=16959"},"modified":"2024-04-04T13:29:26","modified_gmt":"2024-04-04T11:29:26","slug":"diamant","status":"publish","type":"product","link":"https:\/\/omsi.it\/de\/produkt\/diamant\/","title":{"rendered":"DIAMOND"},"content":{"rendered":"<div class=\"wpb-content-wrapper\"><div class=\"vc_row wpb_row vc_row-fluid vc_custom_1535549586274\"><div class=\"wpb_column vc_column_container vc_col-sm-12\"><div class=\"vc_column-inner\"><div class=\"wpb_wrapper\">\n\t\t<div id=\"wd-62611d4569de9\" class=\"title-wrapper wd-wpb wd-set-mb reset-last-child  wd-rs-62611d4569de9 wd-title-color-primary wd-title-style-simple text-center  wd-underline-colored\">\n\t\t\t\n\t\t\t<div class=\"liner-continer\">\n\t\t\t\t<h4 class=\"woodmart-title-container title  wd-font-weight- wd-fontsize-l\" >ALLE TYPEN<\/h4>\n\t\t\t\t\t\t\t<\/div>\n\t\t\t\n\t\t\t\n\t\t\t\n\t\t<\/div>\n\t\t\n\t\t<div class=\"vc_empty_space\"   style=\"height: 32px\"><span class=\"vc_empty_space_inner\"><\/span><\/div><div class=\"vc_row wpb_row vc_inner vc_row-fluid vc_column-gap-35\"><div class=\"wpb_column vc_column_container vc_col-sm-3 text-center\"><div class=\"vc_column-inner\"><div class=\"wpb_wrapper\">\n\t\t<div id=\"wd-62611c0d9dedd\" class=\"title-wrapper wd-wpb wd-set-mb reset-last-child  wd-rs-62611c0d9dedd wd-title-color-default wd-title-style-default text-center  wd-underline-colored\">\n\t\t\t\n\t\t\t<div class=\"liner-continer\">\n\t\t\t\t<h4 class=\"woodmart-title-container title  wd-font-weight- wd-fontsize-m\" >4 Beine<\/h4>\n\t\t\t\t\t\t\t<\/div>\n\t\t\t\n\t\t\t\n\t\t\t\n\t\t<\/div>\n\t\t\n\t\t\n\t<div  class=\"wpb_single_image wpb_content_element vc_align_center\">\n\t\t\n\t\t<figure class=\"wpb_wrapper vc_figure\">\n\t\t\t<a class=\"\" data-lightbox=\"lightbox[rel-16959-735166818]\" href=\"https:\/\/omsi.it\/wp\/wp-content\/uploads\/2022\/07\/DIAMOND_plastic_chair_4gambe_lime.png\" target=\"_self\"><img loading=\"lazy\" decoding=\"async\" width=\"1000\" height=\"1000\" src=\"https:\/\/omsi.it\/wp\/wp-content\/uploads\/2022\/07\/DIAMOND_plastic_chair_4gambe_lime.png\" class=\"vc_single_image-img attachment-full\" alt=\"DIAMOND Kunststoffstuhl 4 Beine Kalk\" title=\"DIAMOND Kunststoffstuhl 4 Beine Kalk\" srcset=\"https:\/\/omsi.it\/wp\/wp-content\/uploads\/2022\/07\/DIAMOND_plastic_chair_4gambe_lime.png 1000w, https:\/\/omsi.it\/wp\/wp-content\/uploads\/2022\/07\/DIAMOND_plastic_chair_4gambe_lime-300x300.png 300w, https:\/\/omsi.it\/wp\/wp-content\/uploads\/2022\/07\/DIAMOND_plastic_chair_4gambe_lime-150x150.png 150w, https:\/\/omsi.it\/wp\/wp-content\/uploads\/2022\/07\/DIAMOND_plastic_chair_4gambe_lime-768x768.png 768w, https:\/\/omsi.it\/wp\/wp-content\/uploads\/2022\/07\/DIAMOND_plastic_chair_4gambe_lime-600x600.png 600w\" sizes=\"auto, (max-width: 1000px) 100vw, 1000px\" wpfc-lazyload-disable=\"true\" \/><\/a>\n\t\t<\/figure>\n\t<\/div>\n<\/div><\/div><\/div><div class=\"wpb_column vc_column_container vc_col-sm-3 text-center\"><div class=\"vc_column-inner\"><div class=\"wpb_wrapper\">\n\t\t<div id=\"wd-62611c15d82ef\" class=\"title-wrapper wd-wpb wd-set-mb reset-last-child  wd-rs-62611c15d82ef wd-title-color-default wd-title-style-default text-center  wd-underline-colored\">\n\t\t\t\n\t\t\t<div class=\"liner-continer\">\n\t\t\t\t<h4 class=\"woodmart-title-container title  wd-font-weight- wd-fontsize-m\" >5-Speichen-Sockel<\/h4>\n\t\t\t\t\t\t\t<\/div>\n\t\t\t\n\t\t\t\n\t\t\t\n\t\t<\/div>\n\t\t\n\t\t\n\t<div  class=\"wpb_single_image wpb_content_element vc_align_center\">\n\t\t\n\t\t<figure class=\"wpb_wrapper vc_figure\">\n\t\t\t<a class=\"\" data-lightbox=\"lightbox[rel-16959-3559291577]\" href=\"https:\/\/omsi.it\/wp\/wp-content\/uploads\/2022\/07\/DIAMOND_plastic_sgabelloa.png\" target=\"_self\"><img loading=\"lazy\" decoding=\"async\" width=\"1000\" height=\"1000\" src=\"https:\/\/omsi.it\/wp\/wp-content\/uploads\/2022\/07\/DIAMOND_plastic_sgabelloa.png\" class=\"vc_single_image-img attachment-full\" alt=\"Kunststoffhocker DIAMOND\" title=\"Kunststoffhocker DIAMOND\" srcset=\"https:\/\/omsi.it\/wp\/wp-content\/uploads\/2022\/07\/DIAMOND_plastic_sgabelloa.png 1000w, https:\/\/omsi.it\/wp\/wp-content\/uploads\/2022\/07\/DIAMOND_plastic_sgabelloa-300x300.png 300w, https:\/\/omsi.it\/wp\/wp-content\/uploads\/2022\/07\/DIAMOND_plastic_sgabelloa-150x150.png 150w, https:\/\/omsi.it\/wp\/wp-content\/uploads\/2022\/07\/DIAMOND_plastic_sgabelloa-768x768.png 768w, https:\/\/omsi.it\/wp\/wp-content\/uploads\/2022\/07\/DIAMOND_plastic_sgabelloa-600x600.png 600w\" sizes=\"auto, (max-width: 1000px) 100vw, 1000px\" wpfc-lazyload-disable=\"true\" \/><\/a>\n\t\t<\/figure>\n\t<\/div>\n<\/div><\/div><\/div><div class=\"wpb_column vc_column_container vc_col-sm-3\"><div class=\"vc_column-inner\"><div class=\"wpb_wrapper\">\n\t\t<div id=\"wd-62611c20a7dab\" class=\"title-wrapper wd-wpb wd-set-mb reset-last-child  wd-rs-62611c20a7dab wd-title-color-default wd-title-style-default text-center  wd-underline-colored\">\n\t\t\t\n\t\t\t<div class=\"liner-continer\">\n\t\t\t\t<h4 class=\"woodmart-title-container title  wd-font-weight- wd-fontsize-m\" >Schlitten mit Diamantrahmen<\/h4>\n\t\t\t\t\t\t\t<\/div>\n\t\t\t\n\t\t\t\n\t\t\t\n\t\t<\/div>\n\t\t\n\t\t\n\t<div  class=\"wpb_single_image wpb_content_element vc_align_center\">\n\t\t\n\t\t<figure class=\"wpb_wrapper vc_figure\">\n\t\t\t<a class=\"\" data-lightbox=\"lightbox[rel-16959-144119914]\" href=\"https:\/\/omsi.it\/wp\/wp-content\/uploads\/2022\/07\/DIAMOND_plastic_chair_PiedLounge.png\" target=\"_self\"><img loading=\"lazy\" decoding=\"async\" width=\"1000\" height=\"1000\" src=\"https:\/\/omsi.it\/wp\/wp-content\/uploads\/2022\/07\/DIAMOND_plastic_chair_PiedLounge.png\" class=\"vc_single_image-img attachment-full\" alt=\"DIAMOND Kunststoffstuhl PiedLounge\" title=\"DIAMOND Kunststoffstuhl PiedLounge\" srcset=\"https:\/\/omsi.it\/wp\/wp-content\/uploads\/2022\/07\/DIAMOND_plastic_chair_PiedLounge.png 1000w, https:\/\/omsi.it\/wp\/wp-content\/uploads\/2022\/07\/DIAMOND_plastic_chair_PiedLounge-300x300.png 300w, https:\/\/omsi.it\/wp\/wp-content\/uploads\/2022\/07\/DIAMOND_plastic_chair_PiedLounge-150x150.png 150w, https:\/\/omsi.it\/wp\/wp-content\/uploads\/2022\/07\/DIAMOND_plastic_chair_PiedLounge-768x768.png 768w, https:\/\/omsi.it\/wp\/wp-content\/uploads\/2022\/07\/DIAMOND_plastic_chair_PiedLounge-600x600.png 600w\" sizes=\"auto, (max-width: 1000px) 100vw, 1000px\" wpfc-lazyload-disable=\"true\" \/><\/a>\n\t\t<\/figure>\n\t<\/div>\n<\/div><\/div><\/div><div class=\"wpb_column vc_column_container vc_col-sm-3\"><div class=\"vc_column-inner\"><div class=\"wpb_wrapper\">\n\t\t<div id=\"wd-660e7554cfc6c\" class=\"title-wrapper wd-wpb wd-set-mb reset-last-child  wd-rs-660e7554cfc6c wd-title-color-default wd-title-style-default text-center  wd-underline-colored\">\n\t\t\t\n\t\t\t<div class=\"liner-continer\">\n\t\t\t\t<h4 class=\"woodmart-title-container title  wd-font-weight- wd-fontsize-m\" >Hocker<\/h4>\n\t\t\t\t\t\t\t<\/div>\n\t\t\t\n\t\t\t\n\t\t\t\n\t\t<\/div>\n\t\t\n\t\t\n\t<div  class=\"wpb_single_image wpb_content_element vc_align_center\">\n\t\t\n\t\t<figure class=\"wpb_wrapper vc_figure\">\n\t\t\t<a class=\"\" data-lightbox=\"lightbox[rel-16959-241398150]\" href=\"https:\/\/omsi.it\/wp\/wp-content\/uploads\/2024\/04\/Sgabello_diamond.png\" target=\"_self\"><img loading=\"lazy\" decoding=\"async\" width=\"1000\" height=\"1000\" src=\"https:\/\/omsi.it\/wp\/wp-content\/uploads\/2024\/04\/Sgabello_diamond.png\" class=\"vc_single_image-img attachment-full\" alt=\"Sgabello diamond\" title=\"Hocker_Diamant\" srcset=\"https:\/\/omsi.it\/wp\/wp-content\/uploads\/2024\/04\/Sgabello_diamond.png 1000w, https:\/\/omsi.it\/wp\/wp-content\/uploads\/2024\/04\/Sgabello_diamond-300x300.png 300w, https:\/\/omsi.it\/wp\/wp-content\/uploads\/2024\/04\/Sgabello_diamond-150x150.png 150w, https:\/\/omsi.it\/wp\/wp-content\/uploads\/2024\/04\/Sgabello_diamond-768x768.png 768w, https:\/\/omsi.it\/wp\/wp-content\/uploads\/2024\/04\/Sgabello_diamond-600x600.png 600w\" sizes=\"auto, (max-width: 1000px) 100vw, 1000px\" wpfc-lazyload-disable=\"true\" \/><\/a>\n\t\t<\/figure>\n\t<\/div>\n<\/div><\/div><\/div><\/div><\/div><\/div><\/div><\/div><div class=\"vc_row wpb_row vc_row-fluid\"><div class=\"wpb_column vc_column_container vc_col-sm-12\"><div class=\"vc_column-inner\"><div class=\"wpb_wrapper\"><div class=\"vc_empty_space\"   style=\"height: 32px\"><span class=\"vc_empty_space_inner\"><\/span><\/div>\n\t\t<div id=\"wd-62611d3123f9b\" class=\"title-wrapper wd-wpb wd-set-mb reset-last-child  wd-rs-62611d3123f9b wd-title-color-primary wd-title-style-simple text-center  wd-underline-colored\">\n\t\t\t\n\t\t\t<div class=\"liner-continer\">\n\t\t\t\t<h4 class=\"woodmart-title-container title  wd-font-weight- wd-fontsize-l\" >EINSTELLUNGEN<\/h4>\n\t\t\t\t\t\t\t<\/div>\n\t\t\t\n\t\t\t\n\t\t\t\n\t\t<\/div>\n\t\t\n\t\t<div class=\"vc_empty_space\"   style=\"height: 32px\"><span class=\"vc_empty_space_inner\"><\/span><\/div><\/div><\/div><\/div><\/div><div class=\"vc_row wpb_row vc_row-fluid vc_custom_1596099536385\"><div class=\"wpb_column vc_column_container vc_col-sm-4\"><div class=\"vc_column-inner\"><div class=\"wpb_wrapper\">\n\t<div  class=\"wpb_single_image wpb_content_element vc_align_left\">\n\t\t\n\t\t<figure class=\"wpb_wrapper vc_figure\">\n\t\t\t<a class=\"\" data-lightbox=\"lightbox[rel-16959-3566368561]\" href=\"https:\/\/omsi.it\/wp\/wp-content\/uploads\/2022\/07\/Diamond_colorful_chairs-1.jpg\" target=\"_self\"><img loading=\"lazy\" decoding=\"async\" width=\"850\" height=\"623\" src=\"https:\/\/omsi.it\/wp\/wp-content\/uploads\/2022\/07\/Diamond_colorful_chairs-1.jpg\" class=\"vc_single_image-img attachment-full\" alt=\"Diamant bunte St\u00fchle 1\" title=\"Diamant bunte St\u00fchle 1\" srcset=\"https:\/\/omsi.it\/wp\/wp-content\/uploads\/2022\/07\/Diamond_colorful_chairs-1.jpg 850w, https:\/\/omsi.it\/wp\/wp-content\/uploads\/2022\/07\/Diamond_colorful_chairs-1-300x220.jpg 300w, https:\/\/omsi.it\/wp\/wp-content\/uploads\/2022\/07\/Diamond_colorful_chairs-1-768x563.jpg 768w, https:\/\/omsi.it\/wp\/wp-content\/uploads\/2022\/07\/Diamond_colorful_chairs-1-150x110.jpg 150w\" sizes=\"auto, (max-width: 850px) 100vw, 850px\" wpfc-lazyload-disable=\"true\" \/><\/a>\n\t\t<\/figure>\n\t<\/div>\n\n\t<div  class=\"wpb_single_image wpb_content_element vc_align_left\">\n\t\t\n\t\t<figure class=\"wpb_wrapper vc_figure\">\n\t\t\t<a class=\"\" data-lightbox=\"lightbox[rel-16959-3221158045]\" href=\"https:\/\/omsi.it\/wp\/wp-content\/uploads\/2022\/04\/KS442125505.1422-1-1024x683.jpg\" target=\"_self\"><img loading=\"lazy\" decoding=\"async\" width=\"1280\" height=\"854\" src=\"https:\/\/omsi.it\/wp\/wp-content\/uploads\/2022\/04\/KS442125505.1422-1-scaled.jpg\" class=\"vc_single_image-img attachment-full\" alt=\"KS442125505.1422 1\" title=\"KS442125505.1422 1\" srcset=\"https:\/\/omsi.it\/wp\/wp-content\/uploads\/2022\/04\/KS442125505.1422-1-scaled.jpg 1280w, https:\/\/omsi.it\/wp\/wp-content\/uploads\/2022\/04\/KS442125505.1422-1-300x200.jpg 300w, https:\/\/omsi.it\/wp\/wp-content\/uploads\/2022\/04\/KS442125505.1422-1-1024x683.jpg 1024w, https:\/\/omsi.it\/wp\/wp-content\/uploads\/2022\/04\/KS442125505.1422-1-768x512.jpg 768w, https:\/\/omsi.it\/wp\/wp-content\/uploads\/2022\/04\/KS442125505.1422-1-1536x1025.jpg 1536w, https:\/\/omsi.it\/wp\/wp-content\/uploads\/2022\/04\/KS442125505.1422-1-1200x800.jpg 1200w, https:\/\/omsi.it\/wp\/wp-content\/uploads\/2022\/04\/KS442125505.1422-1-150x100.jpg 150w\" sizes=\"auto, (max-width: 1280px) 100vw, 1280px\" wpfc-lazyload-disable=\"true\" \/><\/a>\n\t\t<\/figure>\n\t<\/div>\n<div class=\"vc_empty_space\"   style=\"height: 32px\"><span class=\"vc_empty_space_inner\"><\/span><\/div><\/div><\/div><\/div><div class=\"wpb_column vc_column_container vc_col-sm-4\"><div class=\"vc_column-inner\"><div class=\"wpb_wrapper\">\n\t<div  class=\"wpb_single_image wpb_content_element vc_align_left\">\n\t\t\n\t\t<figure class=\"wpb_wrapper vc_figure\">\n\t\t\t<a class=\"\" data-lightbox=\"lightbox[rel-16959-1242097391]\" href=\"https:\/\/omsi.it\/wp\/wp-content\/uploads\/2022\/04\/KS442125505.1423-1-1024x682.jpg\" target=\"_self\"><img loading=\"lazy\" decoding=\"async\" width=\"1280\" height=\"853\" src=\"https:\/\/omsi.it\/wp\/wp-content\/uploads\/2022\/04\/KS442125505.1423-1-scaled.jpg\" class=\"vc_single_image-img attachment-full\" alt=\"KS442125505.1423 1\" title=\"KS442125505.1423 1\" srcset=\"https:\/\/omsi.it\/wp\/wp-content\/uploads\/2022\/04\/KS442125505.1423-1-scaled.jpg 1280w, https:\/\/omsi.it\/wp\/wp-content\/uploads\/2022\/04\/KS442125505.1423-1-300x200.jpg 300w, https:\/\/omsi.it\/wp\/wp-content\/uploads\/2022\/04\/KS442125505.1423-1-1024x682.jpg 1024w, https:\/\/omsi.it\/wp\/wp-content\/uploads\/2022\/04\/KS442125505.1423-1-768x512.jpg 768w, https:\/\/omsi.it\/wp\/wp-content\/uploads\/2022\/04\/KS442125505.1423-1-1536x1024.jpg 1536w, https:\/\/omsi.it\/wp\/wp-content\/uploads\/2022\/04\/KS442125505.1423-1-1200x800.jpg 1200w, https:\/\/omsi.it\/wp\/wp-content\/uploads\/2022\/04\/KS442125505.1423-1-150x100.jpg 150w\" sizes=\"auto, (max-width: 1280px) 100vw, 1280px\" wpfc-lazyload-disable=\"true\" \/><\/a>\n\t\t<\/figure>\n\t<\/div>\n\n\t<div  class=\"wpb_single_image wpb_content_element vc_align_left\">\n\t\t\n\t\t<figure class=\"wpb_wrapper vc_figure\">\n\t\t\t<a class=\"\" data-lightbox=\"lightbox[rel-16959-1925641763]\" href=\"https:\/\/omsi.it\/wp\/wp-content\/uploads\/2022\/09\/DIAMOND_TOPOLOGIE-1024x894.jpg\" target=\"_self\"><img loading=\"lazy\" decoding=\"async\" width=\"1236\" height=\"1080\" src=\"https:\/\/omsi.it\/wp\/wp-content\/uploads\/2022\/09\/DIAMOND_TOPOLOGIE-scaled.jpg\" class=\"vc_single_image-img attachment-full\" alt=\"DIAMANT-TOPOLOGIEN\" title=\"DIAMANT-TOPOLOGIEN\" srcset=\"https:\/\/omsi.it\/wp\/wp-content\/uploads\/2022\/09\/DIAMOND_TOPOLOGIE-scaled.jpg 1236w, https:\/\/omsi.it\/wp\/wp-content\/uploads\/2022\/09\/DIAMOND_TOPOLOGIE-300x262.jpg 300w, https:\/\/omsi.it\/wp\/wp-content\/uploads\/2022\/09\/DIAMOND_TOPOLOGIE-1024x894.jpg 1024w, https:\/\/omsi.it\/wp\/wp-content\/uploads\/2022\/09\/DIAMOND_TOPOLOGIE-768x671.jpg 768w, https:\/\/omsi.it\/wp\/wp-content\/uploads\/2022\/09\/DIAMOND_TOPOLOGIE-1536x1342.jpg 1536w, https:\/\/omsi.it\/wp\/wp-content\/uploads\/2022\/09\/DIAMOND_TOPOLOGIE-1200x1048.jpg 1200w, https:\/\/omsi.it\/wp\/wp-content\/uploads\/2022\/09\/DIAMOND_TOPOLOGIE-150x131.jpg 150w\" sizes=\"auto, (max-width: 1236px) 100vw, 1236px\" wpfc-lazyload-disable=\"true\" \/><\/a>\n\t\t<\/figure>\n\t<\/div>\n<\/div><\/div><\/div><div class=\"wpb_column vc_column_container vc_col-sm-4\"><div class=\"vc_column-inner\"><div class=\"wpb_wrapper\">\n\t<div  class=\"wpb_single_image wpb_content_element vc_align_left\">\n\t\t\n\t\t<figure class=\"wpb_wrapper vc_figure\">\n\t\t\t<a class=\"\" data-lightbox=\"lightbox[rel-16959-346559067]\" href=\"https:\/\/omsi.it\/wp\/wp-content\/uploads\/2022\/07\/DIAMOND-IMPILATE-1024x691.jpg\" target=\"_self\"><img loading=\"lazy\" decoding=\"async\" width=\"1280\" height=\"864\" src=\"https:\/\/omsi.it\/wp\/wp-content\/uploads\/2022\/07\/DIAMOND-IMPILATE-scaled.jpg\" class=\"vc_single_image-img attachment-full\" alt=\"DIAMANT GESTAPELT\" title=\"DIAMANT GESTAPELT\" srcset=\"https:\/\/omsi.it\/wp\/wp-content\/uploads\/2022\/07\/DIAMOND-IMPILATE-scaled.jpg 1280w, https:\/\/omsi.it\/wp\/wp-content\/uploads\/2022\/07\/DIAMOND-IMPILATE-300x202.jpg 300w, https:\/\/omsi.it\/wp\/wp-content\/uploads\/2022\/07\/DIAMOND-IMPILATE-1024x691.jpg 1024w, https:\/\/omsi.it\/wp\/wp-content\/uploads\/2022\/07\/DIAMOND-IMPILATE-768x518.jpg 768w, https:\/\/omsi.it\/wp\/wp-content\/uploads\/2022\/07\/DIAMOND-IMPILATE-1536x1037.jpg 1536w, https:\/\/omsi.it\/wp\/wp-content\/uploads\/2022\/07\/DIAMOND-IMPILATE-1200x810.jpg 1200w, https:\/\/omsi.it\/wp\/wp-content\/uploads\/2022\/07\/DIAMOND-IMPILATE-150x101.jpg 150w\" sizes=\"auto, (max-width: 1280px) 100vw, 1280px\" wpfc-lazyload-disable=\"true\" \/><\/a>\n\t\t<\/figure>\n\t<\/div>\n\n\t<div  class=\"wpb_single_image wpb_content_element vc_align_left\">\n\t\t\n\t\t<figure class=\"wpb_wrapper vc_figure\">\n\t\t\t<a class=\"\" data-lightbox=\"lightbox[rel-16959-3537203942]\" href=\"https:\/\/omsi.it\/wp\/wp-content\/uploads\/2022\/04\/untitled.227-1-1024x683.jpg\" target=\"_self\"><img loading=\"lazy\" decoding=\"async\" width=\"1554\" height=\"1036\" src=\"https:\/\/omsi.it\/wp\/wp-content\/uploads\/2022\/04\/untitled.227-1.jpg\" class=\"vc_single_image-img attachment-full\" alt=\"unbenannt.227 1\" title=\"unbenannt.227 1\" srcset=\"https:\/\/omsi.it\/wp\/wp-content\/uploads\/2022\/04\/untitled.227-1.jpg 1554w, https:\/\/omsi.it\/wp\/wp-content\/uploads\/2022\/04\/untitled.227-1-300x200.jpg 300w, https:\/\/omsi.it\/wp\/wp-content\/uploads\/2022\/04\/untitled.227-1-1024x683.jpg 1024w, https:\/\/omsi.it\/wp\/wp-content\/uploads\/2022\/04\/untitled.227-1-768x512.jpg 768w, https:\/\/omsi.it\/wp\/wp-content\/uploads\/2022\/04\/untitled.227-1-1536x1024.jpg 1536w, https:\/\/omsi.it\/wp\/wp-content\/uploads\/2022\/04\/untitled.227-1-1200x800.jpg 1200w, https:\/\/omsi.it\/wp\/wp-content\/uploads\/2022\/04\/untitled.227-1-150x100.jpg 150w\" sizes=\"auto, (max-width: 1554px) 100vw, 1554px\" wpfc-lazyload-disable=\"true\" \/><\/a>\n\t\t<\/figure>\n\t<\/div>\n<div class=\"vc_empty_space\"   style=\"height: 32px\"><span class=\"vc_empty_space_inner\"><\/span><\/div><\/div><\/div><\/div><\/div><div id=\"contattaci\" class=\"vc_row wpb_row vc_row-fluid\"><div class=\"wpb_column vc_column_container vc_col-sm-12\"><div class=\"vc_column-inner\"><div class=\"wpb_wrapper\"><div class=\"vc_empty_space\"   style=\"height: 32px\"><span class=\"vc_empty_space_inner\"><\/span><\/div>\n\t\t<div id=\"wd-5fbf7fdda264e\" class=\"title-wrapper wd-wpb wd-set-mb reset-last-child  wd-rs-5fbf7fdda264e wd-title-color-primary wd-title-style-simple text-center  wd-underline-colored\">\n\t\t\t\n\t\t\t<div class=\"liner-continer\">\n\t\t\t\t<h4 class=\"woodmart-title-container title  wd-font-weight- wd-fontsize-l\" >KONTAKTIEREN SIE UNS F\u00dcR BERATUNGSGESPR\u00c4CH<\/h4>\n\t\t\t\t\t\t\t<\/div>\n\t\t\t\n\t\t\t\n\t\t\t\n\t\t<\/div>\n\t\t\n\t\t<div class=\"vc_empty_space\"   style=\"height: 32px\"><span class=\"vc_empty_space_inner\"><\/span><\/div><div class=\"vc_row wpb_row vc_inner vc_row-fluid\"><div class=\"wpb_column vc_column_container vc_col-sm-12\"><div class=\"vc_column-inner\"><div class=\"wpb_wrapper\">\n<div class=\"wpcf7 no-js\" id=\"wpcf7-f608-o1\" lang=\"en-US\" dir=\"ltr\" data-wpcf7-id=\"608\">\n<div class=\"screen-reader-response\"><p role=\"status\" aria-live=\"polite\" aria-atomic=\"true\"><\/p> <ul><\/ul><\/div>\n<form action=\"\/de\/wp-json\/wp\/v2\/product\/16959#wpcf7-f608-o1\" method=\"post\" class=\"wpcf7-form init\" aria-label=\"Kontakt-Formular\" novalidate=\"novalidate\" data-status=\"init\" data-trp-original-action=\"\/de\/wp-json\/wp\/v2\/product\/16959#wpcf7-f608-o1\">\n<fieldset class=\"hidden-fields-container\"><input type=\"hidden\" name=\"_wpcf7\" value=\"608\" \/><input type=\"hidden\" name=\"_wpcf7_version\" value=\"6.1.4\" \/><input type=\"hidden\" name=\"_wpcf7_locale\" value=\"en_US\" \/><input type=\"hidden\" name=\"_wpcf7_unit_tag\" value=\"wpcf7-f608-o1\" \/><input type=\"hidden\" name=\"_wpcf7_container_post\" value=\"0\" \/><input type=\"hidden\" name=\"_wpcf7_posted_data_hash\" value=\"\" \/><input type=\"hidden\" name=\"_wpcf7_recaptcha_response\" value=\"\" \/>\n<\/fieldset>\n<div class=\"row\">\n\t<div class=\"col-md-6\" style='margin-bottom:20px;'>\n\t\t<p><label>Vor- und Nachname (erforderlich)<\/label><span class=\"wpcf7-form-control-wrap\" data-name=\"your-name\"><input size=\"40\" maxlength=\"400\" class=\"wpcf7-form-control wpcf7-text wpcf7-validates-as-required\" aria-required=\"true\" aria-invalid=\"false\" value=\"\" type=\"text\" name=\"your-name\" \/><\/span>\n\t\t<\/p>\n\t<\/div>\n\t<div class=\"col-md-6\" style='margin-bottom:20px;'>\n\t\t<p><label>E-Mail (erforderlich)<\/label><span class=\"wpcf7-form-control-wrap\" data-name=\"your-email\"><input size=\"40\" maxlength=\"400\" class=\"wpcf7-form-control wpcf7-email wpcf7-validates-as-required wpcf7-text wpcf7-validates-as-email\" aria-required=\"true\" aria-invalid=\"false\" value=\"\" type=\"email\" name=\"your-email\" \/><\/span>\n\t\t<\/p>\n\t<\/div>\n<\/div>\n<div class=\"row\">\n\t<div class=\"col-md-6\" style='margin-bottom:20px;'>\n\t\t<p><label>Telefon<\/label><span class=\"wpcf7-form-control-wrap\" data-name=\"tel-767\"><input size=\"40\" maxlength=\"400\" class=\"wpcf7-form-control wpcf7-tel wpcf7-validates-as-required wpcf7-text wpcf7-validates-as-tel\" aria-required=\"true\" aria-invalid=\"false\" value=\"\" type=\"tel\" name=\"tel-767\" \/><\/span>\n\t\t<\/p>\n\t<\/div>\n\t<div class=\"col-md-6\" style='margin-bottom:20px;'>\n\t\t<p><label>Land<\/label><span class=\"wpcf7-form-control-wrap\" data-name=\"text-300\"><input size=\"40\" maxlength=\"400\" class=\"wpcf7-form-control wpcf7-text wpcf7-validates-as-required\" aria-required=\"true\" aria-invalid=\"false\" value=\"\" type=\"text\" name=\"text-300\" \/><\/span>\n\t\t<\/p>\n\t<\/div>\n\t<div class=\"col-md-6\" style='margin-bottom:20px;'>\n\t\t<p><label>Bereich von Interesse<\/label><span class=\"wpcf7-form-control-wrap\" data-name=\"menu-880\"><select class=\"wpcf7-form-control wpcf7-select\" aria-invalid=\"false\" name=\"menu-880\"><option value=\"Sport\">Sport<\/option><option value=\"Scuola\">Schule<\/option><\/select><\/span>\n\t\t<\/p>\n\t<\/div>\n\t<div class=\"col-md-6\" style='margin-bottom:20px;'>\n\t\t<p><label>Betroffenes Produkt<\/label><span class=\"wpcf7-form-control-wrap\" data-name=\"text-301\"><input size=\"40\" maxlength=\"400\" class=\"wpcf7-form-control wpcf7-text wpcf7-validates-as-required\" aria-required=\"true\" aria-invalid=\"false\" value=\"\" type=\"text\" name=\"text-301\" \/><\/span>\n\t\t<\/p>\n\t<\/div>\n\t<div class=\"col-md-6\" style='margin-bottom:20px;'>\n\t\t<p><label>Gesellschaft<\/label><span class=\"wpcf7-form-control-wrap\" data-name=\"text-1\"><input size=\"40\" maxlength=\"400\" class=\"wpcf7-form-control wpcf7-text wpcf7-validates-as-required\" aria-required=\"true\" aria-invalid=\"false\" value=\"\" type=\"text\" name=\"text-1\" \/><\/span>\n\t\t<\/p>\n\t<\/div>\n\t<div class=\"col-md-6\" style='margin-bottom:20px;'>\n\t\t<p><label>Adresse<\/label><span class=\"wpcf7-form-control-wrap\" data-name=\"text-576\"><input size=\"40\" maxlength=\"400\" class=\"wpcf7-form-control wpcf7-text wpcf7-validates-as-required\" aria-required=\"true\" aria-invalid=\"false\" value=\"\" type=\"text\" name=\"text-576\" \/><\/span>\n\t\t<\/p>\n\t<\/div>\n<\/div>\n<p><label>Nachricht<\/label><span class=\"wpcf7-form-control-wrap\" data-name=\"your-message\"><textarea cols=\"40\" rows=\"10\" maxlength=\"2000\" class=\"wpcf7-form-control wpcf7-textarea wpcf7-validates-as-required\" aria-required=\"true\" aria-invalid=\"false\" name=\"your-message\"><\/textarea><\/span>\n<\/p>\n<p><span class=\"wpcf7-form-control-wrap\" data-name=\"acceptance-427\"><span class=\"wpcf7-form-control wpcf7-acceptance\"><span class=\"wpcf7-list-item\"><label><input type=\"checkbox\" name=\"acceptance-427\" value=\"1\" aria-invalid=\"false\" \/><span class=\"wpcf7-list-item-label\">Ich habe die Datenschutzerkl\u00e4rung gelesen und stimme der Speicherung meiner Daten gem\u00e4\u00df der Europ\u00e4ischen Verordnung zum Schutz personenbezogener Daten n. 679\/2016, GDPR.<a href=\"https:\/\/omsi.it\/wp\/wp-content\/uploads\/2021\/01\/Informativa-Contatti-SITO-rev2020.pdf\" target=\"_blank\" rel=\"nofollow noopener\">Datenschutzbestimmungen<\/a> und ich stimme der Speicherung meiner Daten gem\u00e4\u00df der Europ\u00e4ischen Datenschutzverordnung Nr. 679\/2016, GDPR, zu.<\/span><\/label><\/span><\/span><\/span>\n<\/p>\n<p><input class=\"wpcf7-form-control wpcf7-submit has-spinner btn-color-black\" type=\"submit\" value=\"SENDEN\" \/>\n<\/p><div class=\"wpcf7-response-output\" aria-hidden=\"true\"><\/div>\n<input type=\"hidden\" name=\"trp-form-language\" value=\"de\"\/><\/form>\n<\/div>\n<\/div><\/div><\/div><\/div><\/div><\/div><\/div><\/div>\n<\/div>","protected":false},"excerpt":{"rendered":"<p class=\"translation-block\">Die DIAMOND-Sitzschale ist doppelwandig und besteht aus 100% recycelbarem Polypropylen. Modernes Design und ergonomische Form, die den nat\u00fcrlichen Linien unseres K\u00f6rpers folgt und sie unterst\u00fctzt und dank des \u201eLuftkissen\u201c-Effekts eine korrekte und bequeme K\u00f6rperhaltung f\u00f6rdert. Auf der Oberfl\u00e4che des Sitzes befinden sich Mikrol\u00f6cher, durch die die Luft im Inneren zirkulieren kann. Dadurch wird eine konstante und gleichm\u00e4\u00dfige Temperatur aufrechterhalten und die Feuchtigkeit reduziert, die bei l\u00e4ngerem Sitzen unweigerlich entstehen w\u00fcrde. Erh\u00e4ltlich in 3 Gestellvarianten.<\/p>\n<div class=\"green\"><a href=\"https:\/\/omsi.it\/de\/wp\/sostenibilita\/\">100% wiederverwertbarer Kunststoff <img decoding=\"async\" class=\"seconda_vita\" src=\"https:\/\/omsi.it\/wp\/wp-content\/uploads\/2020\/08\/plastica-seconda-vita-omsi.png\" \/><\/a><\/div>\n<p>&nbsp;<\/p>\n<p><a class=\"btn_sara\" href=\"#contattaci\">Kontaktieren sie uns<\/a><\/p>","protected":false},"featured_media":17349,"template":"","meta":[],"product_brand":[],"product_cat":[69,89,91,68,377,95],"product_tag":[],"class_list":{"0":"post-16959","1":"product","2":"type-product","3":"status-publish","4":"has-post-thumbnail","6":"product_cat-green","7":"product_cat-arredamento","8":"product_cat-primaria-secondaria","9":"product_cat-scuola","10":"product_cat-scuola-2","11":"product_cat-sedie-primaria-secondaria","13":"first","14":"instock","15":"shipping-taxable","16":"product-type-simple"},"_links":{"self":[{"href":"https:\/\/omsi.it\/de\/wp-json\/wp\/v2\/product\/16959","targetHints":{"allow":["GET"]}}],"collection":[{"href":"https:\/\/omsi.it\/de\/wp-json\/wp\/v2\/product"}],"about":[{"href":"https:\/\/omsi.it\/de\/wp-json\/wp\/v2\/types\/product"}],"wp:featuredmedia":[{"embeddable":true,"href":"https:\/\/omsi.it\/de\/wp-json\/wp\/v2\/media\/17349"}],"wp:attachment":[{"href":"https:\/\/omsi.it\/de\/wp-json\/wp\/v2\/media?parent=16959"}],"wp:term":[{"taxonomy":"product_brand","embeddable":true,"href":"https:\/\/omsi.it\/de\/wp-json\/wp\/v2\/product_brand?post=16959"},{"taxonomy":"product_cat","embeddable":true,"href":"https:\/\/omsi.it\/de\/wp-json\/wp\/v2\/product_cat?post=16959"},{"taxonomy":"product_tag","embeddable":true,"href":"https:\/\/omsi.it\/de\/wp-json\/wp\/v2\/product_tag?post=16959"}],"curies":[{"name":"wp","href":"https:\/\/api.w.org\/{rel}","templated":true}]}}