{"id":7239,"date":"2020-07-29T11:41:20","date_gmt":"2020-07-29T09:41:20","guid":{"rendered":"https:\/\/omsi.it\/wp\/?post_type=product&#038;p=7239"},"modified":"2025-11-19T11:15:11","modified_gmt":"2025-11-19T10:15:11","slug":"nachrichtensitz-fur-kollektive-raume","status":"publish","type":"product","link":"https:\/\/omsi.it\/de\/produkt\/nachrichtensitz-fur-kollektive-raume\/","title":{"rendered":"News - Stuhl f\u00fcr kollektive R\u00e4ume"},"content":{"rendered":"<div class=\"wpb-content-wrapper\"><div class=\"vc_row wpb_row vc_row-fluid\"><div class=\"wpb_column vc_column_container vc_col-sm-12\"><div class=\"vc_column-inner\"><div class=\"wpb_wrapper\"><div class=\"vc_empty_space\"   style=\"height: 32px\"><span class=\"vc_empty_space_inner\"><\/span><\/div>\n\t\t<div id=\"wd-5fc0d28febffa\" class=\"title-wrapper wd-wpb wd-set-mb reset-last-child  wd-rs-5fc0d28febffa wd-title-color-primary wd-title-style-simple text-center  wd-underline-colored\">\n\t\t\t\n\t\t\t<div class=\"liner-continer\">\n\t\t\t\t<h4 class=\"woodmart-title-container title  wd-font-weight- wd-fontsize-l\" >ALLE FITTINGE<\/h4>\n\t\t\t\t\t\t\t<\/div>\n\t\t\t\n\t\t\t\n\t\t\t\n\t\t<\/div>\n\t\t\n\t\t<div class=\"vc_empty_space\"   style=\"height: 32px\"><span class=\"vc_empty_space_inner\"><\/span><\/div><\/div><\/div><\/div><\/div><div class=\"vc_row wpb_row vc_row-fluid vc_custom_1605267396771\"><div class=\"wpb_column vc_column_container vc_col-sm-4 text-center\"><div class=\"vc_column-inner\"><div class=\"wpb_wrapper\">\n\t\t<div id=\"wd-5f23d20a2ea8f\" class=\"title-wrapper wd-wpb wd-set-mb reset-last-child  wd-rs-5f23d20a2ea8f wd-title-color-default wd-title-style-default text-center  wd-underline-colored\">\n\t\t\t\n\t\t\t<div class=\"liner-continer\">\n\t\t\t\t<h4 class=\"woodmart-title-container title  wd-font-weight- wd-fontsize-m\" >4 Beine<\/h4>\n\t\t\t\t\t\t\t<\/div>\n\t\t\t\n\t\t\t\n\t\t\t\n\t\t<\/div>\n\t\t\n\t\t\n\t<div  class=\"wpb_single_image wpb_content_element vc_align_center\">\n\t\t\n\t\t<figure class=\"wpb_wrapper vc_figure\">\n\t\t\t<a class=\"\" data-lightbox=\"lightbox[rel-7239-922208626]\" href=\"https:\/\/omsi.it\/wp\/wp-content\/uploads\/2020\/07\/News_4legs_frame_chair_office_school.png\" target=\"_self\"><img loading=\"lazy\" decoding=\"async\" width=\"1000\" height=\"1000\" src=\"https:\/\/omsi.it\/wp\/wp-content\/uploads\/2020\/07\/News_4legs_frame_chair_office_school.png\" class=\"vc_single_image-img attachment-full\" alt=\"News 4legs Gestell Stuhl B\u00fcro Schule\" title=\"News 4legs Gestell Stuhl B\u00fcro Schule\" srcset=\"https:\/\/omsi.it\/wp\/wp-content\/uploads\/2020\/07\/News_4legs_frame_chair_office_school.png 1000w, https:\/\/omsi.it\/wp\/wp-content\/uploads\/2020\/07\/News_4legs_frame_chair_office_school-300x300.png 300w, https:\/\/omsi.it\/wp\/wp-content\/uploads\/2020\/07\/News_4legs_frame_chair_office_school-150x150.png 150w, https:\/\/omsi.it\/wp\/wp-content\/uploads\/2020\/07\/News_4legs_frame_chair_office_school-768x768.png 768w, https:\/\/omsi.it\/wp\/wp-content\/uploads\/2020\/07\/News_4legs_frame_chair_office_school-600x600.png 600w\" sizes=\"auto, (max-width: 1000px) 100vw, 1000px\" wpfc-lazyload-disable=\"true\" \/><\/a>\n\t\t<\/figure>\n\t<\/div>\n<\/div><\/div><\/div><div class=\"wpb_column vc_column_container vc_col-sm-4\"><div class=\"vc_column-inner\"><div class=\"wpb_wrapper\">\n\t\t<div id=\"wd-5f22c5e6bd2cb\" class=\"title-wrapper wd-wpb wd-set-mb reset-last-child  wd-rs-5f22c5e6bd2cb wd-title-color-default wd-title-style-default text-center  wd-underline-colored\">\n\t\t\t\n\t\t\t<div class=\"liner-continer\">\n\t\t\t\t<h4 class=\"woodmart-title-container title  wd-font-weight- wd-fontsize-m\" >Drehfu\u00dfkreuz 5 Ausleger<\/h4>\n\t\t\t\t\t\t\t<\/div>\n\t\t\t\n\t\t\t\n\t\t\t\n\t\t<\/div>\n\t\t\n\t\t\n\t<div  class=\"wpb_single_image wpb_content_element vc_align_center\">\n\t\t\n\t\t<figure class=\"wpb_wrapper vc_figure\">\n\t\t\t<a class=\"\" data-lightbox=\"lightbox[rel-7239-864385551]\" href=\"https:\/\/omsi.it\/wp\/wp-content\/uploads\/2020\/07\/News_swivel_frame_padded_chair_office_school.png\" target=\"_self\"><img loading=\"lazy\" decoding=\"async\" width=\"1000\" height=\"1000\" src=\"https:\/\/omsi.it\/wp\/wp-content\/uploads\/2020\/07\/News_swivel_frame_padded_chair_office_school.png\" class=\"vc_single_image-img attachment-full\" alt=\"News Drehgestell gepolsterter Stuhl B\u00fcro Schule\" title=\"News Drehgestell gepolsterter Stuhl B\u00fcro Schule\" srcset=\"https:\/\/omsi.it\/wp\/wp-content\/uploads\/2020\/07\/News_swivel_frame_padded_chair_office_school.png 1000w, https:\/\/omsi.it\/wp\/wp-content\/uploads\/2020\/07\/News_swivel_frame_padded_chair_office_school-300x300.png 300w, https:\/\/omsi.it\/wp\/wp-content\/uploads\/2020\/07\/News_swivel_frame_padded_chair_office_school-150x150.png 150w, https:\/\/omsi.it\/wp\/wp-content\/uploads\/2020\/07\/News_swivel_frame_padded_chair_office_school-768x768.png 768w, https:\/\/omsi.it\/wp\/wp-content\/uploads\/2020\/07\/News_swivel_frame_padded_chair_office_school-600x600.png 600w\" sizes=\"auto, (max-width: 1000px) 100vw, 1000px\" wpfc-lazyload-disable=\"true\" \/><\/a>\n\t\t<\/figure>\n\t<\/div>\n<\/div><\/div><\/div><\/div><div class=\"vc_row wpb_row vc_row-fluid vc_custom_1605267403725\"><div class=\"wpb_column vc_column_container vc_col-sm-4 text-center\"><div class=\"vc_column-inner\"><div class=\"wpb_wrapper\">\n\t\t<div id=\"wd-5f22c5f271046\" class=\"title-wrapper wd-wpb wd-set-mb reset-last-child  wd-rs-5f22c5f271046 wd-title-color-default wd-title-style-default text-center  wd-underline-colored\">\n\t\t\t\n\t\t\t<div class=\"liner-continer\">\n\t\t\t\t<h4 class=\"woodmart-title-container title  wd-font-weight- wd-fontsize-m\" >Drehfu\u00dfkreuz mit Schreibtablar<\/h4>\n\t\t\t\t\t\t\t<\/div>\n\t\t\t\n\t\t\t\n\t\t\t\n\t\t<\/div>\n\t\t\n\t\t\n\t<div  class=\"wpb_single_image wpb_content_element vc_align_center\">\n\t\t\n\t\t<figure class=\"wpb_wrapper vc_figure\">\n\t\t\t<a class=\"\" data-lightbox=\"lightbox[rel-7239-455799257]\" href=\"https:\/\/omsi.it\/wp\/wp-content\/uploads\/2020\/07\/News_swivel_frame_chair_school_conferencerooms.png\" target=\"_self\"><img loading=\"lazy\" decoding=\"async\" width=\"1000\" height=\"1000\" src=\"https:\/\/omsi.it\/wp\/wp-content\/uploads\/2020\/07\/News_swivel_frame_chair_school_conferencerooms.png\" class=\"vc_single_image-img attachment-full\" alt=\"News Drehgestell Stuhl Schule Konferenzr\u00e4ume\" title=\"News Drehgestell Stuhl Schule Konferenzr\u00e4ume\" srcset=\"https:\/\/omsi.it\/wp\/wp-content\/uploads\/2020\/07\/News_swivel_frame_chair_school_conferencerooms.png 1000w, https:\/\/omsi.it\/wp\/wp-content\/uploads\/2020\/07\/News_swivel_frame_chair_school_conferencerooms-300x300.png 300w, https:\/\/omsi.it\/wp\/wp-content\/uploads\/2020\/07\/News_swivel_frame_chair_school_conferencerooms-150x150.png 150w, https:\/\/omsi.it\/wp\/wp-content\/uploads\/2020\/07\/News_swivel_frame_chair_school_conferencerooms-768x768.png 768w, https:\/\/omsi.it\/wp\/wp-content\/uploads\/2020\/07\/News_swivel_frame_chair_school_conferencerooms-600x600.png 600w\" sizes=\"auto, (max-width: 1000px) 100vw, 1000px\" wpfc-lazyload-disable=\"true\" \/><\/a>\n\t\t<\/figure>\n\t<\/div>\n<\/div><\/div><\/div><div class=\"wpb_column vc_column_container vc_col-sm-4\"><div class=\"vc_column-inner\"><div class=\"wpb_wrapper\"><\/div><\/div><\/div><\/div><div class=\"vc_row wpb_row vc_row-fluid\"><div class=\"wpb_column vc_column_container vc_col-sm-12\"><div class=\"vc_column-inner\"><div class=\"wpb_wrapper\"><div class=\"vc_empty_space\"   style=\"height: 32px\"><span class=\"vc_empty_space_inner\"><\/span><\/div>\n\t\t<div id=\"wd-5f228ce5af0f7\" class=\"title-wrapper wd-wpb wd-set-mb reset-last-child  wd-rs-5f228ce5af0f7 wd-title-color-primary wd-title-style-simple text-center  wd-underline-colored\">\n\t\t\t\n\t\t\t<div class=\"liner-continer\">\n\t\t\t\t<h4 class=\"woodmart-title-container title  wd-font-weight- wd-fontsize-l\" >EINSTELLUNGEN<\/h4>\n\t\t\t\t\t\t\t<\/div>\n\t\t\t\n\t\t\t\n\t\t\t\n\t\t<\/div>\n\t\t\n\t\t<div class=\"vc_empty_space\"   style=\"height: 32px\"><span class=\"vc_empty_space_inner\"><\/span><\/div><\/div><\/div><\/div><\/div><div class=\"vc_row wpb_row vc_row-fluid vc_custom_1605267519954 vc_row-o-equal-height vc_row-o-content-middle vc_row-flex\"><div class=\"wpb_column vc_column_container vc_col-sm-12\"><div class=\"vc_column-inner\"><div class=\"wpb_wrapper\"><div class=\"vc_row wpb_row vc_inner vc_row-fluid\"><div class=\"wpb_column vc_column_container vc_col-sm-12\"><div class=\"vc_column-inner\"><div class=\"wpb_wrapper\">\t\t<div id=\"gallery_759\" class=\"wd-images-gallery wd-wpb photoswipe-images\" style=\"--wd-justify-content:center;--wd-align-items:center;\">\n\t\t\t\n\t\t\t<div class=\"wd-grid-f-col wd-masonry\" style=\"--wd-col-lg:3;--wd-col-md:3;--wd-col-sm:1;--wd-gap-lg:0px;\">\n\t\t\t\t\n\t\t\t\t\t\t\t\t\t\t\t\t\t\t\t<div class=\"wd-gallery-item wd-col\">\n\t\t\t\t\t\t\t\t\t\t\t\t\t\t<a href=\"\" data-elementor-open-lightbox=\"no\" data-index=\"1\" data-width=\"\" data-height=\"\" \n\t\t\t\t\t\t\t\t\t\t\t\t >\n\t\t\t\t\t\t\t\t\n\t\t\t\t\t\t\t\t\n\t\t\t\t\t\t\t\t\t\t\t\t\t\t\t<\/a>\n\t\t\t\t\t\t\t\t\t\t\t\t<\/div>\n\t\t\t\t\t\t\t\t\t\t\t<div class=\"wd-gallery-item wd-col\">\n\t\t\t\t\t\t\t\t\t\t\t\t\t\t<a href=\"https:\/\/omsi.it\/wp\/wp-content\/uploads\/2020\/07\/News_circular_swivel_base-1.jpg\" data-elementor-open-lightbox=\"no\" data-index=\"2\" data-width=\"1000\" data-height=\"666\" \n\t\t\t\t\t\t\t\t\t\t\t\t >\n\t\t\t\t\t\t\t\t\n\t\t\t\t\t\t\t\t<img loading=\"lazy\" decoding=\"async\" width=\"1000\" height=\"666\" src=\"https:\/\/omsi.it\/wp\/wp-content\/uploads\/2020\/07\/News_circular_swivel_base-1.jpg\" class=\"wd-gallery-image image-2\" alt=\"News Rundschwenkfu\u00df 1\" srcset=\"https:\/\/omsi.it\/wp\/wp-content\/uploads\/2020\/07\/News_circular_swivel_base-1.jpg 1000w, https:\/\/omsi.it\/wp\/wp-content\/uploads\/2020\/07\/News_circular_swivel_base-1-300x200.jpg 300w, https:\/\/omsi.it\/wp\/wp-content\/uploads\/2020\/07\/News_circular_swivel_base-1-768x511.jpg 768w, https:\/\/omsi.it\/wp\/wp-content\/uploads\/2020\/07\/News_circular_swivel_base-1-150x100.jpg 150w\" sizes=\"auto, (max-width: 1000px) 100vw, 1000px\" wpfc-lazyload-disable=\"true\" \/>\n\t\t\t\t\t\t\t\t\t\t\t\t\t\t\t<\/a>\n\t\t\t\t\t\t\t\t\t\t\t\t<\/div>\n\t\t\t\t\t\t\t\t\t\t\t<div class=\"wd-gallery-item wd-col\">\n\t\t\t\t\t\t\t\t\t\t\t\t\t\t<a href=\"https:\/\/omsi.it\/wp\/wp-content\/uploads\/2020\/07\/News_circular_swivel_base2-1.jpg\" data-elementor-open-lightbox=\"no\" data-index=\"3\" data-width=\"1482\" data-height=\"988\" \n\t\t\t\t\t\t\t\t\t\t\t\t >\n\t\t\t\t\t\t\t\t\n\t\t\t\t\t\t\t\t<img loading=\"lazy\" decoding=\"async\" width=\"1482\" height=\"988\" src=\"https:\/\/omsi.it\/wp\/wp-content\/uploads\/2020\/07\/News_circular_swivel_base2-1.jpg\" class=\"wd-gallery-image image-3\" alt=\"News Rundschwenkfu\u00df2 1\" srcset=\"https:\/\/omsi.it\/wp\/wp-content\/uploads\/2020\/07\/News_circular_swivel_base2-1.jpg 1482w, https:\/\/omsi.it\/wp\/wp-content\/uploads\/2020\/07\/News_circular_swivel_base2-1-300x200.jpg 300w, https:\/\/omsi.it\/wp\/wp-content\/uploads\/2020\/07\/News_circular_swivel_base2-1-1024x683.jpg 1024w, https:\/\/omsi.it\/wp\/wp-content\/uploads\/2020\/07\/News_circular_swivel_base2-1-768x512.jpg 768w, https:\/\/omsi.it\/wp\/wp-content\/uploads\/2020\/07\/News_circular_swivel_base2-1-1200x800.jpg 1200w, https:\/\/omsi.it\/wp\/wp-content\/uploads\/2020\/07\/News_circular_swivel_base2-1-150x100.jpg 150w\" sizes=\"auto, (max-width: 1482px) 100vw, 1482px\" wpfc-lazyload-disable=\"true\" \/>\n\t\t\t\t\t\t\t\t\t\t\t\t\t\t\t<\/a>\n\t\t\t\t\t\t\t\t\t\t\t\t<\/div>\n\t\t\t\t\t\t\t\t\t\t\t<div class=\"wd-gallery-item wd-col\">\n\t\t\t\t\t\t\t\t\t\t\t\t\t\t<a href=\"https:\/\/omsi.it\/wp\/wp-content\/uploads\/2020\/07\/NEWS_ONBEAM_S.PaoloStadium-1.jpg\" data-elementor-open-lightbox=\"no\" data-index=\"4\" data-width=\"1333\" data-height=\"888\" \n\t\t\t\t\t\t\t\t\t\t\t\t >\n\t\t\t\t\t\t\t\t\n\t\t\t\t\t\t\t\t<img loading=\"lazy\" decoding=\"async\" width=\"1333\" height=\"888\" src=\"https:\/\/omsi.it\/wp\/wp-content\/uploads\/2020\/07\/NEWS_ONBEAM_S.PaoloStadium-1.jpg\" class=\"wd-gallery-image image-4\" alt=\"NEWS ONBEAM S.PaoloStadion 1\" srcset=\"https:\/\/omsi.it\/wp\/wp-content\/uploads\/2020\/07\/NEWS_ONBEAM_S.PaoloStadium-1.jpg 1333w, https:\/\/omsi.it\/wp\/wp-content\/uploads\/2020\/07\/NEWS_ONBEAM_S.PaoloStadium-1-300x200.jpg 300w, https:\/\/omsi.it\/wp\/wp-content\/uploads\/2020\/07\/NEWS_ONBEAM_S.PaoloStadium-1-1024x682.jpg 1024w, https:\/\/omsi.it\/wp\/wp-content\/uploads\/2020\/07\/NEWS_ONBEAM_S.PaoloStadium-1-768x512.jpg 768w, https:\/\/omsi.it\/wp\/wp-content\/uploads\/2020\/07\/NEWS_ONBEAM_S.PaoloStadium-1-1200x799.jpg 1200w, https:\/\/omsi.it\/wp\/wp-content\/uploads\/2020\/07\/NEWS_ONBEAM_S.PaoloStadium-1-150x100.jpg 150w\" sizes=\"auto, (max-width: 1333px) 100vw, 1333px\" wpfc-lazyload-disable=\"true\" \/>\n\t\t\t\t\t\t\t\t\t\t\t\t\t\t\t<\/a>\n\t\t\t\t\t\t\t\t\t\t\t\t<\/div>\n\t\t\t\t\t\t\t\t\t\t\t<div class=\"wd-gallery-item wd-col\">\n\t\t\t\t\t\t\t\t\t\t\t\t\t\t<a href=\"https:\/\/omsi.it\/wp\/wp-content\/uploads\/2020\/07\/2016-09-15-11.03.38-scaled-scaled.jpg\" data-elementor-open-lightbox=\"no\" data-index=\"5\" data-width=\"1280\" data-height=\"853\" \n\t\t\t\t\t\t\t\t\t\t\t\t >\n\t\t\t\t\t\t\t\t\n\t\t\t\t\t\t\t\t<img loading=\"lazy\" decoding=\"async\" width=\"1280\" height=\"853\" src=\"https:\/\/omsi.it\/wp\/wp-content\/uploads\/2020\/07\/2016-09-15-11.03.38-scaled-scaled.jpg\" class=\"wd-gallery-image image-5\" alt=\"2016 09 15 11.03.38 skaliert\" srcset=\"https:\/\/omsi.it\/wp\/wp-content\/uploads\/2020\/07\/2016-09-15-11.03.38-scaled-scaled.jpg 1280w, https:\/\/omsi.it\/wp\/wp-content\/uploads\/2020\/07\/2016-09-15-11.03.38-scaled-150x100.jpg 150w, https:\/\/omsi.it\/wp\/wp-content\/uploads\/2020\/07\/2016-09-15-11.03.38-scaled-1200x800.jpg 1200w, https:\/\/omsi.it\/wp\/wp-content\/uploads\/2020\/07\/2016-09-15-11.03.38-300x200.jpg 300w, https:\/\/omsi.it\/wp\/wp-content\/uploads\/2020\/07\/2016-09-15-11.03.38-1024x683.jpg 1024w, https:\/\/omsi.it\/wp\/wp-content\/uploads\/2020\/07\/2016-09-15-11.03.38-768x512.jpg 768w, https:\/\/omsi.it\/wp\/wp-content\/uploads\/2020\/07\/2016-09-15-11.03.38-1536x1024.jpg 1536w, https:\/\/omsi.it\/wp\/wp-content\/uploads\/2020\/07\/2016-09-15-11.03.38-2048x1365.jpg 2048w\" sizes=\"auto, (max-width: 1280px) 100vw, 1280px\" wpfc-lazyload-disable=\"true\" \/>\n\t\t\t\t\t\t\t\t\t\t\t\t\t\t\t<\/a>\n\t\t\t\t\t\t\t\t\t\t\t\t<\/div>\n\t\t\t\t\t\t\t\t\t\t\t<div class=\"wd-gallery-item wd-col\">\n\t\t\t\t\t\t\t\t\t\t\t\t\t\t<a href=\"https:\/\/omsi.it\/wp\/wp-content\/uploads\/2020\/07\/News_classe.jpg\" data-elementor-open-lightbox=\"no\" data-index=\"6\" data-width=\"1350\" data-height=\"900\" \n\t\t\t\t\t\t\t\t\t\t\t\t >\n\t\t\t\t\t\t\t\t\n\t\t\t\t\t\t\t\t<img loading=\"lazy\" decoding=\"async\" width=\"1350\" height=\"900\" src=\"https:\/\/omsi.it\/wp\/wp-content\/uploads\/2020\/07\/News_classe.jpg\" class=\"wd-gallery-image image-6\" alt=\"Nachrichten der Klasse\" srcset=\"https:\/\/omsi.it\/wp\/wp-content\/uploads\/2020\/07\/News_classe.jpg 1350w, https:\/\/omsi.it\/wp\/wp-content\/uploads\/2020\/07\/News_classe-150x100.jpg 150w, https:\/\/omsi.it\/wp\/wp-content\/uploads\/2020\/07\/News_classe-1200x800.jpg 1200w, https:\/\/omsi.it\/wp\/wp-content\/uploads\/2020\/07\/News_classe-300x200.jpg 300w, https:\/\/omsi.it\/wp\/wp-content\/uploads\/2020\/07\/News_classe-1024x683.jpg 1024w, https:\/\/omsi.it\/wp\/wp-content\/uploads\/2020\/07\/News_classe-768x512.jpg 768w\" sizes=\"auto, (max-width: 1350px) 100vw, 1350px\" wpfc-lazyload-disable=\"true\" \/>\n\t\t\t\t\t\t\t\t\t\t\t\t\t\t\t<\/a>\n\t\t\t\t\t\t\t\t\t\t\t\t<\/div>\n\t\t\t\t\t\t\t\t\t\n\t\t\t\t\t\t\t<\/div>\n\n\t\t\t\t\t<\/div>\n\t\t<\/div><\/div><\/div><\/div><\/div><\/div><\/div><\/div><div id=\"contattaci\" class=\"vc_row wpb_row vc_row-fluid vc_custom_1605267526600\"><div class=\"wpb_column vc_column_container vc_col-sm-12\"><div class=\"vc_column-inner\"><div class=\"wpb_wrapper\"><div class=\"vc_empty_space\"   style=\"height: 32px\"><span class=\"vc_empty_space_inner\"><\/span><\/div>\n\t\t<div id=\"wd-5f228c26299e9\" class=\"title-wrapper wd-wpb wd-set-mb reset-last-child  wd-rs-5f228c26299e9 wd-title-color-primary wd-title-style-simple text-center  wd-underline-colored\">\n\t\t\t\n\t\t\t<div class=\"liner-continer\">\n\t\t\t\t<h4 class=\"woodmart-title-container title  wd-font-weight- wd-fontsize-l\" >KONTAKTIEREN SIE UNS F\u00dcR BERATUNGSGESPR\u00c4CH<\/h4>\n\t\t\t\t\t\t\t<\/div>\n\t\t\t\n\t\t\t\n\t\t\t\n\t\t<\/div>\n\t\t\n\t\t<div class=\"vc_empty_space\"   style=\"height: 32px\"><span class=\"vc_empty_space_inner\"><\/span><\/div><div class=\"vc_row wpb_row vc_inner vc_row-fluid\"><div class=\"wpb_column vc_column_container vc_col-sm-12\"><div class=\"vc_column-inner\"><div class=\"wpb_wrapper\">\n<div class=\"wpcf7 no-js\" id=\"wpcf7-f608-o1\" lang=\"en-US\" dir=\"ltr\" data-wpcf7-id=\"608\">\n<div class=\"screen-reader-response\"><p role=\"status\" aria-live=\"polite\" aria-atomic=\"true\"><\/p> <ul><\/ul><\/div>\n<form action=\"\/de\/wp-json\/wp\/v2\/product\/7239#wpcf7-f608-o1\" method=\"post\" class=\"wpcf7-form init\" aria-label=\"Kontakt-Formular\" novalidate=\"novalidate\" data-status=\"init\" data-trp-original-action=\"\/de\/wp-json\/wp\/v2\/product\/7239#wpcf7-f608-o1\">\n<fieldset class=\"hidden-fields-container\"><input type=\"hidden\" name=\"_wpcf7\" value=\"608\" \/><input type=\"hidden\" name=\"_wpcf7_version\" value=\"6.1.4\" \/><input type=\"hidden\" name=\"_wpcf7_locale\" value=\"en_US\" \/><input type=\"hidden\" name=\"_wpcf7_unit_tag\" value=\"wpcf7-f608-o1\" \/><input type=\"hidden\" name=\"_wpcf7_container_post\" value=\"0\" \/><input type=\"hidden\" name=\"_wpcf7_posted_data_hash\" value=\"\" \/><input type=\"hidden\" name=\"_wpcf7_recaptcha_response\" value=\"\" \/>\n<\/fieldset>\n<div class=\"row\">\n\t<div class=\"col-md-6\" style='margin-bottom:20px;'>\n\t\t<p><label>Vor- und Nachname (erforderlich)<\/label><span class=\"wpcf7-form-control-wrap\" data-name=\"your-name\"><input size=\"40\" maxlength=\"400\" class=\"wpcf7-form-control wpcf7-text wpcf7-validates-as-required\" aria-required=\"true\" aria-invalid=\"false\" value=\"\" type=\"text\" name=\"your-name\" \/><\/span>\n\t\t<\/p>\n\t<\/div>\n\t<div class=\"col-md-6\" style='margin-bottom:20px;'>\n\t\t<p><label>E-Mail (erforderlich)<\/label><span class=\"wpcf7-form-control-wrap\" data-name=\"your-email\"><input size=\"40\" maxlength=\"400\" class=\"wpcf7-form-control wpcf7-email wpcf7-validates-as-required wpcf7-text wpcf7-validates-as-email\" aria-required=\"true\" aria-invalid=\"false\" value=\"\" type=\"email\" name=\"your-email\" \/><\/span>\n\t\t<\/p>\n\t<\/div>\n<\/div>\n<div class=\"row\">\n\t<div class=\"col-md-6\" style='margin-bottom:20px;'>\n\t\t<p><label>Telefon<\/label><span class=\"wpcf7-form-control-wrap\" data-name=\"tel-767\"><input size=\"40\" maxlength=\"400\" class=\"wpcf7-form-control wpcf7-tel wpcf7-validates-as-required wpcf7-text wpcf7-validates-as-tel\" aria-required=\"true\" aria-invalid=\"false\" value=\"\" type=\"tel\" name=\"tel-767\" \/><\/span>\n\t\t<\/p>\n\t<\/div>\n\t<div class=\"col-md-6\" style='margin-bottom:20px;'>\n\t\t<p><label>Land<\/label><span class=\"wpcf7-form-control-wrap\" data-name=\"text-300\"><input size=\"40\" maxlength=\"400\" class=\"wpcf7-form-control wpcf7-text wpcf7-validates-as-required\" aria-required=\"true\" aria-invalid=\"false\" value=\"\" type=\"text\" name=\"text-300\" \/><\/span>\n\t\t<\/p>\n\t<\/div>\n\t<div class=\"col-md-6\" style='margin-bottom:20px;'>\n\t\t<p><label>Bereich von Interesse<\/label><span class=\"wpcf7-form-control-wrap\" data-name=\"menu-880\"><select class=\"wpcf7-form-control wpcf7-select\" aria-invalid=\"false\" name=\"menu-880\"><option value=\"Sport\">Sport<\/option><option value=\"Scuola\">Schule<\/option><\/select><\/span>\n\t\t<\/p>\n\t<\/div>\n\t<div class=\"col-md-6\" style='margin-bottom:20px;'>\n\t\t<p><label>Betroffenes Produkt<\/label><span class=\"wpcf7-form-control-wrap\" data-name=\"text-301\"><input size=\"40\" maxlength=\"400\" class=\"wpcf7-form-control wpcf7-text wpcf7-validates-as-required\" aria-required=\"true\" aria-invalid=\"false\" value=\"\" type=\"text\" name=\"text-301\" \/><\/span>\n\t\t<\/p>\n\t<\/div>\n\t<div class=\"col-md-6\" style='margin-bottom:20px;'>\n\t\t<p><label>Gesellschaft<\/label><span class=\"wpcf7-form-control-wrap\" data-name=\"text-1\"><input size=\"40\" maxlength=\"400\" class=\"wpcf7-form-control wpcf7-text wpcf7-validates-as-required\" aria-required=\"true\" aria-invalid=\"false\" value=\"\" type=\"text\" name=\"text-1\" \/><\/span>\n\t\t<\/p>\n\t<\/div>\n\t<div class=\"col-md-6\" style='margin-bottom:20px;'>\n\t\t<p><label>Adresse<\/label><span class=\"wpcf7-form-control-wrap\" data-name=\"text-576\"><input size=\"40\" maxlength=\"400\" class=\"wpcf7-form-control wpcf7-text wpcf7-validates-as-required\" aria-required=\"true\" aria-invalid=\"false\" value=\"\" type=\"text\" name=\"text-576\" \/><\/span>\n\t\t<\/p>\n\t<\/div>\n<\/div>\n<p><label>Nachricht<\/label><span class=\"wpcf7-form-control-wrap\" data-name=\"your-message\"><textarea cols=\"40\" rows=\"10\" maxlength=\"2000\" class=\"wpcf7-form-control wpcf7-textarea wpcf7-validates-as-required\" aria-required=\"true\" aria-invalid=\"false\" name=\"your-message\"><\/textarea><\/span>\n<\/p>\n<p><span class=\"wpcf7-form-control-wrap\" data-name=\"acceptance-427\"><span class=\"wpcf7-form-control wpcf7-acceptance\"><span class=\"wpcf7-list-item\"><label><input type=\"checkbox\" name=\"acceptance-427\" value=\"1\" aria-invalid=\"false\" \/><span class=\"wpcf7-list-item-label\">Ich habe die Datenschutzerkl\u00e4rung gelesen und stimme der Speicherung meiner Daten gem\u00e4\u00df der Europ\u00e4ischen Verordnung zum Schutz personenbezogener Daten n. 679\/2016, GDPR.<a href=\"https:\/\/omsi.it\/wp\/wp-content\/uploads\/2021\/01\/Informativa-Contatti-SITO-rev2020.pdf\" target=\"_blank\" rel=\"nofollow noopener\">Datenschutzbestimmungen<\/a> und ich stimme der Speicherung meiner Daten gem\u00e4\u00df der Europ\u00e4ischen Datenschutzverordnung Nr. 679\/2016, GDPR, zu.<\/span><\/label><\/span><\/span><\/span>\n<\/p>\n<p><input class=\"wpcf7-form-control wpcf7-submit has-spinner btn-color-black\" type=\"submit\" value=\"SENDEN\" \/>\n<\/p><div class=\"wpcf7-response-output\" aria-hidden=\"true\"><\/div>\n<input type=\"hidden\" name=\"trp-form-language\" value=\"de\"\/><\/form>\n<\/div>\n<\/div><\/div><\/div><\/div><\/div><\/div><\/div><\/div>\n<\/div>","protected":false},"excerpt":{"rendered":"<p class=\"translation-block\">NEWS ist ein idealer Stuhl f\u00fcr \u00f6ffentliche B\u00fcros, Arbeitspl\u00e4tze, Schuleinrichtungen und Konferenzr\u00e4ume.<br>\nIn der R\u00fcckenlehne befindet sich ein zentrales Griffloch mit abgerundeten Kanten, das die Bewegung erleichtert.<br>\nRutschfeste Oberfl\u00e4che, frei von Rippen und leicht mit alkoholbasierten L\u00f6sungen zu desinfizieren.<br>\nSie k\u00f6nnen gepolsterte Paneele mit Stoff- oder leder\u00e4hnlichen Polstern auf Sitz und R\u00fcckenlehne auftragen.<br>\nANSI\/BIFMA X5.1-2002 zertifiziert.<br>\nAuf Anfrage auch in recycelter Ausf\u00fchrung<\/p>\n<p class=\"translation-block\">In der R\u00fcckenlehne befindet sich ein zentrales Griffloch mit abgerundeten Kanten, das<strong>die Bewegung erleichtert<\/strong>.<\/p>\n<p class=\"translation-block\"><strong>Rutschfeste<\/strong> Oberfl\u00e4che<\/strong>, rippenfrei und <strong>leicht zu desinfizieren<\/strong> mit L\u00f6sungen auf Alkoholbasis.<\/p>\n<p>&nbsp;<\/p>\n<div class=\"green\"><a href=\"https:\/\/omsi.it\/de\/wp\/sostenibilita\/\">Auf Anfrage auch in recycelter Ausf\u00fchrung <img decoding=\"async\" class=\"seconda_vita\" src=\"https:\/\/omsi.it\/wp\/wp-content\/uploads\/2020\/08\/plastica-seconda-vita-omsi.png\" \/><\/a><\/div>\n<p>&nbsp;<\/p>\n<p><strong><br><\/strong><br \/>\n[table id=news \/]<\/p>\n<p>&nbsp;<\/p>\n<p><a class=\"btn_sara\" href=\"#contattaci\">Kontaktieren sie uns<\/a><\/p>","protected":false},"featured_media":7240,"template":"","meta":[],"product_brand":[],"product_cat":[88,69,68,377,548],"product_tag":[],"class_list":{"0":"post-7239","1":"product","2":"type-product","3":"status-publish","4":"has-post-thumbnail","6":"product_cat-collettivita","7":"product_cat-green","8":"product_cat-scuola","9":"product_cat-scuola-2","10":"product_cat-sedie-2","12":"first","13":"instock","14":"shipping-taxable","15":"product-type-simple"},"_links":{"self":[{"href":"https:\/\/omsi.it\/de\/wp-json\/wp\/v2\/product\/7239","targetHints":{"allow":["GET"]}}],"collection":[{"href":"https:\/\/omsi.it\/de\/wp-json\/wp\/v2\/product"}],"about":[{"href":"https:\/\/omsi.it\/de\/wp-json\/wp\/v2\/types\/product"}],"wp:featuredmedia":[{"embeddable":true,"href":"https:\/\/omsi.it\/de\/wp-json\/wp\/v2\/media\/7240"}],"wp:attachment":[{"href":"https:\/\/omsi.it\/de\/wp-json\/wp\/v2\/media?parent=7239"}],"wp:term":[{"taxonomy":"product_brand","embeddable":true,"href":"https:\/\/omsi.it\/de\/wp-json\/wp\/v2\/product_brand?post=7239"},{"taxonomy":"product_cat","embeddable":true,"href":"https:\/\/omsi.it\/de\/wp-json\/wp\/v2\/product_cat?post=7239"},{"taxonomy":"product_tag","embeddable":true,"href":"https:\/\/omsi.it\/de\/wp-json\/wp\/v2\/product_tag?post=7239"}],"curies":[{"name":"wp","href":"https:\/\/api.w.org\/{rel}","templated":true}]}}