{"id":7468,"date":"2020-08-06T17:02:13","date_gmt":"2020-08-06T15:02:13","guid":{"rendered":"https:\/\/omsi.it\/wp\/?post_type=product&#038;p=7468"},"modified":"2024-05-21T11:13:35","modified_gmt":"2024-05-21T09:13:35","slug":"caravaggio-klappsitz-fur-sportanlagen","status":"publish","type":"product","link":"https:\/\/omsi.it\/de\/produkt\/caravaggio-klappsitz-fur-sportanlagen\/","title":{"rendered":"CARAVAGGIO \u2013 Klappsitz f\u00fcr Sportanlagen"},"content":{"rendered":"<div class=\"wpb-content-wrapper\"><div class=\"vc_row wpb_row vc_row-fluid vc_custom_1535549586274\"><div class=\"wpb_column vc_column_container vc_col-sm-12\"><div class=\"vc_column-inner\"><div class=\"wpb_wrapper\">\n\t\t<div id=\"wd-6522b91ec2d79\" class=\"title-wrapper wd-wpb wd-set-mb reset-last-child  wd-rs-6522b91ec2d79 wd-title-color-primary wd-title-style-simple text-center  wd-underline-colored\">\n\t\t\t\n\t\t\t<div class=\"liner-continer\">\n\t\t\t\t<h2 class=\"woodmart-title-container title  wd-font-weight- wd-fontsize-l\" >ARTEN DER INSTALLATION<\/h2>\n\t\t\t\t\t\t\t<\/div>\n\t\t\t\n\t\t\t\n\t\t\t\n\t\t<\/div>\n\t\t\n\t\t<div class=\"vc_empty_space\"   style=\"height: 32px\"><span class=\"vc_empty_space_inner\"><\/span><\/div><div class=\"vc_row wpb_row vc_inner vc_row-fluid vc_column-gap-35\"><div class=\"wpb_column vc_column_container vc_col-sm-3 text-center\"><div class=\"vc_column-inner\"><div class=\"wpb_wrapper\"><\/div><\/div><\/div><div class=\"wpb_column vc_column_container vc_col-sm-3 text-center\"><div class=\"vc_column-inner\"><div class=\"wpb_wrapper\">\n\t\t<div id=\"wd-5f327691ac3a3\" class=\"title-wrapper wd-wpb wd-set-mb reset-last-child  wd-rs-5f327691ac3a3 wd-title-color-default wd-title-style-default text-center  wd-underline-colored\">\n\t\t\t\n\t\t\t<div class=\"liner-continer\">\n\t\t\t\t<h4 class=\"woodmart-title-container title  wd-font-weight- wd-fontsize-m\" >Metalltraverse<\/h4>\n\t\t\t\t\t\t\t<\/div>\n\t\t\t\n\t\t\t\n\t\t\t\n\t\t<\/div>\n\t\t\n\t\t\n\t<div  class=\"wpb_single_image wpb_content_element vc_align_center\">\n\t\t\n\t\t<figure class=\"wpb_wrapper vc_figure\">\n\t\t\t<a class=\"\" data-lightbox=\"lightbox[rel-7468-2725136606]\" href=\"https:\/\/omsi.it\/wp\/wp-content\/uploads\/2023\/10\/Caravaggio_Pininfarina_Onbeam_tipup_plastic_stadium-1024x849.png\" target=\"_self\"><img loading=\"lazy\" decoding=\"async\" width=\"1206\" height=\"1000\" src=\"https:\/\/omsi.it\/wp\/wp-content\/uploads\/2023\/10\/Caravaggio_Pininfarina_Onbeam_tipup_plastic_stadium.png\" class=\"vc_single_image-img attachment-full\" alt=\"Caravaggio Pininfarina Onbeam tipup plastic stadium\" title=\"Caravaggio_Pininfarina_Onbeam_tipup_plastic_stadium\" srcset=\"https:\/\/omsi.it\/wp\/wp-content\/uploads\/2023\/10\/Caravaggio_Pininfarina_Onbeam_tipup_plastic_stadium.png 1206w, https:\/\/omsi.it\/wp\/wp-content\/uploads\/2023\/10\/Caravaggio_Pininfarina_Onbeam_tipup_plastic_stadium-300x249.png 300w, https:\/\/omsi.it\/wp\/wp-content\/uploads\/2023\/10\/Caravaggio_Pininfarina_Onbeam_tipup_plastic_stadium-1024x849.png 1024w, https:\/\/omsi.it\/wp\/wp-content\/uploads\/2023\/10\/Caravaggio_Pininfarina_Onbeam_tipup_plastic_stadium-768x637.png 768w, https:\/\/omsi.it\/wp\/wp-content\/uploads\/2023\/10\/Caravaggio_Pininfarina_Onbeam_tipup_plastic_stadium-1200x995.png 1200w, https:\/\/omsi.it\/wp\/wp-content\/uploads\/2023\/10\/Caravaggio_Pininfarina_Onbeam_tipup_plastic_stadium-150x124.png 150w\" sizes=\"auto, (max-width: 1206px) 100vw, 1206px\" wpfc-lazyload-disable=\"true\" \/><\/a>\n\t\t<\/figure>\n\t<\/div>\n<\/div><\/div><\/div><div class=\"wpb_column vc_column_container vc_col-sm-3\"><div class=\"vc_column-inner\"><div class=\"wpb_wrapper\">\n\t\t<div id=\"wd-5f33fffc0c10c\" class=\"title-wrapper wd-wpb wd-set-mb reset-last-child  wd-rs-5f33fffc0c10c wd-title-color-default wd-title-style-default text-center  wd-underline-colored\">\n\t\t\t\n\t\t\t<div class=\"liner-continer\">\n\t\t\t\t<h4 class=\"woodmart-title-container title  wd-font-weight- wd-fontsize-m\" >Vorderstufe<\/h4>\n\t\t\t\t\t\t\t<\/div>\n\t\t\t\n\t\t\t\n\t\t\t\n\t\t<\/div>\n\t\t\n\t\t\n\t<div  class=\"wpb_single_image wpb_content_element vc_align_center\">\n\t\t\n\t\t<figure class=\"wpb_wrapper vc_figure\">\n\t\t\t<a class=\"\" data-lightbox=\"lightbox[rel-7468-2944808386]\" href=\"https:\/\/omsi.it\/wp\/wp-content\/uploads\/2023\/10\/Caravaggio_Pininfarina_Onbeam_tipup_plastic_stadium-copia.png\" target=\"_self\"><img loading=\"lazy\" decoding=\"async\" width=\"1000\" height=\"1000\" src=\"https:\/\/omsi.it\/wp\/wp-content\/uploads\/2023\/10\/Caravaggio_Pininfarina_Onbeam_tipup_plastic_stadium-copia.png\" class=\"vc_single_image-img attachment-full\" alt=\"Caravaggio Pininfarina Onbeam tipup plastic stadium\" title=\"Caravaggio_Pininfarina_Onbeam_tipup_plastic_stadium Kopie\" srcset=\"https:\/\/omsi.it\/wp\/wp-content\/uploads\/2023\/10\/Caravaggio_Pininfarina_Onbeam_tipup_plastic_stadium-copia.png 1000w, https:\/\/omsi.it\/wp\/wp-content\/uploads\/2023\/10\/Caravaggio_Pininfarina_Onbeam_tipup_plastic_stadium-copia-300x300.png 300w, https:\/\/omsi.it\/wp\/wp-content\/uploads\/2023\/10\/Caravaggio_Pininfarina_Onbeam_tipup_plastic_stadium-copia-150x150.png 150w, https:\/\/omsi.it\/wp\/wp-content\/uploads\/2023\/10\/Caravaggio_Pininfarina_Onbeam_tipup_plastic_stadium-copia-768x768.png 768w, https:\/\/omsi.it\/wp\/wp-content\/uploads\/2023\/10\/Caravaggio_Pininfarina_Onbeam_tipup_plastic_stadium-copia-600x600.png 600w\" sizes=\"auto, (max-width: 1000px) 100vw, 1000px\" wpfc-lazyload-disable=\"true\" \/><\/a>\n\t\t<\/figure>\n\t<\/div>\n<\/div><\/div><\/div><div class=\"wpb_column vc_column_container vc_col-sm-3\"><div class=\"vc_column-inner\"><div class=\"wpb_wrapper\"><\/div><\/div><\/div><\/div><\/div><\/div><\/div><\/div><div class=\"vc_row wpb_row vc_row-fluid\"><div class=\"wpb_column vc_column_container vc_col-sm-12\"><div class=\"vc_column-inner\"><div class=\"wpb_wrapper\">\n\t<div class=\"wpb_video_widget wpb_content_element vc_clearfix vc_video-aspect-ratio-169 vc_video-el-width-100 vc_video-align-center\" >\n\t\t<div class=\"wpb_wrapper\">\n\t\t\t\n\t\t\t<div class=\"wpb_video_wrapper\"><iframe loading=\"lazy\" title=\"OMSI CARAVAGGIO - Kippbarer Sitz f\u00fcr Sportanlagen\" width=\"500\" height=\"281\" src=\"https:\/\/www.youtube.com\/embed\/lM1lYqk10rM?feature=oembed\" frameborder=\"0\" allow=\"accelerometer; autoplay; clipboard-write; encrypted-media; gyroscope; picture-in-picture; web-share\" allowfullscreen><\/iframe><\/div>\n\t\t<\/div>\n\t<\/div>\n<div class=\"vc_empty_space\"   style=\"height: 32px\"><span class=\"vc_empty_space_inner\"><\/span><\/div><\/div><\/div><\/div><\/div><div class=\"vc_row wpb_row vc_row-fluid\"><div class=\"wpb_column vc_column_container vc_col-sm-12\"><div class=\"vc_column-inner\"><div class=\"wpb_wrapper\"><div class=\"vc_empty_space\"   style=\"height: 32px\"><span class=\"vc_empty_space_inner\"><\/span><\/div>\n\t\t<div id=\"wd-5fbf7fd70eaea\" class=\"title-wrapper wd-wpb wd-set-mb reset-last-child  wd-rs-5fbf7fd70eaea wd-title-color-primary wd-title-style-simple text-center  wd-underline-colored\">\n\t\t\t\n\t\t\t<div class=\"liner-continer\">\n\t\t\t\t<h4 class=\"woodmart-title-container title  wd-font-weight- wd-fontsize-l\" >REFERENZEN<\/h4>\n\t\t\t\t\t\t\t<\/div>\n\t\t\t\n\t\t\t\n\t\t\t\n\t\t<\/div>\n\t\t\n\t\t<div class=\"vc_empty_space\"   style=\"height: 32px\"><span class=\"vc_empty_space_inner\"><\/span><\/div><\/div><\/div><\/div><\/div><div class=\"vc_row wpb_row vc_row-fluid vc_custom_1596099536385\"><div class=\"wpb_column vc_column_container vc_col-sm-6\"><div class=\"vc_column-inner\"><div class=\"wpb_wrapper\">\n\t<div  class=\"wpb_single_image wpb_content_element vc_align_left\">\n\t\t\n\t\t<figure class=\"wpb_wrapper vc_figure\">\n\t\t\t<a class=\"\" data-lightbox=\"lightbox[rel-7468-2838878188]\" href=\"https:\/\/omsi.it\/wp\/wp-content\/uploads\/2023\/10\/Caravaggio_Cremonese-1024x768.jpg\" target=\"_self\"><img loading=\"lazy\" decoding=\"async\" width=\"1417\" height=\"1063\" src=\"https:\/\/omsi.it\/wp\/wp-content\/uploads\/2023\/10\/Caravaggio_Cremonese.jpg\" class=\"vc_single_image-img attachment-full\" alt=\"Caravaggio Cremonese\" title=\"Caravaggio Cremonese\" srcset=\"https:\/\/omsi.it\/wp\/wp-content\/uploads\/2023\/10\/Caravaggio_Cremonese.jpg 1417w, https:\/\/omsi.it\/wp\/wp-content\/uploads\/2023\/10\/Caravaggio_Cremonese-300x225.jpg 300w, https:\/\/omsi.it\/wp\/wp-content\/uploads\/2023\/10\/Caravaggio_Cremonese-1024x768.jpg 1024w, https:\/\/omsi.it\/wp\/wp-content\/uploads\/2023\/10\/Caravaggio_Cremonese-768x576.jpg 768w, https:\/\/omsi.it\/wp\/wp-content\/uploads\/2023\/10\/Caravaggio_Cremonese-1200x900.jpg 1200w, https:\/\/omsi.it\/wp\/wp-content\/uploads\/2023\/10\/Caravaggio_Cremonese-150x113.jpg 150w\" sizes=\"auto, (max-width: 1417px) 100vw, 1417px\" wpfc-lazyload-disable=\"true\" \/><\/a>\n\t\t<\/figure>\n\t<\/div>\n\n\t<div  class=\"wpb_single_image wpb_content_element vc_align_left\">\n\t\t\n\t\t<figure class=\"wpb_wrapper vc_figure\">\n\t\t\t<a class=\"\" data-lightbox=\"lightbox[rel-7468-2532186276]\" href=\"https:\/\/omsi.it\/wp\/wp-content\/uploads\/2022\/07\/areana_faenza_Caravaggio-1024x700.jpg\" target=\"_self\"><img loading=\"lazy\" decoding=\"async\" width=\"1280\" height=\"875\" src=\"https:\/\/omsi.it\/wp\/wp-content\/uploads\/2022\/07\/areana_faenza_Caravaggio-scaled.jpg\" class=\"vc_single_image-img attachment-full\" alt=\"areana faenza Caravaggio\" title=\"areana faenza Caravaggio\" srcset=\"https:\/\/omsi.it\/wp\/wp-content\/uploads\/2022\/07\/areana_faenza_Caravaggio-scaled.jpg 1280w, https:\/\/omsi.it\/wp\/wp-content\/uploads\/2022\/07\/areana_faenza_Caravaggio-300x205.jpg 300w, https:\/\/omsi.it\/wp\/wp-content\/uploads\/2022\/07\/areana_faenza_Caravaggio-1024x700.jpg 1024w, https:\/\/omsi.it\/wp\/wp-content\/uploads\/2022\/07\/areana_faenza_Caravaggio-768x525.jpg 768w, https:\/\/omsi.it\/wp\/wp-content\/uploads\/2022\/07\/areana_faenza_Caravaggio-1536x1050.jpg 1536w, https:\/\/omsi.it\/wp\/wp-content\/uploads\/2022\/07\/areana_faenza_Caravaggio-1200x821.jpg 1200w, https:\/\/omsi.it\/wp\/wp-content\/uploads\/2022\/07\/areana_faenza_Caravaggio-150x103.jpg 150w\" sizes=\"auto, (max-width: 1280px) 100vw, 1280px\" wpfc-lazyload-disable=\"true\" \/><\/a>\n\t\t<\/figure>\n\t<\/div>\n\n\t<div  class=\"wpb_single_image wpb_content_element vc_align_left\">\n\t\t\n\t\t<figure class=\"wpb_wrapper vc_figure\">\n\t\t\t<a class=\"\" data-lightbox=\"lightbox[rel-7468-1759624336]\" href=\"https:\/\/omsi.it\/wp\/wp-content\/uploads\/2022\/07\/Caravaggio_panchina.jpg\" target=\"_self\"><img loading=\"lazy\" decoding=\"async\" width=\"1024\" height=\"706\" src=\"https:\/\/omsi.it\/wp\/wp-content\/uploads\/2022\/07\/Caravaggio_panchina.jpg\" class=\"vc_single_image-img attachment-full\" alt=\"Caravaggio-Bank\" title=\"Caravaggio-Bank\" srcset=\"https:\/\/omsi.it\/wp\/wp-content\/uploads\/2022\/07\/Caravaggio_panchina.jpg 1024w, https:\/\/omsi.it\/wp\/wp-content\/uploads\/2022\/07\/Caravaggio_panchina-300x207.jpg 300w, https:\/\/omsi.it\/wp\/wp-content\/uploads\/2022\/07\/Caravaggio_panchina-768x530.jpg 768w, https:\/\/omsi.it\/wp\/wp-content\/uploads\/2022\/07\/Caravaggio_panchina-150x103.jpg 150w\" sizes=\"auto, (max-width: 1024px) 100vw, 1024px\" wpfc-lazyload-disable=\"true\" \/><\/a>\n\t\t<\/figure>\n\t<\/div>\n<\/div><\/div><\/div><div class=\"wpb_column vc_column_container vc_col-sm-6\"><div class=\"vc_column-inner\"><div class=\"wpb_wrapper\">\n\t<div  class=\"wpb_single_image wpb_content_element vc_align_left\">\n\t\t\n\t\t<figure class=\"wpb_wrapper vc_figure\">\n\t\t\t<a class=\"\" data-lightbox=\"lightbox[rel-7468-3542146697]\" href=\"https:\/\/omsi.it\/wp\/wp-content\/uploads\/2023\/10\/Caravaggio_RoiBaudouin_bruxelles-1024x768.jpg\" target=\"_self\"><img loading=\"lazy\" decoding=\"async\" width=\"1280\" height=\"960\" src=\"https:\/\/omsi.it\/wp\/wp-content\/uploads\/2023\/10\/Caravaggio_RoiBaudouin_bruxelles-scaled.jpg\" class=\"vc_single_image-img attachment-full\" alt=\"Caravaggio RoiBaudouin br\u00fcssel\" title=\"Caravaggio RoiBaudouin br\u00fcssel\" srcset=\"https:\/\/omsi.it\/wp\/wp-content\/uploads\/2023\/10\/Caravaggio_RoiBaudouin_bruxelles-scaled.jpg 1280w, https:\/\/omsi.it\/wp\/wp-content\/uploads\/2023\/10\/Caravaggio_RoiBaudouin_bruxelles-300x225.jpg 300w, https:\/\/omsi.it\/wp\/wp-content\/uploads\/2023\/10\/Caravaggio_RoiBaudouin_bruxelles-1024x768.jpg 1024w, https:\/\/omsi.it\/wp\/wp-content\/uploads\/2023\/10\/Caravaggio_RoiBaudouin_bruxelles-768x576.jpg 768w, https:\/\/omsi.it\/wp\/wp-content\/uploads\/2023\/10\/Caravaggio_RoiBaudouin_bruxelles-1536x1152.jpg 1536w, https:\/\/omsi.it\/wp\/wp-content\/uploads\/2023\/10\/Caravaggio_RoiBaudouin_bruxelles-1200x900.jpg 1200w, https:\/\/omsi.it\/wp\/wp-content\/uploads\/2023\/10\/Caravaggio_RoiBaudouin_bruxelles-150x113.jpg 150w\" sizes=\"auto, (max-width: 1280px) 100vw, 1280px\" wpfc-lazyload-disable=\"true\" \/><\/a>\n\t\t<\/figure>\n\t<\/div>\n\n\t<div  class=\"wpb_single_image wpb_content_element vc_align_left\">\n\t\t\n\t\t<figure class=\"wpb_wrapper vc_figure\">\n\t\t\t<a class=\"\" data-lightbox=\"lightbox[rel-7468-1947190848]\" href=\"https:\/\/omsi.it\/wp\/wp-content\/uploads\/2022\/07\/ArenaFaenza-768x1024.jpg\" target=\"_self\"><img loading=\"lazy\" decoding=\"async\" width=\"810\" height=\"1080\" src=\"https:\/\/omsi.it\/wp\/wp-content\/uploads\/2022\/07\/ArenaFaenza-scaled.jpg\" class=\"vc_single_image-img attachment-full\" alt=\"ArenaFaenza\" title=\"ArenaFaenza\" srcset=\"https:\/\/omsi.it\/wp\/wp-content\/uploads\/2022\/07\/ArenaFaenza-scaled.jpg 810w, https:\/\/omsi.it\/wp\/wp-content\/uploads\/2022\/07\/ArenaFaenza-225x300.jpg 225w, https:\/\/omsi.it\/wp\/wp-content\/uploads\/2022\/07\/ArenaFaenza-768x1024.jpg 768w, https:\/\/omsi.it\/wp\/wp-content\/uploads\/2022\/07\/ArenaFaenza-1152x1536.jpg 1152w, https:\/\/omsi.it\/wp\/wp-content\/uploads\/2022\/07\/ArenaFaenza-1200x1600.jpg 1200w, https:\/\/omsi.it\/wp\/wp-content\/uploads\/2022\/07\/ArenaFaenza-150x200.jpg 150w\" sizes=\"auto, (max-width: 810px) 100vw, 810px\" wpfc-lazyload-disable=\"true\" \/><\/a>\n\t\t<\/figure>\n\t<\/div>\n<div class=\"vc_empty_space\"   style=\"height: 32px\"><span class=\"vc_empty_space_inner\"><\/span><\/div><\/div><\/div><\/div><\/div><div id=\"contattaci\" class=\"vc_row wpb_row vc_row-fluid\"><div class=\"wpb_column vc_column_container vc_col-sm-12\"><div class=\"vc_column-inner\"><div class=\"wpb_wrapper\"><div class=\"vc_empty_space\"   style=\"height: 32px\"><span class=\"vc_empty_space_inner\"><\/span><\/div>\n\t\t<div id=\"wd-5fbf7fdda264e\" class=\"title-wrapper wd-wpb wd-set-mb reset-last-child  wd-rs-5fbf7fdda264e wd-title-color-primary wd-title-style-simple text-center  wd-underline-colored\">\n\t\t\t\n\t\t\t<div class=\"liner-continer\">\n\t\t\t\t<h4 class=\"woodmart-title-container title  wd-font-weight- wd-fontsize-l\" >KONTAKTIEREN SIE UNS F\u00dcR BERATUNGSGESPR\u00c4CH<\/h4>\n\t\t\t\t\t\t\t<\/div>\n\t\t\t\n\t\t\t\n\t\t\t\n\t\t<\/div>\n\t\t\n\t\t<div class=\"vc_empty_space\"   style=\"height: 32px\"><span class=\"vc_empty_space_inner\"><\/span><\/div><div class=\"vc_row wpb_row vc_inner vc_row-fluid\"><div class=\"wpb_column vc_column_container vc_col-sm-12\"><div class=\"vc_column-inner\"><div class=\"wpb_wrapper\">\n<div class=\"wpcf7 no-js\" id=\"wpcf7-f608-o1\" lang=\"en-US\" dir=\"ltr\" data-wpcf7-id=\"608\">\n<div class=\"screen-reader-response\"><p role=\"status\" aria-live=\"polite\" aria-atomic=\"true\"><\/p> <ul><\/ul><\/div>\n<form action=\"\/de\/wp-json\/wp\/v2\/product\/7468#wpcf7-f608-o1\" method=\"post\" class=\"wpcf7-form init\" aria-label=\"Kontakt-Formular\" novalidate=\"novalidate\" data-status=\"init\" data-trp-original-action=\"\/de\/wp-json\/wp\/v2\/product\/7468#wpcf7-f608-o1\">\n<fieldset class=\"hidden-fields-container\"><input type=\"hidden\" name=\"_wpcf7\" value=\"608\" \/><input type=\"hidden\" name=\"_wpcf7_version\" value=\"6.1.4\" \/><input type=\"hidden\" name=\"_wpcf7_locale\" value=\"en_US\" \/><input type=\"hidden\" name=\"_wpcf7_unit_tag\" value=\"wpcf7-f608-o1\" \/><input type=\"hidden\" name=\"_wpcf7_container_post\" value=\"0\" \/><input type=\"hidden\" name=\"_wpcf7_posted_data_hash\" value=\"\" \/><input type=\"hidden\" name=\"_wpcf7_recaptcha_response\" value=\"\" \/>\n<\/fieldset>\n<div class=\"row\">\n\t<div class=\"col-md-6\" style='margin-bottom:20px;'>\n\t\t<p><label>Vor- und Nachname (erforderlich)<\/label><span class=\"wpcf7-form-control-wrap\" data-name=\"your-name\"><input size=\"40\" maxlength=\"400\" class=\"wpcf7-form-control wpcf7-text wpcf7-validates-as-required\" aria-required=\"true\" aria-invalid=\"false\" value=\"\" type=\"text\" name=\"your-name\" \/><\/span>\n\t\t<\/p>\n\t<\/div>\n\t<div class=\"col-md-6\" style='margin-bottom:20px;'>\n\t\t<p><label>E-Mail (erforderlich)<\/label><span class=\"wpcf7-form-control-wrap\" data-name=\"your-email\"><input size=\"40\" maxlength=\"400\" class=\"wpcf7-form-control wpcf7-email wpcf7-validates-as-required wpcf7-text wpcf7-validates-as-email\" aria-required=\"true\" aria-invalid=\"false\" value=\"\" type=\"email\" name=\"your-email\" \/><\/span>\n\t\t<\/p>\n\t<\/div>\n<\/div>\n<div class=\"row\">\n\t<div class=\"col-md-6\" style='margin-bottom:20px;'>\n\t\t<p><label>Telefon<\/label><span class=\"wpcf7-form-control-wrap\" data-name=\"tel-767\"><input size=\"40\" maxlength=\"400\" class=\"wpcf7-form-control wpcf7-tel wpcf7-validates-as-required wpcf7-text wpcf7-validates-as-tel\" aria-required=\"true\" aria-invalid=\"false\" value=\"\" type=\"tel\" name=\"tel-767\" \/><\/span>\n\t\t<\/p>\n\t<\/div>\n\t<div class=\"col-md-6\" style='margin-bottom:20px;'>\n\t\t<p><label>Land<\/label><span class=\"wpcf7-form-control-wrap\" data-name=\"text-300\"><input size=\"40\" maxlength=\"400\" class=\"wpcf7-form-control wpcf7-text wpcf7-validates-as-required\" aria-required=\"true\" aria-invalid=\"false\" value=\"\" type=\"text\" name=\"text-300\" \/><\/span>\n\t\t<\/p>\n\t<\/div>\n\t<div class=\"col-md-6\" style='margin-bottom:20px;'>\n\t\t<p><label>Bereich von Interesse<\/label><span class=\"wpcf7-form-control-wrap\" data-name=\"menu-880\"><select class=\"wpcf7-form-control wpcf7-select\" aria-invalid=\"false\" name=\"menu-880\"><option value=\"Sport\">Sport<\/option><option value=\"Scuola\">Schule<\/option><\/select><\/span>\n\t\t<\/p>\n\t<\/div>\n\t<div class=\"col-md-6\" style='margin-bottom:20px;'>\n\t\t<p><label>Betroffenes Produkt<\/label><span class=\"wpcf7-form-control-wrap\" data-name=\"text-301\"><input size=\"40\" maxlength=\"400\" class=\"wpcf7-form-control wpcf7-text wpcf7-validates-as-required\" aria-required=\"true\" aria-invalid=\"false\" value=\"\" type=\"text\" name=\"text-301\" \/><\/span>\n\t\t<\/p>\n\t<\/div>\n\t<div class=\"col-md-6\" style='margin-bottom:20px;'>\n\t\t<p><label>Gesellschaft<\/label><span class=\"wpcf7-form-control-wrap\" data-name=\"text-1\"><input size=\"40\" maxlength=\"400\" class=\"wpcf7-form-control wpcf7-text wpcf7-validates-as-required\" aria-required=\"true\" aria-invalid=\"false\" value=\"\" type=\"text\" name=\"text-1\" \/><\/span>\n\t\t<\/p>\n\t<\/div>\n\t<div class=\"col-md-6\" style='margin-bottom:20px;'>\n\t\t<p><label>Adresse<\/label><span class=\"wpcf7-form-control-wrap\" data-name=\"text-576\"><input size=\"40\" maxlength=\"400\" class=\"wpcf7-form-control wpcf7-text wpcf7-validates-as-required\" aria-required=\"true\" aria-invalid=\"false\" value=\"\" type=\"text\" name=\"text-576\" \/><\/span>\n\t\t<\/p>\n\t<\/div>\n<\/div>\n<p><label>Nachricht<\/label><span class=\"wpcf7-form-control-wrap\" data-name=\"your-message\"><textarea cols=\"40\" rows=\"10\" maxlength=\"2000\" class=\"wpcf7-form-control wpcf7-textarea wpcf7-validates-as-required\" aria-required=\"true\" aria-invalid=\"false\" name=\"your-message\"><\/textarea><\/span>\n<\/p>\n<p><span class=\"wpcf7-form-control-wrap\" data-name=\"acceptance-427\"><span class=\"wpcf7-form-control wpcf7-acceptance\"><span class=\"wpcf7-list-item\"><label><input type=\"checkbox\" name=\"acceptance-427\" value=\"1\" aria-invalid=\"false\" \/><span class=\"wpcf7-list-item-label\">Ich habe die Datenschutzerkl\u00e4rung gelesen und stimme der Speicherung meiner Daten gem\u00e4\u00df der Europ\u00e4ischen Verordnung zum Schutz personenbezogener Daten n. 679\/2016, GDPR.<a href=\"https:\/\/omsi.it\/wp\/wp-content\/uploads\/2021\/01\/Informativa-Contatti-SITO-rev2020.pdf\" target=\"_blank\" rel=\"nofollow noopener\">Datenschutzbestimmungen<\/a> und ich stimme der Speicherung meiner Daten gem\u00e4\u00df der Europ\u00e4ischen Datenschutzverordnung Nr. 679\/2016, GDPR, zu.<\/span><\/label><\/span><\/span><\/span>\n<\/p>\n<p><input class=\"wpcf7-form-control wpcf7-submit has-spinner btn-color-black\" type=\"submit\" value=\"SENDEN\" \/>\n<\/p><div class=\"wpcf7-response-output\" aria-hidden=\"true\"><\/div>\n<input type=\"hidden\" name=\"trp-form-language\" value=\"de\"\/><\/form>\n<\/div>\n<\/div><\/div><\/div><\/div><\/div><\/div><\/div><\/div>\n<\/div>","protected":false},"excerpt":{"rendered":"<p class=\"translation-block\">Caravaggio, der neue von Pininfarina konzipierte Sitz, wurde entwickelt, um den Zuschauern eine L\u00f6sung zu bieten, die sich auf Design, Eleganz und Qualit\u00e4t konzentriert. \u00c4sthetische Harmonie aber auch ein \u00e4u\u00dferst komfortables und funktionelles Produkt, das sich durch saubere und wesentliche, aber gleichzeitig raffinierte Linien auszeichnet. Die perfekte Kombination aus Komfort und Luxus.<\/p>\n<p class=\"translation-block\">Ein Projekt, das von Innovation, technologischer Forschung und gro\u00dfer Aufmerksamkeit f\u00fcr die Umwelt inspiriert ist; Caravaggio ist ein Klappstuhl mit Sitz und R\u00fcckenlehne aus Polypropylen und einer tragenden Struktur aus Polyamid.<\/p>\n<p>Entsteht die M\u00f6glichkeit mit Armlehnen und Polsterung zu erg\u00e4nzen.<\/p>\n<p>Entspricht dem FIFA \/ UEFA Empfehlungen; FIBA zugelassen.<\/p>\n<div class=\"green\"><a href=\"https:\/\/omsi.it\/de\/wp\/sostenibilita\/\">Auf Anfrage auch in recycelter Ausf\u00fchrung <img decoding=\"async\" class=\"seconda_vita\" src=\"https:\/\/omsi.it\/wp\/wp-content\/uploads\/2020\/08\/plastica-seconda-vita-omsi.png\" \/><\/a><\/div>\n<p><strong><br><\/strong><br \/>\n[table id=caravaggio \/]<\/p>\n<p>&nbsp;<\/p>\n<p><a class=\"btn_sara\" href=\"#contattaci\">Kontaktieren sie uns<\/a><\/p>","protected":false},"featured_media":15270,"template":"","meta":[],"product_brand":[],"product_cat":[69,76,378,67],"product_tag":[],"class_list":{"0":"post-7468","1":"product","2":"type-product","3":"status-publish","4":"has-post-thumbnail","6":"product_cat-green","7":"product_cat-ribaltabili","8":"product_cat-sport-2","9":"product_cat-sport","11":"first","12":"instock","13":"shipping-taxable","14":"product-type-simple"},"_links":{"self":[{"href":"https:\/\/omsi.it\/de\/wp-json\/wp\/v2\/product\/7468","targetHints":{"allow":["GET"]}}],"collection":[{"href":"https:\/\/omsi.it\/de\/wp-json\/wp\/v2\/product"}],"about":[{"href":"https:\/\/omsi.it\/de\/wp-json\/wp\/v2\/types\/product"}],"wp:featuredmedia":[{"embeddable":true,"href":"https:\/\/omsi.it\/de\/wp-json\/wp\/v2\/media\/15270"}],"wp:attachment":[{"href":"https:\/\/omsi.it\/de\/wp-json\/wp\/v2\/media?parent=7468"}],"wp:term":[{"taxonomy":"product_brand","embeddable":true,"href":"https:\/\/omsi.it\/de\/wp-json\/wp\/v2\/product_brand?post=7468"},{"taxonomy":"product_cat","embeddable":true,"href":"https:\/\/omsi.it\/de\/wp-json\/wp\/v2\/product_cat?post=7468"},{"taxonomy":"product_tag","embeddable":true,"href":"https:\/\/omsi.it\/de\/wp-json\/wp\/v2\/product_tag?post=7468"}],"curies":[{"name":"wp","href":"https:\/\/api.w.org\/{rel}","templated":true}]}}