{"id":8379,"date":"2020-10-13T09:58:52","date_gmt":"2020-10-13T07:58:52","guid":{"rendered":"https:\/\/omsi.it\/wp\/?post_type=product&#038;p=8379"},"modified":"2024-10-09T13:49:33","modified_gmt":"2024-10-09T11:49:33","slug":"weiche-sitzgelegenheiten-fur-kinder","status":"publish","type":"product","link":"https:\/\/omsi.it\/de\/produkt\/weiche-sitzgelegenheiten-fur-kinder\/","title":{"rendered":"Weiche Kindersitze"},"content":{"rendered":"<div class=\"wpb-content-wrapper\"><div class=\"vc_row wpb_row vc_row-fluid\"><div class=\"wpb_column vc_column_container vc_col-sm-12\"><div class=\"vc_column-inner\"><div class=\"wpb_wrapper\"><div class=\"vc_empty_space\"   style=\"height: 32px\"><span class=\"vc_empty_space_inner\"><\/span><\/div>\n\t\t<div id=\"wd-5f2299d53dd29\" class=\"title-wrapper wd-wpb wd-set-mb reset-last-child  wd-rs-5f2299d53dd29 wd-title-color-primary wd-title-style-simple text-center  wd-underline-colored\">\n\t\t\t\n\t\t\t<div class=\"liner-continer\">\n\t\t\t\t<h4 class=\"woodmart-title-container title  wd-font-weight- wd-fontsize-l\" >ALLE TYPEN<\/h4>\n\t\t\t\t\t\t\t<\/div>\n\t\t\t\n\t\t\t\n\t\t\t\n\t\t<\/div>\n\t\t\n\t\t<div class=\"vc_empty_space\"   style=\"height: 32px\"><span class=\"vc_empty_space_inner\"><\/span><\/div><\/div><\/div><\/div><\/div><div class=\"vc_row wpb_row vc_row-fluid vc_custom_1602163518558\"><div class=\"wpb_column vc_column_container vc_col-sm-4 text-center\"><div class=\"vc_column-inner\"><div class=\"wpb_wrapper\">\n\t\t<div id=\"wd-5f8561e1b434e\" class=\"title-wrapper wd-wpb wd-set-mb reset-last-child  wd-rs-5f8561e1b434e wd-title-color-default wd-title-style-default text-center  wd-underline-colored\">\n\t\t\t\n\t\t\t<div class=\"liner-continer\">\n\t\t\t\t<h4 class=\"woodmart-title-container title  wd-font-weight- wd-fontsize-m\" >Kindersitze<\/h4>\n\t\t\t\t\t\t\t<\/div>\n\t\t\t\n\t\t\t\n\t\t\t\n\t\t<\/div>\n\t\t\n\t\t\n\t<div  class=\"wpb_single_image wpb_content_element vc_align_left\">\n\t\t\n\t\t<figure class=\"wpb_wrapper vc_figure\">\n\t\t\t<div class=\"vc_single_image-wrapper   vc_box_border_grey\"><img loading=\"lazy\" decoding=\"async\" width=\"1000\" height=\"1000\" src=\"https:\/\/omsi.it\/wp\/wp-content\/uploads\/2020\/10\/Children_soft_chairs_kindergarten.png\" class=\"vc_single_image-img attachment-full\" alt=\"Kinder weiche St\u00fchle Kindergarten\" title=\"Kinder weiche St\u00fchle Kindergarten\" srcset=\"https:\/\/omsi.it\/wp\/wp-content\/uploads\/2020\/10\/Children_soft_chairs_kindergarten.png 1000w, https:\/\/omsi.it\/wp\/wp-content\/uploads\/2020\/10\/Children_soft_chairs_kindergarten-600x600.png 600w, https:\/\/omsi.it\/wp\/wp-content\/uploads\/2020\/10\/Children_soft_chairs_kindergarten-150x150.png 150w, https:\/\/omsi.it\/wp\/wp-content\/uploads\/2020\/10\/Children_soft_chairs_kindergarten-300x300.png 300w, https:\/\/omsi.it\/wp\/wp-content\/uploads\/2020\/10\/Children_soft_chairs_kindergarten-768x768.png 768w\" sizes=\"auto, (max-width: 1000px) 100vw, 1000px\" wpfc-lazyload-disable=\"true\" \/><\/div>\n\t\t<\/figure>\n\t<\/div>\n<\/div><\/div><\/div><div class=\"wpb_column vc_column_container vc_col-sm-4\"><div class=\"vc_column-inner\"><div class=\"wpb_wrapper\">\n\t\t<div id=\"wd-5f856253bff6e\" class=\"title-wrapper wd-wpb wd-set-mb reset-last-child  wd-rs-5f856253bff6e wd-title-color-default wd-title-style-default text-center  wd-underline-colored\">\n\t\t\t\n\t\t\t<div class=\"liner-continer\">\n\t\t\t\t<h4 class=\"woodmart-title-container title  wd-font-weight- wd-fontsize-m\" >Blumensitz<\/h4>\n\t\t\t\t\t\t\t<\/div>\n\t\t\t\n\t\t\t\n\t\t\t\n\t\t<\/div>\n\t\t\n\t\t\n\t<div  class=\"wpb_single_image wpb_content_element vc_align_left\">\n\t\t\n\t\t<figure class=\"wpb_wrapper vc_figure\">\n\t\t\t<div class=\"vc_single_image-wrapper   vc_box_border_grey\"><img loading=\"lazy\" decoding=\"async\" width=\"1000\" height=\"1000\" src=\"https:\/\/omsi.it\/wp\/wp-content\/uploads\/2020\/10\/Flower_sitting_Kindergarten.png\" class=\"vc_single_image-img attachment-full\" alt=\"Blumensitzung Kindergarten\" title=\"Blumensitzung Kindergarten\" srcset=\"https:\/\/omsi.it\/wp\/wp-content\/uploads\/2020\/10\/Flower_sitting_Kindergarten.png 1000w, https:\/\/omsi.it\/wp\/wp-content\/uploads\/2020\/10\/Flower_sitting_Kindergarten-600x600.png 600w, https:\/\/omsi.it\/wp\/wp-content\/uploads\/2020\/10\/Flower_sitting_Kindergarten-150x150.png 150w, https:\/\/omsi.it\/wp\/wp-content\/uploads\/2020\/10\/Flower_sitting_Kindergarten-300x300.png 300w, https:\/\/omsi.it\/wp\/wp-content\/uploads\/2020\/10\/Flower_sitting_Kindergarten-768x768.png 768w\" sizes=\"auto, (max-width: 1000px) 100vw, 1000px\" wpfc-lazyload-disable=\"true\" \/><\/div>\n\t\t<\/figure>\n\t<\/div>\n<\/div><\/div><\/div><div class=\"wpb_column vc_column_container vc_col-sm-4 text-center\"><div class=\"vc_column-inner\"><div class=\"wpb_wrapper\">\n\t\t<div id=\"wd-5f8562766909c\" class=\"title-wrapper wd-wpb wd-set-mb reset-last-child  wd-rs-5f8562766909c wd-title-color-default wd-title-style-default text-center  wd-underline-colored\">\n\t\t\t\n\t\t\t<div class=\"liner-continer\">\n\t\t\t\t<h4 class=\"woodmart-title-container title  wd-font-weight- wd-fontsize-m\" >\u201cTetris\u201d Spiel Sitz<\/h4>\n\t\t\t\t\t\t\t<\/div>\n\t\t\t\n\t\t\t\n\t\t\t\n\t\t<\/div>\n\t\t\n\t\t\n\t<div  class=\"wpb_single_image wpb_content_element vc_align_left\">\n\t\t\n\t\t<figure class=\"wpb_wrapper vc_figure\">\n\t\t\t<div class=\"vc_single_image-wrapper   vc_box_border_grey\"><img loading=\"lazy\" decoding=\"async\" width=\"1000\" height=\"1000\" src=\"https:\/\/omsi.it\/wp\/wp-content\/uploads\/2020\/10\/TetrisSeating_kindergarten.png\" class=\"vc_single_image-img attachment-full\" alt=\"TetrisSitzende Kindergarten\" title=\"TetrisSitzende Kindergarten\" srcset=\"https:\/\/omsi.it\/wp\/wp-content\/uploads\/2020\/10\/TetrisSeating_kindergarten.png 1000w, https:\/\/omsi.it\/wp\/wp-content\/uploads\/2020\/10\/TetrisSeating_kindergarten-600x600.png 600w, https:\/\/omsi.it\/wp\/wp-content\/uploads\/2020\/10\/TetrisSeating_kindergarten-150x150.png 150w, https:\/\/omsi.it\/wp\/wp-content\/uploads\/2020\/10\/TetrisSeating_kindergarten-300x300.png 300w, https:\/\/omsi.it\/wp\/wp-content\/uploads\/2020\/10\/TetrisSeating_kindergarten-768x768.png 768w\" sizes=\"auto, (max-width: 1000px) 100vw, 1000px\" wpfc-lazyload-disable=\"true\" \/><\/div>\n\t\t<\/figure>\n\t<\/div>\n<\/div><\/div><\/div><\/div><div class=\"vc_row wpb_row vc_row-fluid vc_custom_1602163518558\"><div class=\"wpb_column vc_column_container vc_col-sm-4 text-center\"><div class=\"vc_column-inner\"><div class=\"wpb_wrapper\">\n\t\t<div id=\"wd-5f8562b4d8124\" class=\"title-wrapper wd-wpb wd-set-mb reset-last-child  wd-rs-5f8562b4d8124 wd-title-color-default wd-title-style-default text-center  wd-underline-colored\">\n\t\t\t\n\t\t\t<div class=\"liner-continer\">\n\t\t\t\t<h4 class=\"woodmart-title-container title  wd-font-weight- wd-fontsize-m\" >Wolkensitz<\/h4>\n\t\t\t\t\t\t\t<\/div>\n\t\t\t\n\t\t\t\n\t\t\t\n\t\t<\/div>\n\t\t\n\t\t\n\t<div  class=\"wpb_single_image wpb_content_element vc_align_left\">\n\t\t\n\t\t<figure class=\"wpb_wrapper vc_figure\">\n\t\t\t<div class=\"vc_single_image-wrapper   vc_box_border_grey\"><img loading=\"lazy\" decoding=\"async\" width=\"1000\" height=\"1000\" src=\"https:\/\/omsi.it\/wp\/wp-content\/uploads\/2020\/10\/Cloud_chairs_kindergarten.png\" class=\"vc_single_image-img attachment-full\" alt=\"Wolkenst\u00fchle Kindergarten\" title=\"Wolkenst\u00fchle Kindergarten\" srcset=\"https:\/\/omsi.it\/wp\/wp-content\/uploads\/2020\/10\/Cloud_chairs_kindergarten.png 1000w, https:\/\/omsi.it\/wp\/wp-content\/uploads\/2020\/10\/Cloud_chairs_kindergarten-600x600.png 600w, https:\/\/omsi.it\/wp\/wp-content\/uploads\/2020\/10\/Cloud_chairs_kindergarten-150x150.png 150w, https:\/\/omsi.it\/wp\/wp-content\/uploads\/2020\/10\/Cloud_chairs_kindergarten-300x300.png 300w, https:\/\/omsi.it\/wp\/wp-content\/uploads\/2020\/10\/Cloud_chairs_kindergarten-768x768.png 768w\" sizes=\"auto, (max-width: 1000px) 100vw, 1000px\" wpfc-lazyload-disable=\"true\" \/><\/div>\n\t\t<\/figure>\n\t<\/div>\n<\/div><\/div><\/div><div class=\"wpb_column vc_column_container vc_col-sm-4 text-center\"><div class=\"vc_column-inner\"><div class=\"wpb_wrapper\">\n\t\t<div id=\"wd-5f8562bce7298\" class=\"title-wrapper wd-wpb wd-set-mb reset-last-child  wd-rs-5f8562bce7298 wd-title-color-default wd-title-style-default text-center  wd-underline-colored\">\n\t\t\t\n\t\t\t<div class=\"liner-continer\">\n\t\t\t\t<h4 class=\"woodmart-title-container title  wd-font-weight- wd-fontsize-m\" >Chaise longue Sofa<\/h4>\n\t\t\t\t\t\t\t<\/div>\n\t\t\t\n\t\t\t\n\t\t\t\n\t\t<\/div>\n\t\t\n\t\t\n\t<div  class=\"wpb_single_image wpb_content_element vc_align_left\">\n\t\t\n\t\t<figure class=\"wpb_wrapper vc_figure\">\n\t\t\t<div class=\"vc_single_image-wrapper   vc_box_border_grey\"><img loading=\"lazy\" decoding=\"async\" width=\"1000\" height=\"1000\" src=\"https:\/\/omsi.it\/wp\/wp-content\/uploads\/2020\/10\/CHAISE_LONGUE_SOFA_KINDERGARTEN.png\" class=\"vc_single_image-img attachment-full\" alt=\"CHAISELONGUE-SOFA\" title=\"CHAISELONGUE-SOFA\" srcset=\"https:\/\/omsi.it\/wp\/wp-content\/uploads\/2020\/10\/CHAISE_LONGUE_SOFA_KINDERGARTEN.png 1000w, https:\/\/omsi.it\/wp\/wp-content\/uploads\/2020\/10\/CHAISE_LONGUE_SOFA_KINDERGARTEN-600x600.png 600w, https:\/\/omsi.it\/wp\/wp-content\/uploads\/2020\/10\/CHAISE_LONGUE_SOFA_KINDERGARTEN-150x150.png 150w, https:\/\/omsi.it\/wp\/wp-content\/uploads\/2020\/10\/CHAISE_LONGUE_SOFA_KINDERGARTEN-300x300.png 300w, https:\/\/omsi.it\/wp\/wp-content\/uploads\/2020\/10\/CHAISE_LONGUE_SOFA_KINDERGARTEN-768x768.png 768w\" sizes=\"auto, (max-width: 1000px) 100vw, 1000px\" wpfc-lazyload-disable=\"true\" \/><\/div>\n\t\t<\/figure>\n\t<\/div>\n<\/div><\/div><\/div><div class=\"wpb_column vc_column_container vc_col-sm-4\"><div class=\"vc_column-inner\"><div class=\"wpb_wrapper\">\n\t\t<div id=\"wd-5f8562e133876\" class=\"title-wrapper wd-wpb wd-set-mb reset-last-child  wd-rs-5f8562e133876 wd-title-color-default wd-title-style-default text-center  wd-underline-colored\">\n\t\t\t\n\t\t\t<div class=\"liner-continer\">\n\t\t\t\t<h4 class=\"woodmart-title-container title  wd-font-weight- wd-fontsize-m\" >Ecksofa<\/h4>\n\t\t\t\t\t\t\t<\/div>\n\t\t\t\n\t\t\t\n\t\t\t\n\t\t<\/div>\n\t\t\n\t\t\n\t<div  class=\"wpb_single_image wpb_content_element vc_align_left\">\n\t\t\n\t\t<figure class=\"wpb_wrapper vc_figure\">\n\t\t\t<div class=\"vc_single_image-wrapper   vc_box_border_grey\"><img loading=\"lazy\" decoding=\"async\" width=\"1000\" height=\"1000\" src=\"https:\/\/omsi.it\/wp\/wp-content\/uploads\/2020\/10\/CORNER_SOFA_KINDERGARTEN.png\" class=\"vc_single_image-img attachment-full\" alt=\"ECKSOFA KINDERGARTEN\" title=\"ECKSOFA KINDERGARTEN\" srcset=\"https:\/\/omsi.it\/wp\/wp-content\/uploads\/2020\/10\/CORNER_SOFA_KINDERGARTEN.png 1000w, https:\/\/omsi.it\/wp\/wp-content\/uploads\/2020\/10\/CORNER_SOFA_KINDERGARTEN-600x600.png 600w, https:\/\/omsi.it\/wp\/wp-content\/uploads\/2020\/10\/CORNER_SOFA_KINDERGARTEN-150x150.png 150w, https:\/\/omsi.it\/wp\/wp-content\/uploads\/2020\/10\/CORNER_SOFA_KINDERGARTEN-300x300.png 300w, https:\/\/omsi.it\/wp\/wp-content\/uploads\/2020\/10\/CORNER_SOFA_KINDERGARTEN-768x768.png 768w\" sizes=\"auto, (max-width: 1000px) 100vw, 1000px\" wpfc-lazyload-disable=\"true\" \/><\/div>\n\t\t<\/figure>\n\t<\/div>\n<\/div><\/div><\/div><\/div><div class=\"vc_row wpb_row vc_row-fluid\"><div class=\"wpb_column vc_column_container vc_col-sm-12\"><div class=\"vc_column-inner\"><div class=\"wpb_wrapper\"><div class=\"vc_empty_space\"   style=\"height: 32px\"><span class=\"vc_empty_space_inner\"><\/span><\/div>\n\t\t<div id=\"wd-5f228ce5af0f7\" class=\"title-wrapper wd-wpb wd-set-mb reset-last-child  wd-rs-5f228ce5af0f7 wd-title-color-primary wd-title-style-simple text-center  wd-underline-colored\">\n\t\t\t\n\t\t\t<div class=\"liner-continer\">\n\t\t\t\t<h4 class=\"woodmart-title-container title  wd-font-weight- wd-fontsize-l\" >EINSTELLUNGEN<\/h4>\n\t\t\t\t\t\t\t<\/div>\n\t\t\t\n\t\t\t\n\t\t\t\n\t\t<\/div>\n\t\t\n\t\t<div class=\"vc_empty_space\"   style=\"height: 32px\"><span class=\"vc_empty_space_inner\"><\/span><\/div><\/div><\/div><\/div><\/div><div class=\"vc_row wpb_row vc_row-fluid vc_custom_1596099963870 vc_row-o-equal-height vc_row-o-content-middle vc_row-flex\"><div class=\"wpb_column vc_column_container vc_col-sm-12\"><div class=\"vc_column-inner\"><div class=\"wpb_wrapper\"><div class=\"vc_row wpb_row vc_inner vc_row-fluid\"><div class=\"wpb_column vc_column_container vc_col-sm-12\"><div class=\"vc_column-inner\"><div class=\"wpb_wrapper\">\t\t<div id=\"gallery_631\" class=\"wd-images-gallery wd-wpb photoswipe-images\" style=\"--wd-justify-content:center;--wd-align-items:center;\">\n\t\t\t\n\t\t\t<div class=\"wd-grid-f-col wd-masonry\" style=\"--wd-col-lg:4;--wd-col-md:4;--wd-col-sm:1;--wd-gap-lg:0px;\">\n\t\t\t\t\n\t\t\t\t\t\t\t\t\t\t\t\t\t\t\t<div class=\"wd-gallery-item wd-col\">\n\t\t\t\t\t\t\t\t\t\t\t\t\t\t<a href=\"https:\/\/omsi.it\/wp\/wp-content\/uploads\/2020\/10\/CHILDREN_SOFT_CHAIRS-scaled-scaled.jpg\" data-elementor-open-lightbox=\"no\" data-index=\"1\" data-width=\"1280\" data-height=\"853\" \n\t\t\t\t\t\t\t\t\t\t\t\t >\n\t\t\t\t\t\t\t\t\n\t\t\t\t\t\t\t\t<img loading=\"lazy\" decoding=\"async\" width=\"1280\" height=\"853\" src=\"https:\/\/omsi.it\/wp\/wp-content\/uploads\/2020\/10\/CHILDREN_SOFT_CHAIRS-scaled-scaled.jpg\" class=\"wd-gallery-image image-1\" alt=\"CHILDREN SOFT CHAIRS skaliert\" srcset=\"https:\/\/omsi.it\/wp\/wp-content\/uploads\/2020\/10\/CHILDREN_SOFT_CHAIRS-scaled-scaled.jpg 1280w, https:\/\/omsi.it\/wp\/wp-content\/uploads\/2020\/10\/CHILDREN_SOFT_CHAIRS-scaled-150x100.jpg 150w, https:\/\/omsi.it\/wp\/wp-content\/uploads\/2020\/10\/CHILDREN_SOFT_CHAIRS-scaled-1200x800.jpg 1200w, https:\/\/omsi.it\/wp\/wp-content\/uploads\/2020\/10\/CHILDREN_SOFT_CHAIRS-300x200.jpg 300w, https:\/\/omsi.it\/wp\/wp-content\/uploads\/2020\/10\/CHILDREN_SOFT_CHAIRS-1024x683.jpg 1024w, https:\/\/omsi.it\/wp\/wp-content\/uploads\/2020\/10\/CHILDREN_SOFT_CHAIRS-768x512.jpg 768w, https:\/\/omsi.it\/wp\/wp-content\/uploads\/2020\/10\/CHILDREN_SOFT_CHAIRS-1536x1024.jpg 1536w, https:\/\/omsi.it\/wp\/wp-content\/uploads\/2020\/10\/CHILDREN_SOFT_CHAIRS-2048x1365.jpg 2048w\" sizes=\"auto, (max-width: 1280px) 100vw, 1280px\" wpfc-lazyload-disable=\"true\" \/>\n\t\t\t\t\t\t\t\t\t\t\t\t\t\t\t<\/a>\n\t\t\t\t\t\t\t\t\t\t\t\t<\/div>\n\t\t\t\t\t\t\t\t\t\t\t<div class=\"wd-gallery-item wd-col\">\n\t\t\t\t\t\t\t\t\t\t\t\t\t\t<a href=\"https:\/\/omsi.it\/wp\/wp-content\/uploads\/2020\/10\/KINDERGARTE2-scaled.jpg\" data-elementor-open-lightbox=\"no\" data-index=\"2\" data-width=\"1280\" data-height=\"853\" \n\t\t\t\t\t\t\t\t\t\t\t\t >\n\t\t\t\t\t\t\t\t\n\t\t\t\t\t\t\t\t<img loading=\"lazy\" decoding=\"async\" width=\"1280\" height=\"853\" src=\"https:\/\/omsi.it\/wp\/wp-content\/uploads\/2020\/10\/KINDERGARTE2-scaled.jpg\" class=\"wd-gallery-image image-2\" alt=\"KINDERGARTE2\" srcset=\"https:\/\/omsi.it\/wp\/wp-content\/uploads\/2020\/10\/KINDERGARTE2-scaled.jpg 1280w, https:\/\/omsi.it\/wp\/wp-content\/uploads\/2020\/10\/KINDERGARTE2-150x100.jpg 150w, https:\/\/omsi.it\/wp\/wp-content\/uploads\/2020\/10\/KINDERGARTE2-1200x800.jpg 1200w, https:\/\/omsi.it\/wp\/wp-content\/uploads\/2020\/10\/KINDERGARTE2-300x200.jpg 300w, https:\/\/omsi.it\/wp\/wp-content\/uploads\/2020\/10\/KINDERGARTE2-1024x682.jpg 1024w, https:\/\/omsi.it\/wp\/wp-content\/uploads\/2020\/10\/KINDERGARTE2-768x512.jpg 768w, https:\/\/omsi.it\/wp\/wp-content\/uploads\/2020\/10\/KINDERGARTE2-1536x1024.jpg 1536w\" sizes=\"auto, (max-width: 1280px) 100vw, 1280px\" wpfc-lazyload-disable=\"true\" \/>\n\t\t\t\t\t\t\t\t\t\t\t\t\t\t\t<\/a>\n\t\t\t\t\t\t\t\t\t\t\t\t<\/div>\n\t\t\t\t\t\t\t\t\t\t\t<div class=\"wd-gallery-item wd-col\">\n\t\t\t\t\t\t\t\t\t\t\t\t\t\t<a href=\"https:\/\/omsi.it\/wp\/wp-content\/uploads\/2020\/10\/KINDERGARTEN-scaled.jpg\" data-elementor-open-lightbox=\"no\" data-index=\"3\" data-width=\"1280\" data-height=\"853\" \n\t\t\t\t\t\t\t\t\t\t\t\t >\n\t\t\t\t\t\t\t\t\n\t\t\t\t\t\t\t\t<img loading=\"lazy\" decoding=\"async\" width=\"1280\" height=\"853\" src=\"https:\/\/omsi.it\/wp\/wp-content\/uploads\/2020\/10\/KINDERGARTEN-scaled.jpg\" class=\"wd-gallery-image image-3\" alt=\"KINDERGARTEN\" srcset=\"https:\/\/omsi.it\/wp\/wp-content\/uploads\/2020\/10\/KINDERGARTEN-scaled.jpg 1280w, https:\/\/omsi.it\/wp\/wp-content\/uploads\/2020\/10\/KINDERGARTEN-150x100.jpg 150w, https:\/\/omsi.it\/wp\/wp-content\/uploads\/2020\/10\/KINDERGARTEN-1200x800.jpg 1200w, https:\/\/omsi.it\/wp\/wp-content\/uploads\/2020\/10\/KINDERGARTEN-300x200.jpg 300w, https:\/\/omsi.it\/wp\/wp-content\/uploads\/2020\/10\/KINDERGARTEN-1024x682.jpg 1024w, https:\/\/omsi.it\/wp\/wp-content\/uploads\/2020\/10\/KINDERGARTEN-768x512.jpg 768w, https:\/\/omsi.it\/wp\/wp-content\/uploads\/2020\/10\/KINDERGARTEN-1536x1024.jpg 1536w\" sizes=\"auto, (max-width: 1280px) 100vw, 1280px\" wpfc-lazyload-disable=\"true\" \/>\n\t\t\t\t\t\t\t\t\t\t\t\t\t\t\t<\/a>\n\t\t\t\t\t\t\t\t\t\t\t\t<\/div>\n\t\t\t\t\t\t\t\t\t\t\t<div class=\"wd-gallery-item wd-col\">\n\t\t\t\t\t\t\t\t\t\t\t\t\t\t<a href=\"https:\/\/omsi.it\/wp\/wp-content\/uploads\/2020\/10\/SEDUTE_NUVOLA_INFANZIA-1.jpg\" data-elementor-open-lightbox=\"no\" data-index=\"4\" data-width=\"1500\" data-height=\"1000\" \n\t\t\t\t\t\t\t\t\t\t\t\t >\n\t\t\t\t\t\t\t\t\n\t\t\t\t\t\t\t\t<img loading=\"lazy\" decoding=\"async\" width=\"1500\" height=\"1000\" src=\"https:\/\/omsi.it\/wp\/wp-content\/uploads\/2020\/10\/SEDUTE_NUVOLA_INFANZIA-1.jpg\" class=\"wd-gallery-image image-4\" alt=\"SITZE WOLKE KINDHEIT 1\" srcset=\"https:\/\/omsi.it\/wp\/wp-content\/uploads\/2020\/10\/SEDUTE_NUVOLA_INFANZIA-1.jpg 1500w, https:\/\/omsi.it\/wp\/wp-content\/uploads\/2020\/10\/SEDUTE_NUVOLA_INFANZIA-1-150x100.jpg 150w, https:\/\/omsi.it\/wp\/wp-content\/uploads\/2020\/10\/SEDUTE_NUVOLA_INFANZIA-1-1200x800.jpg 1200w, https:\/\/omsi.it\/wp\/wp-content\/uploads\/2020\/10\/SEDUTE_NUVOLA_INFANZIA-1-300x200.jpg 300w, https:\/\/omsi.it\/wp\/wp-content\/uploads\/2020\/10\/SEDUTE_NUVOLA_INFANZIA-1-1024x683.jpg 1024w, https:\/\/omsi.it\/wp\/wp-content\/uploads\/2020\/10\/SEDUTE_NUVOLA_INFANZIA-1-768x512.jpg 768w\" sizes=\"auto, (max-width: 1500px) 100vw, 1500px\" wpfc-lazyload-disable=\"true\" \/>\n\t\t\t\t\t\t\t\t\t\t\t\t\t\t\t<\/a>\n\t\t\t\t\t\t\t\t\t\t\t\t<\/div>\n\t\t\t\t\t\t\t\t\t\n\t\t\t\t\t\t\t<\/div>\n\n\t\t\t\t\t<\/div>\n\t\t<\/div><\/div><\/div><\/div><\/div><\/div><\/div><\/div><div id=\"contattaci\" class=\"vc_row wpb_row vc_row-fluid\"><div class=\"wpb_column vc_column_container vc_col-sm-12\"><div class=\"vc_column-inner\"><div class=\"wpb_wrapper\"><div class=\"vc_empty_space\"   style=\"height: 32px\"><span class=\"vc_empty_space_inner\"><\/span><\/div>\n\t\t<div id=\"wd-5f228ced8e882\" class=\"title-wrapper wd-wpb wd-set-mb reset-last-child  wd-rs-5f228ced8e882 wd-title-color-primary wd-title-style-simple text-center  wd-underline-colored\">\n\t\t\t\n\t\t\t<div class=\"liner-continer\">\n\t\t\t\t<h4 class=\"woodmart-title-container title  wd-font-weight- wd-fontsize-l\" >KONTAKTIEREN SIE UNS F\u00dcR BERATUNGSGESPR\u00c4CH<\/h4>\n\t\t\t\t\t\t\t<\/div>\n\t\t\t\n\t\t\t\n\t\t\t\n\t\t<\/div>\n\t\t\n\t\t<div class=\"vc_empty_space\"   style=\"height: 32px\"><span class=\"vc_empty_space_inner\"><\/span><\/div><div class=\"vc_row wpb_row vc_inner vc_row-fluid\"><div class=\"wpb_column vc_column_container vc_col-sm-12\"><div class=\"vc_column-inner\"><div class=\"wpb_wrapper\">\n<div class=\"wpcf7 no-js\" id=\"wpcf7-f608-o1\" lang=\"en-US\" dir=\"ltr\" data-wpcf7-id=\"608\">\n<div class=\"screen-reader-response\"><p role=\"status\" aria-live=\"polite\" aria-atomic=\"true\"><\/p> <ul><\/ul><\/div>\n<form action=\"\/de\/wp-json\/wp\/v2\/product\/8379#wpcf7-f608-o1\" method=\"post\" class=\"wpcf7-form init\" aria-label=\"Kontakt-Formular\" novalidate=\"novalidate\" data-status=\"init\" data-trp-original-action=\"\/de\/wp-json\/wp\/v2\/product\/8379#wpcf7-f608-o1\">\n<fieldset class=\"hidden-fields-container\"><input type=\"hidden\" name=\"_wpcf7\" value=\"608\" \/><input type=\"hidden\" name=\"_wpcf7_version\" value=\"6.1.4\" \/><input type=\"hidden\" name=\"_wpcf7_locale\" value=\"en_US\" \/><input type=\"hidden\" name=\"_wpcf7_unit_tag\" value=\"wpcf7-f608-o1\" \/><input type=\"hidden\" name=\"_wpcf7_container_post\" value=\"0\" \/><input type=\"hidden\" name=\"_wpcf7_posted_data_hash\" value=\"\" \/><input type=\"hidden\" name=\"_wpcf7_recaptcha_response\" value=\"\" \/>\n<\/fieldset>\n<div class=\"row\">\n\t<div class=\"col-md-6\" style='margin-bottom:20px;'>\n\t\t<p><label>Vor- und Nachname (erforderlich)<\/label><span class=\"wpcf7-form-control-wrap\" data-name=\"your-name\"><input size=\"40\" maxlength=\"400\" class=\"wpcf7-form-control wpcf7-text wpcf7-validates-as-required\" aria-required=\"true\" aria-invalid=\"false\" value=\"\" type=\"text\" name=\"your-name\" \/><\/span>\n\t\t<\/p>\n\t<\/div>\n\t<div class=\"col-md-6\" style='margin-bottom:20px;'>\n\t\t<p><label>E-Mail (erforderlich)<\/label><span class=\"wpcf7-form-control-wrap\" data-name=\"your-email\"><input size=\"40\" maxlength=\"400\" class=\"wpcf7-form-control wpcf7-email wpcf7-validates-as-required wpcf7-text wpcf7-validates-as-email\" aria-required=\"true\" aria-invalid=\"false\" value=\"\" type=\"email\" name=\"your-email\" \/><\/span>\n\t\t<\/p>\n\t<\/div>\n<\/div>\n<div class=\"row\">\n\t<div class=\"col-md-6\" style='margin-bottom:20px;'>\n\t\t<p><label>Telefon<\/label><span class=\"wpcf7-form-control-wrap\" data-name=\"tel-767\"><input size=\"40\" maxlength=\"400\" class=\"wpcf7-form-control wpcf7-tel wpcf7-validates-as-required wpcf7-text wpcf7-validates-as-tel\" aria-required=\"true\" aria-invalid=\"false\" value=\"\" type=\"tel\" name=\"tel-767\" \/><\/span>\n\t\t<\/p>\n\t<\/div>\n\t<div class=\"col-md-6\" style='margin-bottom:20px;'>\n\t\t<p><label>Land<\/label><span class=\"wpcf7-form-control-wrap\" data-name=\"text-300\"><input size=\"40\" maxlength=\"400\" class=\"wpcf7-form-control wpcf7-text wpcf7-validates-as-required\" aria-required=\"true\" aria-invalid=\"false\" value=\"\" type=\"text\" name=\"text-300\" \/><\/span>\n\t\t<\/p>\n\t<\/div>\n\t<div class=\"col-md-6\" style='margin-bottom:20px;'>\n\t\t<p><label>Bereich von Interesse<\/label><span class=\"wpcf7-form-control-wrap\" data-name=\"menu-880\"><select class=\"wpcf7-form-control wpcf7-select\" aria-invalid=\"false\" name=\"menu-880\"><option value=\"Sport\">Sport<\/option><option value=\"Scuola\">Schule<\/option><\/select><\/span>\n\t\t<\/p>\n\t<\/div>\n\t<div class=\"col-md-6\" style='margin-bottom:20px;'>\n\t\t<p><label>Betroffenes Produkt<\/label><span class=\"wpcf7-form-control-wrap\" data-name=\"text-301\"><input size=\"40\" maxlength=\"400\" class=\"wpcf7-form-control wpcf7-text wpcf7-validates-as-required\" aria-required=\"true\" aria-invalid=\"false\" value=\"\" type=\"text\" name=\"text-301\" \/><\/span>\n\t\t<\/p>\n\t<\/div>\n\t<div class=\"col-md-6\" style='margin-bottom:20px;'>\n\t\t<p><label>Gesellschaft<\/label><span class=\"wpcf7-form-control-wrap\" data-name=\"text-1\"><input size=\"40\" maxlength=\"400\" class=\"wpcf7-form-control wpcf7-text wpcf7-validates-as-required\" aria-required=\"true\" aria-invalid=\"false\" value=\"\" type=\"text\" name=\"text-1\" \/><\/span>\n\t\t<\/p>\n\t<\/div>\n\t<div class=\"col-md-6\" style='margin-bottom:20px;'>\n\t\t<p><label>Adresse<\/label><span class=\"wpcf7-form-control-wrap\" data-name=\"text-576\"><input size=\"40\" maxlength=\"400\" class=\"wpcf7-form-control wpcf7-text wpcf7-validates-as-required\" aria-required=\"true\" aria-invalid=\"false\" value=\"\" type=\"text\" name=\"text-576\" \/><\/span>\n\t\t<\/p>\n\t<\/div>\n<\/div>\n<p><label>Nachricht<\/label><span class=\"wpcf7-form-control-wrap\" data-name=\"your-message\"><textarea cols=\"40\" rows=\"10\" maxlength=\"2000\" class=\"wpcf7-form-control wpcf7-textarea wpcf7-validates-as-required\" aria-required=\"true\" aria-invalid=\"false\" name=\"your-message\"><\/textarea><\/span>\n<\/p>\n<p><span class=\"wpcf7-form-control-wrap\" data-name=\"acceptance-427\"><span class=\"wpcf7-form-control wpcf7-acceptance\"><span class=\"wpcf7-list-item\"><label><input type=\"checkbox\" name=\"acceptance-427\" value=\"1\" aria-invalid=\"false\" \/><span class=\"wpcf7-list-item-label\">Ich habe die Datenschutzerkl\u00e4rung gelesen und stimme der Speicherung meiner Daten gem\u00e4\u00df der Europ\u00e4ischen Verordnung zum Schutz personenbezogener Daten n. 679\/2016, GDPR.<a href=\"https:\/\/omsi.it\/wp\/wp-content\/uploads\/2021\/01\/Informativa-Contatti-SITO-rev2020.pdf\" target=\"_blank\" rel=\"nofollow noopener\">Datenschutzbestimmungen<\/a> und ich stimme der Speicherung meiner Daten gem\u00e4\u00df der Europ\u00e4ischen Datenschutzverordnung Nr. 679\/2016, GDPR, zu.<\/span><\/label><\/span><\/span><\/span>\n<\/p>\n<p><input class=\"wpcf7-form-control wpcf7-submit has-spinner btn-color-black\" type=\"submit\" value=\"SENDEN\" \/>\n<\/p><div class=\"wpcf7-response-output\" aria-hidden=\"true\"><\/div>\n<input type=\"hidden\" name=\"trp-form-language\" value=\"de\"\/><\/form>\n<\/div>\n<\/div><\/div><\/div><\/div><\/div><\/div><\/div><\/div>\n<\/div>","protected":false},"excerpt":{"rendered":"<p class=\"p1 translation-block\">Weich gepolsterte Produkte, vielseitig und mit einem essentiellen Design, ideal f\u00fcr die Gestaltung von Empfangsbereichen, Leseecken und Entspannungsecken.<br><br>\n\nPolsterung aus offenzelligem Polyurethanschaum, Dichte 25 kg\/mc.\n\nPolsterung aus Polyester-\u00d6kostoff, elastisch, anschmiegsam, rutschfest, wasserdicht, abriebfest, rei\u00dffest, abwaschbar, phthalatfrei und feuerfest in Klasse 1.Alle Abdeckungen sind mit Rei\u00dfverschl\u00fcssen ausgestattet, wobei die Schieber in speziellen Taschen verborgen sind.<br><br>\n\nDie zur Verankerung der Produkte verwendeten Klettb\u00e4nder (5 cm.) sind von hervorragender Qualit\u00e4t und sehr widerstandsf\u00e4hig.<br><br>\n\nBreite Farbpalette.<\/p>\n<p>&nbsp;<\/p>\n<p><a class=\"btn_sara\" href=\"#contattaci\">Kontaktieren sie uns<\/a><\/p>","protected":false},"featured_media":8381,"template":"","meta":[],"product_brand":[],"product_cat":[68,170,124],"product_tag":[],"class_list":{"0":"post-8379","1":"product","2":"type-product","3":"status-publish","4":"has-post-thumbnail","6":"product_cat-scuola","7":"product_cat-sedute-morbide","8":"product_cat-soft","10":"first","11":"instock","12":"shipping-taxable","13":"product-type-simple"},"_links":{"self":[{"href":"https:\/\/omsi.it\/de\/wp-json\/wp\/v2\/product\/8379","targetHints":{"allow":["GET"]}}],"collection":[{"href":"https:\/\/omsi.it\/de\/wp-json\/wp\/v2\/product"}],"about":[{"href":"https:\/\/omsi.it\/de\/wp-json\/wp\/v2\/types\/product"}],"wp:featuredmedia":[{"embeddable":true,"href":"https:\/\/omsi.it\/de\/wp-json\/wp\/v2\/media\/8381"}],"wp:attachment":[{"href":"https:\/\/omsi.it\/de\/wp-json\/wp\/v2\/media?parent=8379"}],"wp:term":[{"taxonomy":"product_brand","embeddable":true,"href":"https:\/\/omsi.it\/de\/wp-json\/wp\/v2\/product_brand?post=8379"},{"taxonomy":"product_cat","embeddable":true,"href":"https:\/\/omsi.it\/de\/wp-json\/wp\/v2\/product_cat?post=8379"},{"taxonomy":"product_tag","embeddable":true,"href":"https:\/\/omsi.it\/de\/wp-json\/wp\/v2\/product_tag?post=8379"}],"curies":[{"name":"wp","href":"https:\/\/api.w.org\/{rel}","templated":true}]}}