{"id":8506,"date":"2020-10-23T12:29:52","date_gmt":"2020-10-23T10:29:52","guid":{"rendered":"https:\/\/omsi.it\/wp\/?post_type=product&#038;p=8506"},"modified":"2025-11-11T12:56:25","modified_gmt":"2025-11-11T11:56:25","slug":"s18-kinderzimmerstuhl","status":"publish","type":"product","link":"https:\/\/omsi.it\/de\/produkt\/s18-kinderzimmerstuhl\/","title":{"rendered":"S18 \u2013 Stuhl f\u00fcr Kinderkrippen und Kinderg\u00e4rten"},"content":{"rendered":"<div class=\"wpb-content-wrapper\"><div class=\"vc_row wpb_row vc_row-fluid\"><div class=\"wpb_column vc_column_container vc_col-sm-12\"><div class=\"vc_column-inner\"><div class=\"wpb_wrapper\"><div class=\"vc_empty_space\"   style=\"height: 32px\"><span class=\"vc_empty_space_inner\"><\/span><\/div>\n\t\t<div id=\"wd-5f228ce5af0f7\" class=\"title-wrapper wd-wpb wd-set-mb reset-last-child  wd-rs-5f228ce5af0f7 wd-title-color-primary wd-title-style-simple text-center  wd-underline-colored\">\n\t\t\t\n\t\t\t<div class=\"liner-continer\">\n\t\t\t\t<h4 class=\"woodmart-title-container title  wd-font-weight- wd-fontsize-l\" >EINSTELLUNGEN<\/h4>\n\t\t\t\t\t\t\t<\/div>\n\t\t\t\n\t\t\t\n\t\t\t\n\t\t<\/div>\n\t\t\n\t\t<div class=\"vc_empty_space\"   style=\"height: 32px\"><span class=\"vc_empty_space_inner\"><\/span><\/div><\/div><\/div><\/div><\/div><div class=\"vc_row wpb_row vc_row-fluid vc_custom_1596099963870 vc_row-o-equal-height vc_row-o-content-middle vc_row-flex\"><div class=\"wpb_column vc_column_container vc_col-sm-12\"><div class=\"vc_column-inner\"><div class=\"wpb_wrapper\"><div class=\"vc_row wpb_row vc_inner vc_row-fluid\"><div class=\"wpb_column vc_column_container vc_col-sm-12\"><div class=\"vc_column-inner\"><div class=\"wpb_wrapper\">\t\t<div id=\"gallery_615\" class=\"wd-images-gallery wd-wpb photoswipe-images\" style=\"--wd-justify-content:center;--wd-align-items:center;\">\n\t\t\t\n\t\t\t<div class=\"wd-grid-f-col wd-masonry\" style=\"--wd-col-lg:4;--wd-col-md:4;--wd-col-sm:1;--wd-gap-lg:0px;\">\n\t\t\t\t\n\t\t\t\t\t\t\t\t\t\t\t\t\t\t\t<div class=\"wd-gallery-item wd-col\">\n\t\t\t\t\t\t\t\t\t\t\t\t\t\t<a href=\"https:\/\/omsi.it\/wp\/wp-content\/uploads\/2020\/10\/DSC_3711-scaled-scaled.jpg\" data-elementor-open-lightbox=\"no\" data-index=\"1\" data-width=\"1280\" data-height=\"853\" \n\t\t\t\t\t\t\t\t\t\t\t\t >\n\t\t\t\t\t\t\t\t\n\t\t\t\t\t\t\t\t<img loading=\"lazy\" decoding=\"async\" width=\"1280\" height=\"853\" src=\"https:\/\/omsi.it\/wp\/wp-content\/uploads\/2020\/10\/DSC_3711-scaled-scaled.jpg\" class=\"wd-gallery-image image-1\" alt=\"DSC 3711 skaliert\" srcset=\"https:\/\/omsi.it\/wp\/wp-content\/uploads\/2020\/10\/DSC_3711-scaled-scaled.jpg 1280w, https:\/\/omsi.it\/wp\/wp-content\/uploads\/2020\/10\/DSC_3711-scaled-150x100.jpg 150w, https:\/\/omsi.it\/wp\/wp-content\/uploads\/2020\/10\/DSC_3711-scaled-1200x800.jpg 1200w, https:\/\/omsi.it\/wp\/wp-content\/uploads\/2020\/10\/DSC_3711-300x200.jpg 300w, https:\/\/omsi.it\/wp\/wp-content\/uploads\/2020\/10\/DSC_3711-1024x683.jpg 1024w, https:\/\/omsi.it\/wp\/wp-content\/uploads\/2020\/10\/DSC_3711-768x512.jpg 768w, https:\/\/omsi.it\/wp\/wp-content\/uploads\/2020\/10\/DSC_3711-1536x1024.jpg 1536w, https:\/\/omsi.it\/wp\/wp-content\/uploads\/2020\/10\/DSC_3711-2048x1365.jpg 2048w\" sizes=\"auto, (max-width: 1280px) 100vw, 1280px\" wpfc-lazyload-disable=\"true\" \/>\n\t\t\t\t\t\t\t\t\t\t\t\t\t\t\t<\/a>\n\t\t\t\t\t\t\t\t\t\t\t\t<\/div>\n\t\t\t\t\t\t\t\t\t\t\t<div class=\"wd-gallery-item wd-col\">\n\t\t\t\t\t\t\t\t\t\t\t\t\t\t<a href=\"https:\/\/omsi.it\/wp\/wp-content\/uploads\/2020\/10\/S18-_kindergarten_plastic_chair-scaled.jpg\" data-elementor-open-lightbox=\"no\" data-index=\"2\" data-width=\"1280\" data-height=\"853\" \n\t\t\t\t\t\t\t\t\t\t\t\t >\n\t\t\t\t\t\t\t\t\n\t\t\t\t\t\t\t\t<img loading=\"lazy\" decoding=\"async\" width=\"1280\" height=\"853\" src=\"https:\/\/omsi.it\/wp\/wp-content\/uploads\/2020\/10\/S18-_kindergarten_plastic_chair-scaled.jpg\" class=\"wd-gallery-image image-2\" alt=\"S18 Kindergartenstuhl aus Kunststoff\" srcset=\"https:\/\/omsi.it\/wp\/wp-content\/uploads\/2020\/10\/S18-_kindergarten_plastic_chair-scaled.jpg 1280w, https:\/\/omsi.it\/wp\/wp-content\/uploads\/2020\/10\/S18-_kindergarten_plastic_chair-150x100.jpg 150w, https:\/\/omsi.it\/wp\/wp-content\/uploads\/2020\/10\/S18-_kindergarten_plastic_chair-1200x800.jpg 1200w, https:\/\/omsi.it\/wp\/wp-content\/uploads\/2020\/10\/S18-_kindergarten_plastic_chair-300x200.jpg 300w, https:\/\/omsi.it\/wp\/wp-content\/uploads\/2020\/10\/S18-_kindergarten_plastic_chair-1024x683.jpg 1024w, https:\/\/omsi.it\/wp\/wp-content\/uploads\/2020\/10\/S18-_kindergarten_plastic_chair-768x512.jpg 768w, https:\/\/omsi.it\/wp\/wp-content\/uploads\/2020\/10\/S18-_kindergarten_plastic_chair-1536x1024.jpg 1536w\" sizes=\"auto, (max-width: 1280px) 100vw, 1280px\" wpfc-lazyload-disable=\"true\" \/>\n\t\t\t\t\t\t\t\t\t\t\t\t\t\t\t<\/a>\n\t\t\t\t\t\t\t\t\t\t\t\t<\/div>\n\t\t\t\t\t\t\t\t\t\t\t<div class=\"wd-gallery-item wd-col\">\n\t\t\t\t\t\t\t\t\t\t\t\t\t\t<a href=\"https:\/\/omsi.it\/wp\/wp-content\/uploads\/2020\/10\/S18-_school_plastic_chair4-scaled.jpg\" data-elementor-open-lightbox=\"no\" data-index=\"3\" data-width=\"1280\" data-height=\"853\" \n\t\t\t\t\t\t\t\t\t\t\t\t >\n\t\t\t\t\t\t\t\t\n\t\t\t\t\t\t\t\t<img loading=\"lazy\" decoding=\"async\" width=\"1280\" height=\"853\" src=\"https:\/\/omsi.it\/wp\/wp-content\/uploads\/2020\/10\/S18-_school_plastic_chair4-scaled.jpg\" class=\"wd-gallery-image image-3\" alt=\"S18 Schulstuhl aus Kunststoff4\" srcset=\"https:\/\/omsi.it\/wp\/wp-content\/uploads\/2020\/10\/S18-_school_plastic_chair4-scaled.jpg 1280w, https:\/\/omsi.it\/wp\/wp-content\/uploads\/2020\/10\/S18-_school_plastic_chair4-150x100.jpg 150w, https:\/\/omsi.it\/wp\/wp-content\/uploads\/2020\/10\/S18-_school_plastic_chair4-1200x800.jpg 1200w, https:\/\/omsi.it\/wp\/wp-content\/uploads\/2020\/10\/S18-_school_plastic_chair4-300x200.jpg 300w, https:\/\/omsi.it\/wp\/wp-content\/uploads\/2020\/10\/S18-_school_plastic_chair4-1024x683.jpg 1024w, https:\/\/omsi.it\/wp\/wp-content\/uploads\/2020\/10\/S18-_school_plastic_chair4-768x512.jpg 768w, https:\/\/omsi.it\/wp\/wp-content\/uploads\/2020\/10\/S18-_school_plastic_chair4-1536x1024.jpg 1536w\" sizes=\"auto, (max-width: 1280px) 100vw, 1280px\" wpfc-lazyload-disable=\"true\" \/>\n\t\t\t\t\t\t\t\t\t\t\t\t\t\t\t<\/a>\n\t\t\t\t\t\t\t\t\t\t\t\t<\/div>\n\t\t\t\t\t\t\t\t\t\t\t<div class=\"wd-gallery-item wd-col\">\n\t\t\t\t\t\t\t\t\t\t\t\t\t\t<a href=\"https:\/\/omsi.it\/wp\/wp-content\/uploads\/2020\/10\/S18_kindergarten_plastic_chair-scaled-scaled.jpg\" data-elementor-open-lightbox=\"no\" data-index=\"4\" data-width=\"1280\" data-height=\"853\" \n\t\t\t\t\t\t\t\t\t\t\t\t >\n\t\t\t\t\t\t\t\t\n\t\t\t\t\t\t\t\t<img loading=\"lazy\" decoding=\"async\" width=\"1280\" height=\"853\" src=\"https:\/\/omsi.it\/wp\/wp-content\/uploads\/2020\/10\/S18_kindergarten_plastic_chair-scaled-scaled.jpg\" class=\"wd-gallery-image image-4\" alt=\"S18 Kindergarten Kunststoffstuhl skaliert\" srcset=\"https:\/\/omsi.it\/wp\/wp-content\/uploads\/2020\/10\/S18_kindergarten_plastic_chair-scaled-scaled.jpg 1280w, https:\/\/omsi.it\/wp\/wp-content\/uploads\/2020\/10\/S18_kindergarten_plastic_chair-scaled-150x100.jpg 150w, https:\/\/omsi.it\/wp\/wp-content\/uploads\/2020\/10\/S18_kindergarten_plastic_chair-scaled-1200x800.jpg 1200w, https:\/\/omsi.it\/wp\/wp-content\/uploads\/2020\/10\/S18_kindergarten_plastic_chair-300x200.jpg 300w, https:\/\/omsi.it\/wp\/wp-content\/uploads\/2020\/10\/S18_kindergarten_plastic_chair-1024x683.jpg 1024w, https:\/\/omsi.it\/wp\/wp-content\/uploads\/2020\/10\/S18_kindergarten_plastic_chair-768x512.jpg 768w, https:\/\/omsi.it\/wp\/wp-content\/uploads\/2020\/10\/S18_kindergarten_plastic_chair-1536x1024.jpg 1536w, https:\/\/omsi.it\/wp\/wp-content\/uploads\/2020\/10\/S18_kindergarten_plastic_chair-2048x1366.jpg 2048w\" sizes=\"auto, (max-width: 1280px) 100vw, 1280px\" wpfc-lazyload-disable=\"true\" \/>\n\t\t\t\t\t\t\t\t\t\t\t\t\t\t\t<\/a>\n\t\t\t\t\t\t\t\t\t\t\t\t<\/div>\n\t\t\t\t\t\t\t\t\t\n\t\t\t\t\t\t\t<\/div>\n\n\t\t\t\t\t<\/div>\n\t\t<\/div><\/div><\/div><\/div><\/div><\/div><\/div><\/div><div id=\"contattaci\" class=\"vc_row wpb_row vc_row-fluid\"><div class=\"wpb_column vc_column_container vc_col-sm-12\"><div class=\"vc_column-inner\"><div class=\"wpb_wrapper\"><div class=\"vc_empty_space\"   style=\"height: 32px\"><span class=\"vc_empty_space_inner\"><\/span><\/div>\n\t\t<div id=\"wd-5f228ced8e882\" class=\"title-wrapper wd-wpb wd-set-mb reset-last-child  wd-rs-5f228ced8e882 wd-title-color-primary wd-title-style-simple text-center  wd-underline-colored\">\n\t\t\t\n\t\t\t<div class=\"liner-continer\">\n\t\t\t\t<h4 class=\"woodmart-title-container title  wd-font-weight- wd-fontsize-l\" >KONTAKTIEREN SIE UNS F\u00dcR BERATUNGSGESPR\u00c4CH<\/h4>\n\t\t\t\t\t\t\t<\/div>\n\t\t\t\n\t\t\t\n\t\t\t\n\t\t<\/div>\n\t\t\n\t\t<div class=\"vc_empty_space\"   style=\"height: 32px\"><span class=\"vc_empty_space_inner\"><\/span><\/div><div class=\"vc_row wpb_row vc_inner vc_row-fluid\"><div class=\"wpb_column vc_column_container vc_col-sm-12\"><div class=\"vc_column-inner\"><div class=\"wpb_wrapper\">\n<div class=\"wpcf7 no-js\" id=\"wpcf7-f608-o1\" lang=\"en-US\" dir=\"ltr\" data-wpcf7-id=\"608\">\n<div class=\"screen-reader-response\"><p role=\"status\" aria-live=\"polite\" aria-atomic=\"true\"><\/p> <ul><\/ul><\/div>\n<form action=\"\/de\/wp-json\/wp\/v2\/product\/8506#wpcf7-f608-o1\" method=\"post\" class=\"wpcf7-form init\" aria-label=\"Kontakt-Formular\" novalidate=\"novalidate\" data-status=\"init\" data-trp-original-action=\"\/de\/wp-json\/wp\/v2\/product\/8506#wpcf7-f608-o1\">\n<fieldset class=\"hidden-fields-container\"><input type=\"hidden\" name=\"_wpcf7\" value=\"608\" \/><input type=\"hidden\" name=\"_wpcf7_version\" value=\"6.1.4\" \/><input type=\"hidden\" name=\"_wpcf7_locale\" value=\"en_US\" \/><input type=\"hidden\" name=\"_wpcf7_unit_tag\" value=\"wpcf7-f608-o1\" \/><input type=\"hidden\" name=\"_wpcf7_container_post\" value=\"0\" \/><input type=\"hidden\" name=\"_wpcf7_posted_data_hash\" value=\"\" \/><input type=\"hidden\" name=\"_wpcf7_recaptcha_response\" value=\"\" \/>\n<\/fieldset>\n<div class=\"row\">\n\t<div class=\"col-md-6\" style='margin-bottom:20px;'>\n\t\t<p><label>Vor- und Nachname (erforderlich)<\/label><span class=\"wpcf7-form-control-wrap\" data-name=\"your-name\"><input size=\"40\" maxlength=\"400\" class=\"wpcf7-form-control wpcf7-text wpcf7-validates-as-required\" aria-required=\"true\" aria-invalid=\"false\" value=\"\" type=\"text\" name=\"your-name\" \/><\/span>\n\t\t<\/p>\n\t<\/div>\n\t<div class=\"col-md-6\" style='margin-bottom:20px;'>\n\t\t<p><label>E-Mail (erforderlich)<\/label><span class=\"wpcf7-form-control-wrap\" data-name=\"your-email\"><input size=\"40\" maxlength=\"400\" class=\"wpcf7-form-control wpcf7-email wpcf7-validates-as-required wpcf7-text wpcf7-validates-as-email\" aria-required=\"true\" aria-invalid=\"false\" value=\"\" type=\"email\" name=\"your-email\" \/><\/span>\n\t\t<\/p>\n\t<\/div>\n<\/div>\n<div class=\"row\">\n\t<div class=\"col-md-6\" style='margin-bottom:20px;'>\n\t\t<p><label>Telefon<\/label><span class=\"wpcf7-form-control-wrap\" data-name=\"tel-767\"><input size=\"40\" maxlength=\"400\" class=\"wpcf7-form-control wpcf7-tel wpcf7-validates-as-required wpcf7-text wpcf7-validates-as-tel\" aria-required=\"true\" aria-invalid=\"false\" value=\"\" type=\"tel\" name=\"tel-767\" \/><\/span>\n\t\t<\/p>\n\t<\/div>\n\t<div class=\"col-md-6\" style='margin-bottom:20px;'>\n\t\t<p><label>Land<\/label><span class=\"wpcf7-form-control-wrap\" data-name=\"text-300\"><input size=\"40\" maxlength=\"400\" class=\"wpcf7-form-control wpcf7-text wpcf7-validates-as-required\" aria-required=\"true\" aria-invalid=\"false\" value=\"\" type=\"text\" name=\"text-300\" \/><\/span>\n\t\t<\/p>\n\t<\/div>\n\t<div class=\"col-md-6\" style='margin-bottom:20px;'>\n\t\t<p><label>Bereich von Interesse<\/label><span class=\"wpcf7-form-control-wrap\" data-name=\"menu-880\"><select class=\"wpcf7-form-control wpcf7-select\" aria-invalid=\"false\" name=\"menu-880\"><option value=\"Sport\">Sport<\/option><option value=\"Scuola\">Schule<\/option><\/select><\/span>\n\t\t<\/p>\n\t<\/div>\n\t<div class=\"col-md-6\" style='margin-bottom:20px;'>\n\t\t<p><label>Betroffenes Produkt<\/label><span class=\"wpcf7-form-control-wrap\" data-name=\"text-301\"><input size=\"40\" maxlength=\"400\" class=\"wpcf7-form-control wpcf7-text wpcf7-validates-as-required\" aria-required=\"true\" aria-invalid=\"false\" value=\"\" type=\"text\" name=\"text-301\" \/><\/span>\n\t\t<\/p>\n\t<\/div>\n\t<div class=\"col-md-6\" style='margin-bottom:20px;'>\n\t\t<p><label>Gesellschaft<\/label><span class=\"wpcf7-form-control-wrap\" data-name=\"text-1\"><input size=\"40\" maxlength=\"400\" class=\"wpcf7-form-control wpcf7-text wpcf7-validates-as-required\" aria-required=\"true\" aria-invalid=\"false\" value=\"\" type=\"text\" name=\"text-1\" \/><\/span>\n\t\t<\/p>\n\t<\/div>\n\t<div class=\"col-md-6\" style='margin-bottom:20px;'>\n\t\t<p><label>Adresse<\/label><span class=\"wpcf7-form-control-wrap\" data-name=\"text-576\"><input size=\"40\" maxlength=\"400\" class=\"wpcf7-form-control wpcf7-text wpcf7-validates-as-required\" aria-required=\"true\" aria-invalid=\"false\" value=\"\" type=\"text\" name=\"text-576\" \/><\/span>\n\t\t<\/p>\n\t<\/div>\n<\/div>\n<p><label>Nachricht<\/label><span class=\"wpcf7-form-control-wrap\" data-name=\"your-message\"><textarea cols=\"40\" rows=\"10\" maxlength=\"2000\" class=\"wpcf7-form-control wpcf7-textarea wpcf7-validates-as-required\" aria-required=\"true\" aria-invalid=\"false\" name=\"your-message\"><\/textarea><\/span>\n<\/p>\n<p><span class=\"wpcf7-form-control-wrap\" data-name=\"acceptance-427\"><span class=\"wpcf7-form-control wpcf7-acceptance\"><span class=\"wpcf7-list-item\"><label><input type=\"checkbox\" name=\"acceptance-427\" value=\"1\" aria-invalid=\"false\" \/><span class=\"wpcf7-list-item-label\">Ich habe die Datenschutzerkl\u00e4rung gelesen und stimme der Speicherung meiner Daten gem\u00e4\u00df der Europ\u00e4ischen Verordnung zum Schutz personenbezogener Daten n. 679\/2016, GDPR.<a href=\"https:\/\/omsi.it\/wp\/wp-content\/uploads\/2021\/01\/Informativa-Contatti-SITO-rev2020.pdf\" target=\"_blank\" rel=\"nofollow noopener\">Datenschutzbestimmungen<\/a> und ich stimme der Speicherung meiner Daten gem\u00e4\u00df der Europ\u00e4ischen Datenschutzverordnung Nr. 679\/2016, GDPR, zu.<\/span><\/label><\/span><\/span><\/span>\n<\/p>\n<p><input class=\"wpcf7-form-control wpcf7-submit has-spinner btn-color-black\" type=\"submit\" value=\"SENDEN\" \/>\n<\/p><div class=\"wpcf7-response-output\" aria-hidden=\"true\"><\/div>\n<input type=\"hidden\" name=\"trp-form-language\" value=\"de\"\/><\/form>\n<\/div>\n<\/div><\/div><\/div><\/div><\/div><\/div><\/div><\/div>\n<\/div>","protected":false},"excerpt":{"rendered":"<p class=\"translation-block\">Der Stuhl S18 ist aus farbigem Polypropylen erster Wahl, ungiftig und nicht allergisierend, er ist ideal f\u00fcr Kinderkrippen und Kinderg\u00e4rten, robust, leicht zu handhaben, einfaches Design und abgerundete Kanten, um Verletzungen im Falle eines Sto\u00dfes zu vermeiden, er ist leicht abwaschbar und s\u00e4urefest.  Die anatomische Schale sorgt f\u00fcr eine korrekte und erholsame Sitzposition; sie kann durch einfaches Auswechseln der mitgelieferten Unterf\u00fc\u00dfe aus kratz- und scheuerfestem Kunststoff in der H\u00f6he ver\u00e4ndert werden.<\/p>\n<p>Erh\u00e4ltlich in einer Vielzahl von Farben.<\/p>\n<p><b>EN 1729 zertifiziert<\/b><\/p>\n<p>Gr\u00f6\u00dfe: cm 32 x 27 x 48 \u2013 Sitzh\u00f6he 25\/30 cm<\/p>\n<p>&nbsp;<\/p>\n<div class=\"green\"><a href=\"https:\/\/omsi.it\/de\/wp\/sostenibilita\/\">Auf Anfrage auch in recycelter Ausf\u00fchrung <img decoding=\"async\" class=\"seconda_vita\" src=\"https:\/\/omsi.it\/wp\/wp-content\/uploads\/2020\/08\/plastica-seconda-vita-omsi.png\" \/><\/a><\/div>\n<p>&nbsp;<\/p>\n<p><a class=\"btn_sara\" href=\"#contattaci\">Kontaktieren sie uns<\/a><\/p>","protected":false},"featured_media":16913,"template":"","meta":[],"product_brand":[],"product_cat":[89,69,90,68,377,92],"product_tag":[],"class_list":{"0":"post-8506","1":"product","2":"type-product","3":"status-publish","4":"has-post-thumbnail","6":"product_cat-arredamento","7":"product_cat-green","8":"product_cat-nido-infanzia","9":"product_cat-scuola","10":"product_cat-scuola-2","11":"product_cat-sedie","13":"first","14":"instock","15":"shipping-taxable","16":"product-type-simple"},"_links":{"self":[{"href":"https:\/\/omsi.it\/de\/wp-json\/wp\/v2\/product\/8506","targetHints":{"allow":["GET"]}}],"collection":[{"href":"https:\/\/omsi.it\/de\/wp-json\/wp\/v2\/product"}],"about":[{"href":"https:\/\/omsi.it\/de\/wp-json\/wp\/v2\/types\/product"}],"wp:featuredmedia":[{"embeddable":true,"href":"https:\/\/omsi.it\/de\/wp-json\/wp\/v2\/media\/16913"}],"wp:attachment":[{"href":"https:\/\/omsi.it\/de\/wp-json\/wp\/v2\/media?parent=8506"}],"wp:term":[{"taxonomy":"product_brand","embeddable":true,"href":"https:\/\/omsi.it\/de\/wp-json\/wp\/v2\/product_brand?post=8506"},{"taxonomy":"product_cat","embeddable":true,"href":"https:\/\/omsi.it\/de\/wp-json\/wp\/v2\/product_cat?post=8506"},{"taxonomy":"product_tag","embeddable":true,"href":"https:\/\/omsi.it\/de\/wp-json\/wp\/v2\/product_tag?post=8506"}],"curies":[{"name":"wp","href":"https:\/\/api.w.org\/{rel}","templated":true}]}}