{"id":8590,"date":"2020-10-27T12:43:48","date_gmt":"2020-10-27T11:43:48","guid":{"rendered":"https:\/\/omsi.it\/wp\/?post_type=product&#038;p=8590"},"modified":"2022-08-05T10:11:27","modified_gmt":"2022-08-05T08:11:27","slug":"holzschranke-fur-schulmobel","status":"publish","type":"product","link":"https:\/\/omsi.it\/de\/prodotto\/armadi-in-legno-per-larredo-scolastico\/","title":{"rendered":"Holzschr\u00e4nke f\u00fcr Schulm\u00f6bel"},"content":{"rendered":"<div class=\"wpb-content-wrapper\"><div class=\"vc_row wpb_row vc_row-fluid\"><div class=\"wpb_column vc_column_container vc_col-sm-12\"><div class=\"vc_column-inner\"><div class=\"wpb_wrapper\"><div class=\"vc_empty_space\"   style=\"height: 32px\"><span class=\"vc_empty_space_inner\"><\/span><\/div>\n\t\t<div id=\"wd-5f980853eea59\" class=\"title-wrapper wd-wpb wd-set-mb reset-last-child  wd-rs-5f980853eea59 wd-title-color-primary wd-title-style-simple text-center  wd-underline-colored\">\n\t\t\t\n\t\t\t<div class=\"liner-continer\">\n\t\t\t\t<h4 class=\"woodmart-title-container title  wd-font-weight- wd-fontsize-l\" >ALLE TYPEN<\/h4>\n\t\t\t\t\t\t\t<\/div>\n\t\t\t\n\t\t\t\n\t\t\t\n\t\t<\/div>\n\t\t\n\t\t<div class=\"vc_empty_space\"   style=\"height: 32px\"><span class=\"vc_empty_space_inner\"><\/span><\/div><\/div><\/div><\/div><\/div><div class=\"vc_row wpb_row vc_row-fluid vc_custom_1603799171516\"><div class=\"wpb_column vc_column_container vc_col-sm-1\/5 text-center\"><div class=\"vc_column-inner\"><div class=\"wpb_wrapper\">\n\t\t<div id=\"wd-629499d757514\" class=\"title-wrapper wd-wpb wd-set-mb reset-last-child  wd-rs-629499d757514 wd-title-color-default wd-title-style-default text-center  wd-underline-colored\">\n\t\t\t\n\t\t\t<div class=\"liner-continer\">\n\t\t\t\t<h4 class=\"woodmart-title-container title  wd-font-weight- wd-fontsize-m\" >A01<\/h4>\n\t\t\t\t\t\t\t<\/div>\n\t\t\t\n\t\t\t\n\t\t\t\n\t\t<\/div>\n\t\t\n\t\t\n\t<div  class=\"wpb_single_image wpb_content_element vc_align_left\">\n\t\t\n\t\t<figure class=\"wpb_wrapper vc_figure\">\n\t\t\t<div class=\"vc_single_image-wrapper   vc_box_border_grey\"><img loading=\"lazy\" decoding=\"async\" width=\"1000\" height=\"1000\" src=\"https:\/\/omsi.it\/wp\/wp-content\/uploads\/2022\/05\/A01_OPEN_CABINET.png\" class=\"vc_single_image-img attachment-full\" alt=\"A01 OFFENER SCHRANK\" title=\"A01 OFFENER SCHRANK\" srcset=\"https:\/\/omsi.it\/wp\/wp-content\/uploads\/2022\/05\/A01_OPEN_CABINET.png 1000w, https:\/\/omsi.it\/wp\/wp-content\/uploads\/2022\/05\/A01_OPEN_CABINET-300x300.png 300w, https:\/\/omsi.it\/wp\/wp-content\/uploads\/2022\/05\/A01_OPEN_CABINET-150x150.png 150w, https:\/\/omsi.it\/wp\/wp-content\/uploads\/2022\/05\/A01_OPEN_CABINET-768x768.png 768w, https:\/\/omsi.it\/wp\/wp-content\/uploads\/2022\/05\/A01_OPEN_CABINET-600x600.png 600w\" sizes=\"auto, (max-width: 1000px) 100vw, 1000px\" wpfc-lazyload-disable=\"true\" \/><\/div>\n\t\t<\/figure>\n\t<\/div>\n<\/div><\/div><\/div><div class=\"wpb_column vc_column_container vc_col-sm-1\/5 text-center\"><div class=\"vc_column-inner\"><div class=\"wpb_wrapper\">\n\t\t<div id=\"wd-62949a02aa6cf\" class=\"title-wrapper wd-wpb wd-set-mb reset-last-child  wd-rs-62949a02aa6cf wd-title-color-default wd-title-style-default text-center  wd-underline-colored\">\n\t\t\t\n\t\t\t<div class=\"liner-continer\">\n\t\t\t\t<h4 class=\"woodmart-title-container title  wd-font-weight- wd-fontsize-m\" >A02<\/h4>\n\t\t\t\t\t\t\t<\/div>\n\t\t\t\n\t\t\t\n\t\t\t\n\t\t<\/div>\n\t\t\n\t\t\n\t<div  class=\"wpb_single_image wpb_content_element vc_align_left\">\n\t\t\n\t\t<figure class=\"wpb_wrapper vc_figure\">\n\t\t\t<div class=\"vc_single_image-wrapper   vc_box_border_grey\"><img loading=\"lazy\" decoding=\"async\" width=\"1000\" height=\"1000\" src=\"https:\/\/omsi.it\/wp\/wp-content\/uploads\/2022\/05\/A02_OPEN_CABINET.png\" class=\"vc_single_image-img attachment-full\" alt=\"A02 OFFENER SCHRANK\" title=\"A02 OFFENER SCHRANK\" srcset=\"https:\/\/omsi.it\/wp\/wp-content\/uploads\/2022\/05\/A02_OPEN_CABINET.png 1000w, https:\/\/omsi.it\/wp\/wp-content\/uploads\/2022\/05\/A02_OPEN_CABINET-300x300.png 300w, https:\/\/omsi.it\/wp\/wp-content\/uploads\/2022\/05\/A02_OPEN_CABINET-150x150.png 150w, https:\/\/omsi.it\/wp\/wp-content\/uploads\/2022\/05\/A02_OPEN_CABINET-768x768.png 768w, https:\/\/omsi.it\/wp\/wp-content\/uploads\/2022\/05\/A02_OPEN_CABINET-600x600.png 600w\" sizes=\"auto, (max-width: 1000px) 100vw, 1000px\" wpfc-lazyload-disable=\"true\" \/><\/div>\n\t\t<\/figure>\n\t<\/div>\n<\/div><\/div><\/div><div class=\"wpb_column vc_column_container vc_col-sm-1\/5\"><div class=\"vc_column-inner\"><div class=\"wpb_wrapper\">\n\t\t<div id=\"wd-6294c72e7d149\" class=\"title-wrapper wd-wpb wd-set-mb reset-last-child  wd-rs-6294c72e7d149 wd-title-color-default wd-title-style-default text-center  wd-underline-colored\">\n\t\t\t\n\t\t\t<div class=\"liner-continer\">\n\t\t\t\t<h4 class=\"woodmart-title-container title  wd-font-weight- wd-fontsize-m\" >A03<\/h4>\n\t\t\t\t\t\t\t<\/div>\n\t\t\t\n\t\t\t\n\t\t\t\n\t\t<\/div>\n\t\t\n\t\t\n\t<div  class=\"wpb_single_image wpb_content_element vc_align_left\">\n\t\t\n\t\t<figure class=\"wpb_wrapper vc_figure\">\n\t\t\t<div class=\"vc_single_image-wrapper   vc_box_border_grey\"><img loading=\"lazy\" decoding=\"async\" width=\"1000\" height=\"1000\" src=\"https:\/\/omsi.it\/wp\/wp-content\/uploads\/2022\/05\/A03_OopenCabinet_school.png\" class=\"vc_single_image-img attachment-full\" alt=\"A03 OopenCabinet Schule\" title=\"A03 OopenCabinet Schule\" srcset=\"https:\/\/omsi.it\/wp\/wp-content\/uploads\/2022\/05\/A03_OopenCabinet_school.png 1000w, https:\/\/omsi.it\/wp\/wp-content\/uploads\/2022\/05\/A03_OopenCabinet_school-300x300.png 300w, https:\/\/omsi.it\/wp\/wp-content\/uploads\/2022\/05\/A03_OopenCabinet_school-150x150.png 150w, https:\/\/omsi.it\/wp\/wp-content\/uploads\/2022\/05\/A03_OopenCabinet_school-768x768.png 768w, https:\/\/omsi.it\/wp\/wp-content\/uploads\/2022\/05\/A03_OopenCabinet_school-600x600.png 600w\" sizes=\"auto, (max-width: 1000px) 100vw, 1000px\" wpfc-lazyload-disable=\"true\" \/><\/div>\n\t\t<\/figure>\n\t<\/div>\n<\/div><\/div><\/div><div class=\"wpb_column vc_column_container vc_col-sm-1\/5\"><div class=\"vc_column-inner\"><div class=\"wpb_wrapper\">\n\t\t<div id=\"wd-6294c752bc39d\" class=\"title-wrapper wd-wpb wd-set-mb reset-last-child  wd-rs-6294c752bc39d wd-title-color-default wd-title-style-default text-center  wd-underline-colored\">\n\t\t\t\n\t\t\t<div class=\"liner-continer\">\n\t\t\t\t<h4 class=\"woodmart-title-container title  wd-font-weight- wd-fontsize-m\" >A04<\/h4>\n\t\t\t\t\t\t\t<\/div>\n\t\t\t\n\t\t\t\n\t\t\t\n\t\t<\/div>\n\t\t\n\t\t\n\t<div  class=\"wpb_single_image wpb_content_element vc_align_left\">\n\t\t\n\t\t<figure class=\"wpb_wrapper vc_figure\">\n\t\t\t<div class=\"vc_single_image-wrapper   vc_box_border_grey\"><img loading=\"lazy\" decoding=\"async\" width=\"1000\" height=\"1000\" src=\"https:\/\/omsi.it\/wp\/wp-content\/uploads\/2022\/05\/A04_openCabinet_school.png\" class=\"vc_single_image-img attachment-full\" alt=\"A04 openCabinet Schule\" title=\"A04 openCabinet Schule\" srcset=\"https:\/\/omsi.it\/wp\/wp-content\/uploads\/2022\/05\/A04_openCabinet_school.png 1000w, https:\/\/omsi.it\/wp\/wp-content\/uploads\/2022\/05\/A04_openCabinet_school-300x300.png 300w, https:\/\/omsi.it\/wp\/wp-content\/uploads\/2022\/05\/A04_openCabinet_school-150x150.png 150w, https:\/\/omsi.it\/wp\/wp-content\/uploads\/2022\/05\/A04_openCabinet_school-768x768.png 768w, https:\/\/omsi.it\/wp\/wp-content\/uploads\/2022\/05\/A04_openCabinet_school-600x600.png 600w\" sizes=\"auto, (max-width: 1000px) 100vw, 1000px\" wpfc-lazyload-disable=\"true\" \/><\/div>\n\t\t<\/figure>\n\t<\/div>\n<\/div><\/div><\/div><div class=\"wpb_column vc_column_container vc_col-sm-1\/5\"><div class=\"vc_column-inner\"><div class=\"wpb_wrapper\">\n\t\t<div id=\"wd-6294c7c27d9c7\" class=\"title-wrapper wd-wpb wd-set-mb reset-last-child  wd-rs-6294c7c27d9c7 wd-title-color-default wd-title-style-default text-center  wd-underline-colored\">\n\t\t\t\n\t\t\t<div class=\"liner-continer\">\n\t\t\t\t<h4 class=\"woodmart-title-container title  wd-font-weight- wd-fontsize-m\" >A05<\/h4>\n\t\t\t\t\t\t\t<\/div>\n\t\t\t\n\t\t\t\n\t\t\t\n\t\t<\/div>\n\t\t\n\t\t\n\t<div  class=\"wpb_single_image wpb_content_element vc_align_left\">\n\t\t\n\t\t<figure class=\"wpb_wrapper vc_figure\">\n\t\t\t<div class=\"vc_single_image-wrapper   vc_box_border_grey\"><img loading=\"lazy\" decoding=\"async\" width=\"1000\" height=\"1000\" src=\"https:\/\/omsi.it\/wp\/wp-content\/uploads\/2022\/05\/A05_openCabinet_school.png\" class=\"vc_single_image-img attachment-full\" alt=\"A05 openCabinet Schule\" title=\"A05 openCabinet Schule\" srcset=\"https:\/\/omsi.it\/wp\/wp-content\/uploads\/2022\/05\/A05_openCabinet_school.png 1000w, https:\/\/omsi.it\/wp\/wp-content\/uploads\/2022\/05\/A05_openCabinet_school-300x300.png 300w, https:\/\/omsi.it\/wp\/wp-content\/uploads\/2022\/05\/A05_openCabinet_school-150x150.png 150w, https:\/\/omsi.it\/wp\/wp-content\/uploads\/2022\/05\/A05_openCabinet_school-768x768.png 768w, https:\/\/omsi.it\/wp\/wp-content\/uploads\/2022\/05\/A05_openCabinet_school-600x600.png 600w\" sizes=\"auto, (max-width: 1000px) 100vw, 1000px\" wpfc-lazyload-disable=\"true\" \/><\/div>\n\t\t<\/figure>\n\t<\/div>\n<\/div><\/div><\/div><\/div><div class=\"vc_row wpb_row vc_row-fluid vc_custom_1602163518558\"><div class=\"wpb_column vc_column_container vc_col-sm-1\/5 text-center\"><div class=\"vc_column-inner\"><div class=\"wpb_wrapper\">\n\t\t<div id=\"wd-62ecc775957cb\" class=\"title-wrapper wd-wpb wd-set-mb reset-last-child  wd-rs-62ecc775957cb wd-title-color-default wd-title-style-default text-center  wd-underline-colored\">\n\t\t\t\n\t\t\t<div class=\"liner-continer\">\n\t\t\t\t<h4 class=\"woodmart-title-container title  wd-font-weight- wd-fontsize-m\" >A6<\/h4>\n\t\t\t\t\t\t\t<\/div>\n\t\t\t\n\t\t\t\n\t\t\t\n\t\t<\/div>\n\t\t\n\t\t\n\t<div  class=\"wpb_single_image wpb_content_element vc_align_left\">\n\t\t\n\t\t<figure class=\"wpb_wrapper vc_figure\">\n\t\t\t<div class=\"vc_single_image-wrapper   vc_box_border_grey\"><img loading=\"lazy\" decoding=\"async\" width=\"1000\" height=\"1000\" src=\"https:\/\/omsi.it\/wp\/wp-content\/uploads\/2022\/08\/A06_OPEN_CABINET-copia.png\" class=\"vc_single_image-img attachment-full\" alt=\"A06 OPEN CABINET Kopie\" title=\"A06 OPEN CABINET Kopie\" srcset=\"https:\/\/omsi.it\/wp\/wp-content\/uploads\/2022\/08\/A06_OPEN_CABINET-copia.png 1000w, https:\/\/omsi.it\/wp\/wp-content\/uploads\/2022\/08\/A06_OPEN_CABINET-copia-300x300.png 300w, https:\/\/omsi.it\/wp\/wp-content\/uploads\/2022\/08\/A06_OPEN_CABINET-copia-150x150.png 150w, https:\/\/omsi.it\/wp\/wp-content\/uploads\/2022\/08\/A06_OPEN_CABINET-copia-768x768.png 768w, https:\/\/omsi.it\/wp\/wp-content\/uploads\/2022\/08\/A06_OPEN_CABINET-copia-600x600.png 600w\" sizes=\"auto, (max-width: 1000px) 100vw, 1000px\" wpfc-lazyload-disable=\"true\" \/><\/div>\n\t\t<\/figure>\n\t<\/div>\n<\/div><\/div><\/div><div class=\"wpb_column vc_column_container vc_col-sm-1\/5 text-center\"><div class=\"vc_column-inner\"><div class=\"wpb_wrapper\">\n\t\t<div id=\"wd-62ecc79a6fa10\" class=\"title-wrapper wd-wpb wd-set-mb reset-last-child  wd-rs-62ecc79a6fa10 wd-title-color-default wd-title-style-default text-center  wd-underline-colored\">\n\t\t\t\n\t\t\t<div class=\"liner-continer\">\n\t\t\t\t<h4 class=\"woodmart-title-container title  wd-font-weight- wd-fontsize-m\" >A7<\/h4>\n\t\t\t\t\t\t\t<\/div>\n\t\t\t\n\t\t\t\n\t\t\t\n\t\t<\/div>\n\t\t\n\t\t\n\t<div  class=\"wpb_single_image wpb_content_element vc_align_left\">\n\t\t\n\t\t<figure class=\"wpb_wrapper vc_figure\">\n\t\t\t<div class=\"vc_single_image-wrapper   vc_box_border_grey\"><img loading=\"lazy\" decoding=\"async\" width=\"1000\" height=\"1000\" src=\"https:\/\/omsi.it\/wp\/wp-content\/uploads\/2022\/08\/A07_2doors_cabinet_school.png\" class=\"vc_single_image-img attachment-full\" alt=\"A07 2t\u00fcriger Schrank Schule\" title=\"A07 2t\u00fcriger Schrank Schule\" srcset=\"https:\/\/omsi.it\/wp\/wp-content\/uploads\/2022\/08\/A07_2doors_cabinet_school.png 1000w, https:\/\/omsi.it\/wp\/wp-content\/uploads\/2022\/08\/A07_2doors_cabinet_school-300x300.png 300w, https:\/\/omsi.it\/wp\/wp-content\/uploads\/2022\/08\/A07_2doors_cabinet_school-150x150.png 150w, https:\/\/omsi.it\/wp\/wp-content\/uploads\/2022\/08\/A07_2doors_cabinet_school-768x768.png 768w, https:\/\/omsi.it\/wp\/wp-content\/uploads\/2022\/08\/A07_2doors_cabinet_school-600x600.png 600w\" sizes=\"auto, (max-width: 1000px) 100vw, 1000px\" wpfc-lazyload-disable=\"true\" \/><\/div>\n\t\t<\/figure>\n\t<\/div>\n<\/div><\/div><\/div><div class=\"wpb_column vc_column_container vc_col-sm-1\/5\"><div class=\"vc_column-inner\"><div class=\"wpb_wrapper\">\n\t\t<div id=\"wd-62ecc7a2af985\" class=\"title-wrapper wd-wpb wd-set-mb reset-last-child  wd-rs-62ecc7a2af985 wd-title-color-default wd-title-style-default text-center  wd-underline-colored\">\n\t\t\t\n\t\t\t<div class=\"liner-continer\">\n\t\t\t\t<h4 class=\"woodmart-title-container title  wd-font-weight- wd-fontsize-m\" >A8<\/h4>\n\t\t\t\t\t\t\t<\/div>\n\t\t\t\n\t\t\t\n\t\t\t\n\t\t<\/div>\n\t\t\n\t\t\n\t<div  class=\"wpb_single_image wpb_content_element vc_align_left\">\n\t\t\n\t\t<figure class=\"wpb_wrapper vc_figure\">\n\t\t\t<div class=\"vc_single_image-wrapper   vc_box_border_grey\"><img loading=\"lazy\" decoding=\"async\" width=\"1000\" height=\"1000\" src=\"https:\/\/omsi.it\/wp\/wp-content\/uploads\/2022\/05\/A08_2DOORS_CABINET_SCHOOL.png\" class=\"vc_single_image-img attachment-full\" alt=\"A08 2DOORS CABINET SCHOOL\" title=\"A08 2DOORS CABINET SCHOOL\" srcset=\"https:\/\/omsi.it\/wp\/wp-content\/uploads\/2022\/05\/A08_2DOORS_CABINET_SCHOOL.png 1000w, https:\/\/omsi.it\/wp\/wp-content\/uploads\/2022\/05\/A08_2DOORS_CABINET_SCHOOL-300x300.png 300w, https:\/\/omsi.it\/wp\/wp-content\/uploads\/2022\/05\/A08_2DOORS_CABINET_SCHOOL-150x150.png 150w, https:\/\/omsi.it\/wp\/wp-content\/uploads\/2022\/05\/A08_2DOORS_CABINET_SCHOOL-768x768.png 768w, https:\/\/omsi.it\/wp\/wp-content\/uploads\/2022\/05\/A08_2DOORS_CABINET_SCHOOL-600x600.png 600w\" sizes=\"auto, (max-width: 1000px) 100vw, 1000px\" wpfc-lazyload-disable=\"true\" \/><\/div>\n\t\t<\/figure>\n\t<\/div>\n<\/div><\/div><\/div><div class=\"wpb_column vc_column_container vc_col-sm-1\/5\"><div class=\"vc_column-inner\"><div class=\"wpb_wrapper\">\n\t\t<div id=\"wd-62ecc7aa03866\" class=\"title-wrapper wd-wpb wd-set-mb reset-last-child  wd-rs-62ecc7aa03866 wd-title-color-default wd-title-style-default text-center  wd-underline-colored\">\n\t\t\t\n\t\t\t<div class=\"liner-continer\">\n\t\t\t\t<h4 class=\"woodmart-title-container title  wd-font-weight- wd-fontsize-m\" >A9<\/h4>\n\t\t\t\t\t\t\t<\/div>\n\t\t\t\n\t\t\t\n\t\t\t\n\t\t<\/div>\n\t\t\n\t\t\n\t<div  class=\"wpb_single_image wpb_content_element vc_align_left\">\n\t\t\n\t\t<figure class=\"wpb_wrapper vc_figure\">\n\t\t\t<div class=\"vc_single_image-wrapper   vc_box_border_grey\"><img loading=\"lazy\" decoding=\"async\" width=\"1000\" height=\"1000\" src=\"https:\/\/omsi.it\/wp\/wp-content\/uploads\/2022\/08\/A09_2DOORS_CABINET_SCHOOL.png\" class=\"vc_single_image-img attachment-full\" alt=\"A09 2DOORS CABINET SCHOOL\" title=\"A09 2DOORS CABINET SCHOOL\" srcset=\"https:\/\/omsi.it\/wp\/wp-content\/uploads\/2022\/08\/A09_2DOORS_CABINET_SCHOOL.png 1000w, https:\/\/omsi.it\/wp\/wp-content\/uploads\/2022\/08\/A09_2DOORS_CABINET_SCHOOL-300x300.png 300w, https:\/\/omsi.it\/wp\/wp-content\/uploads\/2022\/08\/A09_2DOORS_CABINET_SCHOOL-150x150.png 150w, https:\/\/omsi.it\/wp\/wp-content\/uploads\/2022\/08\/A09_2DOORS_CABINET_SCHOOL-768x768.png 768w, https:\/\/omsi.it\/wp\/wp-content\/uploads\/2022\/08\/A09_2DOORS_CABINET_SCHOOL-600x600.png 600w\" sizes=\"auto, (max-width: 1000px) 100vw, 1000px\" wpfc-lazyload-disable=\"true\" \/><\/div>\n\t\t<\/figure>\n\t<\/div>\n<\/div><\/div><\/div><div class=\"wpb_column vc_column_container vc_col-sm-1\/5\"><div class=\"vc_column-inner\"><div class=\"wpb_wrapper\">\n\t\t<div id=\"wd-62ecc7b31a988\" class=\"title-wrapper wd-wpb wd-set-mb reset-last-child  wd-rs-62ecc7b31a988 wd-title-color-default wd-title-style-default text-center  wd-underline-colored\">\n\t\t\t\n\t\t\t<div class=\"liner-continer\">\n\t\t\t\t<h4 class=\"woodmart-title-container title  wd-font-weight- wd-fontsize-m\" >A10<\/h4>\n\t\t\t\t\t\t\t<\/div>\n\t\t\t\n\t\t\t\n\t\t\t\n\t\t<\/div>\n\t\t\n\t\t\n\t<div  class=\"wpb_single_image wpb_content_element vc_align_left\">\n\t\t\n\t\t<figure class=\"wpb_wrapper vc_figure\">\n\t\t\t<div class=\"vc_single_image-wrapper   vc_box_border_grey\"><img loading=\"lazy\" decoding=\"async\" width=\"1000\" height=\"1000\" src=\"https:\/\/omsi.it\/wp\/wp-content\/uploads\/2022\/08\/A10_CABINET-WHIT-ONE-OPEN-COMPARTMENT-AND-2-DOORS.png\" class=\"vc_single_image-img attachment-full\" alt=\"A10 SCHRANK MIT EINEM OFFENEN FACH UND 2 T\u00dcREN\" title=\"A10 SCHRANK MIT EINEM OFFENEN FACH UND 2 T\u00dcREN\" srcset=\"https:\/\/omsi.it\/wp\/wp-content\/uploads\/2022\/08\/A10_CABINET-WHIT-ONE-OPEN-COMPARTMENT-AND-2-DOORS.png 1000w, https:\/\/omsi.it\/wp\/wp-content\/uploads\/2022\/08\/A10_CABINET-WHIT-ONE-OPEN-COMPARTMENT-AND-2-DOORS-300x300.png 300w, https:\/\/omsi.it\/wp\/wp-content\/uploads\/2022\/08\/A10_CABINET-WHIT-ONE-OPEN-COMPARTMENT-AND-2-DOORS-150x150.png 150w, https:\/\/omsi.it\/wp\/wp-content\/uploads\/2022\/08\/A10_CABINET-WHIT-ONE-OPEN-COMPARTMENT-AND-2-DOORS-768x768.png 768w, https:\/\/omsi.it\/wp\/wp-content\/uploads\/2022\/08\/A10_CABINET-WHIT-ONE-OPEN-COMPARTMENT-AND-2-DOORS-600x600.png 600w\" sizes=\"auto, (max-width: 1000px) 100vw, 1000px\" wpfc-lazyload-disable=\"true\" \/><\/div>\n\t\t<\/figure>\n\t<\/div>\n<\/div><\/div><\/div><\/div><div id=\"contattaci\" class=\"vc_row wpb_row vc_row-fluid\"><div class=\"wpb_column vc_column_container vc_col-sm-12\"><div class=\"vc_column-inner\"><div class=\"wpb_wrapper\"><div class=\"vc_empty_space\"   style=\"height: 32px\"><span class=\"vc_empty_space_inner\"><\/span><\/div>\n\t\t<div id=\"wd-5f228ced8e882\" class=\"title-wrapper wd-wpb wd-set-mb reset-last-child  wd-rs-5f228ced8e882 wd-title-color-primary wd-title-style-simple text-center  wd-underline-colored\">\n\t\t\t\n\t\t\t<div class=\"liner-continer\">\n\t\t\t\t<h4 class=\"woodmart-title-container title  wd-font-weight- wd-fontsize-l\" >KONTAKTIEREN SIE UNS F\u00dcR BERATUNGSGESPR\u00c4CH<\/h4>\n\t\t\t\t\t\t\t<\/div>\n\t\t\t\n\t\t\t\n\t\t\t\n\t\t<\/div>\n\t\t\n\t\t<div class=\"vc_empty_space\"   style=\"height: 32px\"><span class=\"vc_empty_space_inner\"><\/span><\/div><div class=\"vc_row wpb_row vc_inner vc_row-fluid\"><div class=\"wpb_column vc_column_container vc_col-sm-12\"><div class=\"vc_column-inner\"><div class=\"wpb_wrapper\">\n<div class=\"wpcf7 no-js\" id=\"wpcf7-f608-o1\" lang=\"en-US\" dir=\"ltr\" data-wpcf7-id=\"608\">\n<div class=\"screen-reader-response\"><p role=\"status\" aria-live=\"polite\" aria-atomic=\"true\"><\/p> <ul><\/ul><\/div>\n<form action=\"\/de\/wp-json\/wp\/v2\/product\/8590#wpcf7-f608-o1\" method=\"post\" class=\"wpcf7-form init\" aria-label=\"Kontakt-Formular\" novalidate=\"novalidate\" data-status=\"init\" data-trp-original-action=\"\/de\/wp-json\/wp\/v2\/product\/8590#wpcf7-f608-o1\">\n<fieldset class=\"hidden-fields-container\"><input type=\"hidden\" name=\"_wpcf7\" value=\"608\" \/><input type=\"hidden\" name=\"_wpcf7_version\" value=\"6.1.5\" \/><input type=\"hidden\" name=\"_wpcf7_locale\" value=\"en_US\" \/><input type=\"hidden\" name=\"_wpcf7_unit_tag\" value=\"wpcf7-f608-o1\" \/><input type=\"hidden\" name=\"_wpcf7_container_post\" value=\"0\" \/><input type=\"hidden\" name=\"_wpcf7_posted_data_hash\" value=\"\" \/><input type=\"hidden\" name=\"_wpcf7_recaptcha_response\" value=\"\" \/>\n<\/fieldset>\n<div class=\"row\">\n\t<div class=\"col-md-6\" style='margin-bottom:20px;'>\n\t\t<p><label>Vor- und Nachname (erforderlich)<\/label><span class=\"wpcf7-form-control-wrap\" data-name=\"your-name\"><input size=\"40\" maxlength=\"400\" class=\"wpcf7-form-control wpcf7-text wpcf7-validates-as-required\" aria-required=\"true\" aria-invalid=\"false\" value=\"\" type=\"text\" name=\"your-name\" \/><\/span>\n\t\t<\/p>\n\t<\/div>\n\t<div class=\"col-md-6\" style='margin-bottom:20px;'>\n\t\t<p><label>E-Mail (erforderlich)<\/label><span class=\"wpcf7-form-control-wrap\" data-name=\"your-email\"><input size=\"40\" maxlength=\"400\" class=\"wpcf7-form-control wpcf7-email wpcf7-validates-as-required wpcf7-text wpcf7-validates-as-email\" aria-required=\"true\" aria-invalid=\"false\" value=\"\" type=\"email\" name=\"your-email\" \/><\/span>\n\t\t<\/p>\n\t<\/div>\n<\/div>\n<div class=\"row\">\n\t<div class=\"col-md-6\" style='margin-bottom:20px;'>\n\t\t<p><label>Telefon<\/label><span class=\"wpcf7-form-control-wrap\" data-name=\"tel-767\"><input size=\"40\" maxlength=\"400\" class=\"wpcf7-form-control wpcf7-tel wpcf7-validates-as-required wpcf7-text wpcf7-validates-as-tel\" aria-required=\"true\" aria-invalid=\"false\" value=\"\" type=\"tel\" name=\"tel-767\" \/><\/span>\n\t\t<\/p>\n\t<\/div>\n\t<div class=\"col-md-6\" style='margin-bottom:20px;'>\n\t\t<p><label>Land<\/label><span class=\"wpcf7-form-control-wrap\" data-name=\"text-300\"><input size=\"40\" maxlength=\"400\" class=\"wpcf7-form-control wpcf7-text wpcf7-validates-as-required\" aria-required=\"true\" aria-invalid=\"false\" value=\"\" type=\"text\" name=\"text-300\" \/><\/span>\n\t\t<\/p>\n\t<\/div>\n\t<div class=\"col-md-6\" style='margin-bottom:20px;'>\n\t\t<p><label>Bereich von Interesse<\/label><span class=\"wpcf7-form-control-wrap\" data-name=\"menu-880\"><select class=\"wpcf7-form-control wpcf7-select\" aria-invalid=\"false\" name=\"menu-880\"><option value=\"Sport\">Sport<\/option><option value=\"Scuola\">Schule<\/option><\/select><\/span>\n\t\t<\/p>\n\t<\/div>\n\t<div class=\"col-md-6\" style='margin-bottom:20px;'>\n\t\t<p><label>Betroffenes Produkt<\/label><span class=\"wpcf7-form-control-wrap\" data-name=\"text-301\"><input size=\"40\" maxlength=\"400\" class=\"wpcf7-form-control wpcf7-text wpcf7-validates-as-required\" aria-required=\"true\" aria-invalid=\"false\" value=\"\" type=\"text\" name=\"text-301\" \/><\/span>\n\t\t<\/p>\n\t<\/div>\n\t<div class=\"col-md-6\" style='margin-bottom:20px;'>\n\t\t<p><label>Gesellschaft<\/label><span class=\"wpcf7-form-control-wrap\" data-name=\"text-1\"><input size=\"40\" maxlength=\"400\" class=\"wpcf7-form-control wpcf7-text wpcf7-validates-as-required\" aria-required=\"true\" aria-invalid=\"false\" value=\"\" type=\"text\" name=\"text-1\" \/><\/span>\n\t\t<\/p>\n\t<\/div>\n\t<div class=\"col-md-6\" style='margin-bottom:20px;'>\n\t\t<p><label>Adresse<\/label><span class=\"wpcf7-form-control-wrap\" data-name=\"text-576\"><input size=\"40\" maxlength=\"400\" class=\"wpcf7-form-control wpcf7-text wpcf7-validates-as-required\" aria-required=\"true\" aria-invalid=\"false\" value=\"\" type=\"text\" name=\"text-576\" \/><\/span>\n\t\t<\/p>\n\t<\/div>\n<\/div>\n<p><label>Nachricht<\/label><span class=\"wpcf7-form-control-wrap\" data-name=\"your-message\"><textarea cols=\"40\" rows=\"10\" maxlength=\"2000\" class=\"wpcf7-form-control wpcf7-textarea wpcf7-validates-as-required\" aria-required=\"true\" aria-invalid=\"false\" name=\"your-message\"><\/textarea><\/span>\n<\/p>\n<p><span class=\"wpcf7-form-control-wrap\" data-name=\"acceptance-427\"><span class=\"wpcf7-form-control wpcf7-acceptance\"><span class=\"wpcf7-list-item\"><label><input type=\"checkbox\" name=\"acceptance-427\" value=\"1\" aria-invalid=\"false\" \/><span class=\"wpcf7-list-item-label\">Ich habe die Datenschutzerkl\u00e4rung gelesen und stimme der Speicherung meiner Daten gem\u00e4\u00df der Europ\u00e4ischen Verordnung zum Schutz personenbezogener Daten n. 679\/2016, GDPR.<a href=\"https:\/\/omsi.it\/wp\/wp-content\/uploads\/2021\/01\/Informativa-Contatti-SITO-rev2020.pdf\" target=\"_blank\" rel=\"nofollow noopener\">Datenschutzbestimmungen<\/a> und ich stimme der Speicherung meiner Daten gem\u00e4\u00df der Europ\u00e4ischen Datenschutzverordnung Nr. 679\/2016, GDPR, zu.<\/span><\/label><\/span><\/span><\/span>\n<\/p>\n<p><input class=\"wpcf7-form-control wpcf7-submit has-spinner btn-color-black\" type=\"submit\" value=\"SENDEN\" \/>\n<\/p><div class=\"wpcf7-response-output\" aria-hidden=\"true\"><\/div>\n<input type=\"hidden\" name=\"trp-form-language\" value=\"de\"\/><\/form>\n<\/div>\n<\/div><\/div><\/div><\/div><\/div><\/div><\/div><\/div>\n<\/div>","protected":false},"excerpt":{"rendered":"<p>Stabile und ger\u00e4umige Schr\u00e4nke, ideal f\u00fcr die Vervollst\u00e4ndigung von Schulm\u00f6beln, in verschiedenen Ausf\u00fchrungen und Gr\u00f6\u00dfen; Rahmen, R\u00fcckwand, bewegliche Einlegeb\u00f6den, Mitteltrennwand und Fl\u00fcgelt\u00fcren aus melaminharzbeschichteten Spanplatten, T\u00fcren mit 3 mm dicken, gerundeten Abs-Kanten, T\u00fcren mit Doppelschl\u00fcsselschloss, Nivellierf\u00fc\u00dfe.<\/p>\n<p>&nbsp;<\/p>\n<p><a class=\"btn_sara\" href=\"#contattaci\">Kontaktieren sie uns<\/a><\/p>","protected":false},"featured_media":17270,"template":"","meta":[],"product_brand":[],"product_cat":[89,173,91,68],"product_tag":[],"class_list":{"0":"post-8590","1":"product","2":"type-product","3":"status-publish","4":"has-post-thumbnail","6":"product_cat-arredamento","7":"product_cat-mobili-contenitori-primaria-secondaria","8":"product_cat-primaria-secondaria","9":"product_cat-scuola","11":"first","12":"instock","13":"shipping-taxable","14":"product-type-simple"},"_links":{"self":[{"href":"https:\/\/omsi.it\/de\/wp-json\/wp\/v2\/product\/8590","targetHints":{"allow":["GET"]}}],"collection":[{"href":"https:\/\/omsi.it\/de\/wp-json\/wp\/v2\/product"}],"about":[{"href":"https:\/\/omsi.it\/de\/wp-json\/wp\/v2\/types\/product"}],"wp:featuredmedia":[{"embeddable":true,"href":"https:\/\/omsi.it\/de\/wp-json\/wp\/v2\/media\/17270"}],"wp:attachment":[{"href":"https:\/\/omsi.it\/de\/wp-json\/wp\/v2\/media?parent=8590"}],"wp:term":[{"taxonomy":"product_brand","embeddable":true,"href":"https:\/\/omsi.it\/de\/wp-json\/wp\/v2\/product_brand?post=8590"},{"taxonomy":"product_cat","embeddable":true,"href":"https:\/\/omsi.it\/de\/wp-json\/wp\/v2\/product_cat?post=8590"},{"taxonomy":"product_tag","embeddable":true,"href":"https:\/\/omsi.it\/de\/wp-json\/wp\/v2\/product_tag?post=8590"}],"curies":[{"name":"wp","href":"https:\/\/api.w.org\/{rel}","templated":true}]}}