{"id":9153,"date":"2020-11-19T12:53:11","date_gmt":"2020-11-19T11:53:11","guid":{"rendered":"https:\/\/omsi.it\/wp\/?post_type=product&#038;p=9153"},"modified":"2022-01-18T13:00:18","modified_gmt":"2022-01-18T12:00:18","slug":"metall-trittbrett-vorne","status":"publish","type":"product","link":"https:\/\/omsi.it\/de\/produkt\/metall-trittbrett-vorne\/","title":{"rendered":"Vorderstufe Setzstufenb\u00fcgel aus Metall"},"content":{"rendered":"<div class=\"wpb-content-wrapper\"><div class=\"vc_row wpb_row vc_row-fluid\"><div class=\"wpb_column vc_column_container vc_col-sm-12\"><div class=\"vc_column-inner\"><div class=\"wpb_wrapper\"><div class=\"vc_empty_space\"   style=\"height: 32px\"><span class=\"vc_empty_space_inner\"><\/span><\/div>\n\t\t<div id=\"wd-5fbf81b93e327\" class=\"title-wrapper wd-wpb wd-set-mb reset-last-child  wd-rs-5fbf81b93e327 wd-title-color-primary wd-title-style-simple text-center  wd-underline-colored\">\n\t\t\t\n\t\t\t<div class=\"liner-continer\">\n\t\t\t\t<h4 class=\"woodmart-title-container title  wd-font-weight- wd-fontsize-l\" >REFERENZEN<\/h4>\n\t\t\t\t\t\t\t<\/div>\n\t\t\t\n\t\t\t\n\t\t\t\n\t\t<\/div>\n\t\t\n\t\t<div class=\"vc_empty_space\"   style=\"height: 32px\"><span class=\"vc_empty_space_inner\"><\/span><\/div><\/div><\/div><\/div><\/div><div class=\"vc_row wpb_row vc_row-fluid vc_custom_1596099536385\"><div class=\"wpb_column vc_column_container vc_col-sm-12\"><div class=\"vc_column-inner\"><div class=\"wpb_wrapper\">\t\t\t\t\t\t\t\t\t<div\n\t\t\t\t\t\t\t\tclass=\"wd-portfolio-element\">\n\t\t\t\t\t\t\t\t\t\t\n\t\t\t\t\t<div class=\"wd-projects wd-masonry wd-grid-f-col\" data-atts=\"{&quot;carousel_id&quot;:&quot;5000&quot;,&quot;speed&quot;:&quot;5000&quot;,&quot;slides_per_view&quot;:&quot;3&quot;,&quot;slides_per_view_tablet&quot;:&quot;auto&quot;,&quot;slides_per_view_mobile&quot;:&quot;auto&quot;,&quot;wrap&quot;:&quot;&quot;,&quot;loop&quot;:false,&quot;autoplay&quot;:&quot;no&quot;,&quot;autoheight&quot;:&quot;no&quot;,&quot;hide_pagination_control&quot;:&quot;no&quot;,&quot;hide_pagination_control_tablet&quot;:&quot;yes&quot;,&quot;hide_pagination_control_mobile&quot;:&quot;yes&quot;,&quot;dynamic_pagination_control&quot;:&quot;no&quot;,&quot;hide_prev_next_buttons&quot;:&quot;&quot;,&quot;hide_prev_next_buttons_tablet&quot;:&quot;&quot;,&quot;hide_prev_next_buttons_mobile&quot;:&quot;&quot;,&quot;carousel_arrows_position&quot;:&quot;&quot;,&quot;hide_scrollbar&quot;:&quot;yes&quot;,&quot;hide_scrollbar_tablet&quot;:&quot;yes&quot;,&quot;hide_scrollbar_mobile&quot;:&quot;yes&quot;,&quot;scroll_per_page&quot;:&quot;yes&quot;,&quot;dragEndSpeed&quot;:200,&quot;center_mode&quot;:&quot;no&quot;,&quot;custom_sizes&quot;:&quot;&quot;,&quot;sliding_speed&quot;:false,&quot;animation&quot;:false,&quot;content_animation&quot;:false,&quot;post_type&quot;:&quot;portfolio&quot;,&quot;slider&quot;:&quot;&quot;,&quot;library&quot;:&quot;&quot;,&quot;css&quot;:&quot;&quot;,&quot;effect&quot;:&quot;&quot;,&quot;spacing&quot;:&quot;0&quot;,&quot;spacing_tablet&quot;:&quot;&quot;,&quot;spacing_mobile&quot;:&quot;&quot;,&quot;carousel_sync&quot;:&quot;&quot;,&quot;sync_parent_id&quot;:&quot;&quot;,&quot;sync_child_id&quot;:&quot;&quot;,&quot;scroll_carousel_init&quot;:&quot;no&quot;,&quot;disable_overflow_carousel&quot;:&quot;no&quot;,&quot;posts_per_page&quot;:&quot;20&quot;,&quot;filters&quot;:&quot;0&quot;,&quot;filters_type&quot;:&quot;masonry&quot;,&quot;include&quot;:&quot;&quot;,&quot;categories&quot;:&quot;223&quot;,&quot;style&quot;:&quot;hover&quot;,&quot;columns&quot;:&quot;2&quot;,&quot;columns_tablet&quot;:&quot;auto&quot;,&quot;columns_mobile&quot;:&quot;auto&quot;,&quot;pagination&quot;:&quot;pagination&quot;,&quot;ajax_page&quot;:&quot;&quot;,&quot;orderby&quot;:&quot;&quot;,&quot;order&quot;:&quot;&quot;,&quot;layout&quot;:&quot;grid&quot;,&quot;lazy_loading&quot;:&quot;no&quot;,&quot;el_class&quot;:&quot;&quot;,&quot;el_id&quot;:&quot;&quot;,&quot;wrapper_classes&quot;:&quot;&quot;,&quot;image_size&quot;:&quot;large&quot;,&quot;image_size_custom&quot;:[],&quot;element_title&quot;:&quot;&quot;,&quot;element_title_tag&quot;:&quot;h3&quot;,&quot;inner_content&quot;:&quot;&quot;,&quot;woodmart_css_id&quot;:&quot;&quot;}\" data-source=\"shortcode\" data-paged=\"1\" style=\"--wd-col-lg:2;--wd-col-md:2;--wd-col-sm:1;--wd-gap-lg:0px;\">\n\t\t\t\t\t\t\n<article id=\"post-7491\" class=\"wd-project portfolio-entry wd-col masonry-item portfolio-hover proj-cat-altre proj-cat-anno proj-cat-m2000 proj-cat-m2012 proj-cat-mensola-metallo proj-cat-mp2014 proj-cat-sport post-7491 portfolio type-portfolio status-publish has-post-thumbnail hentry project-cat-altre project-cat-anno project-cat-m2000 project-cat-m2012 project-cat-mensola-metallo project-cat-mp2014 project-cat-sport\">\n\t<header class=\"entry-header\">\n\t\t\t\t\t<figure class=\"entry-thumbnail color-scheme-light\">\n\t\t\t\t<a href=\"https:\/\/omsi.it\/de\/portfolio\/grand-stade-dagadir-agadir-marokko\/\" class=\"portfolio-thumbnail\">\n\t\t\t\t\t<img loading=\"lazy\" decoding=\"async\" width=\"1024\" height=\"682\" src=\"https:\/\/omsi.it\/wp\/wp-content\/uploads\/2020\/08\/M2000_GrandStade_Agadir_maroc-1024x682.jpg\" class=\"attachment-large size-large\" alt=\"M2000 GrandStade Agadir marokko\" srcset=\"https:\/\/omsi.it\/wp\/wp-content\/uploads\/2020\/08\/M2000_GrandStade_Agadir_maroc-1024x682.jpg 1024w, https:\/\/omsi.it\/wp\/wp-content\/uploads\/2020\/08\/M2000_GrandStade_Agadir_maroc-300x200.jpg 300w, https:\/\/omsi.it\/wp\/wp-content\/uploads\/2020\/08\/M2000_GrandStade_Agadir_maroc-768x512.jpg 768w, https:\/\/omsi.it\/wp\/wp-content\/uploads\/2020\/08\/M2000_GrandStade_Agadir_maroc-1200x799.jpg 1200w, https:\/\/omsi.it\/wp\/wp-content\/uploads\/2020\/08\/M2000_GrandStade_Agadir_maroc-150x100.jpg 150w, https:\/\/omsi.it\/wp\/wp-content\/uploads\/2020\/08\/M2000_GrandStade_Agadir_maroc.jpg 1348w\" sizes=\"auto, (max-width: 1024px) 100vw, 1024px\" wpfc-lazyload-disable=\"true\" \/>\t\t\t\t<\/a>\n\t\t\t\t<div class=\"wd-portfolio-btns\">\n\t\t\t\t\t<div class=\"portfolio-enlarge wd-action-btn wd-style-icon wd-enlarge-icon\">\n\t\t\t\t\t\t<a href=\"https:\/\/omsi.it\/wp\/wp-content\/uploads\/2020\/08\/M2000_GrandStade_Agadir_maroc.jpg\" data-elementor-open-lightbox=\"no\">Gro\u00dfansicht<\/a>\n\t\t\t\t\t<\/div>\n\t\t\t\t\t\t\t\t\t\t\t<div class=\"social-icons-wrapper wd-action-btn wd-style-icon wd-share-icon wd-tltp\">\n\t\t\t\t\t\t\t<a><\/a>\n\t\t\t\t\t\t\t<div class=\"tooltip left\">\n\t\t\t\t\t\t\t\t<div class=\"tooltip-arrow\"><\/div>\n\t\t\t\t\t\t\t\t<div class=\"tooltip-inner\">\n\t\t\t\t\t\t\t\t\t\t\t\t<div\n\t\t\t\t\t\tclass=\"wd-social-icons  wd-style-default wd-size-small social-share wd-shape-circle color-scheme-light text-center\">\n\t\t\t\t\n\t\t\t\t\n\t\t\t\t\t\t\t\t\t<a rel=\"noopener noreferrer nofollow\" href=\"https:\/\/www.facebook.com\/sharer\/sharer.php?u=https:\/\/omsi.it\/de\/portfolio\/grand-stade-dagadir-agadir-marokko\/\" target=\"_blank\" class=\"wd-social-icon social-facebook\" aria-label=\"Soziale Facebook-Links\">\n\t\t\t\t\t\t<span class=\"wd-icon\"><\/span>\n\t\t\t\t\t\t\t\t\t\t\t<\/a>\n\t\t\t\t\n\t\t\t\t\t\t\t\t\t<a rel=\"noopener noreferrer nofollow\" href=\"https:\/\/x.com\/share?url=https:\/\/omsi.it\/de\/portfolio\/grand-stade-dagadir-agadir-marokko\/\" target=\"_blank\" class=\"wd-social-icon social-twitter\" aria-label=\"X soziale Links\">\n\t\t\t\t\t\t<span class=\"wd-icon\"><\/span>\n\t\t\t\t\t\t\t\t\t\t\t<\/a>\n\t\t\t\t\n\t\t\t\t\n\t\t\t\t\n\t\t\t\t\n\t\t\t\t\n\t\t\t\t\n\t\t\t\t\n\t\t\t\t\n\t\t\t\t\n\t\t\t\t\n\t\t\t\t\n\t\t\t\t\n\t\t\t\t\n\t\t\t\t\n\t\t\t\t\n\t\t\t\t\n\t\t\t\t\n\t\t\t\t\t\t\t\t\t<a rel=\"noopener noreferrer nofollow\" href=\"https:\/\/api.whatsapp.com\/send?text=https%3A%2F%2Fomsi.it%2Fde%2Fportfolio%2Fgrand-stade-dagadir-agadir-marokko%2F\" target=\"_blank\" class=\"wd-hide-md  wd-social-icon social-whatsapp\" aria-label=\"Soziale WhatsApp-Links\">\n\t\t\t\t\t\t<span class=\"wd-icon\"><\/span>\n\t\t\t\t\t\t\t\t\t\t\t<\/a>\n\n\t\t\t\t\t<a rel=\"noopener noreferrer nofollow\" href=\"whatsapp:\/\/send?text=https%3A%2F%2Fomsi.it%2Fde%2Fportfolio%2Fgrand-stade-dagadir-agadir-marokko%2F\" target=\"_blank\" class=\"wd-hide-lg  wd-social-icon social-whatsapp\" aria-label=\"Soziale WhatsApp-Links\">\n\t\t\t\t\t\t<span class=\"wd-icon\"><\/span>\n\t\t\t\t\t\t\t\t\t\t\t<\/a>\n\t\t\t\t\n\t\t\t\t\n\t\t\t\t\n\t\t\t\t\n\t\t\t\t\n\t\t\t\t\n\t\t\t\t\t\t\t\t\t<a rel=\"noopener noreferrer nofollow\" href=\"https:\/\/telegram.me\/share\/url?url=https:\/\/omsi.it\/de\/portfolio\/grand-stade-dagadir-agadir-marokko\/\" target=\"_blank\" class=\"wd-social-icon social-tg\" aria-label=\"Soziale Links zu Telegram\">\n\t\t\t\t\t\t<span class=\"wd-icon\"><\/span>\n\t\t\t\t\t\t\t\t\t\t\t<\/a>\n\t\t\t\t\n\t\t\t\t\n\t\t\t<\/div>\n\n\t\t\t\t\t\t\t\t\t\t<\/div>\n\t\t\t\t\t\t\t<\/div>\n\t\t\t\t\t\t<\/div>\n\t\t\t\t\t\t\t\t\t<\/div>\n\t\t\t<\/figure>\n\t\t\n\t\t<div class=\"portfolio-info color-scheme-light\">\n\t\t\t\t\t\t\t<div class=\"wrap-meta\">\n\t\t\t\t\t<ul class=\"proj-cats-list\">\n\t\t\t\t\t\t\t\t\t\t\t\t\t\t\t\t\t\t\t\t<li>Mehr<\/li>\n\t\t\t\t\t\t\t\t\t\t\t\t\t\t\t\t\t\t\t\t<li>JAHR<\/li>\n\t\t\t\t\t\t\t\t\t\t\t\t\t\t\t\t\t\t\t\t<li>M2000<\/li>\n\t\t\t\t\t\t\t\t\t\t\t\t\t\t\t\t\t\t\t\t<li>M2012<\/li>\n\t\t\t\t\t\t\t\t\t\t\t\t\t\t\t\t\t\t\t\t<li>Metallregal<\/li>\n\t\t\t\t\t\t\t\t\t\t\t\t\t\t\t\t\t\t\t\t<li>MP2014<\/li>\n\t\t\t\t\t\t\t\t\t\t\t\t\t\t\t\t\t\t\t\t<li>SPORT<\/li>\n\t\t\t\t\t\t\t\t\t\t\t<\/ul>\n\t\t\t\t<\/div>\n\t\t\t\n\t\t\t<div class=\"wrap-title\">\n\t\t\t\t<h3 class=\"wd-entities-title\">\n\t\t\t\t\t<a href=\"https:\/\/omsi.it\/de\/portfolio\/grand-stade-dagadir-agadir-marokko\/\" rel=\"bookmark\">Grand Stade D'Agadir - Agadir, Marokko<\/a>\n\t\t\t\t<\/h3>\n\t\t\t<\/div>\n\t\t<\/div>\n\t<\/header>\n<\/article>\n\n\t\t\t\t\t\t\t\t<\/div>\n\t\t\t\t\t\t\t\t\t<\/div>\n\t\t\t\n\t\t\t\t<div class=\"vc_empty_space\"   style=\"height: 32px\"><span class=\"vc_empty_space_inner\"><\/span><\/div><\/div><\/div><\/div><\/div><div id=\"contattaci\" class=\"vc_row wpb_row vc_row-fluid\"><div class=\"wpb_column vc_column_container vc_col-sm-12\"><div class=\"vc_column-inner\"><div class=\"wpb_wrapper\"><div class=\"vc_empty_space\"   style=\"height: 32px\"><span class=\"vc_empty_space_inner\"><\/span><\/div>\n\t\t<div id=\"wd-5f228b4df145e\" class=\"title-wrapper wd-wpb wd-set-mb reset-last-child  wd-rs-5f228b4df145e wd-title-color-primary wd-title-style-simple text-center  wd-underline-colored\">\n\t\t\t\n\t\t\t<div class=\"liner-continer\">\n\t\t\t\t<h4 class=\"woodmart-title-container title  wd-font-weight- wd-fontsize-l\" >KONTAKTIEREN SIE UNS F\u00dcR BERATUNGSGESPR\u00c4CH<\/h4>\n\t\t\t\t\t\t\t<\/div>\n\t\t\t\n\t\t\t\n\t\t\t\n\t\t<\/div>\n\t\t\n\t\t<div class=\"vc_empty_space\"   style=\"height: 32px\"><span class=\"vc_empty_space_inner\"><\/span><\/div><div class=\"vc_row wpb_row vc_inner vc_row-fluid\"><div class=\"wpb_column vc_column_container vc_col-sm-12\"><div class=\"vc_column-inner\"><div class=\"wpb_wrapper\">\n<div class=\"wpcf7 no-js\" id=\"wpcf7-f608-o1\" lang=\"en-US\" dir=\"ltr\" data-wpcf7-id=\"608\">\n<div class=\"screen-reader-response\"><p role=\"status\" aria-live=\"polite\" aria-atomic=\"true\"><\/p> <ul><\/ul><\/div>\n<form action=\"\/de\/wp-json\/wp\/v2\/product\/9153#wpcf7-f608-o1\" method=\"post\" class=\"wpcf7-form init\" aria-label=\"Kontakt-Formular\" novalidate=\"novalidate\" data-status=\"init\" data-trp-original-action=\"\/de\/wp-json\/wp\/v2\/product\/9153#wpcf7-f608-o1\">\n<fieldset class=\"hidden-fields-container\"><input type=\"hidden\" name=\"_wpcf7\" value=\"608\" \/><input type=\"hidden\" name=\"_wpcf7_version\" value=\"6.1.4\" \/><input type=\"hidden\" name=\"_wpcf7_locale\" value=\"en_US\" \/><input type=\"hidden\" name=\"_wpcf7_unit_tag\" value=\"wpcf7-f608-o1\" \/><input type=\"hidden\" name=\"_wpcf7_container_post\" value=\"0\" \/><input type=\"hidden\" name=\"_wpcf7_posted_data_hash\" value=\"\" \/><input type=\"hidden\" name=\"_wpcf7_recaptcha_response\" value=\"\" \/>\n<\/fieldset>\n<div class=\"row\">\n\t<div class=\"col-md-6\" style='margin-bottom:20px;'>\n\t\t<p><label>Vor- und Nachname (erforderlich)<\/label><span class=\"wpcf7-form-control-wrap\" data-name=\"your-name\"><input size=\"40\" maxlength=\"400\" class=\"wpcf7-form-control wpcf7-text wpcf7-validates-as-required\" aria-required=\"true\" aria-invalid=\"false\" value=\"\" type=\"text\" name=\"your-name\" \/><\/span>\n\t\t<\/p>\n\t<\/div>\n\t<div class=\"col-md-6\" style='margin-bottom:20px;'>\n\t\t<p><label>E-Mail (erforderlich)<\/label><span class=\"wpcf7-form-control-wrap\" data-name=\"your-email\"><input size=\"40\" maxlength=\"400\" class=\"wpcf7-form-control wpcf7-email wpcf7-validates-as-required wpcf7-text wpcf7-validates-as-email\" aria-required=\"true\" aria-invalid=\"false\" value=\"\" type=\"email\" name=\"your-email\" \/><\/span>\n\t\t<\/p>\n\t<\/div>\n<\/div>\n<div class=\"row\">\n\t<div class=\"col-md-6\" style='margin-bottom:20px;'>\n\t\t<p><label>Telefon<\/label><span class=\"wpcf7-form-control-wrap\" data-name=\"tel-767\"><input size=\"40\" maxlength=\"400\" class=\"wpcf7-form-control wpcf7-tel wpcf7-validates-as-required wpcf7-text wpcf7-validates-as-tel\" aria-required=\"true\" aria-invalid=\"false\" value=\"\" type=\"tel\" name=\"tel-767\" \/><\/span>\n\t\t<\/p>\n\t<\/div>\n\t<div class=\"col-md-6\" style='margin-bottom:20px;'>\n\t\t<p><label>Land<\/label><span class=\"wpcf7-form-control-wrap\" data-name=\"text-300\"><input size=\"40\" maxlength=\"400\" class=\"wpcf7-form-control wpcf7-text wpcf7-validates-as-required\" aria-required=\"true\" aria-invalid=\"false\" value=\"\" type=\"text\" name=\"text-300\" \/><\/span>\n\t\t<\/p>\n\t<\/div>\n\t<div class=\"col-md-6\" style='margin-bottom:20px;'>\n\t\t<p><label>Bereich von Interesse<\/label><span class=\"wpcf7-form-control-wrap\" data-name=\"menu-880\"><select class=\"wpcf7-form-control wpcf7-select\" aria-invalid=\"false\" name=\"menu-880\"><option value=\"Sport\">Sport<\/option><option value=\"Scuola\">Schule<\/option><\/select><\/span>\n\t\t<\/p>\n\t<\/div>\n\t<div class=\"col-md-6\" style='margin-bottom:20px;'>\n\t\t<p><label>Betroffenes Produkt<\/label><span class=\"wpcf7-form-control-wrap\" data-name=\"text-301\"><input size=\"40\" maxlength=\"400\" class=\"wpcf7-form-control wpcf7-text wpcf7-validates-as-required\" aria-required=\"true\" aria-invalid=\"false\" value=\"\" type=\"text\" name=\"text-301\" \/><\/span>\n\t\t<\/p>\n\t<\/div>\n\t<div class=\"col-md-6\" style='margin-bottom:20px;'>\n\t\t<p><label>Gesellschaft<\/label><span class=\"wpcf7-form-control-wrap\" data-name=\"text-1\"><input size=\"40\" maxlength=\"400\" class=\"wpcf7-form-control wpcf7-text wpcf7-validates-as-required\" aria-required=\"true\" aria-invalid=\"false\" value=\"\" type=\"text\" name=\"text-1\" \/><\/span>\n\t\t<\/p>\n\t<\/div>\n\t<div class=\"col-md-6\" style='margin-bottom:20px;'>\n\t\t<p><label>Adresse<\/label><span class=\"wpcf7-form-control-wrap\" data-name=\"text-576\"><input size=\"40\" maxlength=\"400\" class=\"wpcf7-form-control wpcf7-text wpcf7-validates-as-required\" aria-required=\"true\" aria-invalid=\"false\" value=\"\" type=\"text\" name=\"text-576\" \/><\/span>\n\t\t<\/p>\n\t<\/div>\n<\/div>\n<p><label>Nachricht<\/label><span class=\"wpcf7-form-control-wrap\" data-name=\"your-message\"><textarea cols=\"40\" rows=\"10\" maxlength=\"2000\" class=\"wpcf7-form-control wpcf7-textarea wpcf7-validates-as-required\" aria-required=\"true\" aria-invalid=\"false\" name=\"your-message\"><\/textarea><\/span>\n<\/p>\n<p><span class=\"wpcf7-form-control-wrap\" data-name=\"acceptance-427\"><span class=\"wpcf7-form-control wpcf7-acceptance\"><span class=\"wpcf7-list-item\"><label><input type=\"checkbox\" name=\"acceptance-427\" value=\"1\" aria-invalid=\"false\" \/><span class=\"wpcf7-list-item-label\">Ich habe die Datenschutzerkl\u00e4rung gelesen und stimme der Speicherung meiner Daten gem\u00e4\u00df der Europ\u00e4ischen Verordnung zum Schutz personenbezogener Daten n. 679\/2016, GDPR.<a href=\"https:\/\/omsi.it\/wp\/wp-content\/uploads\/2021\/01\/Informativa-Contatti-SITO-rev2020.pdf\" target=\"_blank\" rel=\"nofollow noopener\">Datenschutzbestimmungen<\/a> und ich stimme der Speicherung meiner Daten gem\u00e4\u00df der Europ\u00e4ischen Datenschutzverordnung Nr. 679\/2016, GDPR, zu.<\/span><\/label><\/span><\/span><\/span>\n<\/p>\n<p><input class=\"wpcf7-form-control wpcf7-submit has-spinner btn-color-black\" type=\"submit\" value=\"SENDEN\" \/>\n<\/p><div class=\"wpcf7-response-output\" aria-hidden=\"true\"><\/div>\n<input type=\"hidden\" name=\"trp-form-language\" value=\"de\"\/><\/form>\n<\/div>\n<\/div><\/div><\/div><\/div><\/div><\/div><\/div><\/div>\n<\/div>","protected":false},"excerpt":{"rendered":"<p>Das Design des Setzstufenb\u00fcgels aus Metall wurde entwickelt um eine Alternative zur Sitzbank zu bieten, bei besonders hohe Stufen die keine Sitzh\u00f6he zwischen 400 und 450 mm zulassen. Mit dieser L\u00f6sung sind die Kosten optimisierbar sowie auch die Reinigungs Operationen da die Trittfl\u00e4che der Stufe frei bleibt. Die Vielseitigkeit erm\u00f6glicht Kompatibilit\u00e4t mit allen OMSI-Produkten; die saubere und klare Form passt perfekt zu jedem Sitz.<\/p>\n<p>Befestigung des Sitzes auf dem B\u00fcgel mit gewindefurchende Schrauben; Befestigung der Baugruppe an der Vorderseite der Stufe in 3 Punkten mit mechanischen D\u00fcbeln, Edelstahl Muttern und Unterlegscheiben.<\/p>\n<p><strong><br><\/strong><br \/>\n[table id=men_met \/]<\/p>\n<p>(Es besteht die M\u00f6glichkeit, die Gr\u00f6\u00dfe nach Bedarf zu \u00e4ndern.)<\/p>\n<p><a class=\"btn_sara\" href=\"#contattaci\">Kontaktieren sie uns<\/a><\/p>","protected":false},"featured_media":9154,"template":"","meta":[],"product_brand":[],"product_cat":[153,77,67],"product_tag":[],"class_list":{"0":"post-9153","1":"product","2":"type-product","3":"status-publish","4":"has-post-thumbnail","6":"product_cat-accessori","7":"product_cat-monoscocche","8":"product_cat-sport","10":"first","11":"instock","12":"shipping-taxable","13":"product-type-simple"},"_links":{"self":[{"href":"https:\/\/omsi.it\/de\/wp-json\/wp\/v2\/product\/9153","targetHints":{"allow":["GET"]}}],"collection":[{"href":"https:\/\/omsi.it\/de\/wp-json\/wp\/v2\/product"}],"about":[{"href":"https:\/\/omsi.it\/de\/wp-json\/wp\/v2\/types\/product"}],"wp:featuredmedia":[{"embeddable":true,"href":"https:\/\/omsi.it\/de\/wp-json\/wp\/v2\/media\/9154"}],"wp:attachment":[{"href":"https:\/\/omsi.it\/de\/wp-json\/wp\/v2\/media?parent=9153"}],"wp:term":[{"taxonomy":"product_brand","embeddable":true,"href":"https:\/\/omsi.it\/de\/wp-json\/wp\/v2\/product_brand?post=9153"},{"taxonomy":"product_cat","embeddable":true,"href":"https:\/\/omsi.it\/de\/wp-json\/wp\/v2\/product_cat?post=9153"},{"taxonomy":"product_tag","embeddable":true,"href":"https:\/\/omsi.it\/de\/wp-json\/wp\/v2\/product_tag?post=9153"}],"curies":[{"name":"wp","href":"https:\/\/api.w.org\/{rel}","templated":true}]}}