{"id":18614,"date":"2023-11-30T09:24:00","date_gmt":"2023-11-30T08:24:00","guid":{"rendered":"https:\/\/omsi.it\/wp\/?page_id=18614"},"modified":"2025-11-26T10:27:40","modified_gmt":"2025-11-26T09:27:40","slug":"el-proyecto-mas-ecologico-de-la-historia","status":"publish","type":"page","link":"https:\/\/omsi.it\/es\/el-proyecto-mas-ecologico-de-la-historia\/","title":{"rendered":"El proyecto m\u00e1s ecol\u00f3gico de la historia"},"content":{"rendered":"<div class=\"wpb-content-wrapper\"><div data-vc-full-width=\"true\" data-vc-full-width-temp=\"true\" data-vc-full-width-init=\"false\" class=\"vc_row wpb_row vc_row-fluid vc_custom_1701332062184 wd-rs-65684456c5021\"><div class=\"wpb_column vc_column_container vc_col-sm-12\"><div class=\"vc_column-inner\"><div class=\"wpb_wrapper\">\n\t\t<div id=\"wd-661664b39add9\" class=\"title-wrapper wd-wpb wd-set-mb reset-last-child  wd-rs-661664b39add9 wd-title-color-primary wd-title-style-default text-center  wd-underline-colored\">\n\t\t\t\n\t\t\t<div class=\"liner-continer\">\n\t\t\t\t<h2 class=\"woodmart-title-container title  wd-font-weight- wd-fontsize-xxl\" >OMSI REALIZA EL PROYECTO M\u00c1S ECOL\u00d3GICO DE LA HISTORIA<\/h2>\n\t\t\t\t\t\t\t<\/div>\n\t\t\t\n\t\t\t\n\t\t\t\n\t\t<\/div>\n\t\t\n\t\t\t\t<div id=\"wd-661664c1bd10c\" class=\"wd-text-block wd-wpb reset-last-child wd-rs-661664c1bd10c text-center wd-width-enabled\" style=\"--wd-max-width: 70%;\">\n\t\t\t<p class=\"translation-block\">Omsi srl es una empresa l\u00edder en la producci\u00f3n e instalaci\u00f3n de asientos que se empe\u00f1a en ofrecer un servicio eficiente en todo el mundo, con productos de calidad, ecol\u00f3gicos y respetuosos del medio ambiente, que cuentan con <strong>certificaci\u00f3n Plastica Seconda Vita y EPD Environmental Product Declaration.<\/strong><\/p>\n\t\t<\/div>\n\t\t<div class=\"vc_empty_space\"   style=\"height: 32px\"><span class=\"vc_empty_space_inner\"><\/span><\/div>\t\t<div class=\"wd-el-video wd-wpb wd-rs-65269a54b8741 wd-action-without wd-video-youtube wd-with-aspect-ratio\">\n\t\t\t\t\t\t\t<iframe src=\"https:\/\/www.youtube.com\/embed\/qfwgaHf6KT8?feature=oembed&loop=1&mute=1&controls=0&autoplay=1&playlist=qfwgaHf6KT8\" allowfullscreen allow=\"accelerometer; autoplay; encrypted-media; gyroscope; picture-in-picture\" width=\"100%\" height=\"100%\" loading=\"lazy\" aria-label=\"Reproductor de v\u00eddeo\"><\/iframe>\t\t\t\n\t\t\t\n\t\t\t\n\t\t\t\t\t<\/div>\n\t\t<div class=\"vc_empty_space\"   style=\"height: 32px\"><span class=\"vc_empty_space_inner\"><\/span><\/div><div class=\"vc_empty_space\"   style=\"height: 10px\"><span class=\"vc_empty_space_inner\"><\/span><\/div><\/div><\/div><\/div><\/div><div class=\"vc_row-full-width vc_clearfix\"><\/div><div data-vc-full-width=\"true\" data-vc-full-width-temp=\"true\" data-vc-full-width-init=\"false\" class=\"vc_row wpb_row vc_row-fluid vc_custom_1701332485031 vc_row-has-fill wd-rs-656845fea7bd8\"><div class=\"wpb_column vc_column_container vc_col-sm-12\"><div class=\"vc_column-inner\"><div class=\"wpb_wrapper\"><div class=\"vc_empty_space\"   style=\"height: 32px\"><span class=\"vc_empty_space_inner\"><\/span><\/div>\n\t\t<div id=\"wd-661664fb7baa1\" class=\"title-wrapper wd-wpb wd-set-mb reset-last-child  wd-rs-661664fb7baa1 wd-title-color-primary wd-title-style-default text-center vc_custom_1712743687020 wd-underline-colored\">\n\t\t\t\n\t\t\t<div class=\"liner-continer\">\n\t\t\t\t<h2 class=\"woodmart-title-container title  wd-font-weight- wd-fontsize-xl\" >UNA ELECCI\u00d3N CONSCIENTE<\/h2>\n\t\t\t\t\t\t\t<\/div>\n\t\t\t\n\t\t\t\n\t\t\t\n\t\t<\/div>\n\t\t\n\t\t\t\t<div id=\"wd-661664f02ef43\" class=\"wd-text-block wd-wpb reset-last-child wd-rs-661664f02ef43 text-center wd-width-enabled vc_custom_1712743671492\" style=\"--wd-max-width: 70%;\">\n\t\t\t<p class=\"translation-block\">Omsi es consciente de que la elecci\u00f3n de materiales, su fabricaci\u00f3n, construcci\u00f3n, mantenimiento, demolici\u00f3n y eliminaci\u00f3n repercuten tanto en el medio ambiente como en la salud de los usuarios, por lo que se dedica a apoyar iniciativas encaminadas a sostener y restaurar el entorno; recientemente ha participado en la renovaci\u00f3n del estadio <strong>\u00abRoi-Bauduin\u00bb de Bruselas (B\u00e9lgica).<\/strong><\/p>\n\t\t<\/div>\n\t\t<div class=\"vc_empty_space\"   style=\"height: 50px\"><span class=\"vc_empty_space_inner\"><\/span><\/div><div class=\"vc_row wpb_row vc_inner vc_row-fluid vc_custom_1697026273117 vc_column-gap-15 vc_row-o-equal-height vc_row-flex wd-rs-652690dcc71d6\"><div class=\"wpb_column vc_column_container vc_col-sm-6 vc_col-has-fill wd-rs-6526903ef3839\"><div class=\"vc_column-inner vc_custom_1697026119939\"><div class=\"wpb_wrapper\">\t\t\t<div class=\"info-box-wrapper\">\n\t\t\t\t<div id=\"wd-661666d10871d\" class=\"wd-rs-661666d10871d wd-info-box wd-wpb text-center box-icon-align-top box-style- color-scheme- wd-bg-none vc_custom_1712744164878\">\n\t\t\t\t\t\t\t\t\t\t\t<div class=\"box-icon-wrapper  box-with-icon box-icon-simple\">\n\t\t\t\t\t\t\t<div class=\"info-box-icon\">\n\n\t\t\t\t\t\t\t\n\t\t\t\t\t\t\t\t\t\t\t\t\t\t\t\t\t<div class=\"info-svg-wrapper\" style=\"width: 90px;height: 90px;\"><img wpfc-lazyload-disable=\"true\" decoding=\"async\" class=\"wd-lazy-fade\"  alt=\"reciclaje\" src=\"https:\/\/omsi.it\/wp\/wp-content\/themes\/woodmart\/images\/lazy.svg\" data-src=\"https:\/\/omsi.it\/wp\/wp-content\/uploads\/2023\/10\/recycling.svg\" title=\"reciclaje\" loading=\"lazy\" width=\"90\" height=\"90\"><\/div>\t\t\t\t\t\t\t\t\t\t\t\t\t\t\t\n\t\t\t\t\t\t\t<\/div>\n\t\t\t\t\t\t<\/div>\n\t\t\t\t\t\t\t\t\t\t<div class=\"info-box-content\">\n\t\t\t\t\t\t<div class=\"info-box-subtitle subtitle-color-default wd-fontsize-s subtitle-style-default\">FASE 1<\/div><h4 class=\"info-box-title title box-title-style-default wd-fontsize-xl\">RECICLAJE<\/h4>\t\t\t\t\t\t<div class=\"info-box-inner reset-last-child\"><\/p>\n<p style=\"text-align: left;\" class=\"translation-block\"><strong>Los asientos del estadio, aproximadamente 50.000<\/strong>\n, fueron desmontados por Omsi y entregados a un reciclador cercano, que inici\u00f3 el <strong>proceso de reciclado:<\/strong><\/p>\n<p style=\"text-align: left;\"><strong>1.<\/strong> lavado de los asientos y separaci\u00f3n de los distintos materiales seg\u00fan su naturaleza y caracter\u00edsticas t\u00e9cnicas<br \/>\n<strong>2.<\/strong> trituraci\u00f3n de los materiales<br \/>\n<strong>3.<\/strong> an\u00e1lisis de la composici\u00f3n de las escamas obtenidas<br \/>\n<strong>4.<\/strong> venta de las escamas a empresas de producci\u00f3n<br \/>\n<strong>5.<\/strong>\u00a0creaci\u00f3n de nuevos objetos con los materiales pl\u00e1sticos reciclados<\/p>\n<\/div>\n\n\t\t\t\t\t\t\t\t\t\t\t<\/div>\n\n\t\t\t\t\t\n\t\t\t\t\t\t\t\t\t<\/div>\n\t\t\t<\/div>\n\t\t<\/div><\/div><\/div><div class=\"wpb_column vc_column_container vc_col-sm-6 vc_col-has-fill wd-rs-65269059910cd\"><div class=\"vc_column-inner vc_custom_1697026148130\"><div class=\"wpb_wrapper\">\t\t\t<div class=\"info-box-wrapper\">\n\t\t\t\t<div id=\"wd-661666e92f64f\" class=\"wd-rs-661666e92f64f wd-info-box wd-wpb text-center box-icon-align-top box-style- color-scheme- wd-bg-none vc_custom_1712744181301\">\n\t\t\t\t\t\t\t\t\t\t\t<div class=\"box-icon-wrapper  box-with-icon box-icon-simple\">\n\t\t\t\t\t\t\t<div class=\"info-box-icon\">\n\n\t\t\t\t\t\t\t\n\t\t\t\t\t\t\t\t\t\t\t\t\t\t\t\t\t<div class=\"info-svg-wrapper\" style=\"width: 90px;height: 90px;\"><img wpfc-lazyload-disable=\"true\" decoding=\"async\" class=\"wd-lazy-fade\"  alt=\"sesiones\" src=\"https:\/\/omsi.it\/wp\/wp-content\/themes\/woodmart\/images\/lazy.svg\" data-src=\"https:\/\/omsi.it\/wp\/wp-content\/uploads\/2023\/10\/sedute.svg\" title=\"sesiones\" loading=\"lazy\" width=\"90\" height=\"90\"><\/div>\t\t\t\t\t\t\t\t\t\t\t\t\t\t\t\n\t\t\t\t\t\t\t<\/div>\n\t\t\t\t\t\t<\/div>\n\t\t\t\t\t\t\t\t\t\t<div class=\"info-box-content\">\n\t\t\t\t\t\t<div class=\"info-box-subtitle subtitle-color-default wd-fontsize-s subtitle-style-default\">FASE 2<\/div><h4 class=\"info-box-title title box-title-style-default wd-fontsize-xl\">LOS NUEVOS ASIENTOS<\/h4>\t\t\t\t\t\t<div class=\"info-box-inner reset-last-child\"><\/p>\n<p style=\"text-align: left;\" class=\"translation-block\">Omsi utiliz\u00f3 tecnolog\u00edas productivas de inyecci\u00f3n avanzadas para fabricar los asientos instalados en el estadio \u201cRoi-Bauduin\u201d de Bruselas. Los modelos colocados son los siguientes:<\/p>\n<ul>\n<li style=\"text-align: left;\" class=\"translation-block\"><strong>36.400<\/strong> monobloque con respaldo alto mod. <strong>M2008<\/strong>, sobre base<\/li>\n<li style=\"text-align: left;\" class=\"translation-block\"><strong>12.000<\/strong> monobloque con respaldo alto mod. <strong>M2008<\/strong>, sobre consola<\/li>\n<li style=\"text-align: left;\" class=\"translation-block\"><strong>1.200<\/strong> monobloque con respaldo alto mod. <strong>M2008<\/strong>, sobre banco<\/li>\n<li style=\"text-align: left;\" class=\"translation-block\"><strong>610<\/strong> asientos abatibles modelo <strong>Caravaggio VIP<\/strong><\/li>\n<li style=\"text-align: left;\" class=\"translation-block\"><strong>96<\/strong> asientos abatibles modelo <strong>M2013 VVIP<\/strong><\/li>\n<\/ul>\n<p>&nbsp;<\/p>\n<\/div>\n\n\t\t\t\t\t\t\t\t\t\t\t<\/div>\n\n\t\t\t\t\t\n\t\t\t\t\t\t\t\t\t<\/div>\n\t\t\t<\/div>\n\t\t<\/div><\/div><\/div><\/div><div class=\"vc_empty_space\"   style=\"height: 10px\"><span class=\"vc_empty_space_inner\"><\/span><\/div><div class=\"vc_row wpb_row vc_inner vc_row-fluid vc_custom_1697027873544 wd-rs-6526971bd2b87\"><div class=\"wpb_column vc_column_container vc_col-sm-12 vc_col-has-fill wd-rs-65268fc557382\"><div class=\"vc_column-inner vc_custom_1697025998798\"><div class=\"wpb_wrapper\">\t\t\t<div class=\"info-box-wrapper\">\n\t\t\t\t<div id=\"wd-6616673d1ac94\" class=\"wd-rs-6616673d1ac94 wd-info-box wd-wpb text-center box-icon-align-top box-style- color-scheme- wd-bg-none vc_custom_1712744266132\">\n\t\t\t\t\t\t\t\t\t\t<div class=\"info-box-content\">\n\t\t\t\t\t\t<h4 class=\"info-box-title title box-title-style-default wd-fontsize-xl\">HEMOS REDUCIDO EN UN 74,57% LA EXTRACCI\u00d3N DE MATERIAS PRIMAS DEL AMBIENTE.<\/h4>\t\t\t\t\t\t<div class=\"info-box-inner reset-last-child\"><p class=\"translation-block\">El polipropileno utilizado para estos nuevos asientos deriva de desechos de recogida post consumo e industrial; est\u00e1 <strong>certificado por IPPR (Instituto para la Promoci\u00f3n del Reciclaje de Pl\u00e1sticos)<\/strong>, da a los asientos la m\u00e1xima <strong>fiabilidad y resistencia<\/strong> y tiene un <strong>impacto ambiental m\u00ednimo<\/strong> durante todo su ciclo de vida.<\/p>\n<\/div>\n\n\t\t\t\t\t\t\t\t\t\t\t<\/div>\n\n\t\t\t\t\t\n\t\t\t\t\t\t\t\t\t<\/div>\n\t\t\t<\/div>\n\t\t\n\t<div  class=\"wpb_single_image wpb_content_element vc_align_center img-riciclo\">\n\t\t\n\t\t<figure class=\"wpb_wrapper vc_figure\">\n\t\t\t<div class=\"vc_single_image-wrapper   vc_box_border_grey\"><img wpfc-lazyload-disable=\"true\" decoding=\"async\" class=\"wd-lazy-fade vc_single_image-img\" src=\"https:\/\/omsi.it\/wp\/wp-content\/themes\/woodmart\/images\/lazy.svg\" data-src=\"https:\/\/omsi.it\/wp\/wp-content\/uploads\/2023\/10\/tabella-800x305.png\" width=\"800\" height=\"305\" alt=\"tabla\" title=\"tabla\" loading=\"lazy\" \/><\/div>\n\t\t<\/figure>\n\t<\/div>\n<\/div><\/div><\/div><\/div><div class=\"vc_empty_space\"   style=\"height: 32px\"><span class=\"vc_empty_space_inner\"><\/span><\/div><\/div><\/div><\/div><\/div><div class=\"vc_row-full-width vc_clearfix\"><\/div>\n<\/div>","protected":false},"excerpt":{"rendered":"OMSI REALIZA EL PROYECTO M\u00c1S VERDE DE LA HISTORIA Omsi srl, empresa l\u00edder en la producci\u00f3n e instalaci\u00f3n de asientos, emprende","protected":false},"author":1,"featured_media":0,"parent":0,"menu_order":0,"comment_status":"closed","ping_status":"closed","template":"","meta":{"footnotes":""},"class_list":["post-18614","page","type-page","status-publish","hentry"],"_links":{"self":[{"href":"https:\/\/omsi.it\/es\/wp-json\/wp\/v2\/pages\/18614","targetHints":{"allow":["GET"]}}],"collection":[{"href":"https:\/\/omsi.it\/es\/wp-json\/wp\/v2\/pages"}],"about":[{"href":"https:\/\/omsi.it\/es\/wp-json\/wp\/v2\/types\/page"}],"author":[{"embeddable":true,"href":"https:\/\/omsi.it\/es\/wp-json\/wp\/v2\/users\/1"}],"replies":[{"embeddable":true,"href":"https:\/\/omsi.it\/es\/wp-json\/wp\/v2\/comments?post=18614"}],"version-history":[{"count":1,"href":"https:\/\/omsi.it\/es\/wp-json\/wp\/v2\/pages\/18614\/revisions"}],"predecessor-version":[{"id":21293,"href":"https:\/\/omsi.it\/es\/wp-json\/wp\/v2\/pages\/18614\/revisions\/21293"}],"wp:attachment":[{"href":"https:\/\/omsi.it\/es\/wp-json\/wp\/v2\/media?parent=18614"}],"curies":[{"name":"wp","href":"https:\/\/api.w.org\/{rel}","templated":true}]}}