{"id":18818,"date":"2024-01-23T11:22:54","date_gmt":"2024-01-23T10:22:54","guid":{"rendered":"https:\/\/omsi.it\/wp\/?page_id=18818"},"modified":"2025-12-10T11:54:05","modified_gmt":"2025-12-10T10:54:05","slug":"sostenibilidad-nuevo","status":"publish","type":"page","link":"https:\/\/omsi.it\/es\/sostenibilidad-nuevo\/","title":{"rendered":"Sostenibilidad"},"content":{"rendered":"<div class=\"wpb-content-wrapper\"><div class=\"vc_row wpb_row vc_row-fluid wd-rs-659d51ddc68ee wd-section-stretch-content\"><div class=\"wpb_column vc_column_container vc_col-sm-12\"><div class=\"vc_column-inner\"><div class=\"wpb_wrapper\"><div class=\"vc_row wpb_row vc_inner vc_row-fluid vc_row-o-equal-height vc_row-flex wd-rs-69394e9ae9757\"><div class=\"wpb_column vc_column_container vc_col-sm-4 vc_col-has-fill wd-rs-69394ebd16280\"><div class=\"vc_column-inner vc_custom_1765363395449\"><div class=\"wpb_wrapper\">\t\t<div class=\"promo-banner-wrapper  wd-rs-69300bb734693\">\n\t\t\t<div id=\"wd-69300bb734693\" class=\"promo-banner  banner-mask banner-hover-zoom color-scheme-light banner-btn-size-default banner-btn-style-default box-sostenibilita with-btn banner-btn-position-hover wd-with-link wd-underline-colored\">\n\t\t\t\t<div class=\"main-wrapp-img\">\n\t\t\t\t\t<div class=\"banner-image wd-bg-position-center wd-without-height\" >\n\t\t\t\t\t\t<img wpfc-lazyload-disable=\"true\" loading=\"lazy\" decoding=\"async\" width=\"580\" height=\"580\" src=\"https:\/\/omsi.it\/wp\/wp-content\/uploads\/2024\/01\/UNA-SCELTA-ECOLOGICA.jpg\" class=\"attachment-800x600 size-800x600\" alt=\"UNA ELECCI\u00d3N ECOL\u00d3GICA\" \/>\t\t\t\t\t<\/div>\n\t\t\t\t<\/div>\n\n\t\t\t\t<div class=\"wrapper-content-banner wd-fill  wd-items-middle wd-justify-center\">\n\t\t\t\t\t<div class=\"content-banner  text-center\">\n\t\t\t\t\t\t<h4 class=\"banner-title wd-font-weight- wd-fontsize-xxl\">Una elecci\u00f3n ecol\u00f3gica<\/h4>\t\t\t\t\t\t\n\t\t\t\t\t\t\n\t\t\t\t\t\t<div class=\"banner-btn-wrapper\"><div id=\"wd-69d13fd4acbfc\" class=\"wd-button-wrapper text-center\"><a href=\"https:\/\/omsi.it\/es\/una-eleccion-ecologica\/\" title=\"\" target=\"_blank\" class=\"btn btn-color-primary btn-style-default btn-shape-rectangle btn-size-default\">M\u00e1s informaci\u00f3n<\/a><\/div><\/div>\t\t\t\t\t<\/div>\n\t\t\t\t<\/div>\n\n\t\t\t\t\t\t\t\t\t<a class=\"wd-promo-banner-link wd-fill\" aria-label=\"Enlaces\" href=\"https:\/\/omsi.it\/es\/una-eleccion-ecologica\/\" title=\"\" target=\"_blank\"><\/a>\n\t\t\t\t\n\t\t\t\t\t\t\t<\/div>\n\t\t<\/div>\n\n\t\t<\/div><\/div><\/div><div class=\"wpb_column vc_column_container vc_col-sm-4 vc_col-has-fill wd-enabled-flex wd-rs-69395096f3940\"><div class=\"vc_column-inner vc_custom_1765363901574\"><div class=\"wpb_wrapper\">\t\t<div class=\"promo-banner-wrapper  wd-rs-693950d7a80b3\">\n\t\t\t<div id=\"wd-693950d7a80b3\" class=\"promo-banner  banner-mask banner-hover-zoom color-scheme-light banner-btn-size-default banner-btn-style-default box-sostenibilita with-btn banner-btn-position-hover wd-with-link wd-underline-colored\">\n\t\t\t\t<div class=\"main-wrapp-img\">\n\t\t\t\t\t<div class=\"banner-image wd-bg-position-center wd-without-height\" >\n\t\t\t\t\t\t<img wpfc-lazyload-disable=\"true\" loading=\"lazy\" decoding=\"async\" width=\"580\" height=\"580\" src=\"https:\/\/omsi.it\/wp\/wp-content\/uploads\/2024\/01\/BRUXELLES.jpg\" class=\"attachment-800x600 size-800x600\" alt=\"BRUSELAS\" \/>\t\t\t\t\t<\/div>\n\t\t\t\t<\/div>\n\n\t\t\t\t<div class=\"wrapper-content-banner wd-fill  wd-items-middle wd-justify-center\">\n\t\t\t\t\t<div class=\"content-banner  text-center\">\n\t\t\t\t\t\t<h4 class=\"banner-title wd-font-weight- wd-fontsize-xxl\">El proyecto m\u00e1s ecol\u00f3gico de la historia<\/h4>\t\t\t\t\t\t\n\t\t\t\t\t\t\n\t\t\t\t\t\t<div class=\"banner-btn-wrapper\"><div id=\"wd-69d13fd4ad2aa\" class=\"wd-button-wrapper text-center\"><a href=\"https:\/\/omsi.it\/es\/wp\/el-proyecto-mas-ecologico-de-la-historia\/\" title=\"\" target=\"_blank\" class=\"btn btn-color-primary btn-style-default btn-shape-rectangle btn-size-default\">M\u00e1s informaci\u00f3n<\/a><\/div><\/div>\t\t\t\t\t<\/div>\n\t\t\t\t<\/div>\n\n\t\t\t\t\t\t\t\t\t<a class=\"wd-promo-banner-link wd-fill\" aria-label=\"Enlaces\" href=\"https:\/\/omsi.it\/es\/wp\/el-proyecto-mas-ecologico-de-la-historia\/\" title=\"\" target=\"_blank\"><\/a>\n\t\t\t\t\n\t\t\t\t\t\t\t<\/div>\n\t\t<\/div>\n\n\t\t<\/div><\/div><\/div><div class=\"wpb_column vc_column_container vc_col-sm-4 vc_col-has-fill wd-rs-69394e044bfe4\"><div class=\"vc_column-inner vc_custom_1765363319232\"><div class=\"wpb_wrapper\">\t\t<div class=\"promo-banner-wrapper  wd-rs-69300bede40f3\">\n\t\t\t<div id=\"wd-69300bede40f3\" class=\"promo-banner  banner-mask banner-hover-zoom color-scheme-light banner-btn-size-default banner-btn-style-default box-sostenibilita with-btn banner-btn-position-hover wd-with-link wd-underline-colored\">\n\t\t\t\t<div class=\"main-wrapp-img\">\n\t\t\t\t\t<div class=\"banner-image wd-bg-position-center wd-without-height\" >\n\t\t\t\t\t\t<img wpfc-lazyload-disable=\"true\" loading=\"lazy\" decoding=\"async\" width=\"580\" height=\"580\" src=\"https:\/\/omsi.it\/wp\/wp-content\/uploads\/2024\/01\/CERTIFICAZIONE-EPD.jpg\" class=\"attachment-800x600 size-800x600\" alt=\"CERTIFICACI\u00d3N EPD\" \/>\t\t\t\t\t<\/div>\n\t\t\t\t<\/div>\n\n\t\t\t\t<div class=\"wrapper-content-banner wd-fill  wd-items-middle wd-justify-center\">\n\t\t\t\t\t<div class=\"content-banner  text-center\">\n\t\t\t\t\t\t<h4 class=\"banner-title wd-font-weight- wd-fontsize-xxl\">Certificaci\u00f3n EPD<\/h4>\t\t\t\t\t\t\n\t\t\t\t\t\t\n\t\t\t\t\t\t<div class=\"banner-btn-wrapper\"><div id=\"wd-69d13fd4ad90e\" class=\"wd-button-wrapper text-center\"><a href=\"https:\/\/omsi.it\/es\/certificacion-epd\/\" title=\"\" target=\"_blank\" class=\"btn btn-color-primary btn-style-default btn-shape-rectangle btn-size-default\">M\u00e1s informaci\u00f3n<\/a><\/div><\/div>\t\t\t\t\t<\/div>\n\t\t\t\t<\/div>\n\n\t\t\t\t\t\t\t\t\t<a class=\"wd-promo-banner-link wd-fill\" aria-label=\"Enlaces\" href=\"https:\/\/omsi.it\/es\/certificacion-epd\/\" title=\"\" target=\"_blank\"><\/a>\n\t\t\t\t\n\t\t\t\t\t\t\t<\/div>\n\t\t<\/div>\n\n\t\t<\/div><\/div><\/div><\/div><\/div><\/div><\/div><\/div>\n<\/div>","protected":false},"excerpt":{"rendered":"Una elecci\u00f3n ecol\u00f3gica M\u00e1s informaci\u00f3n El proyecto m\u00e1s ecol\u00f3gico de la historia M\u00e1s informaci\u00f3n Certificaci\u00f3n EPD M\u00e1s informaci\u00f3n","protected":false},"author":1,"featured_media":0,"parent":0,"menu_order":0,"comment_status":"closed","ping_status":"closed","template":"","meta":{"footnotes":""},"class_list":["post-18818","page","type-page","status-publish","hentry"],"_links":{"self":[{"href":"https:\/\/omsi.it\/es\/wp-json\/wp\/v2\/pages\/18818","targetHints":{"allow":["GET"]}}],"collection":[{"href":"https:\/\/omsi.it\/es\/wp-json\/wp\/v2\/pages"}],"about":[{"href":"https:\/\/omsi.it\/es\/wp-json\/wp\/v2\/types\/page"}],"author":[{"embeddable":true,"href":"https:\/\/omsi.it\/es\/wp-json\/wp\/v2\/users\/1"}],"replies":[{"embeddable":true,"href":"https:\/\/omsi.it\/es\/wp-json\/wp\/v2\/comments?post=18818"}],"version-history":[{"count":5,"href":"https:\/\/omsi.it\/es\/wp-json\/wp\/v2\/pages\/18818\/revisions"}],"predecessor-version":[{"id":21300,"href":"https:\/\/omsi.it\/es\/wp-json\/wp\/v2\/pages\/18818\/revisions\/21300"}],"wp:attachment":[{"href":"https:\/\/omsi.it\/es\/wp-json\/wp\/v2\/media?parent=18818"}],"curies":[{"name":"wp","href":"https:\/\/api.w.org\/{rel}","templated":true}]}}