{"id":21191,"date":"2025-09-15T10:34:18","date_gmt":"2025-09-15T08:34:18","guid":{"rendered":"https:\/\/omsi.it\/?page_id=21191"},"modified":"2025-11-11T12:29:21","modified_gmt":"2025-11-11T11:29:21","slug":"visita-virtual-del-estadio-tanger","status":"publish","type":"page","link":"https:\/\/omsi.it\/es\/visita-virtual-del-estadio-tanger\/","title":{"rendered":"Visita virtual - Grand Stade de Tanger"},"content":{"rendered":"<div class=\"wpb-content-wrapper\"><div data-vc-full-width=\"true\" data-vc-full-width-temp=\"true\" data-vc-full-width-init=\"false\" data-vc-stretch-content=\"true\" class=\"vc_row wpb_row vc_row-fluid lista-realizzazioni vc_custom_1758010752531 vc_row-has-fill vc_row-no-padding vc_row-o-full-height vc_row-o-columns-middle vc_row-o-equal-height vc_row-o-content-middle vc_row-flex wd-rs-68c91d76dcc26 wd-section-stretch-content-no-pd\"><div class=\"wpb_column vc_column_container vc_col-sm-12 vc_col-has-fill text-center wd-rs-68c91c5cdb8e5\"><div class=\"vc_column-inner vc_custom_1758010466193\"><div class=\"wpb_wrapper\">\n\t<div class=\"wpb_raw_code wpb_raw_html wpb_content_element vc_custom_1758010410027\" >\n\t\t<div class=\"wpb_wrapper\">\n\t\t\t<iframe loading=\"lazy\"\n  src=\"https:\/\/photodaf.viewin360.co\/share\/collection\/7D098?logo=-1&info=0&fs=1&vr=1&sd=1&initload=0&thumbs=1\"\n  width=\"100%\"\n  height=\"1000\"\n  frameborder=\"0\"\n  allowfullscreen\n><\/iframe>\n\t\t<\/div>\n\t<\/div>\n<\/div><\/div><\/div><\/div><div class=\"vc_row-full-width vc_clearfix\"><\/div><div class=\"vc_row wpb_row vc_row-fluid vc_custom_1757926882871 wd-rs-68c7d5d8f0212\"><div class=\"wpb_column vc_column_container vc_col-sm-12\"><div class=\"vc_column-inner\"><div class=\"wpb_wrapper\">\n\t\t<div id=\"wd-68cbe626890e6\" class=\"title-wrapper wd-wpb wd-set-mb reset-last-child  wd-rs-68cbe626890e6 wd-title-color-primary wd-title-style-default text-left  wd-underline-colored\">\n\t\t\t\n\t\t\t<div class=\"liner-continer\">\n\t\t\t\t<h4 class=\"woodmart-title-container title  wd-font-weight- wd-fontsize-xl\" >Omsi renueva el Grand Stade de T\u00e1nger. Descubre el proyecto con el Virtual Tour.<\/h4>\n\t\t\t\t\t\t\t<\/div>\n\t\t\t\n\t\t\t\n\t\t\t\n\t\t<\/div>\n\t\t\n\t\t\t\t<div id=\"wd-68cbe66a69d94\" class=\"wd-text-block wd-wpb reset-last-child wd-rs-68cbe66a69d94 text-center wd-fontsize-m\">\n\t\t\t<p style=\"text-align: left;\" class=\"translation-block\">Por m\u00e1s de 12 millones de euros, Omsi se adjudic\u00f3 la licitaci\u00f3n para la renovaci\u00f3n radical del Grand Stade de T\u00e1nger de cara a la Copa Africana de Naciones, que se celebrar\u00e1 en Marruecos entre diciembre de 2025 y enero de 2026.\nEl objetivo de la intervenci\u00f3n fue mejorar la visibilidad y aumentar la capacidad del recinto. Con una nueva capacidad total de 75.000 asientos, el Grand Stade de T\u00e1nger est\u00e1 listo para acoger eventos de alcance mundial.<\/p>\n\t\t<\/div>\n\t\t\t\t<div id=\"wd-68c804c9b4950\" class=\"wd-text-block wd-wpb reset-last-child wd-rs-68c804c9b4950 text-center\">\n\t\t\t<blockquote class=\"\">\n<div class=\"\">\n<div class=\"\">\n<div class=\"\" dir=\"ltr\" style=\"text-align: left;\"><strong><span class=\"\">Modelos y cantidades suministrados:<\/span><\/strong><\/div>\n<ul class=\"\" style=\"text-align: left;\" data-editing-info=\"{&quot;applyListStyleFromLevel&quot;:false,&quot;unorderedStyleType&quot;:2}\">\n<li style=\"list-style-type: none;\">\n<ul class=\"\" data-editing-info=\"{&quot;applyListStyleFromLevel&quot;:false,&quot;unorderedStyleType&quot;:2}\">\n<li class=\"\">\n<div class=\"\" dir=\"ltr\" role=\"presentation\"><span class=\"\">Asiento Monobloque, M2025: <b class=\"\">unos 54.200<\/b><\/span><\/div>\n<\/li>\n<li class=\"\">\n<div class=\"translation-block\" dir=\"ltr\" role=\"presentation\">Asientos abatibles, M2023: <b class=\"\">unos 9.000<\/b><\/span><\/div>\n<\/li>\n<li class=\"\">\n<div class=\"\" dir=\"ltr\" role=\"presentation\"><span class=\"\">LEONARDO GOLD \u2013 Butaca:\u00a0<b class=\"\">unos 8.100<\/b><\/span><\/div>\n<\/li>\n<li class=\"\">\n<div class=\"translation-block\" dir=\"ltr\" role=\"presentation\">Mesas de prensa, MP2025: <b class=\"\">unos 500<\/b><\/span><\/div>\n<\/li>\n<li class=\"\">\n<div class=\"\" dir=\"ltr\" role=\"presentation\"><span class=\"\">Silla de conferencia SIGMA:<\/span><span class=\"\">\u00a0<b class=\"\">unos 1.300<\/b><\/span><\/div>\n<\/li>\n<\/ul>\n<\/li>\n<\/ul>\n<\/div>\n<\/div>\n<\/blockquote>\n<p style=\"text-align: left;\">\n\t\t<\/div>\n\t\t<\/div><\/div><\/div><\/div><div class=\"vc_row wpb_row vc_row-fluid\"><div class=\"wpb_column vc_column_container vc_col-sm-12\"><div class=\"vc_column-inner\"><div class=\"wpb_wrapper\">\n\t<div class=\"wpb_text_column wpb_content_element\" >\n\t\t<div class=\"wpb_wrapper\">\n\t\t\t\n\t\t<\/div>\n\t<\/div>\n<\/div><\/div><\/div><\/div>\n<\/div>","protected":false},"excerpt":{"rendered":"Omsi ristruttura il Grand Stade de Tanger. Scopri il progetto con il Virtual Tour. Per oltre 12 milioni di euro,","protected":false},"author":1,"featured_media":0,"parent":0,"menu_order":0,"comment_status":"closed","ping_status":"closed","template":"","meta":{"footnotes":""},"class_list":["post-21191","page","type-page","status-publish","hentry"],"_links":{"self":[{"href":"https:\/\/omsi.it\/es\/wp-json\/wp\/v2\/pages\/21191","targetHints":{"allow":["GET"]}}],"collection":[{"href":"https:\/\/omsi.it\/es\/wp-json\/wp\/v2\/pages"}],"about":[{"href":"https:\/\/omsi.it\/es\/wp-json\/wp\/v2\/types\/page"}],"author":[{"embeddable":true,"href":"https:\/\/omsi.it\/es\/wp-json\/wp\/v2\/users\/1"}],"replies":[{"embeddable":true,"href":"https:\/\/omsi.it\/es\/wp-json\/wp\/v2\/comments?post=21191"}],"version-history":[{"count":25,"href":"https:\/\/omsi.it\/es\/wp-json\/wp\/v2\/pages\/21191\/revisions"}],"predecessor-version":[{"id":21289,"href":"https:\/\/omsi.it\/es\/wp-json\/wp\/v2\/pages\/21191\/revisions\/21289"}],"wp:attachment":[{"href":"https:\/\/omsi.it\/es\/wp-json\/wp\/v2\/media?parent=21191"}],"curies":[{"name":"wp","href":"https:\/\/api.w.org\/{rel}","templated":true}]}}