{"id":996,"date":"2017-09-22T13:16:43","date_gmt":"2017-09-22T13:16:43","guid":{"rendered":"http:\/\/dummy.xtemos.com\/woodmart\/demos\/?page_id=996"},"modified":"2026-04-01T11:06:55","modified_gmt":"2026-04-01T09:06:55","slug":"quienes-somos","status":"publish","type":"page","link":"https:\/\/omsi.it\/es\/chi-siamo\/","title":{"rendered":"Qui\u00e9nes somos"},"content":{"rendered":"<div class=\"wpb-content-wrapper\"><div id=\"storia\" class=\"vc_row wpb_row vc_row-fluid vc_custom_1607510045105 vc_column-gap-20 vc_row-o-content-middle vc_row-flex\"><div class=\"wpb_column vc_column_container vc_col-sm-12 vc_col-md-6\"><div class=\"vc_column-inner\"><div class=\"wpb_wrapper\"><div class=\"vc_empty_space\"   style=\"height: 40px\"><span class=\"vc_empty_space_inner\"><\/span><\/div>\t\t<div id=\"gallery_350\" class=\"wd-images-gallery wd-wpb wd-rs-652d14a0eb855 wd-carousel-container wd-wpb\" style=\"--wd-justify-content:center;--wd-align-items:center;\">\n\t\t\t\t\t\t\t<div class=\"wd-carousel-inner\">\n\t\t\t\n\t\t\t<div class=\"wd-carousel wd-grid\"data-speed=\"5000\" data-wrap=\"yes\" data-autoplay=\"yes\" data-scroll_per_page=\"yes\" data-center_mode=\"yes\" style=\"--wd-col-lg:1;--wd-col-md:1;--wd-col-sm:1;--wd-gap-lg:0px;\">\n\t\t\t\t\t\t\t\t\t<div class=\"wd-carousel-wrap\">\n\t\t\t\t\n\t\t\t\t\t\t\t\t\t\t\t\t\t\t\t<div class=\"wd-gallery-item wd-carousel-item\">\n\t\t\t\t\t\t\t\n\t\t\t\t\t\t\t\t<img loading=\"lazy\" decoding=\"async\" width=\"1280\" height=\"855\" src=\"https:\/\/omsi.it\/wp\/wp-content\/uploads\/2020\/12\/omsi-calcio-stadio-scaled-scaled.jpg\" class=\"wd-gallery-image image-1\" alt=\"estadio de f\u00fatbol omsi a escala\" srcset=\"https:\/\/omsi.it\/wp\/wp-content\/uploads\/2020\/12\/omsi-calcio-stadio-scaled-scaled.jpg 1280w, https:\/\/omsi.it\/wp\/wp-content\/uploads\/2020\/12\/omsi-calcio-stadio-scaled-150x100.jpg 150w, https:\/\/omsi.it\/wp\/wp-content\/uploads\/2020\/12\/omsi-calcio-stadio-scaled-1200x801.jpg 1200w, https:\/\/omsi.it\/wp\/wp-content\/uploads\/2020\/12\/omsi-calcio-stadio-300x200.jpg 300w, https:\/\/omsi.it\/wp\/wp-content\/uploads\/2020\/12\/omsi-calcio-stadio-1024x684.jpg 1024w, https:\/\/omsi.it\/wp\/wp-content\/uploads\/2020\/12\/omsi-calcio-stadio-768x513.jpg 768w, https:\/\/omsi.it\/wp\/wp-content\/uploads\/2020\/12\/omsi-calcio-stadio-1536x1025.jpg 1536w, https:\/\/omsi.it\/wp\/wp-content\/uploads\/2020\/12\/omsi-calcio-stadio-2048x1367.jpg 2048w\" sizes=\"auto, (max-width: 1280px) 100vw, 1280px\" wpfc-lazyload-disable=\"true\" \/>\n\t\t\t\t\t\t\t\t\t\t\t\t\t\t<\/div>\n\t\t\t\t\t\t\t\t\t\t\t<div class=\"wd-gallery-item wd-carousel-item\">\n\t\t\t\t\t\t\t\n\t\t\t\t\t\t\t\t<img loading=\"lazy\" decoding=\"async\" width=\"1280\" height=\"853\" src=\"https:\/\/omsi.it\/wp\/wp-content\/uploads\/2020\/12\/omsi-basket-stadio-scaled-scaled.jpg\" class=\"wd-gallery-image image-2\" alt=\"estadio de baloncesto de la omsi a escala\" srcset=\"https:\/\/omsi.it\/wp\/wp-content\/uploads\/2020\/12\/omsi-basket-stadio-scaled-scaled.jpg 1280w, https:\/\/omsi.it\/wp\/wp-content\/uploads\/2020\/12\/omsi-basket-stadio-scaled-150x100.jpg 150w, https:\/\/omsi.it\/wp\/wp-content\/uploads\/2020\/12\/omsi-basket-stadio-scaled-1200x800.jpg 1200w, https:\/\/omsi.it\/wp\/wp-content\/uploads\/2020\/12\/omsi-basket-stadio-300x200.jpg 300w, https:\/\/omsi.it\/wp\/wp-content\/uploads\/2020\/12\/omsi-basket-stadio-1024x683.jpg 1024w, https:\/\/omsi.it\/wp\/wp-content\/uploads\/2020\/12\/omsi-basket-stadio-768x512.jpg 768w, https:\/\/omsi.it\/wp\/wp-content\/uploads\/2020\/12\/omsi-basket-stadio-1536x1024.jpg 1536w, https:\/\/omsi.it\/wp\/wp-content\/uploads\/2020\/12\/omsi-basket-stadio-2048x1365.jpg 2048w\" sizes=\"auto, (max-width: 1280px) 100vw, 1280px\" wpfc-lazyload-disable=\"true\" \/>\n\t\t\t\t\t\t\t\t\t\t\t\t\t\t<\/div>\n\t\t\t\t\t\t\t\t\t\t\t<div class=\"wd-gallery-item wd-carousel-item\">\n\t\t\t\t\t\t\t\n\t\t\t\t\t\t\t\t<img loading=\"lazy\" decoding=\"async\" width=\"1280\" height=\"853\" src=\"https:\/\/omsi.it\/wp\/wp-content\/uploads\/2020\/12\/omsi-scuola-scaled-scaled.jpg\" class=\"wd-gallery-image image-3\" alt=\"escuela a escala omsi\" srcset=\"https:\/\/omsi.it\/wp\/wp-content\/uploads\/2020\/12\/omsi-scuola-scaled-scaled.jpg 1280w, https:\/\/omsi.it\/wp\/wp-content\/uploads\/2020\/12\/omsi-scuola-scaled-150x100.jpg 150w, https:\/\/omsi.it\/wp\/wp-content\/uploads\/2020\/12\/omsi-scuola-scaled-1200x800.jpg 1200w, https:\/\/omsi.it\/wp\/wp-content\/uploads\/2020\/12\/omsi-scuola-300x200.jpg 300w, https:\/\/omsi.it\/wp\/wp-content\/uploads\/2020\/12\/omsi-scuola-1024x683.jpg 1024w, https:\/\/omsi.it\/wp\/wp-content\/uploads\/2020\/12\/omsi-scuola-768x512.jpg 768w, https:\/\/omsi.it\/wp\/wp-content\/uploads\/2020\/12\/omsi-scuola-1536x1024.jpg 1536w, https:\/\/omsi.it\/wp\/wp-content\/uploads\/2020\/12\/omsi-scuola-2048x1365.jpg 2048w\" sizes=\"auto, (max-width: 1280px) 100vw, 1280px\" wpfc-lazyload-disable=\"true\" \/>\n\t\t\t\t\t\t\t\t\t\t\t\t\t\t<\/div>\n\t\t\t\t\t\t\t\t\t\t\t<div class=\"wd-gallery-item wd-carousel-item\">\n\t\t\t\t\t\t\t\n\t\t\t\t\t\t\t\t<img loading=\"lazy\" decoding=\"async\" width=\"1280\" height=\"922\" src=\"https:\/\/omsi.it\/wp\/wp-content\/uploads\/2020\/12\/collettivita-scaled.jpg\" class=\"wd-gallery-image image-4\" alt=\"comunidad\" srcset=\"https:\/\/omsi.it\/wp\/wp-content\/uploads\/2020\/12\/collettivita-scaled.jpg 1280w, https:\/\/omsi.it\/wp\/wp-content\/uploads\/2020\/12\/collettivita-150x108.jpg 150w, https:\/\/omsi.it\/wp\/wp-content\/uploads\/2020\/12\/collettivita-1200x864.jpg 1200w, https:\/\/omsi.it\/wp\/wp-content\/uploads\/2020\/12\/collettivita-300x216.jpg 300w, https:\/\/omsi.it\/wp\/wp-content\/uploads\/2020\/12\/collettivita-1024x738.jpg 1024w, https:\/\/omsi.it\/wp\/wp-content\/uploads\/2020\/12\/collettivita-768x553.jpg 768w, https:\/\/omsi.it\/wp\/wp-content\/uploads\/2020\/12\/collettivita-1536x1107.jpg 1536w, https:\/\/omsi.it\/wp\/wp-content\/uploads\/2020\/12\/collettivita-2048x1475.jpg 2048w\" sizes=\"auto, (max-width: 1280px) 100vw, 1280px\" wpfc-lazyload-disable=\"true\" \/>\n\t\t\t\t\t\t\t\t\t\t\t\t\t\t<\/div>\n\t\t\t\t\t\t\t\t\t\n\t\t\t\t\t\t\t\t\t<\/div>\n\t\t\t\t\t\t\t<\/div>\n\n\t\t\t\t\t\t\t\n\t\t\t\t<\/div>\n\n\t\t\t\t\t\t<div class=\"wd-nav-pagin-wrap text-center wd-style-shape wd-hide-md-sm wd-hide-sm\">\n\t\t\t<ul class=\"wd-nav-pagin\"><\/ul>\n\t\t<\/div>\n\t\t\t\t\t\t\t\t\t\t\t<\/div>\n\t\t<\/div><\/div><\/div><div class=\"wpb_column vc_column_container vc_col-sm-12 vc_col-md-6 vc_col-xs-12 vc_col-has-fill color-scheme-dark\"><div class=\"vc_column-inner vc_custom_1505897347535\"><div class=\"wpb_wrapper\">\n\t\t<div id=\"wd-5f6b134b45222\" class=\"title-wrapper wd-wpb wd-set-mb reset-last-child  wd-rs-5f6b134b45222 wd-title-color-primary wd-title-style-simple text-left  wd-underline-colored\">\n\t\t\t\n\t\t\t<div class=\"liner-continer\">\n\t\t\t\t<h2 class=\"woodmart-title-container title  wd-font-weight- wd-fontsize-xxl\" >HISTORIA<\/h2>\n\t\t\t\t\t\t\t<\/div>\n\t\t\t\n\t\t\t\n\t\t\t\n\t\t<\/div>\n\t\t\n\t\t<div class=\"vc_row wpb_row vc_inner vc_row-fluid vc_custom_1497001704725\"><div class=\"wpb_column vc_column_container vc_col-sm-12 vc_col-lg-6 vc_col-xs-12\"><div class=\"vc_column-inner\"><div class=\"wpb_wrapper\">\n\t<div class=\"wpb_text_column wpb_content_element vc_custom_1775034346174\" >\n\t\t<div class=\"wpb_wrapper\">\n\t\t\t<h3 style=\"font-size: 16px; margin-bottom: 10px;\">65 a\u00f1os de calidad.<\/h3>\n<p>L\u00edder en mercados nacionales e internacionales, <strong>desde hace m\u00e1s de 65 a\u00f1os OMSI fabrica e instala asientos de pl\u00e1stico<\/strong><\/p>\n\n\t\t<\/div>\n\t<\/div>\n<div class=\"vc_empty_space\"   style=\"height: 15px\"><span class=\"vc_empty_space_inner\"><\/span><\/div>\n\t<div class=\"wpb_text_column wpb_content_element vc_custom_1693313311333\" >\n\t\t<div class=\"wpb_wrapper\">\n\t\t\t<h3 style=\"font-size: 16px; margin-bottom: 10px;\">Desde 1961 en Zola Predosa.<\/h3>\n<p class=\"translation-block\"><strong>Fundada en 1961 en<\/strong> <b>Zola Predosa<\/b>, zona industrial de Bologna, la empresa se ha caracterizado siempre por su esp\u00edritu ambicioso y concreto, la cual ha sido la prueba de su \u00e9xito.<\/p>\n\n\t\t<\/div>\n\t<\/div>\n<\/div><\/div><\/div><div class=\"wpb_column vc_column_container vc_col-sm-6 vc_hidden-md vc_hidden-sm vc_hidden-xs\"><div class=\"vc_column-inner vc_custom_1496236392182\"><div class=\"wpb_wrapper\">\n\t<div class=\"wpb_text_column wpb_content_element vc_custom_1693313291734\" >\n\t\t<div class=\"wpb_wrapper\">\n\t\t\t<h3 style=\"font-size: 16px; margin-bottom: 10px;\">El deporte es nuestra especialidad.<\/h3>\n<p class=\"translation-block\">Omsi es l\u00edder en el suminstro de material para estadios e instalaciones deportivas, ofreciendo solamente productos de alta calidad.<\/p>\n\n\t\t<\/div>\n\t<\/div>\n\n\t<div class=\"wpb_text_column wpb_content_element vc_custom_1693313331260\" >\n\t\t<div class=\"wpb_wrapper\">\n\t\t\t<h3 style=\"font-size: 16px; margin-bottom: 10px;\">Internacional, desde 2002.<\/h3>\n<p class=\"translation-block\">Desde 2002 Omsi ha formado parte del grupo TWINS, productor n\u00famero 1 mundial de componentes pl\u00e1sticos para asientos, y presente en los 5 continentes.<\/p>\n\n\t\t<\/div>\n\t<\/div>\n<\/div><\/div><\/div><\/div><\/div><\/div><\/div><\/div><div id=\"mission\" data-vc-full-width=\"true\" data-vc-full-width-temp=\"true\" data-vc-full-width-init=\"false\" class=\"vc_row wpb_row vc_row-fluid vc_custom_1600420494362 vc_row-has-fill\"><div class=\"wpb_column vc_column_container vc_col-sm-12\"><div class=\"vc_column-inner\"><div class=\"wpb_wrapper\">\n\t\t<div id=\"wd-5f6b13514bc3a\" class=\"title-wrapper wd-wpb wd-set-mb reset-last-child  wd-rs-5f6b13514bc3a wd-title-color-primary wd-title-style-simple text-center  wd-width-enabled wd-underline-colored\" style=\"--wd-max-width: 50%;\">\n\t\t\t\n\t\t\t<div class=\"liner-continer\">\n\t\t\t\t<h2 class=\"woodmart-title-container title  wd-font-weight- wd-fontsize-xxl\" >NUESTRA MISI\u00d3N<\/h2>\n\t\t\t\t\t\t\t<\/div>\n\t\t\t\n\t\t\t\n\t\t\t\n\t\t<\/div>\n\t\t\n\t\t\t\t\t<div id=\"wd-5fbcef9458dbd\" class=\"wd-text-block-wrapper wd-wpb wd-rs-5fbcef9458dbd color-scheme- text-center wd-width-enabled\" style=\"--wd-max-width: 70%;\">\n\t\t\t\t<div class=\"woodmart-title-container woodmart-text-block reset-last-child font-primary wd-font-weight- translation-block\"><strong>CREAR<\/strong> soluciones innovadoras y hechas a medida. Favoreciendo la calidad y dise\u00f1o, combinando altas calidades t\u00e9cnicas y sostenibles.<br>\n<strong>LLEVAR <\/strong> el estilo Italiano a todo el mundo, a trav\u00e9s de la constante evoluci\u00f3n de propuestas colaborando con prestigiosos y renombrados dise\u00f1adores.<\/div>\n\n\t\t\t\t\t\t\t<\/div>\n\t\t<div class=\"vc_empty_space\"   style=\"height: 32px\"><span class=\"vc_empty_space_inner\"><\/span><\/div><\/div><\/div><\/div><\/div><div class=\"vc_row-full-width vc_clearfix\"><\/div><div id=\"servizi\" data-vc-full-width=\"true\" data-vc-full-width-temp=\"true\" data-vc-full-width-init=\"false\" class=\"vc_row wpb_row vc_row-fluid vc_custom_1600420519461\"><div class=\"wpb_column vc_column_container vc_col-sm-12\"><div class=\"vc_column-inner\"><div class=\"wpb_wrapper\">\n\t\t<div id=\"wd-5fd0b2498f025\" class=\"title-wrapper wd-wpb wd-set-mb reset-last-child  wd-rs-5fd0b2498f025 wd-title-color-primary wd-title-style-simple text-center  wd-width-enabled wd-underline-colored\" style=\"--wd-max-width: 50%;\">\n\t\t\t\n\t\t\t<div class=\"liner-continer\">\n\t\t\t\t<h2 class=\"woodmart-title-container title  wd-font-weight- wd-fontsize-xxl\" >NUESTRA VISI\u00d3N<\/h2>\n\t\t\t\t\t\t\t<\/div>\n\t\t\t\n\t\t\t\n\t\t\t\n\t\t<\/div>\n\t\t\n\t\t<div class=\"vc_empty_space\"   style=\"height: 32px\"><span class=\"vc_empty_space_inner\"><\/span><\/div><div class=\"vc_row wpb_row vc_inner vc_row-fluid\"><div class=\"wpb_column vc_column_container vc_col-sm-6\"><div class=\"vc_column-inner\"><div class=\"wpb_wrapper\">\n\t\t<div id=\"wd-5f647874a0b35\" class=\"title-wrapper wd-wpb wd-set-mb reset-last-child  wd-rs-5f647874a0b35 wd-title-color-default wd-title-style-default text-left  wd-underline-colored\">\n\t\t\t\n\t\t\t<div class=\"liner-continer\">\n\t\t\t\t<h2 class=\"woodmart-title-container title  wd-font-weight-600 wd-fontsize-l\" >PROYECTOS A MEDIDA<\/h2>\n\t\t\t\t\t\t\t<\/div>\n\t\t\t\n\t\t\t\n\t\t\t\n\t\t<\/div>\n\t\t\n\t\t\t\t\t<div id=\"wd-64edea2857fd7\" class=\"wd-text-block-wrapper wd-wpb wd-rs-64edea2857fd7 color-scheme- text-left\">\n\t\t\t\t<div class=\"woodmart-title-container woodmart-text-block reset-last-child font-primary wd-font-weight-\">\n\t\t\t\t\t<strong>OMSI desarrolla proyectos personalizados adaptados a las necesidades del cliente<\/strong>utilizando\u00a0<strong>profesionales con experiencia en ingenier\u00eda <\/strong>y colabora con<strong> Casa de dise\u00f1o<\/strong>\u00a0mundialmente reconocidos, garantizando productos siempre conformes a la normativa vigente.<\/p>\n<p>Tras un estudio inicial de los datos de entrada y un borrador de la ficha de dise\u00f1o del producto<strong>hacemos un modelo 3D<\/strong> y posteriormente <strong>un prototipo del proyecto<\/strong> que se examinar\u00e1n desde un punto de vista funcional, t\u00e9cnico y est\u00e9tico. La siguiente etapa es <strong>el<\/strong>\u00a0<strong>realizaci\u00f3n del molde.<\/strong>\t\t\t\t<\/div>\n\n\t\t\t\t\t\t\t<\/div>\n\t\t<\/div><\/div><\/div><div class=\"wpb_column vc_column_container vc_col-sm-6\"><div class=\"vc_column-inner\"><div class=\"wpb_wrapper\">\n\t\t<div id=\"wd-5f6476de23a77\" class=\"title-wrapper wd-wpb wd-set-mb reset-last-child  wd-rs-5f6476de23a77 wd-title-color-default wd-title-style-default text-left  wd-width-enabled wd-underline-colored\" style=\"--wd-max-width: 50%;\">\n\t\t\t\n\t\t\t<div class=\"liner-continer\">\n\t\t\t\t<h2 class=\"woodmart-title-container title  wd-font-weight-600 wd-fontsize-l\" >OMSI GREEN<\/h2>\n\t\t\t\t\t\t\t<\/div>\n\t\t\t\n\t\t\t\n\t\t\t\n\t\t<\/div>\n\t\t\n\t\t\t\t\t<div id=\"wd-64edec2ada13c\" class=\"wd-text-block-wrapper wd-wpb wd-rs-64edec2ada13c color-scheme- text-left\">\n\t\t\t\t<div class=\"woodmart-title-container woodmart-text-block reset-last-child font-primary wd-font-weight-\">\n\t\t\t\t\tOMSI siempre ha hecho<strong> productos sostenibles de calidad:<\/strong>sus procesos de producci\u00f3n se basan en\u00a0<strong>tecnolog\u00edas avanzadas respetuosas con el medio ambiente<\/strong>\u00a0y, adem\u00e1s de elegir materiales sostenibles, invierte anualmente considerables fondos y recursos en la\u00a0<strong>reciclado de propileno y poliamida<\/strong>.<\/p>\n<p><strong>Podemos ocuparnos de retirar asientos usados y de dar comienzo a las fases del proceso de reciclado: <\/strong><strong>iniciar los pasos del proceso de reciclado:<\/strong><\/p>\n<ul>\n<li>lavado de asientos, separaci\u00f3n de los distintos materiales por tipo y cualidades t\u00e9cnicas<\/li>\n<li>trituraci\u00f3n de los materiales<\/li>\n<li>an\u00e1lisis de la composici\u00f3n de las escamas obtenidas<\/li>\n<li>venta de las escamas a empresas de producci\u00f3n<\/li>\n<li>creaci\u00f3n de nuevos objetos con los materiales pl\u00e1sticos reciclados<\/li>\n<\/ul>\n<p>Este tipo de proceso constituye una aplicaci\u00f3n concreta de\u00a0<strong>econom\u00eda circular<\/strong>.\t\t\t\t<\/div>\n\n\t\t\t\t\t\t\t<\/div>\n\t\t<\/div><\/div><\/div><\/div><div class=\"vc_row wpb_row vc_inner vc_row-fluid\"><div class=\"wpb_column vc_column_container vc_col-sm-6\"><div class=\"vc_column-inner\"><div class=\"wpb_wrapper\">\n\t\t<div id=\"wd-5fc8d60a7b692\" class=\"title-wrapper wd-wpb wd-set-mb reset-last-child  wd-rs-5fc8d60a7b692 wd-title-color-default wd-title-style-default text-left  wd-underline-colored\">\n\t\t\t\n\t\t\t<div class=\"liner-continer\">\n\t\t\t\t<h2 class=\"woodmart-title-container title  wd-font-weight-600 wd-fontsize-l\" >MADE IN ITALY<\/h2>\n\t\t\t\t\t\t\t<\/div>\n\t\t\t\n\t\t\t\n\t\t\t\n\t\t<\/div>\n\t\t\n\t\t\t\t\t<div id=\"wd-64edecd18fc5f\" class=\"wd-text-block-wrapper wd-wpb wd-rs-64edecd18fc5f color-scheme- text-left\">\n\t\t\t\t<div class=\"woodmart-title-container woodmart-text-block reset-last-child font-primary wd-font-weight-\">\n\t\t\t\t\t<strong>OMSI se da cuenta de su<\/strong>\u00a0<strong>productos en territorio italiano<\/strong>\u00a0y promueve el MADE IN ITALY en todo el mundo. Hacemos uso de<strong> materias primas de alta calidad <\/strong>para garantizar un producto acabado del m\u00e1s alto nivel; por esta raz\u00f3n, s\u00f3lo utilizamos\u00a0<strong>Proveedores con certificaci\u00f3n ISO 9001:2015<\/strong>.<\/p>\n<p>La producci\u00f3n se realiza mediante<strong>\u00a0maquinaria moderna de \u00faltima generaci\u00f3n<\/strong>tanto por inyecci\u00f3n como por soplado.<\/p>\n<p>Nuestro personal altamente especializado es capaz de producir miles de piezas al d\u00eda, garantizando siempre un alto nivel de calidad. Probamos la resistencia mec\u00e1nica de los productos para obtener la prueba m\u00e1s ver\u00eddica posible.\t\t\t\t<\/div>\n\n\t\t\t\t\t\t\t<\/div>\n\t\t<\/div><\/div><\/div><div class=\"wpb_column vc_column_container vc_col-sm-6\"><div class=\"vc_column-inner\"><div class=\"wpb_wrapper\">\n\t\t<div id=\"wd-5fc8d6247f3ec\" class=\"title-wrapper wd-wpb wd-set-mb reset-last-child  wd-rs-5fc8d6247f3ec wd-title-color-default wd-title-style-default text-left  wd-underline-colored\">\n\t\t\t\n\t\t\t<div class=\"liner-continer\">\n\t\t\t\t<h2 class=\"woodmart-title-container title  wd-font-weight-600 wd-fontsize-l\" >PRESENCIA GLOBAL<\/h2>\n\t\t\t\t\t\t\t<\/div>\n\t\t\t\n\t\t\t\n\t\t\t\n\t\t<\/div>\n\t\t\n\t\t\t\t\t<div id=\"wd-64edec160eae6\" class=\"wd-text-block-wrapper wd-wpb wd-rs-64edec160eae6 color-scheme- text-left\">\n\t\t\t\t<div class=\"woodmart-title-container woodmart-text-block reset-last-child font-primary wd-font-weight-\">\n\t\t\t\t\t<strong>Los asientos Omsi se instalan en el<\/strong> <strong>instalaciones deportivas<\/strong> (estadios, arenas, auditorios, piscinas, etc.). <strong>y en las instalaciones p\u00fablicas y privadas m\u00e1s prestigiosas de Italia y de todo el mundo.<\/strong><\/p>\n<p>Dondequiera que se encuentren nuestros clientes, desde hace m\u00e1s de 60 a\u00f1os podemos prestarles asistencia directamente o a trav\u00e9s de nuestra red mundial, presente en los 5 continentes, para satisfacer cualquier necesidad, tanto comercial como operativa.\t\t\t\t<\/div>\n\n\t\t\t\t\t\t\t<\/div>\n\t\t<div id=\"wd-5fce085d29c0a\" class=\"wd-rs-5fce085d29c0a  wd-button-wrapper text-left\"><a href=\"https:\/\/omsi.it\/es\/wp\/realizaciones\/\" title=\"Referencias\" class=\"btn btn-color-primary btn-style-default btn-shape-rectangle btn-size-default\">Referencias<\/a><\/div><\/div><\/div><\/div><\/div><\/div><\/div><\/div><\/div><div class=\"vc_row-full-width vc_clearfix\"><\/div>\n<\/div>","protected":false},"excerpt":{"rendered":"LA STORIA DI OMSI 65 anni di qualit\u00e0. Leader nei mercati nazionali e internazionali, da oltre 65 anni OMSI si","protected":false},"author":1,"featured_media":0,"parent":0,"menu_order":0,"comment_status":"closed","ping_status":"closed","template":"","meta":{"footnotes":""},"class_list":["post-996","page","type-page","status-publish","hentry"],"_links":{"self":[{"href":"https:\/\/omsi.it\/es\/wp-json\/wp\/v2\/pages\/996","targetHints":{"allow":["GET"]}}],"collection":[{"href":"https:\/\/omsi.it\/es\/wp-json\/wp\/v2\/pages"}],"about":[{"href":"https:\/\/omsi.it\/es\/wp-json\/wp\/v2\/types\/page"}],"author":[{"embeddable":true,"href":"https:\/\/omsi.it\/es\/wp-json\/wp\/v2\/users\/1"}],"replies":[{"embeddable":true,"href":"https:\/\/omsi.it\/es\/wp-json\/wp\/v2\/comments?post=996"}],"version-history":[{"count":2,"href":"https:\/\/omsi.it\/es\/wp-json\/wp\/v2\/pages\/996\/revisions"}],"predecessor-version":[{"id":21540,"href":"https:\/\/omsi.it\/es\/wp-json\/wp\/v2\/pages\/996\/revisions\/21540"}],"wp:attachment":[{"href":"https:\/\/omsi.it\/es\/wp-json\/wp\/v2\/media?parent=996"}],"curies":[{"name":"wp","href":"https:\/\/api.w.org\/{rel}","templated":true}]}}