{"id":19632,"date":"2024-08-09T09:21:59","date_gmt":"2024-08-09T07:21:59","guid":{"rendered":"https:\/\/omsi.it\/wp\/?post_type=product&#038;p=19632"},"modified":"2025-11-11T12:58:50","modified_gmt":"2025-11-11T11:58:50","slug":"pequeno-diamante","status":"publish","type":"product","link":"https:\/\/omsi.it\/es\/producto\/pequeno-diamante\/","title":{"rendered":"LITTLE DIAMOND \u2013 Silla para guarder\u00edas y preescolar"},"content":{"rendered":"<div class=\"wpb-content-wrapper\"><div class=\"vc_row wpb_row vc_row-fluid\"><div class=\"wpb_column vc_column_container vc_col-sm-12\"><div class=\"vc_column-inner\"><div class=\"wpb_wrapper\"><div class=\"vc_empty_space\"   style=\"height: 32px\"><span class=\"vc_empty_space_inner\"><\/span><\/div>\n\t\t<div id=\"wd-5f228ce5af0f7\" class=\"title-wrapper wd-wpb wd-set-mb reset-last-child  wd-rs-5f228ce5af0f7 wd-title-color-primary wd-title-style-simple text-center  wd-underline-colored\">\n\t\t\t\n\t\t\t<div class=\"liner-continer\">\n\t\t\t\t<h4 class=\"woodmart-title-container title  wd-font-weight- wd-fontsize-l\" >CONFIGURACI\u00d3N<\/h4>\n\t\t\t\t\t\t\t<\/div>\n\t\t\t\n\t\t\t\n\t\t\t\n\t\t<\/div>\n\t\t\n\t\t<div class=\"vc_empty_space\"   style=\"height: 32px\"><span class=\"vc_empty_space_inner\"><\/span><\/div><\/div><\/div><\/div><\/div><div class=\"vc_row wpb_row vc_row-fluid vc_custom_1596099963870 vc_row-o-equal-height vc_row-o-content-middle vc_row-flex\"><div class=\"wpb_column vc_column_container vc_col-sm-12\"><div class=\"vc_column-inner\"><div class=\"wpb_wrapper\"><div class=\"vc_row wpb_row vc_inner vc_row-fluid\"><div class=\"wpb_column vc_column_container vc_col-sm-12\"><div class=\"vc_column-inner\"><div class=\"wpb_wrapper\">\t\t<div id=\"gallery_510\" class=\"wd-images-gallery wd-wpb wd-rs-67064154acf9b photoswipe-images\" style=\"--wd-justify-content:center;--wd-align-items:center;\">\n\t\t\t\n\t\t\t<div class=\"wd-grid-f-col wd-masonry\" style=\"--wd-col-lg:4;--wd-col-md:4;--wd-col-sm:1;--wd-gap-lg:0px;\">\n\t\t\t\t\n\t\t\t\t\t\t\t\t\t\t\t\t\t\t\t<div class=\"wd-gallery-item wd-col\">\n\t\t\t\t\t\t\t\t\t\t\t\t\t\t<a href=\"https:\/\/omsi.it\/wp\/wp-content\/uploads\/2024\/08\/Diamond_con-banco-scaled.jpg\" data-elementor-open-lightbox=\"no\" data-index=\"1\" data-width=\"1280\" data-height=\"919\" \n\t\t\t\t\t\t\t\t\t\t\t\t >\n\t\t\t\t\t\t\t\t\n\t\t\t\t\t\t\t\t<img loading=\"lazy\" decoding=\"async\" width=\"1280\" height=\"919\" src=\"https:\/\/omsi.it\/wp\/wp-content\/uploads\/2024\/08\/Diamond_con-banco-scaled.jpg\" class=\"wd-gallery-image image-1\" alt=\"Diamante con banco\" srcset=\"https:\/\/omsi.it\/wp\/wp-content\/uploads\/2024\/08\/Diamond_con-banco-scaled.jpg 1280w, https:\/\/omsi.it\/wp\/wp-content\/uploads\/2024\/08\/Diamond_con-banco-300x215.jpg 300w, https:\/\/omsi.it\/wp\/wp-content\/uploads\/2024\/08\/Diamond_con-banco-1024x735.jpg 1024w, https:\/\/omsi.it\/wp\/wp-content\/uploads\/2024\/08\/Diamond_con-banco-768x551.jpg 768w, https:\/\/omsi.it\/wp\/wp-content\/uploads\/2024\/08\/Diamond_con-banco-1536x1102.jpg 1536w, https:\/\/omsi.it\/wp\/wp-content\/uploads\/2024\/08\/Diamond_con-banco-1200x861.jpg 1200w, https:\/\/omsi.it\/wp\/wp-content\/uploads\/2024\/08\/Diamond_con-banco-150x108.jpg 150w\" sizes=\"auto, (max-width: 1280px) 100vw, 1280px\" wpfc-lazyload-disable=\"true\" \/>\n\t\t\t\t\t\t\t\t\t\t\t\t\t\t\t<\/a>\n\t\t\t\t\t\t\t\t\t\t\t\t<\/div>\n\t\t\t\t\t\t\t\t\t\t\t<div class=\"wd-gallery-item wd-col\">\n\t\t\t\t\t\t\t\t\t\t\t\t\t\t<a href=\"https:\/\/omsi.it\/wp\/wp-content\/uploads\/2024\/08\/Diamond_ambientazione-scaled.jpg\" data-elementor-open-lightbox=\"no\" data-index=\"2\" data-width=\"1280\" data-height=\"919\" \n\t\t\t\t\t\t\t\t\t\t\t\t >\n\t\t\t\t\t\t\t\t\n\t\t\t\t\t\t\t\t<img loading=\"lazy\" decoding=\"async\" width=\"1280\" height=\"919\" src=\"https:\/\/omsi.it\/wp\/wp-content\/uploads\/2024\/08\/Diamond_ambientazione-scaled.jpg\" class=\"wd-gallery-image image-2\" alt=\"Engaste de diamantes\" srcset=\"https:\/\/omsi.it\/wp\/wp-content\/uploads\/2024\/08\/Diamond_ambientazione-scaled.jpg 1280w, https:\/\/omsi.it\/wp\/wp-content\/uploads\/2024\/08\/Diamond_ambientazione-300x215.jpg 300w, https:\/\/omsi.it\/wp\/wp-content\/uploads\/2024\/08\/Diamond_ambientazione-1024x735.jpg 1024w, https:\/\/omsi.it\/wp\/wp-content\/uploads\/2024\/08\/Diamond_ambientazione-768x551.jpg 768w, https:\/\/omsi.it\/wp\/wp-content\/uploads\/2024\/08\/Diamond_ambientazione-1536x1102.jpg 1536w, https:\/\/omsi.it\/wp\/wp-content\/uploads\/2024\/08\/Diamond_ambientazione-1200x861.jpg 1200w, https:\/\/omsi.it\/wp\/wp-content\/uploads\/2024\/08\/Diamond_ambientazione-150x108.jpg 150w\" sizes=\"auto, (max-width: 1280px) 100vw, 1280px\" wpfc-lazyload-disable=\"true\" \/>\n\t\t\t\t\t\t\t\t\t\t\t\t\t\t\t<\/a>\n\t\t\t\t\t\t\t\t\t\t\t\t<\/div>\n\t\t\t\t\t\t\t\t\t\t\t<div class=\"wd-gallery-item wd-col\">\n\t\t\t\t\t\t\t\t\t\t\t\t\t\t<a href=\"https:\/\/omsi.it\/wp\/wp-content\/uploads\/2024\/10\/composIzione-LIttleDiamond-1-2.jpg\" data-elementor-open-lightbox=\"no\" data-index=\"3\" data-width=\"567\" data-height=\"434\" \n\t\t\t\t\t\t\t\t\t\t\t\t >\n\t\t\t\t\t\t\t\t\n\t\t\t\t\t\t\t\t<img loading=\"lazy\" decoding=\"async\" width=\"567\" height=\"434\" src=\"https:\/\/omsi.it\/wp\/wp-content\/uploads\/2024\/10\/composIzione-LIttleDiamond-1-2.jpg\" class=\"wd-gallery-image image-3\" alt=\"ComposiCi\u00f3n LIttleDiamond 1 2\" srcset=\"https:\/\/omsi.it\/wp\/wp-content\/uploads\/2024\/10\/composIzione-LIttleDiamond-1-2.jpg 567w, https:\/\/omsi.it\/wp\/wp-content\/uploads\/2024\/10\/composIzione-LIttleDiamond-1-2-300x230.jpg 300w, https:\/\/omsi.it\/wp\/wp-content\/uploads\/2024\/10\/composIzione-LIttleDiamond-1-2-150x115.jpg 150w\" sizes=\"auto, (max-width: 567px) 100vw, 567px\" wpfc-lazyload-disable=\"true\" \/>\n\t\t\t\t\t\t\t\t\t\t\t\t\t\t\t<\/a>\n\t\t\t\t\t\t\t\t\t\t\t\t<\/div>\n\t\t\t\t\t\t\t\t\t\n\t\t\t\t\t\t\t<\/div>\n\n\t\t\t\t\t<\/div>\n\t\t<\/div><\/div><\/div><\/div><\/div><\/div><\/div><\/div><div id=\"contattaci\" class=\"vc_row wpb_row vc_row-fluid\"><div class=\"wpb_column vc_column_container vc_col-sm-12\"><div class=\"vc_column-inner\"><div class=\"wpb_wrapper\"><div class=\"vc_empty_space\"   style=\"height: 32px\"><span class=\"vc_empty_space_inner\"><\/span><\/div>\n\t\t<div id=\"wd-5f228ced8e882\" class=\"title-wrapper wd-wpb wd-set-mb reset-last-child  wd-rs-5f228ced8e882 wd-title-color-primary wd-title-style-simple text-center  wd-underline-colored\">\n\t\t\t\n\t\t\t<div class=\"liner-continer\">\n\t\t\t\t<h4 class=\"woodmart-title-container title  wd-font-weight- wd-fontsize-l\" >CONT\u00c1CTENOS<\/h4>\n\t\t\t\t\t\t\t<\/div>\n\t\t\t\n\t\t\t\n\t\t\t\n\t\t<\/div>\n\t\t\n\t\t<div class=\"vc_empty_space\"   style=\"height: 32px\"><span class=\"vc_empty_space_inner\"><\/span><\/div><div class=\"vc_row wpb_row vc_inner vc_row-fluid\"><div class=\"wpb_column vc_column_container vc_col-sm-12\"><div class=\"vc_column-inner\"><div class=\"wpb_wrapper\">\n<div class=\"wpcf7 no-js\" id=\"wpcf7-f608-o1\" lang=\"en-US\" dir=\"ltr\" data-wpcf7-id=\"608\">\n<div class=\"screen-reader-response\"><p role=\"status\" aria-live=\"polite\" aria-atomic=\"true\"><\/p> <ul><\/ul><\/div>\n<form action=\"\/es\/wp-json\/wp\/v2\/product\/19632#wpcf7-f608-o1\" method=\"post\" class=\"wpcf7-form init\" aria-label=\"Contact form\" novalidate=\"novalidate\" data-status=\"init\" data-trp-original-action=\"\/es\/wp-json\/wp\/v2\/product\/19632#wpcf7-f608-o1\">\n<fieldset class=\"hidden-fields-container\"><input type=\"hidden\" name=\"_wpcf7\" value=\"608\" \/><input type=\"hidden\" name=\"_wpcf7_version\" value=\"6.1.4\" \/><input type=\"hidden\" name=\"_wpcf7_locale\" value=\"en_US\" \/><input type=\"hidden\" name=\"_wpcf7_unit_tag\" value=\"wpcf7-f608-o1\" \/><input type=\"hidden\" name=\"_wpcf7_container_post\" value=\"0\" \/><input type=\"hidden\" name=\"_wpcf7_posted_data_hash\" value=\"\" \/><input type=\"hidden\" name=\"_wpcf7_recaptcha_response\" value=\"\" \/>\n<\/fieldset>\n<div class=\"row\">\n\t<div class=\"col-md-6\" style='margin-bottom:20px;'>\n\t\t<p><label>Nombre y Apellido (requerido)<\/label><span class=\"wpcf7-form-control-wrap\" data-name=\"your-name\"><input size=\"40\" maxlength=\"400\" class=\"wpcf7-form-control wpcf7-text wpcf7-validates-as-required\" aria-required=\"true\" aria-invalid=\"false\" value=\"\" type=\"text\" name=\"your-name\" \/><\/span>\n\t\t<\/p>\n\t<\/div>\n\t<div class=\"col-md-6\" style='margin-bottom:20px;'>\n\t\t<p><label>Email (requerido)<\/label><span class=\"wpcf7-form-control-wrap\" data-name=\"your-email\"><input size=\"40\" maxlength=\"400\" class=\"wpcf7-form-control wpcf7-email wpcf7-validates-as-required wpcf7-text wpcf7-validates-as-email\" aria-required=\"true\" aria-invalid=\"false\" value=\"\" type=\"email\" name=\"your-email\" \/><\/span>\n\t\t<\/p>\n\t<\/div>\n<\/div>\n<div class=\"row\">\n\t<div class=\"col-md-6\" style='margin-bottom:20px;'>\n\t\t<p><label>Tel\u00e9fono<\/label><span class=\"wpcf7-form-control-wrap\" data-name=\"tel-767\"><input size=\"40\" maxlength=\"400\" class=\"wpcf7-form-control wpcf7-tel wpcf7-validates-as-required wpcf7-text wpcf7-validates-as-tel\" aria-required=\"true\" aria-invalid=\"false\" value=\"\" type=\"tel\" name=\"tel-767\" \/><\/span>\n\t\t<\/p>\n\t<\/div>\n\t<div class=\"col-md-6\" style='margin-bottom:20px;'>\n\t\t<p><label>Pa\u00eds<\/label><span class=\"wpcf7-form-control-wrap\" data-name=\"text-300\"><input size=\"40\" maxlength=\"400\" class=\"wpcf7-form-control wpcf7-text wpcf7-validates-as-required\" aria-required=\"true\" aria-invalid=\"false\" value=\"\" type=\"text\" name=\"text-300\" \/><\/span>\n\t\t<\/p>\n\t<\/div>\n\t<div class=\"col-md-6\" style='margin-bottom:20px;'>\n\t\t<p><label>\u00c1rea de inter\u00e9s<\/label><span class=\"wpcf7-form-control-wrap\" data-name=\"menu-880\"><select class=\"wpcf7-form-control wpcf7-select\" aria-invalid=\"false\" name=\"menu-880\"><option value=\"Sport\">Sport<\/option><option value=\"Scuola\">Escuelas<\/option><\/select><\/span>\n\t\t<\/p>\n\t<\/div>\n\t<div class=\"col-md-6\" style='margin-bottom:20px;'>\n\t\t<p><label>Producto afectado<\/label><span class=\"wpcf7-form-control-wrap\" data-name=\"text-301\"><input size=\"40\" maxlength=\"400\" class=\"wpcf7-form-control wpcf7-text wpcf7-validates-as-required\" aria-required=\"true\" aria-invalid=\"false\" value=\"\" type=\"text\" name=\"text-301\" \/><\/span>\n\t\t<\/p>\n\t<\/div>\n\t<div class=\"col-md-6\" style='margin-bottom:20px;'>\n\t\t<p><label>Empresa<\/label><span class=\"wpcf7-form-control-wrap\" data-name=\"text-1\"><input size=\"40\" maxlength=\"400\" class=\"wpcf7-form-control wpcf7-text wpcf7-validates-as-required\" aria-required=\"true\" aria-invalid=\"false\" value=\"\" type=\"text\" name=\"text-1\" \/><\/span>\n\t\t<\/p>\n\t<\/div>\n\t<div class=\"col-md-6\" style='margin-bottom:20px;'>\n\t\t<p><label>Direcci\u00f3n<\/label><span class=\"wpcf7-form-control-wrap\" data-name=\"text-576\"><input size=\"40\" maxlength=\"400\" class=\"wpcf7-form-control wpcf7-text wpcf7-validates-as-required\" aria-required=\"true\" aria-invalid=\"false\" value=\"\" type=\"text\" name=\"text-576\" \/><\/span>\n\t\t<\/p>\n\t<\/div>\n<\/div>\n<p><label>Mensaje<\/label><span class=\"wpcf7-form-control-wrap\" data-name=\"your-message\"><textarea cols=\"40\" rows=\"10\" maxlength=\"2000\" class=\"wpcf7-form-control wpcf7-textarea wpcf7-validates-as-required\" aria-required=\"true\" aria-invalid=\"false\" name=\"your-message\"><\/textarea><\/span>\n<\/p>\n<p><span class=\"wpcf7-form-control-wrap\" data-name=\"acceptance-427\"><span class=\"wpcf7-form-control wpcf7-acceptance\"><span class=\"wpcf7-list-item\"><label><input type=\"checkbox\" name=\"acceptance-427\" value=\"1\" aria-invalid=\"false\" \/><span class=\"wpcf7-list-item-label\">He le\u00eddo el<a href=\"https:\/\/omsi.it\/wp\/wp-content\/uploads\/2021\/01\/Informativa-Contatti-SITO-rev2020.pdf\" target=\"_blank\" rel=\"nofollow noopener\">aviso de privacidad<\/a> y acepto el almacenamiento de mis datos seg\u00fan lo dispuesto por la normativa europea para la protecci\u00f3n de datos personales n.679 \/ GDPR, GDPR<\/span><\/label><\/span><\/span><\/span>\n<\/p>\n<p><input class=\"wpcf7-form-control wpcf7-submit has-spinner btn-color-black\" type=\"submit\" value=\"ENVIAR\" \/>\n<\/p><div class=\"wpcf7-response-output\" aria-hidden=\"true\"><\/div>\n<input type=\"hidden\" name=\"trp-form-language\" value=\"es\"\/><\/form>\n<\/div>\n<\/div><\/div><\/div><\/div><\/div><\/div><\/div><\/div>\n<\/div>","protected":false},"excerpt":{"rendered":"<p class=\"p1 translation-block\">La silla <b>LITTLE DIAMOND <\/b>est\u00e1 fabricada en polipropileno reciclado de colores a prueba de ara\u00f1azos, no t\u00f3xico e hipoalerg\u00e9nico, y es ideal para guarder\u00edas y centros preescolares<\/p>\n<p class=\"p1\">Ligera, f\u00e1cil de manejar, con un dise\u00f1o moderno y bordes redondeados para evitar traumatismos en caso de impacto, es f\u00e1cilmente lavable y resistente a los \u00e1cidos.<\/p>\n<p class=\"p2\">Su forma ergon\u00f3mica favorece las l\u00edneas naturales del cuerpo, fomentando una postura correcta y c\u00f3moda. Disponible en una amplia gama de colores.<\/p>\n<p class=\"translation-block\">Dimensiones: cm 37 x 41 x h 51\/56<br>\nAltura de la silla: cm 26\/31<\/p>\n<p><a href=\"https:\/\/omsi.it\/es\/wp\/sostenibilita\/?lang=en\">Pl\u00e1stico reciclado <\/a><a href=\"https:\/\/omsi.it\/es\/wp\/sostenibilita\/?lang=en\"><img decoding=\"async\" class=\"seconda_vita\" src=\"https:\/\/omsi.it\/wp\/wp-content\/uploads\/2020\/08\/plastica-seconda-vita-omsi.png\" \/><\/a><\/p>\n<p><a class=\"btn_sara\" href=\"#contattaci\">CONT\u00c1CTENOS<\/a><\/p>","protected":false},"featured_media":19637,"template":"","meta":[],"product_brand":[],"product_cat":[89,69,90,68,377,92],"product_tag":[],"class_list":{"0":"post-19632","1":"product","2":"type-product","3":"status-publish","4":"has-post-thumbnail","6":"product_cat-arredamento","7":"product_cat-green","8":"product_cat-nido-infanzia","9":"product_cat-scuola","10":"product_cat-scuola-2","11":"product_cat-sedie","13":"first","14":"instock","15":"shipping-taxable","16":"product-type-simple"},"_links":{"self":[{"href":"https:\/\/omsi.it\/es\/wp-json\/wp\/v2\/product\/19632","targetHints":{"allow":["GET"]}}],"collection":[{"href":"https:\/\/omsi.it\/es\/wp-json\/wp\/v2\/product"}],"about":[{"href":"https:\/\/omsi.it\/es\/wp-json\/wp\/v2\/types\/product"}],"wp:featuredmedia":[{"embeddable":true,"href":"https:\/\/omsi.it\/es\/wp-json\/wp\/v2\/media\/19637"}],"wp:attachment":[{"href":"https:\/\/omsi.it\/es\/wp-json\/wp\/v2\/media?parent=19632"}],"wp:term":[{"taxonomy":"product_brand","embeddable":true,"href":"https:\/\/omsi.it\/es\/wp-json\/wp\/v2\/product_brand?post=19632"},{"taxonomy":"product_cat","embeddable":true,"href":"https:\/\/omsi.it\/es\/wp-json\/wp\/v2\/product_cat?post=19632"},{"taxonomy":"product_tag","embeddable":true,"href":"https:\/\/omsi.it\/es\/wp-json\/wp\/v2\/product_tag?post=19632"}],"curies":[{"name":"wp","href":"https:\/\/api.w.org\/{rel}","templated":true}]}}