{"id":13840,"date":"2021-02-12T11:44:52","date_gmt":"2021-02-12T10:44:52","guid":{"rendered":"https:\/\/omsi.it\/wp\/?page_id=13840"},"modified":"2021-02-12T12:07:35","modified_gmt":"2021-02-12T11:07:35","slug":"404-non-trouve","status":"publish","type":"page","link":"https:\/\/omsi.it\/fr\/404-non-trouve\/","title":{"rendered":"404 - Non trouv\u00e9"},"content":{"rendered":"<div class=\"wpb-content-wrapper\"><div class=\"vc_row wpb_row vc_row-fluid vc_custom_1613126979645\"><div class=\"wpb_column vc_column_container vc_col-sm-12 text-center\"><div class=\"vc_column-inner\"><div class=\"wpb_wrapper\"><div class=\"vc_empty_space\"   style=\"height: 40px\"><span class=\"vc_empty_space_inner\"><\/span><\/div>\n\t\t<div id=\"wd-60265bb05f914\" class=\"title-wrapper wd-wpb wd-set-mb reset-last-child  wd-rs-60265bb05f914 wd-title-color-primary wd-title-style-simple text-center  wd-underline-colored\">\n\t\t\t\n\t\t\t<div class=\"liner-continer\">\n\t\t\t\t<h4 class=\"woodmart-title-container title  wd-font-weight- wd-fontsize-l\" >PAGE NON TROUV\u00c9E<\/h4>\n\t\t\t\t\t\t\t<\/div>\n\t\t\t\n\t\t\t\n\t\t\t\n\t\t<\/div>\n\t\t\n\t\t\t\t\t<div id=\"wd-6026616eade6c\" class=\"wd-text-block-wrapper wd-wpb wd-rs-6026616eade6c color-scheme-dark text-center\">\n\t\t\t\t<div class=\"woodmart-title-container woodmart-text-block reset-last-child font-primary wd-font-weight-300 wd-fontsize-m\">\n\t\t\t\t\tIl semble que cette page n'existe plus ou qu'elle ait chang\u00e9 de nom.<br \/>\nEssayez de taper le contenu que vous recherchez ci-dessous :\t\t\t\t<\/div>\n\n\t\t\t\t\t\t\t<\/div>\n\t\t<div class=\"vc_row wpb_row vc_inner vc_row-fluid\"><div class=\"wpb_column vc_column_container vc_col-sm-12\"><div class=\"vc_column-inner\"><div class=\"wpb_wrapper\">\t\t\t<div class=\"wd-el-search wd-wpb woodmart-ajax-search  wd-color-dark\">\n\t\t\t\t<div class=\"wd-search-form\">\n\n<form role=\"search\" method=\"get\" class=\"searchform  wd-with-cat wd-style-default wd-cat-style-bordered woodmart-ajax-search\" action=\"https:\/\/omsi.it\/fr\/\"  data-thumbnail=\"1\" data-price=\"0\" data-post_type=\"product\" data-count=\"10\" data-sku=\"0\" data-symbols_count=\"3\" data-include_cat_search=\"no\" autocomplete=\"off\" data-trp-original-action=\"https:\/\/omsi.it\/fr\/\">\n\t<input type=\"text\" class=\"s\" placeholder=\"Search for products\" value=\"\" name=\"s\" aria-label=\"Search\" title=\"Search for products\" required>\n\t<input type=\"hidden\" name=\"post_type\" value=\"product\">\n\n\t<span tabindex=\"0\" aria-label=\"Clear search\" class=\"wd-clear-search wd-role-btn wd-hide\"><\/span>\n\n\t\t\t\t\t\t<div class=\"wd-search-cat wd-event-click wd-scroll\">\n\t\t\t\t<input type=\"hidden\" name=\"product_cat\" value=\"0\" disabled>\n\t\t\t\t<div tabindex=\"0\" class=\"wd-search-cat-btn wd-role-btn\" aria-label=\"Select category\" rel=\"nofollow\" data-val=\"0\">\n\t\t\t\t\t<span>Select category<\/span>\n\t\t\t\t<\/div>\n\t\t\t\t<div class=\"wd-dropdown wd-dropdown-search-cat wd-dropdown-menu wd-scroll-content wd-design-default color-scheme-dark\">\n\t\t\t\t\t<ul class=\"wd-sub-menu\">\n\t\t\t\t\t\t<li style=\"display:none;\"><a href=\"#\" data-val=\"0\">Select category<\/a><\/li>\n\t\t\t\t\t\t\t<li class=\"cat-item cat-item-69\"><a class=\"pf-value\" href=\"https:\/\/omsi.it\/fr\/categorie-produit\/green\/\" data-val=\"green\" data-title=\"Green\" >Green<\/a>\n<ul class='children'>\n\t<li class=\"cat-item cat-item-377\"><a class=\"pf-value\" href=\"https:\/\/omsi.it\/fr\/categorie-produit\/green\/ecole-2\/\" data-val=\"scuola-2\" data-title=\"Scuola\" >\u00c9cole<\/a>\n<\/li>\n\t<li class=\"cat-item cat-item-378\"><a class=\"pf-value\" href=\"https:\/\/omsi.it\/fr\/categorie-produit\/green\/sport-2\/\" data-val=\"sport-2\" data-title=\"Sport\" >Sport<\/a>\n<\/li>\n<\/ul>\n<\/li>\n\t<li class=\"cat-item cat-item-68\"><a class=\"pf-value\" href=\"https:\/\/omsi.it\/fr\/categorie-produit\/lecole\/\" data-val=\"scuola\" data-title=\"Scuola\" >\u00c9cole<\/a>\n<ul class='children'>\n\t<li class=\"cat-item cat-item-89\"><a class=\"pf-value\" href=\"https:\/\/omsi.it\/fr\/categorie-produit\/lecole\/ameublement\/\" data-val=\"arredamento\" data-title=\"Arredamento\" >Ameublement<\/a>\n\t<ul class='children'>\n\t<li class=\"cat-item cat-item-90\"><a class=\"pf-value\" href=\"https:\/\/omsi.it\/fr\/categorie-produit\/lecole\/ameublement\/creche-maternelle\/\" data-val=\"nido-infanzia\" data-title=\"Nido\/Infanzia\" >Cr\u00e8che\/Maternelle<\/a>\n\t\t<ul class='children'>\n\t<li class=\"cat-item cat-item-174\"><a class=\"pf-value\" href=\"https:\/\/omsi.it\/fr\/categorie-produit\/lecole\/ameublement\/creche-maternelle\/accessoires-de-puericulture\/\" data-val=\"accessori-nido-infanzia\" data-title=\"Accessori\" >Accessoires<\/a>\n<\/li>\n\t<li class=\"cat-item cat-item-93\"><a class=\"pf-value\" href=\"https:\/\/omsi.it\/fr\/categorie-produit\/lecole\/ameublement\/creche-maternelle\/bureaux\/\" data-val=\"banchi\" data-title=\"Banchi\" >Bancs d\u2019\u00e9cole<\/a>\n<\/li>\n\t<li class=\"cat-item cat-item-171\"><a class=\"pf-value\" href=\"https:\/\/omsi.it\/fr\/categorie-produit\/lecole\/ameublement\/creche-maternelle\/berceau\/\" data-val=\"brandina\" data-title=\"Brandina\" >Lit d\u2019enfants<\/a>\n<\/li>\n\t<li class=\"cat-item cat-item-94\"><a class=\"pf-value\" href=\"https:\/\/omsi.it\/fr\/categorie-produit\/lecole\/ameublement\/creche-maternelle\/meubles-en-conteneur-pepiniere\/\" data-val=\"mobili-contenitori-nido-infanzia\" data-title=\"Mobili\/contenitori\" >Meubles\/Bacs<\/a>\n<\/li>\n\t<li class=\"cat-item cat-item-92\"><a class=\"pf-value\" href=\"https:\/\/omsi.it\/fr\/categorie-produit\/lecole\/ameublement\/creche-maternelle\/chaises-2\/\" data-val=\"sedie\" data-title=\"Sedie\" >Chaises<\/a>\n<\/li>\n\t\t<\/ul>\n<\/li>\n\t<li class=\"cat-item cat-item-91\"><a class=\"pf-value\" href=\"https:\/\/omsi.it\/fr\/categorie-produit\/lecole\/ameublement\/primaire-secondaire\/\" data-val=\"primaria-secondaria\" data-title=\"Primaria\/secondaria\" >Primaire\/Secondaire<\/a>\n\t\t<ul class='children'>\n\t<li class=\"cat-item cat-item-97\"><a class=\"pf-value\" href=\"https:\/\/omsi.it\/fr\/categorie-produit\/lecole\/ameublement\/primaire-secondaire\/accessoires-primaires-secondaires\/\" data-val=\"accessori-primaria-secondaria\" data-title=\"Accessori\" >Accessoires<\/a>\n<\/li>\n\t<li class=\"cat-item cat-item-96\"><a class=\"pf-value\" href=\"https:\/\/omsi.it\/fr\/categorie-produit\/lecole\/ameublement\/primaire-secondaire\/bureaux-tables\/\" data-val=\"banchi-tavoli\" data-title=\"Banchi\/Tavoli\" >Bancs d\u2019\u00e9cole\/Tables<\/a>\n<\/li>\n\t<li class=\"cat-item cat-item-173\"><a class=\"pf-value\" href=\"https:\/\/omsi.it\/fr\/categorie-produit\/lecole\/ameublement\/primaire-secondaire\/conteneurs-pour-meubles-primaire-secondaire\/\" data-val=\"mobili-contenitori-primaria-secondaria\" data-title=\"Mobili\/contenitori\" >Meubles\/Bacs<\/a>\n<\/li>\n\t<li class=\"cat-item cat-item-95\"><a class=\"pf-value\" href=\"https:\/\/omsi.it\/fr\/categorie-produit\/lecole\/ameublement\/primaire-secondaire\/primaire-secondaire-chaises\/\" data-val=\"sedie-primaria-secondaria\" data-title=\"Sedie\" >Chaises<\/a>\n<\/li>\n\t\t<\/ul>\n<\/li>\n\t<\/ul>\n<\/li>\n\t<li class=\"cat-item cat-item-88\"><a class=\"pf-value\" href=\"https:\/\/omsi.it\/fr\/categorie-produit\/lecole\/collectivite\/\" data-val=\"collettivita\" data-title=\"Collettivit\u00e0\" >Collectivit\u00e9<\/a>\n\t<ul class='children'>\n\t<li class=\"cat-item cat-item-548\"><a class=\"pf-value\" href=\"https:\/\/omsi.it\/fr\/categorie-produit\/lecole\/collectivite\/chaises\/\" data-val=\"sedie-2\" data-title=\"Sedie\" >Chaises<\/a>\n<\/li>\n\t<\/ul>\n<\/li>\n\t<li class=\"cat-item cat-item-123\"><a class=\"pf-value\" href=\"https:\/\/omsi.it\/fr\/categorie-produit\/lecole\/gymnastique\/\" data-val=\"palestra\" data-title=\"Palestra\" >Gymnase<\/a>\n\t<ul class='children'>\n\t<li class=\"cat-item cat-item-125\"><a class=\"pf-value\" href=\"https:\/\/omsi.it\/fr\/categorie-produit\/lecole\/gymnastique\/matelas\/\" data-val=\"materassi-palestra\" data-title=\"Materassi\" >Matelas<\/a>\n<\/li>\n\t<\/ul>\n<\/li>\n\t<li class=\"cat-item cat-item-124\"><a class=\"pf-value\" href=\"https:\/\/omsi.it\/fr\/categorie-produit\/lecole\/soft\/\" data-val=\"soft\" data-title=\"Soft\" >Soft<\/a>\n\t<ul class='children'>\n\t<li class=\"cat-item cat-item-660\"><a class=\"pf-value\" href=\"https:\/\/omsi.it\/fr\/categorie-produit\/lecole\/soft\/creche-maternelle-2\/\" data-val=\"nido-infanzia-2\" data-title=\"Nido\/infanzia\" >Cr\u00e8che\/Maternelle<\/a>\n\t\t<ul class='children'>\n\t<li class=\"cat-item cat-item-113\"><a class=\"pf-value\" href=\"https:\/\/omsi.it\/fr\/categorie-produit\/lecole\/soft\/creche-maternelle-2\/oreillers-doux-pour-lenfance\/\" data-val=\"cuscini-infanzia-soft\" data-title=\"Cuscini\" >Coussins<\/a>\n\t\t\t<ul class='children'>\n\t<li class=\"cat-item cat-item-161\"><a class=\"pf-value\" href=\"https:\/\/omsi.it\/fr\/categorie-produit\/lecole\/soft\/creche-maternelle-2\/oreillers-doux-pour-lenfance\/rembourre\/\" data-val=\"imbottiti\" data-title=\"Imbottiti\" >Rembourr\u00e9<\/a>\n<\/li>\n\t<li class=\"cat-item cat-item-162\"><a class=\"pf-value\" href=\"https:\/\/omsi.it\/fr\/categorie-produit\/lecole\/soft\/creche-maternelle-2\/oreillers-doux-pour-lenfance\/faconne\/\" data-val=\"sagomati\" data-title=\"Sagomati\" >Fa\u00e7onn\u00e9<\/a>\n<\/li>\n\t\t\t<\/ul>\n<\/li>\n\t<li class=\"cat-item cat-item-111\"><a class=\"pf-value\" href=\"https:\/\/omsi.it\/fr\/categorie-produit\/lecole\/soft\/creche-maternelle-2\/formes-geometriques\/\" data-val=\"forme-geometriche\" data-title=\"Forme geometriche\" >Formes g\u00e9om\u00e9triques<\/a>\n<\/li>\n\t<li class=\"cat-item cat-item-108\"><a class=\"pf-value\" href=\"https:\/\/omsi.it\/fr\/categorie-produit\/lecole\/soft\/creche-maternelle-2\/jeux-de-mouvement-2\/\" data-val=\"giochi-di-movimento\" data-title=\"Giochi di movimento\" >Jeux de mouvement<\/a>\n<\/li>\n\t<li class=\"cat-item cat-item-114\"><a class=\"pf-value\" href=\"https:\/\/omsi.it\/fr\/categorie-produit\/lecole\/soft\/creche-maternelle-2\/matelas-2\/\" data-val=\"materassi\" data-title=\"Materassi\" >Matelas<\/a>\n<\/li>\n\t<li class=\"cat-item cat-item-99\"><a class=\"pf-value\" href=\"https:\/\/omsi.it\/fr\/categorie-produit\/lecole\/soft\/creche-maternelle-2\/itineraires\/\" data-val=\"percorsi\" data-title=\"Percorsi\" >Itin\u00e9raires<\/a>\n<\/li>\n\t<li class=\"cat-item cat-item-110\"><a class=\"pf-value\" href=\"https:\/\/omsi.it\/fr\/categorie-produit\/lecole\/soft\/creche-maternelle-2\/piscines-douces-pour-enfants\/\" data-val=\"piscine-infanzia-soft\" data-title=\"Piscine\" >Piscines<\/a>\n<\/li>\n\t<li class=\"cat-item cat-item-115\"><a class=\"pf-value\" href=\"https:\/\/omsi.it\/fr\/categorie-produit\/lecole\/soft\/creche-maternelle-2\/protections\/\" data-val=\"protezioni\" data-title=\"Protezioni\" >Protections<\/a>\n\t\t\t<ul class='children'>\n\t<li class=\"cat-item cat-item-163\"><a class=\"pf-value\" href=\"https:\/\/omsi.it\/fr\/categorie-produit\/lecole\/soft\/creche-maternelle-2\/protections\/murali\/\" data-val=\"murali\" data-title=\"Murali\" >Murales<\/a>\n<\/li>\n\t<li class=\"cat-item cat-item-164\"><a class=\"pf-value\" href=\"https:\/\/omsi.it\/fr\/categorie-produit\/lecole\/soft\/creche-maternelle-2\/protections\/pare-chocs\/\" data-val=\"paracolpi\" data-title=\"Paracolpi\" >Pare-chocs<\/a>\n<\/li>\n\t\t\t<\/ul>\n<\/li>\n\t<li class=\"cat-item cat-item-166\"><a class=\"pf-value\" href=\"https:\/\/omsi.it\/fr\/categorie-produit\/lecole\/soft\/creche-maternelle-2\/repos-et-soins-aux-bebes\/\" data-val=\"riposo-e-cura-del-bambino\" data-title=\"Riposo e cura del bambino\" >Repos et soins b\u00e9b\u00e9<\/a>\n<\/li>\n\t<li class=\"cat-item cat-item-103\"><a class=\"pf-value\" href=\"https:\/\/omsi.it\/fr\/categorie-produit\/lecole\/soft\/creche-maternelle-2\/tappeti\/\" data-val=\"tappeti\" data-title=\"Tappeti\" >Tapis<\/a>\n<\/li>\n\t\t<\/ul>\n<\/li>\n\t<li class=\"cat-item cat-item-170\"><a class=\"pf-value\" href=\"https:\/\/omsi.it\/fr\/categorie-produit\/lecole\/soft\/chaises-soft\/\" data-val=\"sedute-morbide\" data-title=\"Sedute morbide\" >Chaises soft<\/a>\n<\/li>\n\t<\/ul>\n<\/li>\n<\/ul>\n<\/li>\n\t<li class=\"cat-item cat-item-67\"><a class=\"pf-value\" href=\"https:\/\/omsi.it\/fr\/categorie-produit\/sports\/\" data-val=\"sport\" data-title=\"Sport\" >Sport<\/a>\n<ul class='children'>\n\t<li class=\"cat-item cat-item-83\"><a class=\"pf-value\" href=\"https:\/\/omsi.it\/fr\/categorie-produit\/sports\/plus\/\" data-val=\"altro\" data-title=\"Altro\" >Autres produits<\/a>\n\t<ul class='children'>\n\t<li class=\"cat-item cat-item-133\"><a class=\"pf-value\" href=\"https:\/\/omsi.it\/fr\/categorie-produit\/sports\/plus\/couverture-de-la-rangee\/\" data-val=\"coprifila\" data-title=\"Coprifila\" >Housse pour si\u00e8ge en rang\u00e9e<\/a>\n<\/li>\n\t<li class=\"cat-item cat-item-132\"><a class=\"pf-value\" href=\"https:\/\/omsi.it\/fr\/categorie-produit\/sports\/plus\/personnes-ayant-des-handicaps-differents\/\" data-val=\"diversamente-abili\" data-title=\"Diversamente abili\" >Spectateurs \u00e0 mobilit\u00e9 r\u00e9duite<\/a>\n<\/li>\n\t<li class=\"cat-item cat-item-84\"><a class=\"pf-value\" href=\"https:\/\/omsi.it\/fr\/categorie-produit\/sports\/plus\/bancs-des-footballeurs\/\" data-val=\"panchine-calciatori\" data-title=\"Panchine calciatori\" >Bancs de joueurs<\/a>\n<\/li>\n\t<li class=\"cat-item cat-item-134\"><a class=\"pf-value\" href=\"https:\/\/omsi.it\/fr\/categorie-produit\/sports\/plus\/salles-de-conference\/\" data-val=\"sale-conferenza\" data-title=\"Sale conferenza\" >Salle de conf\u00e9rence<\/a>\n<\/li>\n\t<li class=\"cat-item cat-item-121\"><a class=\"pf-value\" href=\"https:\/\/omsi.it\/fr\/categorie-produit\/sports\/plus\/boite-a-ciel\/\" data-val=\"skybox\" data-title=\"Skybox\" >Skybox<\/a>\n<\/li>\n\t<li class=\"cat-item cat-item-85\"><a class=\"pf-value\" href=\"https:\/\/omsi.it\/fr\/categorie-produit\/sports\/plus\/vestiaires\/\" data-val=\"spogliatoi\" data-title=\"Spogliatoi\" >Vestiaires<\/a>\n<\/li>\n\t<\/ul>\n<\/li>\n\t<li class=\"cat-item cat-item-77\"><a class=\"pf-value\" href=\"https:\/\/omsi.it\/fr\/categorie-produit\/sports\/monocoque\/\" data-val=\"monoscocche\" data-title=\"Monoscocche\" >Monocoque<\/a>\n\t<ul class='children'>\n\t<li class=\"cat-item cat-item-153\"><a class=\"pf-value\" href=\"https:\/\/omsi.it\/fr\/categorie-produit\/sports\/monocoque\/accessoires\/\" data-val=\"accessori\" data-title=\"Accessori\" >Accessoires<\/a>\n<\/li>\n\t<li class=\"cat-item cat-item-78\"><a class=\"pf-value\" href=\"https:\/\/omsi.it\/fr\/categorie-produit\/sports\/monocoque\/avec-dossier\/\" data-val=\"con-schienale\" data-title=\"Con schienale\" >Avec dossier<\/a>\n<\/li>\n\t<li class=\"cat-item cat-item-79\"><a class=\"pf-value\" href=\"https:\/\/omsi.it\/fr\/categorie-produit\/sports\/monocoque\/sans-dossier\/\" data-val=\"senza-schienale\" data-title=\"Senza schienale\" >Sans dossier<\/a>\n<\/li>\n\t<\/ul>\n<\/li>\n\t<li class=\"cat-item cat-item-86\"><a class=\"pf-value\" href=\"https:\/\/omsi.it\/fr\/categorie-produit\/sports\/fauteuils-2\/\" data-val=\"poltrone\" data-title=\"Poltrone\" >Fauteuils<\/a>\n<\/li>\n\t<li class=\"cat-item cat-item-80\"><a class=\"pf-value\" href=\"https:\/\/omsi.it\/fr\/categorie-produit\/sports\/presse\/\" data-val=\"postazioni-stampa\" data-title=\"Postazioni stampa\" >Presse<\/a>\n\t<ul class='children'>\n\t<li class=\"cat-item cat-item-81\"><a class=\"pf-value\" href=\"https:\/\/omsi.it\/fr\/categorie-produit\/sports\/presse\/journalistes\/\" data-val=\"giornalisti\" data-title=\"Giornalisti\" >Journalistes<\/a>\n\t\t<ul class='children'>\n\t<li class=\"cat-item cat-item-117\"><a class=\"pf-value\" href=\"https:\/\/omsi.it\/fr\/categorie-produit\/sports\/presse\/journalistes\/banco\/\" data-val=\"banco\" data-title=\"Banco\" >Table<\/a>\n<\/li>\n\t<li class=\"cat-item cat-item-118\"><a class=\"pf-value\" href=\"https:\/\/omsi.it\/fr\/categorie-produit\/sports\/presse\/journalistes\/sedia\/\" data-val=\"sedia\" data-title=\"Sedia\" >Siege<\/a>\n<\/li>\n\t\t<\/ul>\n<\/li>\n\t<\/ul>\n<\/li>\n\t<li class=\"cat-item cat-item-76\"><a class=\"pf-value\" href=\"https:\/\/omsi.it\/fr\/categorie-produit\/sports\/rabattables\/\" data-val=\"ribaltabili\" data-title=\"Ribaltabili\" >Rabattables<\/a>\n<\/li>\n<\/ul>\n<\/li>\n\t\t\t\t\t<\/ul>\n\t\t\t\t<\/div>\n\t\t\t<\/div>\n\t\t\t\t\n\t<button type=\"submit\" class=\"searchsubmit\">\n\t\t<span>\n\t\t\tSearch\t\t<\/span>\n\t\t\t<\/button>\n<input type=\"hidden\" name=\"trp-form-language\" value=\"fr\"\/><\/form>\n\n\t<div class=\"wd-search-results-wrapper\">\n\t\t<div class=\"wd-search-results wd-dropdown-results wd-dropdown wd-scroll\">\n\t\t\t<div class=\"wd-scroll-content\">\n\t\t\t\t\n\t\t\t\t\n\t\t\t\t\t\t\t<\/div>\n\t\t<\/div>\n\t<\/div>\n\n<\/div>\n\t\t\t<\/div>\n\t\t<\/div><\/div><\/div><\/div><\/div><\/div><\/div><\/div>\n<\/div>","protected":false},"excerpt":{"rendered":"PAGINA NON TROVATA Sembra che questa pagina non esista pi\u00f9 o che abbia cambiato nome. Prova a digitare qui sotto","protected":false},"author":1,"featured_media":0,"parent":0,"menu_order":0,"comment_status":"closed","ping_status":"closed","template":"","meta":{"footnotes":""},"class_list":["post-13840","page","type-page","status-publish","hentry"],"_links":{"self":[{"href":"https:\/\/omsi.it\/fr\/wp-json\/wp\/v2\/pages\/13840","targetHints":{"allow":["GET"]}}],"collection":[{"href":"https:\/\/omsi.it\/fr\/wp-json\/wp\/v2\/pages"}],"about":[{"href":"https:\/\/omsi.it\/fr\/wp-json\/wp\/v2\/types\/page"}],"author":[{"embeddable":true,"href":"https:\/\/omsi.it\/fr\/wp-json\/wp\/v2\/users\/1"}],"replies":[{"embeddable":true,"href":"https:\/\/omsi.it\/fr\/wp-json\/wp\/v2\/comments?post=13840"}],"version-history":[{"count":0,"href":"https:\/\/omsi.it\/fr\/wp-json\/wp\/v2\/pages\/13840\/revisions"}],"wp:attachment":[{"href":"https:\/\/omsi.it\/fr\/wp-json\/wp\/v2\/media?parent=13840"}],"curies":[{"name":"wp","href":"https:\/\/api.w.org\/{rel}","templated":true}]}}