{"id":20592,"date":"2025-04-08T11:26:34","date_gmt":"2025-04-08T09:26:34","guid":{"rendered":"https:\/\/omsi.it\/wp\/?page_id=20592"},"modified":"2026-03-30T21:10:17","modified_gmt":"2026-03-30T19:10:17","slug":"fsb","status":"publish","type":"page","link":"https:\/\/omsi.it\/fr\/fsb\/","title":{"rendered":"FSB"},"content":{"rendered":"<div class=\"wpb-content-wrapper\"><div class=\"vc_row wpb_row vc_row-fluid vc_custom_1758790431583 wd-rs-68d5031ac9f52\"><div class=\"wpb_column vc_column_container vc_col-sm-12\"><div class=\"vc_column-inner\"><div class=\"wpb_wrapper\">\n\t\t<div id=\"wd-68d5039c27a8b\" class=\"title-wrapper wd-wpb wd-set-mb reset-last-child  wd-rs-68d5039c27a8b wd-title-color-default wd-title-style-default text-center  wd-underline-colored\">\n\t\t\t\n\t\t\t<div class=\"liner-continer\">\n\t\t\t\t<h2 class=\"woodmart-title-container title  wd-font-weight-600 wd-fontsize-l\" >DEMANDEZ VOS ACCREDITIONS POUR T\u00c9L\u00c9CHARGER LES BILLETS GRATUITS POUR ACC\u00c9DER AU SALON<\/h2>\n\t\t\t\t\t\t\t<\/div>\n\t\t\t\n\t\t\t\n\t\t\t\n\t\t<\/div>\n\t\t\n\t\t<\/div><\/div><\/div><\/div><div class=\"vc_row wpb_row vc_row-fluid vc_custom_1758790814442 wd-rs-68d50497701e3\"><div class=\"wpb_column vc_column_container vc_col-sm-12\"><div class=\"vc_column-inner\"><div class=\"wpb_wrapper\">\n<div class=\"wpcf7 no-js\" id=\"wpcf7-f21236-o1\" lang=\"en-US\" dir=\"ltr\" data-wpcf7-id=\"21236\">\n<div class=\"screen-reader-response\"><p role=\"status\" aria-live=\"polite\" aria-atomic=\"true\"><\/p> <ul><\/ul><\/div>\n<form action=\"\/fr\/wp-json\/wp\/v2\/pages\/20592#wpcf7-f21236-o1\" method=\"post\" class=\"wpcf7-form init\" aria-label=\"Formulaire de contact\" novalidate=\"novalidate\" data-status=\"init\" data-trp-original-action=\"\/fr\/wp-json\/wp\/v2\/pages\/20592#wpcf7-f21236-o1\">\n<fieldset class=\"hidden-fields-container\"><input type=\"hidden\" name=\"_wpcf7\" value=\"21236\" \/><input type=\"hidden\" name=\"_wpcf7_version\" value=\"6.1.4\" \/><input type=\"hidden\" name=\"_wpcf7_locale\" value=\"en_US\" \/><input type=\"hidden\" name=\"_wpcf7_unit_tag\" value=\"wpcf7-f21236-o1\" \/><input type=\"hidden\" name=\"_wpcf7_container_post\" value=\"0\" \/><input type=\"hidden\" name=\"_wpcf7_posted_data_hash\" value=\"\" \/><input type=\"hidden\" name=\"_wpcf7_recaptcha_response\" value=\"\" \/>\n<\/fieldset>\n<div class=\"row\">\n\t<div class=\"col-md-6\" style='margin-bottom:20px;'>\n\t\t<p><label>Nom et Pr\u00e9nom (exig\u00e9e)<\/label><span class=\"wpcf7-form-control-wrap\" data-name=\"your-name\"><input size=\"40\" maxlength=\"400\" class=\"wpcf7-form-control wpcf7-text wpcf7-validates-as-required\" aria-required=\"true\" aria-invalid=\"false\" value=\"\" type=\"text\" name=\"your-name\" \/><\/span>\n\t\t<\/p>\n\t<\/div>\n\t<div class=\"col-md-6\" style='margin-bottom:20px;'>\n\t\t<p><label>Email (exig\u00e9e)<\/label><span class=\"wpcf7-form-control-wrap\" data-name=\"your-email\"><input size=\"40\" maxlength=\"400\" class=\"wpcf7-form-control wpcf7-email wpcf7-validates-as-required wpcf7-text wpcf7-validates-as-email\" aria-required=\"true\" aria-invalid=\"false\" value=\"\" type=\"email\" name=\"your-email\" \/><\/span>\n\t\t<\/p>\n\t<\/div>\n<\/div>\n<div class=\"col-md-6\" style='margin-bottom:20px;'>\n\t<p><label>Entreprise<\/label><span class=\"wpcf7-form-control-wrap\" data-name=\"text-1\"><input size=\"40\" maxlength=\"400\" class=\"wpcf7-form-control wpcf7-text wpcf7-validates-as-required\" aria-required=\"true\" aria-invalid=\"false\" value=\"\" type=\"text\" name=\"text-1\" \/><\/span>\n\t<\/p>\n<\/div>\n<p><span class=\"wpcf7-form-control-wrap\" data-name=\"acceptance-427\"><span class=\"wpcf7-form-control wpcf7-acceptance\"><span class=\"wpcf7-list-item\"><label><input type=\"checkbox\" name=\"acceptance-427\" value=\"1\" aria-invalid=\"false\" \/><span class=\"wpcf7-list-item-label\">J'ai lu la<a href=\"https:\/\/omsi.it\/wp\/wp-content\/uploads\/2021\/01\/Informativa-Contatti-SITO-rev2020.pdf\" target=\"_blank\" rel=\"nofollow noopener\">politique de confidentialit\u00e9<\/a> et j'accepte le traitement des mes donn\u00e9es tel qu'\u00e9tabli par le r\u00e8glement europ\u00e9en 2016\/679 relatif \u00e0 la protection des donn\u00e9es \u00e0 caract\u00e8re personnel.<\/span><\/label><\/span><\/span><\/span>\n<\/p>\n<p><input class=\"wpcf7-form-control wpcf7-submit has-spinner btn-color-black\" type=\"submit\" value=\"DEMANDER\" \/>\n<\/p><div class=\"wpcf7-response-output\" aria-hidden=\"true\"><\/div>\n<input type=\"hidden\" name=\"trp-form-language\" value=\"fr\"\/><\/form>\n<\/div>\n<\/div><\/div><\/div><\/div><div id=\"storia\" class=\"vc_row wpb_row vc_row-fluid vc_custom_1759223819073 vc_column-gap-20 vc_row-o-content-middle vc_row-flex wd-rs-68dba002e9baa\"><div class=\"wpb_column vc_column_container vc_col-sm-12 vc_col-md-6\"><div class=\"vc_column-inner\"><div class=\"wpb_wrapper\">\n\t<div  class=\"wpb_single_image wpb_content_element vc_align_left\">\n\t\t\n\t\t<figure class=\"wpb_wrapper vc_figure\">\n\t\t\t<div class=\"vc_single_image-wrapper   vc_box_border_grey\"><img loading=\"lazy\" decoding=\"async\" width=\"1280\" height=\"941\" src=\"https:\/\/omsi.it\/wp\/wp-content\/uploads\/2025\/04\/FSB-Cologne-scaled.jpg\" class=\"vc_single_image-img attachment-full\" alt=\"FSB Cologne\" title=\"FSB Cologne\" srcset=\"https:\/\/omsi.it\/wp\/wp-content\/uploads\/2025\/04\/FSB-Cologne-scaled.jpg 1280w, https:\/\/omsi.it\/wp\/wp-content\/uploads\/2025\/04\/FSB-Cologne-300x221.jpg 300w, https:\/\/omsi.it\/wp\/wp-content\/uploads\/2025\/04\/FSB-Cologne-1024x753.jpg 1024w, https:\/\/omsi.it\/wp\/wp-content\/uploads\/2025\/04\/FSB-Cologne-768x565.jpg 768w, https:\/\/omsi.it\/wp\/wp-content\/uploads\/2025\/04\/FSB-Cologne-1536x1130.jpg 1536w, https:\/\/omsi.it\/wp\/wp-content\/uploads\/2025\/04\/FSB-Cologne-1200x882.jpg 1200w, https:\/\/omsi.it\/wp\/wp-content\/uploads\/2025\/04\/FSB-Cologne-150x110.jpg 150w\" sizes=\"auto, (max-width: 1280px) 100vw, 1280px\" wpfc-lazyload-disable=\"true\" \/><\/div>\n\t\t<\/figure>\n\t<\/div>\n<\/div><\/div><\/div><div class=\"wpb_column vc_column_container vc_col-sm-12 vc_col-md-6 vc_col-xs-12 vc_col-has-fill color-scheme-dark\"><div class=\"vc_column-inner vc_custom_1505897347535\"><div class=\"wpb_wrapper\">\n\t\t<div id=\"wd-67f62cec10cc4\" class=\"title-wrapper wd-wpb wd-set-mb reset-last-child  wd-rs-67f62cec10cc4 wd-title-color-default wd-title-style-default text-left  wd-underline-colored\">\n\t\t\t\n\t\t\t<div class=\"liner-continer\">\n\t\t\t\t<h2 class=\"woodmart-title-container title  wd-font-weight-600 wd-fontsize-l\" >Cologne - 28 \/ 31.10.2025<br \/>\nKoelnmesse - Hall 10.1- Stand E030 \/ E038<\/h2>\n\t\t\t\t\t\t\t<\/div>\n\t\t\t\n\t\t\t\n\t\t\t\n\t\t<\/div>\n\t\t\n\t\t\t\t\t<div id=\"wd-6801fe8abaca4\" class=\"wd-text-block-wrapper wd-wpb wd-rs-6801fe8abaca4 color-scheme- text-left\">\n\t\t\t\t<div class=\"woodmart-title-container woodmart-text-block reset-last-child font-primary wd-font-weight-\">\n\t\t\t\t\t<\/p>\n<p class=\"p1\">FSB est le salon international le plus important d\u00e9di\u00e9 aux installations sportives et r\u00e9cr\u00e9atives durables qui soutiennent la responsabilit\u00e9 environnementale, la justice sociale  et la viabilit\u00e9 financi\u00e8re \u00e0 long terme dans le secteur du sport.<\/p>\n<p>\t\t\t\t<\/div>\n\n\t\t\t\t\t\t\t<\/div>\n\t\t<div id=\"wd-67f62b16a218d\" class=\"wd-rs-67f62b16a218d  wd-button-wrapper text-left\"><a href=\"https:\/\/www.koelnmesse.it\/fsb\/home\/index.php\" title=\"En savoir plus\" class=\"btn btn-color-primary btn-style-default btn-shape-rectangle btn-size-default\" rel=\"nofollow noopener\" target=\"_blank\">Visiter le site<\/a><\/div><\/div><\/div><\/div><\/div>\n<\/div>","protected":false},"excerpt":{"rendered":"RICHIEDI GLI ACCREDITI PER SCARICARE I BIGLIETTI GRATUITI PER L'ACCESSO IN FIERA Nome e Cognome (richiesto) Email (richiesto) Azienda Ho","protected":false},"author":1,"featured_media":20570,"parent":0,"menu_order":0,"comment_status":"closed","ping_status":"closed","template":"","meta":{"footnotes":""},"class_list":["post-20592","page","type-page","status-publish","has-post-thumbnail","hentry"],"_links":{"self":[{"href":"https:\/\/omsi.it\/fr\/wp-json\/wp\/v2\/pages\/20592","targetHints":{"allow":["GET"]}}],"collection":[{"href":"https:\/\/omsi.it\/fr\/wp-json\/wp\/v2\/pages"}],"about":[{"href":"https:\/\/omsi.it\/fr\/wp-json\/wp\/v2\/types\/page"}],"author":[{"embeddable":true,"href":"https:\/\/omsi.it\/fr\/wp-json\/wp\/v2\/users\/1"}],"replies":[{"embeddable":true,"href":"https:\/\/omsi.it\/fr\/wp-json\/wp\/v2\/comments?post=20592"}],"version-history":[{"count":6,"href":"https:\/\/omsi.it\/fr\/wp-json\/wp\/v2\/pages\/20592\/revisions"}],"predecessor-version":[{"id":21244,"href":"https:\/\/omsi.it\/fr\/wp-json\/wp\/v2\/pages\/20592\/revisions\/21244"}],"wp:featuredmedia":[{"embeddable":true,"href":"https:\/\/omsi.it\/fr\/wp-json\/wp\/v2\/media\/20570"}],"wp:attachment":[{"href":"https:\/\/omsi.it\/fr\/wp-json\/wp\/v2\/media?parent=20592"}],"curies":[{"name":"wp","href":"https:\/\/api.w.org\/{rel}","templated":true}]}}