{"id":21301,"date":"2026-01-19T10:31:33","date_gmt":"2026-01-19T09:31:33","guid":{"rendered":"https:\/\/omsi.it\/?page_id=21301"},"modified":"2026-01-22T11:33:49","modified_gmt":"2026-01-22T10:33:49","slug":"budget-durable-2024","status":"publish","type":"page","link":"https:\/\/omsi.it\/fr\/bilancio-sostenibile-2024\/","title":{"rendered":"Rapport sur le d\u00e9veloppement durable 2024"},"content":{"rendered":"<div class=\"wpb-content-wrapper\"><div id=\"storia\" class=\"vc_row wpb_row vc_row-fluid vc_custom_1607510045105 vc_column-gap-20 vc_row-o-content-middle vc_row-flex\"><div class=\"wpb_column vc_column_container vc_col-sm-12 vc_col-md-6\"><div class=\"vc_column-inner\"><div class=\"wpb_wrapper\"><div class=\"vc_empty_space\"   style=\"height: 40px\"><span class=\"vc_empty_space_inner\"><\/span><\/div>\n\t<div  class=\"wpb_single_image wpb_content_element vc_align_left\">\n\t\t\n\t\t<figure class=\"wpb_wrapper vc_figure\">\n\t\t\t<div class=\"vc_single_image-wrapper   vc_box_border_grey\"><img loading=\"lazy\" decoding=\"async\" width=\"765\" height=\"1080\" src=\"https:\/\/omsi.it\/wp\/wp-content\/uploads\/2026\/01\/Schermata-2026-01-12-alle-11.53.47-scaled.png\" class=\"vc_single_image-img attachment-full\" alt=\"Schermata 2026 01 12 alle 11.53.47\" title=\"Capture d&#039;\u00e9cran 2026-01-12 \u00e0 11.53.47\" srcset=\"https:\/\/omsi.it\/wp\/wp-content\/uploads\/2026\/01\/Schermata-2026-01-12-alle-11.53.47-scaled.png 765w, https:\/\/omsi.it\/wp\/wp-content\/uploads\/2026\/01\/Schermata-2026-01-12-alle-11.53.47-212x300.png 212w, https:\/\/omsi.it\/wp\/wp-content\/uploads\/2026\/01\/Schermata-2026-01-12-alle-11.53.47-725x1024.png 725w, https:\/\/omsi.it\/wp\/wp-content\/uploads\/2026\/01\/Schermata-2026-01-12-alle-11.53.47-768x1085.png 768w, https:\/\/omsi.it\/wp\/wp-content\/uploads\/2026\/01\/Schermata-2026-01-12-alle-11.53.47-1087x1536.png 1087w, https:\/\/omsi.it\/wp\/wp-content\/uploads\/2026\/01\/Schermata-2026-01-12-alle-11.53.47-1450x2048.png 1450w, https:\/\/omsi.it\/wp\/wp-content\/uploads\/2026\/01\/Schermata-2026-01-12-alle-11.53.47-8x12.png 8w, https:\/\/omsi.it\/wp\/wp-content\/uploads\/2026\/01\/Schermata-2026-01-12-alle-11.53.47-1200x1695.png 1200w, https:\/\/omsi.it\/wp\/wp-content\/uploads\/2026\/01\/Schermata-2026-01-12-alle-11.53.47-150x212.png 150w\" sizes=\"auto, (max-width: 765px) 100vw, 765px\" wpfc-lazyload-disable=\"true\" \/><\/div>\n\t\t<\/figure>\n\t<\/div>\n<\/div><\/div><\/div><div class=\"wpb_column vc_column_container vc_col-sm-12 vc_col-md-6 vc_col-xs-12 vc_col-has-fill color-scheme-dark\"><div class=\"vc_column-inner vc_custom_1505897347535\"><div class=\"wpb_wrapper\">\t\t\t<div id=\"wd-696df9d9bc07e\" class=\"wd-text-block-wrapper wd-wpb wd-rs-696df9d9bc07e color-scheme- text-left\">\n\t\t\t\t<div class=\"woodmart-title-container woodmart-text-block reset-last-child font-primary wd-font-weight-\">\n\t\t\t\t\t<\/p>\n<p class=\"p1\">Un pas vers un avenir plus durable et responsable, confirm\u00e9 par notre rapport sur le d\u00e9veloppement durable et les certifications PSV (Plastic Second Life) et EPD (Environmental Product Declaration), qui t\u00e9moignent de notre engagement concret.<br \/>\nde l'entreprise en faveur de la protection de l'environnement et de la transparence de ses processus de production.\t\t\t\t<\/div>\n\n\t\t\t\t\t\t\t<\/div>\n\t\t<div id=\"wd-6971fc30e9ea2\" class=\"wd-rs-6971fc30e9ea2  wd-button-wrapper text-left\"><a href=\"https:\/\/www.calameo.com\/read\/0081305033bfa61d928ef\" title=\"Voir le bilan\" class=\"btn btn-color-primary btn-style-default btn-shape-rectangle btn-size-default\" rel=\"nofollow noopener\" target=\"_blank\">Parcourir le rapport de d\u00e9veloppement durable 2024<\/a><\/div><div id=\"wd-696dff7d97b56\" class=\"wd-rs-696dff7d97b56 vc_custom_1768816517940 wd-button-wrapper text-left\"><a href=\"https:\/\/omsi.it\/fr\/rapport-de-durabilite-2024-demande-de-telechargement\/\" title=\"Voir le bilan\" class=\"btn btn-color-primary btn-style-default btn-shape-rectangle btn-size-default\">Demander le t\u00e9l\u00e9chargement du pdf<\/a><\/div><\/div><\/div><\/div><\/div>\n<\/div>","protected":false},"excerpt":{"rendered":"Un pas vers un avenir plus durable et plus responsable, confirm\u00e9 par notre rapport sur le d\u00e9veloppement durable et les certifications PSV.","protected":false},"author":1,"featured_media":0,"parent":0,"menu_order":0,"comment_status":"closed","ping_status":"closed","template":"","meta":{"footnotes":""},"class_list":["post-21301","page","type-page","status-publish","hentry"],"_links":{"self":[{"href":"https:\/\/omsi.it\/fr\/wp-json\/wp\/v2\/pages\/21301","targetHints":{"allow":["GET"]}}],"collection":[{"href":"https:\/\/omsi.it\/fr\/wp-json\/wp\/v2\/pages"}],"about":[{"href":"https:\/\/omsi.it\/fr\/wp-json\/wp\/v2\/types\/page"}],"author":[{"embeddable":true,"href":"https:\/\/omsi.it\/fr\/wp-json\/wp\/v2\/users\/1"}],"replies":[{"embeddable":true,"href":"https:\/\/omsi.it\/fr\/wp-json\/wp\/v2\/comments?post=21301"}],"version-history":[{"count":5,"href":"https:\/\/omsi.it\/fr\/wp-json\/wp\/v2\/pages\/21301\/revisions"}],"predecessor-version":[{"id":21319,"href":"https:\/\/omsi.it\/fr\/wp-json\/wp\/v2\/pages\/21301\/revisions\/21319"}],"wp:attachment":[{"href":"https:\/\/omsi.it\/fr\/wp-json\/wp\/v2\/media?parent=21301"}],"curies":[{"name":"wp","href":"https:\/\/api.w.org\/{rel}","templated":true}]}}