{"id":21338,"date":"2026-04-01T10:01:46","date_gmt":"2026-04-01T08:01:46","guid":{"rendered":"https:\/\/omsi.it\/?page_id=21338"},"modified":"2026-04-08T11:38:33","modified_gmt":"2026-04-08T09:38:33","slug":"faq","status":"publish","type":"page","link":"https:\/\/omsi.it\/fr\/faq\/","title":{"rendered":"FAQ"},"content":{"rendered":"<div class=\"wpb-content-wrapper\"><div class=\"vc_row wpb_row vc_row-fluid vc_custom_1700052124135 vc_row-has-fill wd-rs-6554bc984f40c\"><div class=\"wpb_column vc_column_container vc_col-sm-12 wd-enabled-flex wd-rs-69b2a070b834a\"><div class=\"vc_column-inner\"><div class=\"wpb_wrapper\"><div class=\"vc_row wpb_row vc_inner vc_row-fluid vc_custom_1775641077821 wd-rs-69d621ef52385\"><div class=\"wpb_column vc_column_container vc_col-sm-12 text-left wd-rs-69b2a08901bd4\"><div class=\"vc_column-inner\"><div class=\"wpb_wrapper\"><div class=\"vc_empty_space\"   style=\"height: 20px\"><span class=\"vc_empty_space_inner\"><\/span><\/div>\n\t\t<div id=\"wd-69cb97d6cee79\" class=\"title-wrapper wd-wpb wd-set-mb reset-last-child  wd-rs-69cb97d6cee79 wd-title-color-default wd-title-style-default text-left  wd-width-enabled wd-underline-colored\" style=\"--wd-max-width: 60%;\">\n\t\t\t\n\t\t\t<div class=\"liner-continer\">\n\t\t\t\t<h2 class=\"woodmart-title-container title  wd-font-weight- wd-fontsize-xl\" >PROGETTI, IDEE, SOLUZIONI<\/h2>\n\t\t\t\t\t\t\t<\/div>\n\t\t\t\n\t\t\t\n\t\t\t\n\t\t<\/div>\n\t\t\n\t\t\t\t\t<div id=\"wd-69b932bad79f0\" class=\"wd-text-block-wrapper wd-wpb wd-rs-69b932bad79f0 color-scheme-dark text-left\">\n\t\t\t\t<div class=\"woodmart-title-container woodmart-text-block reset-last-child font-primary wd-font-weight-400 wd-fontsize-m\">\n\t\t\t\t\tIn questa sezione FAQ abbiamo raccolto le risposte alle domande pi\u00f9 frequenti sul mondo Omsi, per un focus su normative, materiali, innovazione e collaborazioni che definiscono il valore delle nostre soluzioni.\t\t\t\t<\/div>\n\n\t\t\t\t\t\t\t<\/div>\n\t\t\n\t<div class=\"wpb_text_column wpb_content_element\" >\n\t\t<div class=\"wpb_wrapper\">\n\t\t\t\n\n\t\t<\/div>\n\t<\/div>\n<\/div><\/div><\/div><\/div><\/div><\/div><\/div><\/div><div class=\"vc_row wpb_row vc_row-fluid vc_custom_1775641105558 wd-rs-69d621c69204b\"><div class=\"wpb_column vc_column_container vc_col-sm-12\"><div class=\"vc_column-inner\"><div class=\"wpb_wrapper\"><div  class=\"vc_do_toggle vc_toggle vc_toggle_simple vc_toggle_color_default vc_toggle_size_lg vc_custom_1775640983282\"><div class=\"vc_toggle_title\"><h3 style=\"font-size: 18px;color: #111111;text-align: left\" class=\"vc_custom_heading vc_do_custom_heading\" >Quelles normes doivent respecter les si\u00e8ges de stade ?<\/h3><i class=\"vc_toggle_icon\"><\/i><\/div><div class=\"vc_toggle_content\"><p data-start=\"93\" data-end=\"575\" class=\"translation-block\">Les si\u00e8ges de stade doivent r\u00e9pondre \u00e0 diff\u00e9rentes normes techniques, con\u00e7ues pour garantir la s\u00e9curit\u00e9, la r\u00e9sistance et une installation correcte au sein de l\u2019infrastructure sportive. Parmi les principales, la <strong>EN 13200-1<\/strong> r\u00e9git la disposition des places dans les diff\u00e9rents secteurs du stade, en assurant le respect des dimensions pr\u00e9vues pour les voies d\u2019\u00e9vacuation et la bonne organisation des espaces destin\u00e9s aux spectateurs.<\/p>\n<p data-start=\"577\" data-end=\"889\" class=\"translation-block\">La <strong>EN 13200-4<\/strong> concerne quant \u00e0 elle les syst\u00e8mes de fixation et d\u00e9finit les exigences n\u00e9cessaires pour garantir que chaque si\u00e8ge soit install\u00e9 de mani\u00e8re s\u00fbre, stable et fiable dans le temps. Il s\u2019agit d\u2019un aspect fondamental, car la fixation contribue de mani\u00e8re d\u00e9terminante \u00e0 la s\u00e9curit\u00e9 globale de la structure.<\/p>\n<p data-start=\"891\" data-end=\"1423\" class=\"translation-block\">\u00c0 cela s\u2019ajoute la <strong>EN 12727<\/strong>, une norme qui se concentre sur la r\u00e9sistance m\u00e9canique du si\u00e8ge. Afin de v\u00e9rifier sa capacit\u00e9 de tenue, des essais de laboratoire particuli\u00e8rement rigoureux sont r\u00e9alis\u00e9s : parmi ceux-ci, un test avec <strong>200.000 impacts<\/strong> appliqu\u00e9s avec un poids de <strong>80 kg<\/strong> \u00e0 <strong>10 cm du bord du si\u00e8ge<\/strong>. Le m\u00eame test est ensuite \u00e9galement effectu\u00e9 sur le dossier, afin de mettre s\u00e9rieusement \u00e0 l\u2019\u00e9preuve la r\u00e9sistance de l\u2019ensemble de la structure et d\u2019\u00e9valuer sa fiabilit\u00e9 m\u00eame dans des conditions d\u2019utilisation intensive.<\/p>\n<\/div><\/div><div  class=\"vc_do_toggle vc_toggle vc_toggle_simple vc_toggle_color_default vc_toggle_size_lg\"><div class=\"vc_toggle_title\"><h3 style=\"font-size: 18px;text-align: left\" class=\"vc_custom_heading vc_do_custom_heading\" >Quelles sont les crit\u00e8res de la FIFA ?<\/h3><i class=\"vc_toggle_icon\"><\/i><\/div><div class=\"vc_toggle_content\"><p data-start=\"93\" data-end=\"575\">Les crit\u00e8res de la FIFA repr\u00e9sentent les lignes directrices de r\u00e9f\u00e9rence pour la construction d\u2019un stade de football, en fonction du type de comp\u00e9tition qu\u2019il est destin\u00e9 \u00e0 accueillir. Les recommandations les plus r\u00e9centes de la FIFA 2030 marquent une avanc\u00e9e importante en termes de confort et de durabilit\u00e9.<\/p>\n<\/div><\/div><div  class=\"vc_do_toggle vc_toggle vc_toggle_simple vc_toggle_color_default vc_toggle_size_lg\"><div class=\"vc_toggle_title\"><h3 style=\"font-size: 18px;text-align: left\" class=\"vc_custom_heading vc_do_custom_heading\" >Quelle est la dur\u00e9e de vie d\u2019un si\u00e8ge ?<\/h3><i class=\"vc_toggle_icon\"><\/i><\/div><div class=\"vc_toggle_content\"><p data-start=\"93\" data-end=\"575\" class=\"translation-block\">La dur\u00e9e de vie moyenne d\u2019un si\u00e8ge est d\u2019environ <strong>8 \u00e0 10 ans en ext\u00e9rieur<\/strong>, selon les conditions environnementales et le niveau d\u2019exposition aux agents atmosph\u00e9riques, et peut atteindre environ <strong>15 ans en int\u00e9rieur<\/strong>. Il s\u2019agit toutefois de valeurs indicatives, qui peuvent varier en fonction de diff\u00e9rents facteurs, tels que le contexte d\u2019utilisation, l\u2019entretien et les sollicitations auxquelles le si\u00e8ge est soumis au fil du temps.<\/p>\n<\/div><\/div><div  class=\"vc_do_toggle vc_toggle vc_toggle_simple vc_toggle_color_default vc_toggle_size_lg\"><div class=\"vc_toggle_title\"><h3 style=\"font-size: 18px;text-align: left\" class=\"vc_custom_heading vc_do_custom_heading\" >Les si\u00e8ges sont-ils durables ?<\/h3><i class=\"vc_toggle_icon\"><\/i><\/div><div class=\"vc_toggle_content\"><p data-start=\"77\" data-end=\"361\" class=\"translation-block\">Oui. OMSI investit depuis des ann\u00e9es de l\u2019\u00e9nergie et des ressources dans la recherche et la protection de l\u2019environnement. L\u2019entreprise est certifi\u00e9e <strong>ISO 9001<\/strong> non seulement pour la production, mais aussi pour la pose, et propose de nombreux produits r\u00e9alis\u00e9s en <strong>plastique de seconde vie<\/strong>.<\/p>\n<p data-start=\"363\" data-end=\"512\" class=\"translation-block\">De plus, avec les comptes 2024, OMSI a \u00e9tabli son <strong>premier rapport de durabilit\u00e9<\/strong>, d\u00e9finissant d\u2019importants objectifs environnementaux pour l\u2019avenir.<\/p>\n<p data-start=\"514\" data-end=\"647\" class=\"translation-block\">Il existe \u00e9galement un record dont l\u2019entreprise est particuli\u00e8rement fi\u00e8re : <strong>le M2020 d\u2019OMSI est le premier si\u00e8ge de stade au monde certifi\u00e9 EPD<\/strong>.<\/p>\n<\/div><\/div><div  class=\"vc_do_toggle vc_toggle vc_toggle_simple vc_toggle_color_default vc_toggle_size_lg\"><div class=\"vc_toggle_title\"><h3 style=\"font-size: 18px;text-align: left\" class=\"vc_custom_heading vc_do_custom_heading\" >Dans quels stades africains les si\u00e8ges OMSI sont-ils install\u00e9s ?<\/h3><i class=\"vc_toggle_icon\"><\/i><\/div><div class=\"vc_toggle_content\"><p data-start=\"77\" data-end=\"361\" class=\"translation-block\">Les si\u00e8ges OMSI sont pr\u00e9sents dans de nombreux stades africains, t\u00e9moignant d\u2019une pr\u00e9sence bien \u00e9tablie sur l\u2019ensemble du continent. Parmi les pays o\u00f9 ils ont \u00e9t\u00e9 install\u00e9s figurent <strong>le Maroc, l\u2019Alg\u00e9rie, la Tunisie, le S\u00e9n\u00e9gal, le Togo, le Cameroun, l\u2019Afrique du Sud, le Botswana, l\u2019Angola et l\u2019\u00c9gypte<\/strong>.<\/p>\n<\/div><\/div><div  class=\"vc_do_toggle vc_toggle vc_toggle_simple vc_toggle_color_default vc_toggle_size_lg\"><div class=\"vc_toggle_title\"><h3 style=\"font-size: 18px;text-align: left\" class=\"vc_custom_heading vc_do_custom_heading\" >Que signifie la collaboration entre OMSI et Pininfarina ?<\/h3><i class=\"vc_toggle_icon\"><\/i><\/div><div class=\"vc_toggle_content\"><p class=\"translation-block\">La collaboration entre <strong>OMSI et Pininfarina<\/strong> repr\u00e9sente une rencontre entre le design italien et le savoir-faire industriel, appliqu\u00e9e au domaine des si\u00e8ges de stade. Il s\u2019agit d\u2019un partenariat qui <strong>valorise l\u2019excellence du Made in Italy<\/strong>, en associant recherche esth\u00e9tique, conception et qualit\u00e9 de production.<\/p>\n<p>Gr\u00e2ce \u00e0 la collaboration avec d\u2019importants designers italiens, OMSI se pr\u00e9sente comme une ambassadrice dans le monde d\u2019un savoir-faire qui allie design, innovation et production enti\u00e8rement italienne. Dans ce contexte, Pininfarina a apport\u00e9 une touche distinctive et reconnaissable, en se fondant avec l\u2019exp\u00e9rience industrielle d\u2019OMSI pour donner naissance \u00e0 des solutions uniques.<\/p>\n<\/div><\/div><\/div><\/div><\/div><\/div>\n<\/div>","protected":false},"excerpt":{"rendered":"PROGETTI, IDEE, SOLUZIONI In questa sezione FAQ abbiamo raccolto le risposte alle domande pi\u00f9 frequenti sul mondo Omsi, per un","protected":false},"author":1,"featured_media":21182,"parent":0,"menu_order":0,"comment_status":"closed","ping_status":"closed","template":"","meta":{"footnotes":""},"class_list":["post-21338","page","type-page","status-publish","has-post-thumbnail","hentry"],"_links":{"self":[{"href":"https:\/\/omsi.it\/fr\/wp-json\/wp\/v2\/pages\/21338","targetHints":{"allow":["GET"]}}],"collection":[{"href":"https:\/\/omsi.it\/fr\/wp-json\/wp\/v2\/pages"}],"about":[{"href":"https:\/\/omsi.it\/fr\/wp-json\/wp\/v2\/types\/page"}],"author":[{"embeddable":true,"href":"https:\/\/omsi.it\/fr\/wp-json\/wp\/v2\/users\/1"}],"replies":[{"embeddable":true,"href":"https:\/\/omsi.it\/fr\/wp-json\/wp\/v2\/comments?post=21338"}],"version-history":[{"count":32,"href":"https:\/\/omsi.it\/fr\/wp-json\/wp\/v2\/pages\/21338\/revisions"}],"predecessor-version":[{"id":21594,"href":"https:\/\/omsi.it\/fr\/wp-json\/wp\/v2\/pages\/21338\/revisions\/21594"}],"wp:featuredmedia":[{"embeddable":true,"href":"https:\/\/omsi.it\/fr\/wp-json\/wp\/v2\/media\/21182"}],"wp:attachment":[{"href":"https:\/\/omsi.it\/fr\/wp-json\/wp\/v2\/media?parent=21338"}],"curies":[{"name":"wp","href":"https:\/\/api.w.org\/{rel}","templated":true}]}}