{"id":996,"date":"2017-09-22T13:16:43","date_gmt":"2017-09-22T13:16:43","guid":{"rendered":"http:\/\/dummy.xtemos.com\/woodmart\/demos\/?page_id=996"},"modified":"2026-04-01T11:06:55","modified_gmt":"2026-04-01T09:06:55","slug":"qui-nous-sommes","status":"publish","type":"page","link":"https:\/\/omsi.it\/fr\/chi-siamo\/","title":{"rendered":"A propos de nous"},"content":{"rendered":"<div class=\"wpb-content-wrapper\"><div id=\"storia\" class=\"vc_row wpb_row vc_row-fluid vc_custom_1607510045105 vc_column-gap-20 vc_row-o-content-middle vc_row-flex\"><div class=\"wpb_column vc_column_container vc_col-sm-12 vc_col-md-6\"><div class=\"vc_column-inner\"><div class=\"wpb_wrapper\"><div class=\"vc_empty_space\"   style=\"height: 40px\"><span class=\"vc_empty_space_inner\"><\/span><\/div>\t\t<div id=\"gallery_568\" class=\"wd-images-gallery wd-wpb wd-rs-652d14a0eb855 wd-carousel-container wd-wpb\" style=\"--wd-justify-content:center;--wd-align-items:center;\">\n\t\t\t\t\t\t\t<div class=\"wd-carousel-inner\">\n\t\t\t\n\t\t\t<div class=\"wd-carousel wd-grid\"data-speed=\"5000\" data-wrap=\"yes\" data-autoplay=\"yes\" data-scroll_per_page=\"yes\" data-center_mode=\"yes\" style=\"--wd-col-lg:1;--wd-col-md:1;--wd-col-sm:1;--wd-gap-lg:0px;\">\n\t\t\t\t\t\t\t\t\t<div class=\"wd-carousel-wrap\">\n\t\t\t\t\n\t\t\t\t\t\t\t\t\t\t\t\t\t\t\t<div class=\"wd-gallery-item wd-carousel-item\">\n\t\t\t\t\t\t\t\n\t\t\t\t\t\t\t\t<img loading=\"lazy\" decoding=\"async\" width=\"1280\" height=\"855\" src=\"https:\/\/omsi.it\/wp\/wp-content\/uploads\/2020\/12\/omsi-calcio-stadio-scaled-scaled.jpg\" class=\"wd-gallery-image image-1\" alt=\"le stade de football omsi \u00e0 l&#039;\u00e9chelle\" srcset=\"https:\/\/omsi.it\/wp\/wp-content\/uploads\/2020\/12\/omsi-calcio-stadio-scaled-scaled.jpg 1280w, https:\/\/omsi.it\/wp\/wp-content\/uploads\/2020\/12\/omsi-calcio-stadio-scaled-150x100.jpg 150w, https:\/\/omsi.it\/wp\/wp-content\/uploads\/2020\/12\/omsi-calcio-stadio-scaled-1200x801.jpg 1200w, https:\/\/omsi.it\/wp\/wp-content\/uploads\/2020\/12\/omsi-calcio-stadio-300x200.jpg 300w, https:\/\/omsi.it\/wp\/wp-content\/uploads\/2020\/12\/omsi-calcio-stadio-1024x684.jpg 1024w, https:\/\/omsi.it\/wp\/wp-content\/uploads\/2020\/12\/omsi-calcio-stadio-768x513.jpg 768w, https:\/\/omsi.it\/wp\/wp-content\/uploads\/2020\/12\/omsi-calcio-stadio-1536x1025.jpg 1536w, https:\/\/omsi.it\/wp\/wp-content\/uploads\/2020\/12\/omsi-calcio-stadio-2048x1367.jpg 2048w\" sizes=\"auto, (max-width: 1280px) 100vw, 1280px\" wpfc-lazyload-disable=\"true\" \/>\n\t\t\t\t\t\t\t\t\t\t\t\t\t\t<\/div>\n\t\t\t\t\t\t\t\t\t\t\t<div class=\"wd-gallery-item wd-carousel-item\">\n\t\t\t\t\t\t\t\n\t\t\t\t\t\t\t\t<img loading=\"lazy\" decoding=\"async\" width=\"1280\" height=\"853\" src=\"https:\/\/omsi.it\/wp\/wp-content\/uploads\/2020\/12\/omsi-basket-stadio-scaled-scaled.jpg\" class=\"wd-gallery-image image-2\" alt=\"Le stade de basket-ball de l&#039;omsi \u00e0 l&#039;\u00e9chelle\" srcset=\"https:\/\/omsi.it\/wp\/wp-content\/uploads\/2020\/12\/omsi-basket-stadio-scaled-scaled.jpg 1280w, https:\/\/omsi.it\/wp\/wp-content\/uploads\/2020\/12\/omsi-basket-stadio-scaled-150x100.jpg 150w, https:\/\/omsi.it\/wp\/wp-content\/uploads\/2020\/12\/omsi-basket-stadio-scaled-1200x800.jpg 1200w, https:\/\/omsi.it\/wp\/wp-content\/uploads\/2020\/12\/omsi-basket-stadio-300x200.jpg 300w, https:\/\/omsi.it\/wp\/wp-content\/uploads\/2020\/12\/omsi-basket-stadio-1024x683.jpg 1024w, https:\/\/omsi.it\/wp\/wp-content\/uploads\/2020\/12\/omsi-basket-stadio-768x512.jpg 768w, https:\/\/omsi.it\/wp\/wp-content\/uploads\/2020\/12\/omsi-basket-stadio-1536x1024.jpg 1536w, https:\/\/omsi.it\/wp\/wp-content\/uploads\/2020\/12\/omsi-basket-stadio-2048x1365.jpg 2048w\" sizes=\"auto, (max-width: 1280px) 100vw, 1280px\" wpfc-lazyload-disable=\"true\" \/>\n\t\t\t\t\t\t\t\t\t\t\t\t\t\t<\/div>\n\t\t\t\t\t\t\t\t\t\t\t<div class=\"wd-gallery-item wd-carousel-item\">\n\t\t\t\t\t\t\t\n\t\t\t\t\t\t\t\t<img loading=\"lazy\" decoding=\"async\" width=\"1280\" height=\"853\" src=\"https:\/\/omsi.it\/wp\/wp-content\/uploads\/2020\/12\/omsi-scuola-scaled-scaled.jpg\" class=\"wd-gallery-image image-3\" alt=\"\u00e9cole \u00e9chelonn\u00e9e omsi\" srcset=\"https:\/\/omsi.it\/wp\/wp-content\/uploads\/2020\/12\/omsi-scuola-scaled-scaled.jpg 1280w, https:\/\/omsi.it\/wp\/wp-content\/uploads\/2020\/12\/omsi-scuola-scaled-150x100.jpg 150w, https:\/\/omsi.it\/wp\/wp-content\/uploads\/2020\/12\/omsi-scuola-scaled-1200x800.jpg 1200w, https:\/\/omsi.it\/wp\/wp-content\/uploads\/2020\/12\/omsi-scuola-300x200.jpg 300w, https:\/\/omsi.it\/wp\/wp-content\/uploads\/2020\/12\/omsi-scuola-1024x683.jpg 1024w, https:\/\/omsi.it\/wp\/wp-content\/uploads\/2020\/12\/omsi-scuola-768x512.jpg 768w, https:\/\/omsi.it\/wp\/wp-content\/uploads\/2020\/12\/omsi-scuola-1536x1024.jpg 1536w, https:\/\/omsi.it\/wp\/wp-content\/uploads\/2020\/12\/omsi-scuola-2048x1365.jpg 2048w\" sizes=\"auto, (max-width: 1280px) 100vw, 1280px\" wpfc-lazyload-disable=\"true\" \/>\n\t\t\t\t\t\t\t\t\t\t\t\t\t\t<\/div>\n\t\t\t\t\t\t\t\t\t\t\t<div class=\"wd-gallery-item wd-carousel-item\">\n\t\t\t\t\t\t\t\n\t\t\t\t\t\t\t\t<img loading=\"lazy\" decoding=\"async\" width=\"1280\" height=\"922\" src=\"https:\/\/omsi.it\/wp\/wp-content\/uploads\/2020\/12\/collettivita-scaled.jpg\" class=\"wd-gallery-image image-4\" alt=\"communaut\u00e9\" srcset=\"https:\/\/omsi.it\/wp\/wp-content\/uploads\/2020\/12\/collettivita-scaled.jpg 1280w, https:\/\/omsi.it\/wp\/wp-content\/uploads\/2020\/12\/collettivita-150x108.jpg 150w, https:\/\/omsi.it\/wp\/wp-content\/uploads\/2020\/12\/collettivita-1200x864.jpg 1200w, https:\/\/omsi.it\/wp\/wp-content\/uploads\/2020\/12\/collettivita-300x216.jpg 300w, https:\/\/omsi.it\/wp\/wp-content\/uploads\/2020\/12\/collettivita-1024x738.jpg 1024w, https:\/\/omsi.it\/wp\/wp-content\/uploads\/2020\/12\/collettivita-768x553.jpg 768w, https:\/\/omsi.it\/wp\/wp-content\/uploads\/2020\/12\/collettivita-1536x1107.jpg 1536w, https:\/\/omsi.it\/wp\/wp-content\/uploads\/2020\/12\/collettivita-2048x1475.jpg 2048w\" sizes=\"auto, (max-width: 1280px) 100vw, 1280px\" wpfc-lazyload-disable=\"true\" \/>\n\t\t\t\t\t\t\t\t\t\t\t\t\t\t<\/div>\n\t\t\t\t\t\t\t\t\t\n\t\t\t\t\t\t\t\t\t<\/div>\n\t\t\t\t\t\t\t<\/div>\n\n\t\t\t\t\t\t\t\n\t\t\t\t<\/div>\n\n\t\t\t\t\t\t<div class=\"wd-nav-pagin-wrap text-center wd-style-shape wd-hide-md-sm wd-hide-sm\">\n\t\t\t<ul class=\"wd-nav-pagin\"><\/ul>\n\t\t<\/div>\n\t\t\t\t\t\t\t\t\t\t\t<\/div>\n\t\t<\/div><\/div><\/div><div class=\"wpb_column vc_column_container vc_col-sm-12 vc_col-md-6 vc_col-xs-12 vc_col-has-fill color-scheme-dark\"><div class=\"vc_column-inner vc_custom_1505897347535\"><div class=\"wpb_wrapper\">\n\t\t<div id=\"wd-5f6b134b45222\" class=\"title-wrapper wd-wpb wd-set-mb reset-last-child  wd-rs-5f6b134b45222 wd-title-color-primary wd-title-style-simple text-left  wd-underline-colored\">\n\t\t\t\n\t\t\t<div class=\"liner-continer\">\n\t\t\t\t<h2 class=\"woodmart-title-container title  wd-font-weight- wd-fontsize-xxl\" >L'HISTOIRE DE L'OMSI<\/h2>\n\t\t\t\t\t\t\t<\/div>\n\t\t\t\n\t\t\t\n\t\t\t\n\t\t<\/div>\n\t\t\n\t\t<div class=\"vc_row wpb_row vc_inner vc_row-fluid vc_custom_1497001704725\"><div class=\"wpb_column vc_column_container vc_col-sm-12 vc_col-lg-6 vc_col-xs-12\"><div class=\"vc_column-inner\"><div class=\"wpb_wrapper\">\n\t<div class=\"wpb_text_column wpb_content_element vc_custom_1775034346174\" >\n\t\t<div class=\"wpb_wrapper\">\n\t\t\t<h3 style=\"font-size: 16px; margin-bottom: 10px;\">65 ans de qualit\u00e9.<\/h3>\n<p>Leader sur les march\u00e9s nationaux et internationaux, <strong>OMSI fabrique et installe des si\u00e8ges en plastique depuis plus de 65 ans.<\/strong><\/p>\n\n\t\t<\/div>\n\t<\/div>\n<div class=\"vc_empty_space\"   style=\"height: 15px\"><span class=\"vc_empty_space_inner\"><\/span><\/div>\n\t<div class=\"wpb_text_column wpb_content_element vc_custom_1693313311333\" >\n\t\t<div class=\"wpb_wrapper\">\n\t\t\t<h3 style=\"font-size: 16px; margin-bottom: 10px;\">Depuis 1961 \u00e0 Zola Predosa.<\/h3>\n<p class=\"translation-block\">Fond\u00e9e en 1961 \u00e0 Zola Predosa, dans la zone industrielle de Bologne, l\u2019entreprise s\u2019est toujours distingu\u00e9e par son esprit ambitieux et concret, qui s\u2019est av\u00e9r\u00e9 \u00eatre l\u2019esprit gagnant.<\/p>\n\n\t\t<\/div>\n\t<\/div>\n<\/div><\/div><\/div><div class=\"wpb_column vc_column_container vc_col-sm-6 vc_hidden-md vc_hidden-sm vc_hidden-xs\"><div class=\"vc_column-inner vc_custom_1496236392182\"><div class=\"wpb_wrapper\">\n\t<div class=\"wpb_text_column wpb_content_element vc_custom_1693313291734\" >\n\t\t<div class=\"wpb_wrapper\">\n\t\t\t<h3 style=\"font-size: 16px; margin-bottom: 10px;\">Le sport est notre sp\u00e9cialit\u00e9.<\/h3>\n<p class=\"translation-block\">Dans le monde entier, OMSI est leader dans l\u2019ameublement de stades et d\u2019installations sportives gr\u00e2ce \u00e0 ses produits de haute qualit\u00e9.<\/p>\n\n\t\t<\/div>\n\t<\/div>\n\n\t<div class=\"wpb_text_column wpb_content_element vc_custom_1693313331260\" >\n\t\t<div class=\"wpb_wrapper\">\n\t\t\t<h3 style=\"font-size: 16px; margin-bottom: 10px;\">International, depuis 2002.<\/h3>\n<p class=\"translation-block\">Depuis 2002, OMSI fait partie du groupe TWINS, le num\u00e9ro un mondial pour la production de composants en plastique pour si\u00e8ges, pr\u00e9sent sur les cinq continents.<\/p>\n\n\t\t<\/div>\n\t<\/div>\n<\/div><\/div><\/div><\/div><\/div><\/div><\/div><\/div><div id=\"mission\" data-vc-full-width=\"true\" data-vc-full-width-temp=\"true\" data-vc-full-width-init=\"false\" class=\"vc_row wpb_row vc_row-fluid vc_custom_1600420494362 vc_row-has-fill\"><div class=\"wpb_column vc_column_container vc_col-sm-12\"><div class=\"vc_column-inner\"><div class=\"wpb_wrapper\">\n\t\t<div id=\"wd-5f6b13514bc3a\" class=\"title-wrapper wd-wpb wd-set-mb reset-last-child  wd-rs-5f6b13514bc3a wd-title-color-primary wd-title-style-simple text-center  wd-width-enabled wd-underline-colored\" style=\"--wd-max-width: 50%;\">\n\t\t\t\n\t\t\t<div class=\"liner-continer\">\n\t\t\t\t<h2 class=\"woodmart-title-container title  wd-font-weight- wd-fontsize-xxl\" >NOTRE MISSION<\/h2>\n\t\t\t\t\t\t\t<\/div>\n\t\t\t\n\t\t\t\n\t\t\t\n\t\t<\/div>\n\t\t\n\t\t\t\t\t<div id=\"wd-5fbcef9458dbd\" class=\"wd-text-block-wrapper wd-wpb wd-rs-5fbcef9458dbd color-scheme- text-center wd-width-enabled\" style=\"--wd-max-width: 70%;\">\n\t\t\t\t<div class=\"woodmart-title-container woodmart-text-block reset-last-child font-primary wd-font-weight- translation-block\"><strong>CR\u00c9ER<\/strong> des solutions innovantes et sur mesure, privil\u00e9giant la qualit\u00e9 et l\u2019esth\u00e9tique, alliant haut niveau technique et durabilit\u00e9.<br>\n<strong>R\u00c9ALISER<\/strong> des interventions dans le but d\u2019une satisfaction maximale, en apportant le style italien dans le monde.<\/div>\n\n\t\t\t\t\t\t\t<\/div>\n\t\t<div class=\"vc_empty_space\"   style=\"height: 32px\"><span class=\"vc_empty_space_inner\"><\/span><\/div><\/div><\/div><\/div><\/div><div class=\"vc_row-full-width vc_clearfix\"><\/div><div id=\"servizi\" data-vc-full-width=\"true\" data-vc-full-width-temp=\"true\" data-vc-full-width-init=\"false\" class=\"vc_row wpb_row vc_row-fluid vc_custom_1600420519461\"><div class=\"wpb_column vc_column_container vc_col-sm-12\"><div class=\"vc_column-inner\"><div class=\"wpb_wrapper\">\n\t\t<div id=\"wd-5fd0b2498f025\" class=\"title-wrapper wd-wpb wd-set-mb reset-last-child  wd-rs-5fd0b2498f025 wd-title-color-primary wd-title-style-simple text-center  wd-width-enabled wd-underline-colored\" style=\"--wd-max-width: 50%;\">\n\t\t\t\n\t\t\t<div class=\"liner-continer\">\n\t\t\t\t<h2 class=\"woodmart-title-container title  wd-font-weight- wd-fontsize-xxl\" >NOTRE VISION<\/h2>\n\t\t\t\t\t\t\t<\/div>\n\t\t\t\n\t\t\t\n\t\t\t\n\t\t<\/div>\n\t\t\n\t\t<div class=\"vc_empty_space\"   style=\"height: 32px\"><span class=\"vc_empty_space_inner\"><\/span><\/div><div class=\"vc_row wpb_row vc_inner vc_row-fluid\"><div class=\"wpb_column vc_column_container vc_col-sm-6\"><div class=\"vc_column-inner\"><div class=\"wpb_wrapper\">\n\t\t<div id=\"wd-5f647874a0b35\" class=\"title-wrapper wd-wpb wd-set-mb reset-last-child  wd-rs-5f647874a0b35 wd-title-color-default wd-title-style-default text-left  wd-underline-colored\">\n\t\t\t\n\t\t\t<div class=\"liner-continer\">\n\t\t\t\t<h2 class=\"woodmart-title-container title  wd-font-weight-600 wd-fontsize-l\" >DES PROJETS SUR MESURE<\/h2>\n\t\t\t\t\t\t\t<\/div>\n\t\t\t\n\t\t\t\n\t\t\t\n\t\t<\/div>\n\t\t\n\t\t\t\t\t<div id=\"wd-64edea2857fd7\" class=\"wd-text-block-wrapper wd-wpb wd-rs-64edea2857fd7 color-scheme- text-left\">\n\t\t\t\t<div class=\"woodmart-title-container woodmart-text-block reset-last-child font-primary wd-font-weight-\">\n\t\t\t\t\t<strong>OMSI d\u00e9veloppe des projets sur mesure adapt\u00e9s aux besoins du client<\/strong>en utilisant\u00a0<strong>les professionnels ayant une exp\u00e9rience en ing\u00e9nierie <\/strong>et entreprend des collaborations avec<strong> Maison du design<\/strong>\u00a0de renomm\u00e9e mondiale, garantissant des produits toujours conformes aux r\u00e9glementations en vigueur.<\/p>\n<p>Apr\u00e8s une premi\u00e8re \u00e9tude des donn\u00e9es d'entr\u00e9e et une \u00e9bauche de la fiche de conception du produit<strong>nous r\u00e9alisons un mod\u00e8le 3D<\/strong> et par la suite <strong>un prototype du projet<\/strong> qui sera examin\u00e9e d'un point de vue fonctionnel, technique et esth\u00e9tique. L'\u00e9tape suivante est <strong>les<\/strong>\u00a0<strong>r\u00e9alisation du moule.<\/strong>\t\t\t\t<\/div>\n\n\t\t\t\t\t\t\t<\/div>\n\t\t<\/div><\/div><\/div><div class=\"wpb_column vc_column_container vc_col-sm-6\"><div class=\"vc_column-inner\"><div class=\"wpb_wrapper\">\n\t\t<div id=\"wd-5f6476de23a77\" class=\"title-wrapper wd-wpb wd-set-mb reset-last-child  wd-rs-5f6476de23a77 wd-title-color-default wd-title-style-default text-left  wd-width-enabled wd-underline-colored\" style=\"--wd-max-width: 50%;\">\n\t\t\t\n\t\t\t<div class=\"liner-continer\">\n\t\t\t\t<h2 class=\"woodmart-title-container title  wd-font-weight-600 wd-fontsize-l\" >OMSI GREEN<\/h2>\n\t\t\t\t\t\t\t<\/div>\n\t\t\t\n\t\t\t\n\t\t\t\n\t\t<\/div>\n\t\t\n\t\t\t\t\t<div id=\"wd-64edec2ada13c\" class=\"wd-text-block-wrapper wd-wpb wd-rs-64edec2ada13c color-scheme- text-left\">\n\t\t\t\t<div class=\"woodmart-title-container woodmart-text-block reset-last-child font-primary wd-font-weight-\">\n\t\t\t\t\tOMSI a toujours fait<strong> des produits de qualit\u00e9 durables<\/strong>Ses processus de production sont bas\u00e9s sur\u00a0<strong>technologies avanc\u00e9es respectueuses de l'environnement<\/strong>\u00a0et, en plus de choisir des mat\u00e9riaux durables, investit chaque ann\u00e9e des fonds et des ressources consid\u00e9rables dans la\u00a0<strong>le recyclage du propyl\u00e8ne et du polyamide<\/strong>.<\/p>\n<p><strong>Nous pouvons nous charger de l'enl\u00e8vement des si\u00e8ges usag\u00e9s et de la mise en place d'un syst\u00e8me d'alarme. <\/strong><strong>d\u00e9marrer les \u00e9tapes du processus de recyclage :<\/strong><\/p>\n<ul>\n<li>s\u00e9ances de lavage s\u00e9paration des diff\u00e9rents mat\u00e9riaux en fonction de leur nature et de leurs qualit\u00e9s techniques<\/li>\n<li>trituration des mat\u00e9riaux<\/li>\n<li>analyse de la composition des copeaux obtenus<\/li>\n<li>vente des copeaux \u00e0 des entreprises productrices<\/li>\n<li>cr\u00e9ations de nouveaux objets en mat\u00e9riaux plastiques recycl\u00e9s<\/li>\n<\/ul>\n<p>Ce type de processus est une application concr\u00e8te de la\u00a0<strong>\u00e9conomie circulaire<\/strong>.\t\t\t\t<\/div>\n\n\t\t\t\t\t\t\t<\/div>\n\t\t<\/div><\/div><\/div><\/div><div class=\"vc_row wpb_row vc_inner vc_row-fluid\"><div class=\"wpb_column vc_column_container vc_col-sm-6\"><div class=\"vc_column-inner\"><div class=\"wpb_wrapper\">\n\t\t<div id=\"wd-5fc8d60a7b692\" class=\"title-wrapper wd-wpb wd-set-mb reset-last-child  wd-rs-5fc8d60a7b692 wd-title-color-default wd-title-style-default text-left  wd-underline-colored\">\n\t\t\t\n\t\t\t<div class=\"liner-continer\">\n\t\t\t\t<h2 class=\"woodmart-title-container title  wd-font-weight-600 wd-fontsize-l\" >MADE IN ITALY<\/h2>\n\t\t\t\t\t\t\t<\/div>\n\t\t\t\n\t\t\t\n\t\t\t\n\t\t<\/div>\n\t\t\n\t\t\t\t\t<div id=\"wd-64edecd18fc5f\" class=\"wd-text-block-wrapper wd-wpb wd-rs-64edecd18fc5f color-scheme- text-left\">\n\t\t\t\t<div class=\"woodmart-title-container woodmart-text-block reset-last-child font-primary wd-font-weight-\">\n\t\t\t\t\t<strong>L'OMSI r\u00e9alise son<\/strong>\u00a0<strong>produits sur le territoire italien<\/strong>\u00a0et promeut le MADE IN ITALY dans le monde entier. Nous utilisons<strong> des mati\u00e8res premi\u00e8res de haute qualit\u00e9 <\/strong>pour garantir un produit fini de la plus haute qualit\u00e9 ; c'est pourquoi nous n'utilisons que des\u00a0<strong>Fournisseurs certifi\u00e9s ISO 9001:2015<\/strong>.<\/p>\n<p>La production s'effectue \u00e0 l'aide de<strong>\u00a0des machines modernes, \u00e0 la pointe de la technologie<\/strong>en utilisant \u00e0 la fois la technologie du moulage par injection et celle du moulage par soufflage.<\/p>\n<p>Notre personnel hautement sp\u00e9cialis\u00e9 est en mesure de produire des milliers de pi\u00e8ces par jour, en garantissant toujours un niveau de qualit\u00e9 \u00e9lev\u00e9. Nous testons la r\u00e9sistance m\u00e9canique des produits afin d'obtenir le test le plus fid\u00e8le possible.\t\t\t\t<\/div>\n\n\t\t\t\t\t\t\t<\/div>\n\t\t<\/div><\/div><\/div><div class=\"wpb_column vc_column_container vc_col-sm-6\"><div class=\"vc_column-inner\"><div class=\"wpb_wrapper\">\n\t\t<div id=\"wd-5fc8d6247f3ec\" class=\"title-wrapper wd-wpb wd-set-mb reset-last-child  wd-rs-5fc8d6247f3ec wd-title-color-default wd-title-style-default text-left  wd-underline-colored\">\n\t\t\t\n\t\t\t<div class=\"liner-continer\">\n\t\t\t\t<h2 class=\"woodmart-title-container title  wd-font-weight-600 wd-fontsize-l\" >UNE PR\u00c9SENCE MONDIALE<\/h2>\n\t\t\t\t\t\t\t<\/div>\n\t\t\t\n\t\t\t\n\t\t\t\n\t\t<\/div>\n\t\t\n\t\t\t\t\t<div id=\"wd-64edec160eae6\" class=\"wd-text-block-wrapper wd-wpb wd-rs-64edec160eae6 color-scheme- text-left\">\n\t\t\t\t<div class=\"woodmart-title-container woodmart-text-block reset-last-child font-primary wd-font-weight-\">\n\t\t\t\t\t<strong>Les si\u00e8ges Omsi sont install\u00e9s dans le<\/strong> <strong>installations sportives<\/strong> (stades, ar\u00e8nes, auditoriums, piscines, etc.). <strong>et dans les installations publiques et priv\u00e9es les plus prestigieuses en Italie et dans le monde entier.<\/strong><\/p>\n<p>O\u00f9 que se trouvent nos clients, nous sommes en mesure, depuis plus de 60 ans, de leur fournir une assistance directement ou par l'interm\u00e9diaire de notre r\u00e9seau mondial, pr\u00e9sent sur les cinq continents, afin de r\u00e9pondre \u00e0 tous leurs besoins, tant commerciaux qu'op\u00e9rationnels.\t\t\t\t<\/div>\n\n\t\t\t\t\t\t\t<\/div>\n\t\t<div id=\"wd-5fce085d29c0a\" class=\"wd-rs-5fce085d29c0a  wd-button-wrapper text-left\"><a href=\"https:\/\/omsi.it\/fr\/wp\/realisations\/\" title=\"R\u00e9alisations\" class=\"btn btn-color-primary btn-style-default btn-shape-rectangle btn-size-default\">Nos r\u00e9alisations<\/a><\/div><\/div><\/div><\/div><\/div><\/div><\/div><\/div><\/div><div class=\"vc_row-full-width vc_clearfix\"><\/div>\n<\/div>","protected":false},"excerpt":{"rendered":"LA STORIA DI OMSI 65 anni di qualit\u00e0. Leader nei mercati nazionali e internazionali, da oltre 65 anni OMSI si","protected":false},"author":1,"featured_media":0,"parent":0,"menu_order":0,"comment_status":"closed","ping_status":"closed","template":"","meta":{"footnotes":""},"class_list":["post-996","page","type-page","status-publish","hentry"],"_links":{"self":[{"href":"https:\/\/omsi.it\/fr\/wp-json\/wp\/v2\/pages\/996","targetHints":{"allow":["GET"]}}],"collection":[{"href":"https:\/\/omsi.it\/fr\/wp-json\/wp\/v2\/pages"}],"about":[{"href":"https:\/\/omsi.it\/fr\/wp-json\/wp\/v2\/types\/page"}],"author":[{"embeddable":true,"href":"https:\/\/omsi.it\/fr\/wp-json\/wp\/v2\/users\/1"}],"replies":[{"embeddable":true,"href":"https:\/\/omsi.it\/fr\/wp-json\/wp\/v2\/comments?post=996"}],"version-history":[{"count":2,"href":"https:\/\/omsi.it\/fr\/wp-json\/wp\/v2\/pages\/996\/revisions"}],"predecessor-version":[{"id":21540,"href":"https:\/\/omsi.it\/fr\/wp-json\/wp\/v2\/pages\/996\/revisions\/21540"}],"wp:attachment":[{"href":"https:\/\/omsi.it\/fr\/wp-json\/wp\/v2\/media?parent=996"}],"curies":[{"name":"wp","href":"https:\/\/api.w.org\/{rel}","templated":true}]}}