{"id":16959,"date":"2022-04-21T10:53:37","date_gmt":"2022-04-21T08:53:37","guid":{"rendered":"https:\/\/omsi.it\/wp\/?post_type=product&#038;p=16959"},"modified":"2024-04-04T13:29:26","modified_gmt":"2024-04-04T11:29:26","slug":"diamant","status":"publish","type":"product","link":"https:\/\/omsi.it\/fr\/prodotto\/diamond\/","title":{"rendered":"Diamond"},"content":{"rendered":"<div class=\"wpb-content-wrapper\"><div class=\"vc_row wpb_row vc_row-fluid vc_custom_1535549586274\"><div class=\"wpb_column vc_column_container vc_col-sm-12\"><div class=\"vc_column-inner\"><div class=\"wpb_wrapper\">\n\t\t<div id=\"wd-62611d4569de9\" class=\"title-wrapper wd-wpb wd-set-mb reset-last-child  wd-rs-62611d4569de9 wd-title-color-primary wd-title-style-simple text-center  wd-underline-colored\">\n\t\t\t\n\t\t\t<div class=\"liner-continer\">\n\t\t\t\t<h4 class=\"woodmart-title-container title  wd-font-weight- wd-fontsize-l\" >TUTTE LE TIPOLOGIE<\/h4>\n\t\t\t\t\t\t\t<\/div>\n\t\t\t\n\t\t\t\n\t\t\t\n\t\t<\/div>\n\t\t\n\t\t<div class=\"vc_empty_space\"   style=\"height: 32px\"><span class=\"vc_empty_space_inner\"><\/span><\/div><div class=\"vc_row wpb_row vc_inner vc_row-fluid vc_column-gap-35\"><div class=\"wpb_column vc_column_container vc_col-sm-3 text-center\"><div class=\"vc_column-inner\"><div class=\"wpb_wrapper\">\n\t\t<div id=\"wd-62611c0d9dedd\" class=\"title-wrapper wd-wpb wd-set-mb reset-last-child  wd-rs-62611c0d9dedd wd-title-color-default wd-title-style-default text-center  wd-underline-colored\">\n\t\t\t\n\t\t\t<div class=\"liner-continer\">\n\t\t\t\t<h4 class=\"woodmart-title-container title  wd-font-weight- wd-fontsize-m\" >4 gambe<\/h4>\n\t\t\t\t\t\t\t<\/div>\n\t\t\t\n\t\t\t\n\t\t\t\n\t\t<\/div>\n\t\t\n\t\t\n\t<div  class=\"wpb_single_image wpb_content_element vc_align_center\">\n\t\t\n\t\t<figure class=\"wpb_wrapper vc_figure\">\n\t\t\t<a class=\"\" data-lightbox=\"lightbox[rel-16959-2323144553]\" href=\"https:\/\/omsi.it\/wp\/wp-content\/uploads\/2022\/07\/DIAMOND_plastic_chair_4gambe_lime.png\" target=\"_self\" class=\"vc_single_image-wrapper   vc_box_border_grey\"><img loading=\"lazy\" decoding=\"async\" width=\"1000\" height=\"1000\" src=\"https:\/\/omsi.it\/wp\/wp-content\/uploads\/2022\/07\/DIAMOND_plastic_chair_4gambe_lime.png\" class=\"vc_single_image-img attachment-full\" alt=\"DIAMOND plastic chair 4gambe lime\" title=\"DIAMOND plastic chair 4gambe lime\" srcset=\"https:\/\/omsi.it\/wp\/wp-content\/uploads\/2022\/07\/DIAMOND_plastic_chair_4gambe_lime.png 1000w, https:\/\/omsi.it\/wp\/wp-content\/uploads\/2022\/07\/DIAMOND_plastic_chair_4gambe_lime-300x300.png 300w, https:\/\/omsi.it\/wp\/wp-content\/uploads\/2022\/07\/DIAMOND_plastic_chair_4gambe_lime-150x150.png 150w, https:\/\/omsi.it\/wp\/wp-content\/uploads\/2022\/07\/DIAMOND_plastic_chair_4gambe_lime-768x768.png 768w, https:\/\/omsi.it\/wp\/wp-content\/uploads\/2022\/07\/DIAMOND_plastic_chair_4gambe_lime-600x600.png 600w\" sizes=\"auto, (max-width: 1000px) 100vw, 1000px\" wpfc-lazyload-disable=\"true\" \/><\/a>\n\t\t<\/figure>\n\t<\/div>\n<\/div><\/div><\/div><div class=\"wpb_column vc_column_container vc_col-sm-3 text-center\"><div class=\"vc_column-inner\"><div class=\"wpb_wrapper\">\n\t\t<div id=\"wd-62611c15d82ef\" class=\"title-wrapper wd-wpb wd-set-mb reset-last-child  wd-rs-62611c15d82ef wd-title-color-default wd-title-style-default text-center  wd-underline-colored\">\n\t\t\t\n\t\t\t<div class=\"liner-continer\">\n\t\t\t\t<h4 class=\"woodmart-title-container title  wd-font-weight- wd-fontsize-m\" >Base 5 razze<\/h4>\n\t\t\t\t\t\t\t<\/div>\n\t\t\t\n\t\t\t\n\t\t\t\n\t\t<\/div>\n\t\t\n\t\t\n\t<div  class=\"wpb_single_image wpb_content_element vc_align_center\">\n\t\t\n\t\t<figure class=\"wpb_wrapper vc_figure\">\n\t\t\t<a class=\"\" data-lightbox=\"lightbox[rel-16959-46825369]\" href=\"https:\/\/omsi.it\/wp\/wp-content\/uploads\/2022\/07\/DIAMOND_plastic_sgabelloa.png\" target=\"_self\" class=\"vc_single_image-wrapper   vc_box_border_grey\"><img loading=\"lazy\" decoding=\"async\" width=\"1000\" height=\"1000\" src=\"https:\/\/omsi.it\/wp\/wp-content\/uploads\/2022\/07\/DIAMOND_plastic_sgabelloa.png\" class=\"vc_single_image-img attachment-full\" alt=\"DIAMOND plastic sgabelloa\" title=\"DIAMOND plastic sgabelloa\" srcset=\"https:\/\/omsi.it\/wp\/wp-content\/uploads\/2022\/07\/DIAMOND_plastic_sgabelloa.png 1000w, https:\/\/omsi.it\/wp\/wp-content\/uploads\/2022\/07\/DIAMOND_plastic_sgabelloa-300x300.png 300w, https:\/\/omsi.it\/wp\/wp-content\/uploads\/2022\/07\/DIAMOND_plastic_sgabelloa-150x150.png 150w, https:\/\/omsi.it\/wp\/wp-content\/uploads\/2022\/07\/DIAMOND_plastic_sgabelloa-768x768.png 768w, https:\/\/omsi.it\/wp\/wp-content\/uploads\/2022\/07\/DIAMOND_plastic_sgabelloa-600x600.png 600w\" sizes=\"auto, (max-width: 1000px) 100vw, 1000px\" wpfc-lazyload-disable=\"true\" \/><\/a>\n\t\t<\/figure>\n\t<\/div>\n<\/div><\/div><\/div><div class=\"wpb_column vc_column_container vc_col-sm-3\"><div class=\"vc_column-inner\"><div class=\"wpb_wrapper\">\n\t\t<div id=\"wd-62611c20a7dab\" class=\"title-wrapper wd-wpb wd-set-mb reset-last-child  wd-rs-62611c20a7dab wd-title-color-default wd-title-style-default text-center  wd-underline-colored\">\n\t\t\t\n\t\t\t<div class=\"liner-continer\">\n\t\t\t\t<h4 class=\"woodmart-title-container title  wd-font-weight- wd-fontsize-m\" >Diamond telaio slitta<\/h4>\n\t\t\t\t\t\t\t<\/div>\n\t\t\t\n\t\t\t\n\t\t\t\n\t\t<\/div>\n\t\t\n\t\t\n\t<div  class=\"wpb_single_image wpb_content_element vc_align_center\">\n\t\t\n\t\t<figure class=\"wpb_wrapper vc_figure\">\n\t\t\t<a class=\"\" data-lightbox=\"lightbox[rel-16959-1329222436]\" href=\"https:\/\/omsi.it\/wp\/wp-content\/uploads\/2022\/07\/DIAMOND_plastic_chair_PiedLounge.png\" target=\"_self\" class=\"vc_single_image-wrapper   vc_box_border_grey\"><img loading=\"lazy\" decoding=\"async\" width=\"1000\" height=\"1000\" src=\"https:\/\/omsi.it\/wp\/wp-content\/uploads\/2022\/07\/DIAMOND_plastic_chair_PiedLounge.png\" class=\"vc_single_image-img attachment-full\" alt=\"DIAMOND plastic chair PiedLounge\" title=\"DIAMOND plastic chair PiedLounge\" srcset=\"https:\/\/omsi.it\/wp\/wp-content\/uploads\/2022\/07\/DIAMOND_plastic_chair_PiedLounge.png 1000w, https:\/\/omsi.it\/wp\/wp-content\/uploads\/2022\/07\/DIAMOND_plastic_chair_PiedLounge-300x300.png 300w, https:\/\/omsi.it\/wp\/wp-content\/uploads\/2022\/07\/DIAMOND_plastic_chair_PiedLounge-150x150.png 150w, https:\/\/omsi.it\/wp\/wp-content\/uploads\/2022\/07\/DIAMOND_plastic_chair_PiedLounge-768x768.png 768w, https:\/\/omsi.it\/wp\/wp-content\/uploads\/2022\/07\/DIAMOND_plastic_chair_PiedLounge-600x600.png 600w\" sizes=\"auto, (max-width: 1000px) 100vw, 1000px\" wpfc-lazyload-disable=\"true\" \/><\/a>\n\t\t<\/figure>\n\t<\/div>\n<\/div><\/div><\/div><div class=\"wpb_column vc_column_container vc_col-sm-3\"><div class=\"vc_column-inner\"><div class=\"wpb_wrapper\">\n\t\t<div id=\"wd-660e7554cfc6c\" class=\"title-wrapper wd-wpb wd-set-mb reset-last-child  wd-rs-660e7554cfc6c wd-title-color-default wd-title-style-default text-center  wd-underline-colored\">\n\t\t\t\n\t\t\t<div class=\"liner-continer\">\n\t\t\t\t<h4 class=\"woodmart-title-container title  wd-font-weight- wd-fontsize-m\" >Sgabello<\/h4>\n\t\t\t\t\t\t\t<\/div>\n\t\t\t\n\t\t\t\n\t\t\t\n\t\t<\/div>\n\t\t\n\t\t\n\t<div  class=\"wpb_single_image wpb_content_element vc_align_center\">\n\t\t\n\t\t<figure class=\"wpb_wrapper vc_figure\">\n\t\t\t<a class=\"\" data-lightbox=\"lightbox[rel-16959-2348129024]\" href=\"https:\/\/omsi.it\/wp\/wp-content\/uploads\/2024\/04\/Sgabello_diamond.png\" target=\"_self\" class=\"vc_single_image-wrapper   vc_box_border_grey\"><img loading=\"lazy\" decoding=\"async\" width=\"1000\" height=\"1000\" src=\"https:\/\/omsi.it\/wp\/wp-content\/uploads\/2024\/04\/Sgabello_diamond.png\" class=\"vc_single_image-img attachment-full\" alt=\"Sgabello diamond\" title=\"Sgabello_diamond\" srcset=\"https:\/\/omsi.it\/wp\/wp-content\/uploads\/2024\/04\/Sgabello_diamond.png 1000w, https:\/\/omsi.it\/wp\/wp-content\/uploads\/2024\/04\/Sgabello_diamond-300x300.png 300w, https:\/\/omsi.it\/wp\/wp-content\/uploads\/2024\/04\/Sgabello_diamond-150x150.png 150w, https:\/\/omsi.it\/wp\/wp-content\/uploads\/2024\/04\/Sgabello_diamond-768x768.png 768w, https:\/\/omsi.it\/wp\/wp-content\/uploads\/2024\/04\/Sgabello_diamond-600x600.png 600w\" sizes=\"auto, (max-width: 1000px) 100vw, 1000px\" wpfc-lazyload-disable=\"true\" \/><\/a>\n\t\t<\/figure>\n\t<\/div>\n<\/div><\/div><\/div><\/div><\/div><\/div><\/div><\/div><div class=\"vc_row wpb_row vc_row-fluid\"><div class=\"wpb_column vc_column_container vc_col-sm-12\"><div class=\"vc_column-inner\"><div class=\"wpb_wrapper\"><div class=\"vc_empty_space\"   style=\"height: 32px\"><span class=\"vc_empty_space_inner\"><\/span><\/div>\n\t\t<div id=\"wd-62611d3123f9b\" class=\"title-wrapper wd-wpb wd-set-mb reset-last-child  wd-rs-62611d3123f9b wd-title-color-primary wd-title-style-simple text-center  wd-underline-colored\">\n\t\t\t\n\t\t\t<div class=\"liner-continer\">\n\t\t\t\t<h4 class=\"woodmart-title-container title  wd-font-weight- wd-fontsize-l\" >AMBIENTAZIONI<\/h4>\n\t\t\t\t\t\t\t<\/div>\n\t\t\t\n\t\t\t\n\t\t\t\n\t\t<\/div>\n\t\t\n\t\t<div class=\"vc_empty_space\"   style=\"height: 32px\"><span class=\"vc_empty_space_inner\"><\/span><\/div><\/div><\/div><\/div><\/div><div class=\"vc_row wpb_row vc_row-fluid vc_custom_1596099536385\"><div class=\"wpb_column vc_column_container vc_col-sm-4\"><div class=\"vc_column-inner\"><div class=\"wpb_wrapper\">\n\t<div  class=\"wpb_single_image wpb_content_element vc_align_left\">\n\t\t\n\t\t<figure class=\"wpb_wrapper vc_figure\">\n\t\t\t<a class=\"\" data-lightbox=\"lightbox[rel-16959-341281055]\" href=\"https:\/\/omsi.it\/wp\/wp-content\/uploads\/2022\/07\/Diamond_colorful_chairs-1.jpg\" target=\"_self\" class=\"vc_single_image-wrapper   vc_box_border_grey\"><img loading=\"lazy\" decoding=\"async\" width=\"850\" height=\"623\" src=\"https:\/\/omsi.it\/wp\/wp-content\/uploads\/2022\/07\/Diamond_colorful_chairs-1.jpg\" class=\"vc_single_image-img attachment-full\" alt=\"Diamond colorful chairs 1\" title=\"Diamond colorful chairs 1\" srcset=\"https:\/\/omsi.it\/wp\/wp-content\/uploads\/2022\/07\/Diamond_colorful_chairs-1.jpg 850w, https:\/\/omsi.it\/wp\/wp-content\/uploads\/2022\/07\/Diamond_colorful_chairs-1-300x220.jpg 300w, https:\/\/omsi.it\/wp\/wp-content\/uploads\/2022\/07\/Diamond_colorful_chairs-1-768x563.jpg 768w, https:\/\/omsi.it\/wp\/wp-content\/uploads\/2022\/07\/Diamond_colorful_chairs-1-150x110.jpg 150w\" sizes=\"auto, (max-width: 850px) 100vw, 850px\" wpfc-lazyload-disable=\"true\" \/><\/a>\n\t\t<\/figure>\n\t<\/div>\n\n\t<div  class=\"wpb_single_image wpb_content_element vc_align_left\">\n\t\t\n\t\t<figure class=\"wpb_wrapper vc_figure\">\n\t\t\t<a class=\"\" data-lightbox=\"lightbox[rel-16959-643295878]\" href=\"https:\/\/omsi.it\/wp\/wp-content\/uploads\/2022\/04\/KS442125505.1422-1-1024x683.jpg\" target=\"_self\" class=\"vc_single_image-wrapper   vc_box_border_grey\"><img loading=\"lazy\" decoding=\"async\" width=\"1280\" height=\"854\" src=\"https:\/\/omsi.it\/wp\/wp-content\/uploads\/2022\/04\/KS442125505.1422-1-scaled.jpg\" class=\"vc_single_image-img attachment-full\" alt=\"KS442125505.1422 1\" title=\"KS442125505.1422 1\" srcset=\"https:\/\/omsi.it\/wp\/wp-content\/uploads\/2022\/04\/KS442125505.1422-1-scaled.jpg 1280w, https:\/\/omsi.it\/wp\/wp-content\/uploads\/2022\/04\/KS442125505.1422-1-300x200.jpg 300w, https:\/\/omsi.it\/wp\/wp-content\/uploads\/2022\/04\/KS442125505.1422-1-1024x683.jpg 1024w, https:\/\/omsi.it\/wp\/wp-content\/uploads\/2022\/04\/KS442125505.1422-1-768x512.jpg 768w, https:\/\/omsi.it\/wp\/wp-content\/uploads\/2022\/04\/KS442125505.1422-1-1536x1025.jpg 1536w, https:\/\/omsi.it\/wp\/wp-content\/uploads\/2022\/04\/KS442125505.1422-1-1200x800.jpg 1200w, https:\/\/omsi.it\/wp\/wp-content\/uploads\/2022\/04\/KS442125505.1422-1-150x100.jpg 150w\" sizes=\"auto, (max-width: 1280px) 100vw, 1280px\" wpfc-lazyload-disable=\"true\" \/><\/a>\n\t\t<\/figure>\n\t<\/div>\n<div class=\"vc_empty_space\"   style=\"height: 32px\"><span class=\"vc_empty_space_inner\"><\/span><\/div><\/div><\/div><\/div><div class=\"wpb_column vc_column_container vc_col-sm-4\"><div class=\"vc_column-inner\"><div class=\"wpb_wrapper\">\n\t<div  class=\"wpb_single_image wpb_content_element vc_align_left\">\n\t\t\n\t\t<figure class=\"wpb_wrapper vc_figure\">\n\t\t\t<a class=\"\" data-lightbox=\"lightbox[rel-16959-1236553426]\" href=\"https:\/\/omsi.it\/wp\/wp-content\/uploads\/2022\/04\/KS442125505.1423-1-1024x682.jpg\" target=\"_self\" class=\"vc_single_image-wrapper   vc_box_border_grey\"><img loading=\"lazy\" decoding=\"async\" width=\"1280\" height=\"853\" src=\"https:\/\/omsi.it\/wp\/wp-content\/uploads\/2022\/04\/KS442125505.1423-1-scaled.jpg\" class=\"vc_single_image-img attachment-full\" alt=\"KS442125505.1423 1\" title=\"KS442125505.1423 1\" srcset=\"https:\/\/omsi.it\/wp\/wp-content\/uploads\/2022\/04\/KS442125505.1423-1-scaled.jpg 1280w, https:\/\/omsi.it\/wp\/wp-content\/uploads\/2022\/04\/KS442125505.1423-1-300x200.jpg 300w, https:\/\/omsi.it\/wp\/wp-content\/uploads\/2022\/04\/KS442125505.1423-1-1024x682.jpg 1024w, https:\/\/omsi.it\/wp\/wp-content\/uploads\/2022\/04\/KS442125505.1423-1-768x512.jpg 768w, https:\/\/omsi.it\/wp\/wp-content\/uploads\/2022\/04\/KS442125505.1423-1-1536x1024.jpg 1536w, https:\/\/omsi.it\/wp\/wp-content\/uploads\/2022\/04\/KS442125505.1423-1-1200x800.jpg 1200w, https:\/\/omsi.it\/wp\/wp-content\/uploads\/2022\/04\/KS442125505.1423-1-150x100.jpg 150w\" sizes=\"auto, (max-width: 1280px) 100vw, 1280px\" wpfc-lazyload-disable=\"true\" \/><\/a>\n\t\t<\/figure>\n\t<\/div>\n\n\t<div  class=\"wpb_single_image wpb_content_element vc_align_left\">\n\t\t\n\t\t<figure class=\"wpb_wrapper vc_figure\">\n\t\t\t<a class=\"\" data-lightbox=\"lightbox[rel-16959-1100759490]\" href=\"https:\/\/omsi.it\/wp\/wp-content\/uploads\/2022\/09\/DIAMOND_TOPOLOGIE-1024x894.jpg\" target=\"_self\" class=\"vc_single_image-wrapper   vc_box_border_grey\"><img loading=\"lazy\" decoding=\"async\" width=\"1236\" height=\"1080\" src=\"https:\/\/omsi.it\/wp\/wp-content\/uploads\/2022\/09\/DIAMOND_TOPOLOGIE-scaled.jpg\" class=\"vc_single_image-img attachment-full\" alt=\"DIAMOND TOPOLOGIE\" title=\"DIAMOND TOPOLOGIE\" srcset=\"https:\/\/omsi.it\/wp\/wp-content\/uploads\/2022\/09\/DIAMOND_TOPOLOGIE-scaled.jpg 1236w, https:\/\/omsi.it\/wp\/wp-content\/uploads\/2022\/09\/DIAMOND_TOPOLOGIE-300x262.jpg 300w, https:\/\/omsi.it\/wp\/wp-content\/uploads\/2022\/09\/DIAMOND_TOPOLOGIE-1024x894.jpg 1024w, https:\/\/omsi.it\/wp\/wp-content\/uploads\/2022\/09\/DIAMOND_TOPOLOGIE-768x671.jpg 768w, https:\/\/omsi.it\/wp\/wp-content\/uploads\/2022\/09\/DIAMOND_TOPOLOGIE-1536x1342.jpg 1536w, https:\/\/omsi.it\/wp\/wp-content\/uploads\/2022\/09\/DIAMOND_TOPOLOGIE-1200x1048.jpg 1200w, https:\/\/omsi.it\/wp\/wp-content\/uploads\/2022\/09\/DIAMOND_TOPOLOGIE-150x131.jpg 150w\" sizes=\"auto, (max-width: 1236px) 100vw, 1236px\" wpfc-lazyload-disable=\"true\" \/><\/a>\n\t\t<\/figure>\n\t<\/div>\n<\/div><\/div><\/div><div class=\"wpb_column vc_column_container vc_col-sm-4\"><div class=\"vc_column-inner\"><div class=\"wpb_wrapper\">\n\t<div  class=\"wpb_single_image wpb_content_element vc_align_left\">\n\t\t\n\t\t<figure class=\"wpb_wrapper vc_figure\">\n\t\t\t<a class=\"\" data-lightbox=\"lightbox[rel-16959-2550845904]\" href=\"https:\/\/omsi.it\/wp\/wp-content\/uploads\/2022\/07\/DIAMOND-IMPILATE-1024x691.jpg\" target=\"_self\" class=\"vc_single_image-wrapper   vc_box_border_grey\"><img loading=\"lazy\" decoding=\"async\" width=\"1280\" height=\"864\" src=\"https:\/\/omsi.it\/wp\/wp-content\/uploads\/2022\/07\/DIAMOND-IMPILATE-scaled.jpg\" class=\"vc_single_image-img attachment-full\" alt=\"DIAMOND IMPILATE\" title=\"DIAMOND IMPILATE\" srcset=\"https:\/\/omsi.it\/wp\/wp-content\/uploads\/2022\/07\/DIAMOND-IMPILATE-scaled.jpg 1280w, https:\/\/omsi.it\/wp\/wp-content\/uploads\/2022\/07\/DIAMOND-IMPILATE-300x202.jpg 300w, https:\/\/omsi.it\/wp\/wp-content\/uploads\/2022\/07\/DIAMOND-IMPILATE-1024x691.jpg 1024w, https:\/\/omsi.it\/wp\/wp-content\/uploads\/2022\/07\/DIAMOND-IMPILATE-768x518.jpg 768w, https:\/\/omsi.it\/wp\/wp-content\/uploads\/2022\/07\/DIAMOND-IMPILATE-1536x1037.jpg 1536w, https:\/\/omsi.it\/wp\/wp-content\/uploads\/2022\/07\/DIAMOND-IMPILATE-1200x810.jpg 1200w, https:\/\/omsi.it\/wp\/wp-content\/uploads\/2022\/07\/DIAMOND-IMPILATE-150x101.jpg 150w\" sizes=\"auto, (max-width: 1280px) 100vw, 1280px\" wpfc-lazyload-disable=\"true\" \/><\/a>\n\t\t<\/figure>\n\t<\/div>\n\n\t<div  class=\"wpb_single_image wpb_content_element vc_align_left\">\n\t\t\n\t\t<figure class=\"wpb_wrapper vc_figure\">\n\t\t\t<a class=\"\" data-lightbox=\"lightbox[rel-16959-595411324]\" href=\"https:\/\/omsi.it\/wp\/wp-content\/uploads\/2022\/04\/untitled.227-1-1024x683.jpg\" target=\"_self\" class=\"vc_single_image-wrapper   vc_box_border_grey\"><img loading=\"lazy\" decoding=\"async\" width=\"1554\" height=\"1036\" src=\"https:\/\/omsi.it\/wp\/wp-content\/uploads\/2022\/04\/untitled.227-1.jpg\" class=\"vc_single_image-img attachment-full\" alt=\"untitled.227 1\" title=\"untitled.227 1\" srcset=\"https:\/\/omsi.it\/wp\/wp-content\/uploads\/2022\/04\/untitled.227-1.jpg 1554w, https:\/\/omsi.it\/wp\/wp-content\/uploads\/2022\/04\/untitled.227-1-300x200.jpg 300w, https:\/\/omsi.it\/wp\/wp-content\/uploads\/2022\/04\/untitled.227-1-1024x683.jpg 1024w, https:\/\/omsi.it\/wp\/wp-content\/uploads\/2022\/04\/untitled.227-1-768x512.jpg 768w, https:\/\/omsi.it\/wp\/wp-content\/uploads\/2022\/04\/untitled.227-1-1536x1024.jpg 1536w, https:\/\/omsi.it\/wp\/wp-content\/uploads\/2022\/04\/untitled.227-1-1200x800.jpg 1200w, https:\/\/omsi.it\/wp\/wp-content\/uploads\/2022\/04\/untitled.227-1-150x100.jpg 150w\" sizes=\"auto, (max-width: 1554px) 100vw, 1554px\" wpfc-lazyload-disable=\"true\" \/><\/a>\n\t\t<\/figure>\n\t<\/div>\n<div class=\"vc_empty_space\"   style=\"height: 32px\"><span class=\"vc_empty_space_inner\"><\/span><\/div><\/div><\/div><\/div><\/div><div id=\"contattaci\" class=\"vc_row wpb_row vc_row-fluid\"><div class=\"wpb_column vc_column_container vc_col-sm-12\"><div class=\"vc_column-inner\"><div class=\"wpb_wrapper\"><div class=\"vc_empty_space\"   style=\"height: 32px\"><span class=\"vc_empty_space_inner\"><\/span><\/div>\n\t\t<div id=\"wd-5fbf7fdda264e\" class=\"title-wrapper wd-wpb wd-set-mb reset-last-child  wd-rs-5fbf7fdda264e wd-title-color-primary wd-title-style-simple text-center  wd-underline-colored\">\n\t\t\t\n\t\t\t<div class=\"liner-continer\">\n\t\t\t\t<h4 class=\"woodmart-title-container title  wd-font-weight- wd-fontsize-l\" >CONTATTACI PER UNA PRIMA CONSULENZA<\/h4>\n\t\t\t\t\t\t\t<\/div>\n\t\t\t\n\t\t\t\n\t\t\t\n\t\t<\/div>\n\t\t\n\t\t<div class=\"vc_empty_space\"   style=\"height: 32px\"><span class=\"vc_empty_space_inner\"><\/span><\/div><div class=\"vc_row wpb_row vc_inner vc_row-fluid\"><div class=\"wpb_column vc_column_container vc_col-sm-12\"><div class=\"vc_column-inner\"><div class=\"wpb_wrapper\">\n<div class=\"wpcf7 no-js\" id=\"wpcf7-f608-o1\" lang=\"en-US\" dir=\"ltr\" data-wpcf7-id=\"608\">\n<div class=\"screen-reader-response\"><p role=\"status\" aria-live=\"polite\" aria-atomic=\"true\"><\/p> <ul><\/ul><\/div>\n<form action=\"\/fr\/wp-json\/wp\/v2\/product\/16959#wpcf7-f608-o1\" method=\"post\" class=\"wpcf7-form init\" aria-label=\"Contact form\" novalidate=\"novalidate\" data-status=\"init\">\n<fieldset class=\"hidden-fields-container\"><input type=\"hidden\" name=\"_wpcf7\" value=\"608\" \/><input type=\"hidden\" name=\"_wpcf7_version\" value=\"6.1.5\" \/><input type=\"hidden\" name=\"_wpcf7_locale\" value=\"en_US\" \/><input type=\"hidden\" name=\"_wpcf7_unit_tag\" value=\"wpcf7-f608-o1\" \/><input type=\"hidden\" name=\"_wpcf7_container_post\" value=\"0\" \/><input type=\"hidden\" name=\"_wpcf7_posted_data_hash\" value=\"\" \/><input type=\"hidden\" name=\"_wpcf7_recaptcha_response\" value=\"\" \/>\n<\/fieldset>\n<div class=\"row\">\n\t<div class=\"col-md-6\" style='margin-bottom:20px;'>\n\t\t<p><label>Nome e Cognome (richiesto)<\/label><span class=\"wpcf7-form-control-wrap\" data-name=\"your-name\"><input size=\"40\" maxlength=\"400\" class=\"wpcf7-form-control wpcf7-text wpcf7-validates-as-required\" aria-required=\"true\" aria-invalid=\"false\" value=\"\" type=\"text\" name=\"your-name\" \/><\/span>\n\t\t<\/p>\n\t<\/div>\n\t<div class=\"col-md-6\" style='margin-bottom:20px;'>\n\t\t<p><label>Email (richiesto)<\/label><span class=\"wpcf7-form-control-wrap\" data-name=\"your-email\"><input size=\"40\" maxlength=\"400\" class=\"wpcf7-form-control wpcf7-email wpcf7-validates-as-required wpcf7-text wpcf7-validates-as-email\" aria-required=\"true\" aria-invalid=\"false\" value=\"\" type=\"email\" name=\"your-email\" \/><\/span>\n\t\t<\/p>\n\t<\/div>\n<\/div>\n<div class=\"row\">\n\t<div class=\"col-md-6\" style='margin-bottom:20px;'>\n\t\t<p><label>Telefono<\/label><span class=\"wpcf7-form-control-wrap\" data-name=\"tel-767\"><input size=\"40\" maxlength=\"400\" class=\"wpcf7-form-control wpcf7-tel wpcf7-validates-as-required wpcf7-text wpcf7-validates-as-tel\" aria-required=\"true\" aria-invalid=\"false\" value=\"\" type=\"tel\" name=\"tel-767\" \/><\/span>\n\t\t<\/p>\n\t<\/div>\n\t<div class=\"col-md-6\" style='margin-bottom:20px;'>\n\t\t<p><label>Paese<\/label><span class=\"wpcf7-form-control-wrap\" data-name=\"text-300\"><input size=\"40\" maxlength=\"400\" class=\"wpcf7-form-control wpcf7-text wpcf7-validates-as-required\" aria-required=\"true\" aria-invalid=\"false\" value=\"\" type=\"text\" name=\"text-300\" \/><\/span>\n\t\t<\/p>\n\t<\/div>\n\t<div class=\"col-md-6\" style='margin-bottom:20px;'>\n\t\t<p><label>Area di Interesse<\/label><span class=\"wpcf7-form-control-wrap\" data-name=\"menu-880\"><select class=\"wpcf7-form-control wpcf7-select\" aria-invalid=\"false\" name=\"menu-880\"><option value=\"Sport\">Sport<\/option><option value=\"Scuola\">Scuola<\/option><\/select><\/span>\n\t\t<\/p>\n\t<\/div>\n\t<div class=\"col-md-6\" style='margin-bottom:20px;'>\n\t\t<p><label>Prodotto interessato<\/label><span class=\"wpcf7-form-control-wrap\" data-name=\"text-301\"><input size=\"40\" maxlength=\"400\" class=\"wpcf7-form-control wpcf7-text wpcf7-validates-as-required\" aria-required=\"true\" aria-invalid=\"false\" value=\"\" type=\"text\" name=\"text-301\" \/><\/span>\n\t\t<\/p>\n\t<\/div>\n\t<div class=\"col-md-6\" style='margin-bottom:20px;'>\n\t\t<p><label>Azienda<\/label><span class=\"wpcf7-form-control-wrap\" data-name=\"text-1\"><input size=\"40\" maxlength=\"400\" class=\"wpcf7-form-control wpcf7-text wpcf7-validates-as-required\" aria-required=\"true\" aria-invalid=\"false\" value=\"\" type=\"text\" name=\"text-1\" \/><\/span>\n\t\t<\/p>\n\t<\/div>\n\t<div class=\"col-md-6\" style='margin-bottom:20px;'>\n\t\t<p><label>Indirizzo<\/label><span class=\"wpcf7-form-control-wrap\" data-name=\"text-576\"><input size=\"40\" maxlength=\"400\" class=\"wpcf7-form-control wpcf7-text wpcf7-validates-as-required\" aria-required=\"true\" aria-invalid=\"false\" value=\"\" type=\"text\" name=\"text-576\" \/><\/span>\n\t\t<\/p>\n\t<\/div>\n<\/div>\n<p><label>Messaggio<\/label><span class=\"wpcf7-form-control-wrap\" data-name=\"your-message\"><textarea cols=\"40\" rows=\"10\" maxlength=\"2000\" class=\"wpcf7-form-control wpcf7-textarea wpcf7-validates-as-required\" aria-required=\"true\" aria-invalid=\"false\" name=\"your-message\"><\/textarea><\/span>\n<\/p>\n<p><span class=\"wpcf7-form-control-wrap\" data-name=\"acceptance-427\"><span class=\"wpcf7-form-control wpcf7-acceptance\"><span class=\"wpcf7-list-item\"><label><input type=\"checkbox\" name=\"acceptance-427\" value=\"1\" aria-invalid=\"false\" \/><span class=\"wpcf7-list-item-label\">Ho letto l'<a href=\"https:\/\/omsi.it\/wp\/wp-content\/uploads\/2021\/01\/Informativa-Contatti-SITO-rev2020.pdf\" target=\"_blank\" rel=\"nofollow noopener\">informativa privacy<\/a> e acconsento alla memorizzazione dei miei dati secondo quanto stabilito dal regolamento europeo per la protezione dei dati personali n. 679\/2016, GDPR.<\/span><\/label><\/span><\/span><\/span>\n<\/p>\n<p><input class=\"wpcf7-form-control wpcf7-submit has-spinner btn-color-black\" type=\"submit\" value=\"INVIA\" \/>\n<\/p><div class=\"wpcf7-response-output\" aria-hidden=\"true\"><\/div>\n<\/form>\n<\/div>\n<\/div><\/div><\/div><\/div><\/div><\/div><\/div><\/div>\n<\/div>","protected":false},"excerpt":{"rendered":"<p class=\"translation-block\">La coque du si\u00e8ge DIAMOND \u00e0 double paroi en polypropyl\u00e8ne 100% recyclable. Design moderne et forme ergonomique qui suivent et soutiennent les lignes naturelles de notre corps, favorisant une posture correcte et confortable gr\u00e2ce \u00e0 l\u2019effet \u201ccoussin d\u2019air\u201d Sur la surface du si\u00e8ge, il y a des micro-trous qui permettent la recirculation de l\u2019air \u00e0 l\u2019int\u00e9rieur, en maintenant une temp\u00e9rature constante et uniforme et en r\u00e9duisant l\u2019humidit\u00e9 qui serait in\u00e9vitablement cr\u00e9\u00e9e en cas de position assise prolong\u00e9e.<\/p>\n<div class=\"green\"><a href=\"https:\/\/omsi.it\/fr\/wp\/sostenibilita\/\">100% plastique recyclable <img decoding=\"async\" class=\"seconda_vita\" src=\"https:\/\/omsi.it\/wp\/wp-content\/uploads\/2020\/08\/plastica-seconda-vita-omsi.png\" \/><\/a><\/div>\n<p>&nbsp;<\/p>\n<p><a class=\"btn_sara\" href=\"#contattaci\">Contactez-nous<\/a><\/p>","protected":false},"featured_media":17349,"template":"","meta":[],"product_brand":[],"product_cat":[69,89,91,68,377,95],"product_tag":[],"class_list":{"0":"post-16959","1":"product","2":"type-product","3":"status-publish","4":"has-post-thumbnail","6":"product_cat-green","7":"product_cat-arredamento","8":"product_cat-primaria-secondaria","9":"product_cat-scuola","10":"product_cat-scuola-2","11":"product_cat-sedie-primaria-secondaria","13":"first","14":"instock","15":"shipping-taxable","16":"product-type-simple"},"_links":{"self":[{"href":"https:\/\/omsi.it\/fr\/wp-json\/wp\/v2\/product\/16959","targetHints":{"allow":["GET"]}}],"collection":[{"href":"https:\/\/omsi.it\/fr\/wp-json\/wp\/v2\/product"}],"about":[{"href":"https:\/\/omsi.it\/fr\/wp-json\/wp\/v2\/types\/product"}],"wp:featuredmedia":[{"embeddable":true,"href":"https:\/\/omsi.it\/fr\/wp-json\/wp\/v2\/media\/17349"}],"wp:attachment":[{"href":"https:\/\/omsi.it\/fr\/wp-json\/wp\/v2\/media?parent=16959"}],"wp:term":[{"taxonomy":"product_brand","embeddable":true,"href":"https:\/\/omsi.it\/fr\/wp-json\/wp\/v2\/product_brand?post=16959"},{"taxonomy":"product_cat","embeddable":true,"href":"https:\/\/omsi.it\/fr\/wp-json\/wp\/v2\/product_cat?post=16959"},{"taxonomy":"product_tag","embeddable":true,"href":"https:\/\/omsi.it\/fr\/wp-json\/wp\/v2\/product_tag?post=16959"}],"curies":[{"name":"wp","href":"https:\/\/api.w.org\/{rel}","templated":true}]}}