{"id":19288,"date":"2024-05-10T13:34:12","date_gmt":"2024-05-10T11:34:12","guid":{"rendered":"https:\/\/omsi.it\/wp\/?post_type=product&#038;p=19288"},"modified":"2024-11-06T12:12:12","modified_gmt":"2024-11-06T11:12:12","slug":"m2025-siege-monobloc-pour-installations-sportives","status":"publish","type":"product","link":"https:\/\/omsi.it\/fr\/produit\/m2025-siege-monobloc-pour-installations-sportives\/","title":{"rendered":"M2025 - Si\u00e8ge monobloc pour installations sportives"},"content":{"rendered":"<div class=\"wpb-content-wrapper\"><div class=\"vc_row wpb_row vc_row-fluid vc_custom_1535549586274\"><div class=\"wpb_column vc_column_container vc_col-sm-12\"><div class=\"vc_column-inner\"><div class=\"wpb_wrapper\">\n\t\t<div id=\"wd-5fbf7ffd1bc3f\" class=\"title-wrapper wd-wpb wd-set-mb reset-last-child  wd-rs-5fbf7ffd1bc3f wd-title-color-primary wd-title-style-simple text-center  wd-underline-colored\">\n\t\t\t\n\t\t\t<div class=\"liner-continer\">\n\t\t\t\t<h4 class=\"woodmart-title-container title  wd-font-weight- wd-fontsize-l\" >INSTALLATION<\/h4>\n\t\t\t\t\t\t\t<\/div>\n\t\t\t\n\t\t\t\n\t\t\t\n\t\t<\/div>\n\t\t\n\t\t<div class=\"vc_empty_space\"   style=\"height: 32px\"><span class=\"vc_empty_space_inner\"><\/span><\/div><div class=\"vc_row wpb_row vc_inner vc_row-fluid vc_column-gap-35\"><div class=\"wpb_column vc_column_container vc_col-sm-3\"><div class=\"vc_column-inner\"><div class=\"wpb_wrapper\">\n\t\t<div id=\"wd-5f509f6cc8ed5\" class=\"title-wrapper wd-wpb wd-set-mb reset-last-child  wd-rs-5f509f6cc8ed5 wd-title-color-default wd-title-style-default text-center  wd-underline-colored\">\n\t\t\t\n\t\t\t<div class=\"liner-continer\">\n\t\t\t\t<h4 class=\"woodmart-title-container title  wd-font-weight- wd-fontsize-m\" >Sur le gradin<\/h4>\n\t\t\t\t\t\t\t<\/div>\n\t\t\t\n\t\t\t\n\t\t\t\n\t\t<\/div>\n\t\t\n\t\t\n\t<div  class=\"wpb_single_image wpb_content_element vc_align_center\">\n\t\t\n\t\t<figure class=\"wpb_wrapper vc_figure\">\n\t\t\t<a class=\"\" data-lightbox=\"lightbox[rel-19288-1642051246]\" href=\"https:\/\/omsi.it\/wp\/wp-content\/uploads\/2024\/05\/M2025_highback_plastic_stadium_seat-copia.png\" target=\"_self\"><img loading=\"lazy\" decoding=\"async\" width=\"1000\" height=\"1000\" src=\"https:\/\/omsi.it\/wp\/wp-content\/uploads\/2024\/05\/M2025_highback_plastic_stadium_seat-copia.png\" class=\"vc_single_image-img attachment-full\" alt=\"M2025 copie de si\u00e8ge de stade en plastique \u00e0 dossier haut\" title=\"M2025 copie de si\u00e8ge de stade en plastique \u00e0 dossier haut\" srcset=\"https:\/\/omsi.it\/wp\/wp-content\/uploads\/2024\/05\/M2025_highback_plastic_stadium_seat-copia.png 1000w, https:\/\/omsi.it\/wp\/wp-content\/uploads\/2024\/05\/M2025_highback_plastic_stadium_seat-copia-300x300.png 300w, https:\/\/omsi.it\/wp\/wp-content\/uploads\/2024\/05\/M2025_highback_plastic_stadium_seat-copia-150x150.png 150w, https:\/\/omsi.it\/wp\/wp-content\/uploads\/2024\/05\/M2025_highback_plastic_stadium_seat-copia-768x768.png 768w, https:\/\/omsi.it\/wp\/wp-content\/uploads\/2024\/05\/M2025_highback_plastic_stadium_seat-copia-600x600.png 600w\" sizes=\"auto, (max-width: 1000px) 100vw, 1000px\" wpfc-lazyload-disable=\"true\" \/><\/a>\n\t\t<\/figure>\n\t<\/div>\n<\/div><\/div><\/div><div class=\"wpb_column vc_column_container vc_col-sm-3\"><div class=\"vc_column-inner\"><div class=\"wpb_wrapper\">\n\t\t<div id=\"wd-5f635cdc098b1\" class=\"title-wrapper wd-wpb wd-set-mb reset-last-child  wd-rs-5f635cdc098b1 wd-title-color-default wd-title-style-default text-center  wd-underline-colored\">\n\t\t\t\n\t\t\t<div class=\"liner-continer\">\n\t\t\t\t<h4 class=\"woodmart-title-container title  wd-font-weight- wd-fontsize-m\" >Sur rehausse<\/h4>\n\t\t\t\t\t\t\t<\/div>\n\t\t\t\n\t\t\t\n\t\t\t\n\t\t<\/div>\n\t\t\n\t\t\n\t<div  class=\"wpb_single_image wpb_content_element vc_align_center\">\n\t\t\n\t\t<figure class=\"wpb_wrapper vc_figure\">\n\t\t\t<a class=\"\" data-lightbox=\"lightbox[rel-19288-1071187532]\" href=\"https:\/\/omsi.it\/wp\/wp-content\/uploads\/2024\/05\/M2025_risingSpacer_stadium.png\" target=\"_self\"><img loading=\"lazy\" decoding=\"async\" width=\"1000\" height=\"1000\" src=\"https:\/\/omsi.it\/wp\/wp-content\/uploads\/2024\/05\/M2025_risingSpacer_stadium.png\" class=\"vc_single_image-img attachment-full\" alt=\"M2025 stade de l&#039;entretoise montante\" title=\"M2025 stade de l&#039;entretoise montante\" srcset=\"https:\/\/omsi.it\/wp\/wp-content\/uploads\/2024\/05\/M2025_risingSpacer_stadium.png 1000w, https:\/\/omsi.it\/wp\/wp-content\/uploads\/2024\/05\/M2025_risingSpacer_stadium-300x300.png 300w, https:\/\/omsi.it\/wp\/wp-content\/uploads\/2024\/05\/M2025_risingSpacer_stadium-150x150.png 150w, https:\/\/omsi.it\/wp\/wp-content\/uploads\/2024\/05\/M2025_risingSpacer_stadium-768x768.png 768w, https:\/\/omsi.it\/wp\/wp-content\/uploads\/2024\/05\/M2025_risingSpacer_stadium-600x600.png 600w\" sizes=\"auto, (max-width: 1000px) 100vw, 1000px\" wpfc-lazyload-disable=\"true\" \/><\/a>\n\t\t<\/figure>\n\t<\/div>\n<\/div><\/div><\/div><div class=\"wpb_column vc_column_container vc_col-sm-3\"><div class=\"vc_column-inner\"><div class=\"wpb_wrapper\">\n\t\t<div id=\"wd-5f509fa61fd53\" class=\"title-wrapper wd-wpb wd-set-mb reset-last-child  wd-rs-5f509fa61fd53 wd-title-color-default wd-title-style-default text-center  wd-underline-colored\">\n\t\t\t\n\t\t\t<div class=\"liner-continer\">\n\t\t\t\t<h4 class=\"woodmart-title-container title  wd-font-weight- wd-fontsize-m\" >Console<\/h4>\n\t\t\t\t\t\t\t<\/div>\n\t\t\t\n\t\t\t\n\t\t\t\n\t\t<\/div>\n\t\t\n\t\t\n\t<div  class=\"wpb_single_image wpb_content_element vc_align_center\">\n\t\t\n\t\t<figure class=\"wpb_wrapper vc_figure\">\n\t\t\t<a class=\"\" data-lightbox=\"lightbox[rel-19288-113699172]\" href=\"https:\/\/omsi.it\/wp\/wp-content\/uploads\/2024\/05\/M2025_Bracket_plastic_stadium_seat.png\" target=\"_self\"><img loading=\"lazy\" decoding=\"async\" width=\"1000\" height=\"1000\" src=\"https:\/\/omsi.it\/wp\/wp-content\/uploads\/2024\/05\/M2025_Bracket_plastic_stadium_seat.png\" class=\"vc_single_image-img attachment-full\" alt=\"M2025 Support de si\u00e8ge de stade en plastique\" title=\"M2025 Support de si\u00e8ge de stade en plastique\" srcset=\"https:\/\/omsi.it\/wp\/wp-content\/uploads\/2024\/05\/M2025_Bracket_plastic_stadium_seat.png 1000w, https:\/\/omsi.it\/wp\/wp-content\/uploads\/2024\/05\/M2025_Bracket_plastic_stadium_seat-300x300.png 300w, https:\/\/omsi.it\/wp\/wp-content\/uploads\/2024\/05\/M2025_Bracket_plastic_stadium_seat-150x150.png 150w, https:\/\/omsi.it\/wp\/wp-content\/uploads\/2024\/05\/M2025_Bracket_plastic_stadium_seat-768x768.png 768w, https:\/\/omsi.it\/wp\/wp-content\/uploads\/2024\/05\/M2025_Bracket_plastic_stadium_seat-600x600.png 600w\" sizes=\"auto, (max-width: 1000px) 100vw, 1000px\" wpfc-lazyload-disable=\"true\" \/><\/a>\n\t\t<\/figure>\n\t<\/div>\n<\/div><\/div><\/div><div class=\"wpb_column vc_column_container vc_col-sm-3 text-center\"><div class=\"vc_column-inner\"><div class=\"wpb_wrapper\">\n\t\t<div id=\"wd-5f22c9967081e\" class=\"title-wrapper wd-wpb wd-set-mb reset-last-child  wd-rs-5f22c9967081e wd-title-color-default wd-title-style-default text-center  wd-underline-colored\">\n\t\t\t\n\t\t\t<div class=\"liner-continer\">\n\t\t\t\t<h4 class=\"woodmart-title-container title  wd-font-weight- wd-fontsize-m\" >Sur poutre<\/h4>\n\t\t\t\t\t\t\t<\/div>\n\t\t\t\n\t\t\t\n\t\t\t\n\t\t<\/div>\n\t\t\n\t\t\n\t<div  class=\"wpb_single_image wpb_content_element vc_align_center\">\n\t\t\n\t\t<figure class=\"wpb_wrapper vc_figure\">\n\t\t\t<a class=\"\" data-lightbox=\"lightbox[rel-19288-1536870905]\" href=\"https:\/\/omsi.it\/wp\/wp-content\/uploads\/2024\/05\/M2025_bench.png\" target=\"_self\"><img loading=\"lazy\" decoding=\"async\" width=\"1000\" height=\"1000\" src=\"https:\/\/omsi.it\/wp\/wp-content\/uploads\/2024\/05\/M2025_bench.png\" class=\"vc_single_image-img attachment-full\" alt=\"Banc M2025\" title=\"Banc M2025\" srcset=\"https:\/\/omsi.it\/wp\/wp-content\/uploads\/2024\/05\/M2025_bench.png 1000w, https:\/\/omsi.it\/wp\/wp-content\/uploads\/2024\/05\/M2025_bench-300x300.png 300w, https:\/\/omsi.it\/wp\/wp-content\/uploads\/2024\/05\/M2025_bench-150x150.png 150w, https:\/\/omsi.it\/wp\/wp-content\/uploads\/2024\/05\/M2025_bench-768x768.png 768w, https:\/\/omsi.it\/wp\/wp-content\/uploads\/2024\/05\/M2025_bench-600x600.png 600w\" sizes=\"auto, (max-width: 1000px) 100vw, 1000px\" wpfc-lazyload-disable=\"true\" \/><\/a>\n\t\t<\/figure>\n\t<\/div>\n<\/div><\/div><\/div><\/div><\/div><\/div><\/div><\/div><div class=\"vc_row wpb_row vc_row-fluid\"><div class=\"wpb_column vc_column_container vc_col-sm-12\"><div class=\"vc_column-inner\"><div class=\"wpb_wrapper\"><div class=\"vc_empty_space\"   style=\"height: 32px\"><span class=\"vc_empty_space_inner\"><\/span><\/div>\n\t\t<div id=\"wd-64c7ad3cc9c5c\" class=\"title-wrapper wd-wpb wd-set-mb reset-last-child  wd-rs-64c7ad3cc9c5c wd-title-color-primary wd-title-style-simple text-center  wd-underline-colored\">\n\t\t\t\n\t\t\t<div class=\"liner-continer\">\n\t\t\t\t<h4 class=\"woodmart-title-container title  wd-font-weight- wd-fontsize-l\" >ETUDE ET CONCEPTION D\u2019ESPACE<\/h4>\n\t\t\t\t\t\t\t<\/div>\n\t\t\t\n\t\t\t\n\t\t\t\n\t\t<\/div>\n\t\t\n\t\t<div class=\"vc_empty_space\"   style=\"height: 32px\"><span class=\"vc_empty_space_inner\"><\/span><\/div><\/div><\/div><\/div><\/div><div class=\"vc_row wpb_row vc_row-fluid vc_custom_1596099536385\"><div class=\"wpb_column vc_column_container vc_col-sm-12\"><div class=\"vc_column-inner\"><div class=\"wpb_wrapper\">\t\t<div id=\"gallery_208\" class=\"wd-images-gallery wd-wpb wd-rs-64c7ae8cd9301 photoswipe-images\" style=\"--wd-justify-content:center;--wd-align-items:center;\">\n\t\t\t\n\t\t\t<div class=\"wd-grid-g\" style=\"--wd-col-lg:3;--wd-col-md:3;--wd-col-sm:1;--wd-gap-lg:0px;\">\n\t\t\t\t\n\t\t\t\t\t\t\t\t\t\t\t\t\t\t\t<div class=\"wd-gallery-item wd-col\">\n\t\t\t\t\t\t\t\t\t\t\t\t\t\t<a href=\"https:\/\/omsi.it\/wp\/wp-content\/uploads\/2022\/05\/M2020_plasticSeating_BinZayedStadium1-scaled.jpg\" data-elementor-open-lightbox=\"no\" data-index=\"1\" data-width=\"1280\" data-height=\"853\" \n\t\t\t\t\t\t\t\t\t\t\t\t >\n\t\t\t\t\t\t\t\t\n\t\t\t\t\t\t\t\t<img loading=\"lazy\" decoding=\"async\" width=\"1280\" height=\"853\" src=\"https:\/\/omsi.it\/wp\/wp-content\/uploads\/2022\/05\/M2020_plasticSeating_BinZayedStadium1-scaled.jpg\" class=\"wd-gallery-image image-1\" alt=\"M2020 plastiqueS\u00e9ance BinZayedStadium1\" srcset=\"https:\/\/omsi.it\/wp\/wp-content\/uploads\/2022\/05\/M2020_plasticSeating_BinZayedStadium1-scaled.jpg 1280w, https:\/\/omsi.it\/wp\/wp-content\/uploads\/2022\/05\/M2020_plasticSeating_BinZayedStadium1-300x200.jpg 300w, https:\/\/omsi.it\/wp\/wp-content\/uploads\/2022\/05\/M2020_plasticSeating_BinZayedStadium1-1024x683.jpg 1024w, https:\/\/omsi.it\/wp\/wp-content\/uploads\/2022\/05\/M2020_plasticSeating_BinZayedStadium1-768x512.jpg 768w, https:\/\/omsi.it\/wp\/wp-content\/uploads\/2022\/05\/M2020_plasticSeating_BinZayedStadium1-1536x1024.jpg 1536w, https:\/\/omsi.it\/wp\/wp-content\/uploads\/2022\/05\/M2020_plasticSeating_BinZayedStadium1-1200x800.jpg 1200w, https:\/\/omsi.it\/wp\/wp-content\/uploads\/2022\/05\/M2020_plasticSeating_BinZayedStadium1-150x100.jpg 150w\" sizes=\"auto, (max-width: 1280px) 100vw, 1280px\" wpfc-lazyload-disable=\"true\" \/>\n\t\t\t\t\t\t\t\t\t\t\t\t\t\t\t<\/a>\n\t\t\t\t\t\t\t\t\t\t\t\t<\/div>\n\t\t\t\t\t\t\t\t\t\t\t<div class=\"wd-gallery-item wd-col\">\n\t\t\t\t\t\t\t\t\t\t\t\t\t\t<a href=\"https:\/\/omsi.it\/wp\/wp-content\/uploads\/2022\/05\/M2020_plasticSeating_BinZayedStadium-scaled.jpg\" data-elementor-open-lightbox=\"no\" data-index=\"2\" data-width=\"1280\" data-height=\"853\" \n\t\t\t\t\t\t\t\t\t\t\t\t >\n\t\t\t\t\t\t\t\t\n\t\t\t\t\t\t\t\t<img loading=\"lazy\" decoding=\"async\" width=\"1280\" height=\"853\" src=\"https:\/\/omsi.it\/wp\/wp-content\/uploads\/2022\/05\/M2020_plasticSeating_BinZayedStadium-scaled.jpg\" class=\"wd-gallery-image image-2\" alt=\"M2020 plastiqueSeating BinZayedStadium\" srcset=\"https:\/\/omsi.it\/wp\/wp-content\/uploads\/2022\/05\/M2020_plasticSeating_BinZayedStadium-scaled.jpg 1280w, https:\/\/omsi.it\/wp\/wp-content\/uploads\/2022\/05\/M2020_plasticSeating_BinZayedStadium-300x200.jpg 300w, https:\/\/omsi.it\/wp\/wp-content\/uploads\/2022\/05\/M2020_plasticSeating_BinZayedStadium-1024x683.jpg 1024w, https:\/\/omsi.it\/wp\/wp-content\/uploads\/2022\/05\/M2020_plasticSeating_BinZayedStadium-768x512.jpg 768w, https:\/\/omsi.it\/wp\/wp-content\/uploads\/2022\/05\/M2020_plasticSeating_BinZayedStadium-1536x1024.jpg 1536w, https:\/\/omsi.it\/wp\/wp-content\/uploads\/2022\/05\/M2020_plasticSeating_BinZayedStadium-1200x800.jpg 1200w, https:\/\/omsi.it\/wp\/wp-content\/uploads\/2022\/05\/M2020_plasticSeating_BinZayedStadium-150x100.jpg 150w\" sizes=\"auto, (max-width: 1280px) 100vw, 1280px\" wpfc-lazyload-disable=\"true\" \/>\n\t\t\t\t\t\t\t\t\t\t\t\t\t\t\t<\/a>\n\t\t\t\t\t\t\t\t\t\t\t\t<\/div>\n\t\t\t\t\t\t\t\t\t\t\t<div class=\"wd-gallery-item wd-col\">\n\t\t\t\t\t\t\t\t\t\t\t\t\t\t<a href=\"https:\/\/omsi.it\/wp\/wp-content\/uploads\/2022\/05\/M2020_plasticSeating_BinZayedStadium2-scaled.jpg\" data-elementor-open-lightbox=\"no\" data-index=\"3\" data-width=\"1280\" data-height=\"853\" \n\t\t\t\t\t\t\t\t\t\t\t\t >\n\t\t\t\t\t\t\t\t\n\t\t\t\t\t\t\t\t<img loading=\"lazy\" decoding=\"async\" width=\"1280\" height=\"853\" src=\"https:\/\/omsi.it\/wp\/wp-content\/uploads\/2022\/05\/M2020_plasticSeating_BinZayedStadium2-scaled.jpg\" class=\"wd-gallery-image image-3\" alt=\"M2020 plastiqueS\u00e9ance BinZayedStadium2\" srcset=\"https:\/\/omsi.it\/wp\/wp-content\/uploads\/2022\/05\/M2020_plasticSeating_BinZayedStadium2-scaled.jpg 1280w, https:\/\/omsi.it\/wp\/wp-content\/uploads\/2022\/05\/M2020_plasticSeating_BinZayedStadium2-300x200.jpg 300w, https:\/\/omsi.it\/wp\/wp-content\/uploads\/2022\/05\/M2020_plasticSeating_BinZayedStadium2-1024x683.jpg 1024w, https:\/\/omsi.it\/wp\/wp-content\/uploads\/2022\/05\/M2020_plasticSeating_BinZayedStadium2-768x512.jpg 768w, https:\/\/omsi.it\/wp\/wp-content\/uploads\/2022\/05\/M2020_plasticSeating_BinZayedStadium2-1536x1024.jpg 1536w, https:\/\/omsi.it\/wp\/wp-content\/uploads\/2022\/05\/M2020_plasticSeating_BinZayedStadium2-1200x800.jpg 1200w, https:\/\/omsi.it\/wp\/wp-content\/uploads\/2022\/05\/M2020_plasticSeating_BinZayedStadium2-150x100.jpg 150w\" sizes=\"auto, (max-width: 1280px) 100vw, 1280px\" wpfc-lazyload-disable=\"true\" \/>\n\t\t\t\t\t\t\t\t\t\t\t\t\t\t\t<\/a>\n\t\t\t\t\t\t\t\t\t\t\t\t<\/div>\n\t\t\t\t\t\t\t\t\t\n\t\t\t\t\t\t\t<\/div>\n\n\t\t\t\t\t<\/div>\n\t\t<div class=\"vc_empty_space\"   style=\"height: 32px\"><span class=\"vc_empty_space_inner\"><\/span><\/div><\/div><\/div><\/div><\/div><div id=\"contattaci\" class=\"vc_row wpb_row vc_row-fluid\"><div class=\"wpb_column vc_column_container vc_col-sm-12\"><div class=\"vc_column-inner\"><div class=\"wpb_wrapper\"><div class=\"vc_empty_space\"   style=\"height: 32px\"><span class=\"vc_empty_space_inner\"><\/span><\/div>\n\t\t<div id=\"wd-5f228b4df145e\" class=\"title-wrapper wd-wpb wd-set-mb reset-last-child  wd-rs-5f228b4df145e wd-title-color-primary wd-title-style-simple text-center  wd-underline-colored\">\n\t\t\t\n\t\t\t<div class=\"liner-continer\">\n\t\t\t\t<h4 class=\"woodmart-title-container title  wd-font-weight- wd-fontsize-l\" >CONTACTEZ-NOUS POUR UNE PREMI\u00c8RE CONSULTATION<\/h4>\n\t\t\t\t\t\t\t<\/div>\n\t\t\t\n\t\t\t\n\t\t\t\n\t\t<\/div>\n\t\t\n\t\t<div class=\"vc_empty_space\"   style=\"height: 32px\"><span class=\"vc_empty_space_inner\"><\/span><\/div><div class=\"vc_row wpb_row vc_inner vc_row-fluid\"><div class=\"wpb_column vc_column_container vc_col-sm-12\"><div class=\"vc_column-inner\"><div class=\"wpb_wrapper\">\n<div class=\"wpcf7 no-js\" id=\"wpcf7-f608-o1\" lang=\"en-US\" dir=\"ltr\" data-wpcf7-id=\"608\">\n<div class=\"screen-reader-response\"><p role=\"status\" aria-live=\"polite\" aria-atomic=\"true\"><\/p> <ul><\/ul><\/div>\n<form action=\"\/fr\/wp-json\/wp\/v2\/product\/19288#wpcf7-f608-o1\" method=\"post\" class=\"wpcf7-form init\" aria-label=\"Formulaire de contact\" novalidate=\"novalidate\" data-status=\"init\" data-trp-original-action=\"\/fr\/wp-json\/wp\/v2\/product\/19288#wpcf7-f608-o1\">\n<fieldset class=\"hidden-fields-container\"><input type=\"hidden\" name=\"_wpcf7\" value=\"608\" \/><input type=\"hidden\" name=\"_wpcf7_version\" value=\"6.1.4\" \/><input type=\"hidden\" name=\"_wpcf7_locale\" value=\"en_US\" \/><input type=\"hidden\" name=\"_wpcf7_unit_tag\" value=\"wpcf7-f608-o1\" \/><input type=\"hidden\" name=\"_wpcf7_container_post\" value=\"0\" \/><input type=\"hidden\" name=\"_wpcf7_posted_data_hash\" value=\"\" \/><input type=\"hidden\" name=\"_wpcf7_recaptcha_response\" value=\"\" \/>\n<\/fieldset>\n<div class=\"row\">\n\t<div class=\"col-md-6\" style='margin-bottom:20px;'>\n\t\t<p><label>Nom et Pr\u00e9nom (exig\u00e9e)<\/label><span class=\"wpcf7-form-control-wrap\" data-name=\"your-name\"><input size=\"40\" maxlength=\"400\" class=\"wpcf7-form-control wpcf7-text wpcf7-validates-as-required\" aria-required=\"true\" aria-invalid=\"false\" value=\"\" type=\"text\" name=\"your-name\" \/><\/span>\n\t\t<\/p>\n\t<\/div>\n\t<div class=\"col-md-6\" style='margin-bottom:20px;'>\n\t\t<p><label>Email (exig\u00e9e)<\/label><span class=\"wpcf7-form-control-wrap\" data-name=\"your-email\"><input size=\"40\" maxlength=\"400\" class=\"wpcf7-form-control wpcf7-email wpcf7-validates-as-required wpcf7-text wpcf7-validates-as-email\" aria-required=\"true\" aria-invalid=\"false\" value=\"\" type=\"email\" name=\"your-email\" \/><\/span>\n\t\t<\/p>\n\t<\/div>\n<\/div>\n<div class=\"row\">\n\t<div class=\"col-md-6\" style='margin-bottom:20px;'>\n\t\t<p><label>T\u00e9l\u00e9phone<\/label><span class=\"wpcf7-form-control-wrap\" data-name=\"tel-767\"><input size=\"40\" maxlength=\"400\" class=\"wpcf7-form-control wpcf7-tel wpcf7-validates-as-required wpcf7-text wpcf7-validates-as-tel\" aria-required=\"true\" aria-invalid=\"false\" value=\"\" type=\"tel\" name=\"tel-767\" \/><\/span>\n\t\t<\/p>\n\t<\/div>\n\t<div class=\"col-md-6\" style='margin-bottom:20px;'>\n\t\t<p><label>Pays<\/label><span class=\"wpcf7-form-control-wrap\" data-name=\"text-300\"><input size=\"40\" maxlength=\"400\" class=\"wpcf7-form-control wpcf7-text wpcf7-validates-as-required\" aria-required=\"true\" aria-invalid=\"false\" value=\"\" type=\"text\" name=\"text-300\" \/><\/span>\n\t\t<\/p>\n\t<\/div>\n\t<div class=\"col-md-6\" style='margin-bottom:20px;'>\n\t\t<p><label>Domaine d'int\u00e9r\u00eat<\/label><span class=\"wpcf7-form-control-wrap\" data-name=\"menu-880\"><select class=\"wpcf7-form-control wpcf7-select\" aria-invalid=\"false\" name=\"menu-880\"><option value=\"Sport\">Sport<\/option><option value=\"Scuola\">\u00c9cole<\/option><\/select><\/span>\n\t\t<\/p>\n\t<\/div>\n\t<div class=\"col-md-6\" style='margin-bottom:20px;'>\n\t\t<p><label>Produit concern\u00e9<\/label><span class=\"wpcf7-form-control-wrap\" data-name=\"text-301\"><input size=\"40\" maxlength=\"400\" class=\"wpcf7-form-control wpcf7-text wpcf7-validates-as-required\" aria-required=\"true\" aria-invalid=\"false\" value=\"\" type=\"text\" name=\"text-301\" \/><\/span>\n\t\t<\/p>\n\t<\/div>\n\t<div class=\"col-md-6\" style='margin-bottom:20px;'>\n\t\t<p><label>Entreprise<\/label><span class=\"wpcf7-form-control-wrap\" data-name=\"text-1\"><input size=\"40\" maxlength=\"400\" class=\"wpcf7-form-control wpcf7-text wpcf7-validates-as-required\" aria-required=\"true\" aria-invalid=\"false\" value=\"\" type=\"text\" name=\"text-1\" \/><\/span>\n\t\t<\/p>\n\t<\/div>\n\t<div class=\"col-md-6\" style='margin-bottom:20px;'>\n\t\t<p><label>Adresse<\/label><span class=\"wpcf7-form-control-wrap\" data-name=\"text-576\"><input size=\"40\" maxlength=\"400\" class=\"wpcf7-form-control wpcf7-text wpcf7-validates-as-required\" aria-required=\"true\" aria-invalid=\"false\" value=\"\" type=\"text\" name=\"text-576\" \/><\/span>\n\t\t<\/p>\n\t<\/div>\n<\/div>\n<p><label>Message<\/label><span class=\"wpcf7-form-control-wrap\" data-name=\"your-message\"><textarea cols=\"40\" rows=\"10\" maxlength=\"2000\" class=\"wpcf7-form-control wpcf7-textarea wpcf7-validates-as-required\" aria-required=\"true\" aria-invalid=\"false\" name=\"your-message\"><\/textarea><\/span>\n<\/p>\n<p><span class=\"wpcf7-form-control-wrap\" data-name=\"acceptance-427\"><span class=\"wpcf7-form-control wpcf7-acceptance\"><span class=\"wpcf7-list-item\"><label><input type=\"checkbox\" name=\"acceptance-427\" value=\"1\" aria-invalid=\"false\" \/><span class=\"wpcf7-list-item-label\">J'ai lu la<a href=\"https:\/\/omsi.it\/wp\/wp-content\/uploads\/2021\/01\/Informativa-Contatti-SITO-rev2020.pdf\" target=\"_blank\" rel=\"nofollow noopener\">politique de confidentialit\u00e9<\/a> et j'accepte le traitement des mes donn\u00e9es tel qu'\u00e9tabli par le r\u00e8glement europ\u00e9en 2016\/679 relatif \u00e0 la protection des donn\u00e9es \u00e0 caract\u00e8re personnel.<\/span><\/label><\/span><\/span><\/span>\n<\/p>\n<p><input class=\"wpcf7-form-control wpcf7-submit has-spinner btn-color-black\" type=\"submit\" value=\"ENVOYER\" \/>\n<\/p><div class=\"wpcf7-response-output\" aria-hidden=\"true\"><\/div>\n<input type=\"hidden\" name=\"trp-form-language\" value=\"fr\"\/><\/form>\n<\/div>\n<\/div><\/div><\/div><\/div><\/div><\/div><\/div><\/div>\n<\/div>","protected":false},"excerpt":{"rendered":"<p class=\"translation-block\">Le mode\u0300le M2025 est un tout nouveau sie\u0300ge monobloc avec dossier haut au design italien, qui re\u0301pond aux dernie\u0300res dispositions de la FIFA 2030 qui exigent un entraxe minimum de 500 mm et par conse\u0301quent une plus grande largeur et facilite\u0301 d\u2019utilisation. Ses 2\/4\/6\/8\/10 points de fixation et ses e\u0301paisseurs pouvant aller jusqu\u2019a\u0300 20 mm rendent le sie\u0300ge solide et re\u0301sistant aux actes de vandalisme.<\/p>\n<p class=\"p1 translation-block\">Ce qui le distingue est sa polyvalence, en effet sa largeur peut varier de 460 mm a\u0300 480 mm et sa profondeur peut varier de 350 \/ 400 \/ 450 mm, ce qui la rend adaptable a\u0300 la plupart des marches existantes ou nouvellement construites, caracte\u0301rise\u0301 par des lignes harmonieuses et une ergonomie moderne.<\/p>\n<p><strong>dimensionnellement conforme aux recommandations FIFA 2030 \/ UEFA CAF<\/strong><\/p>\n<div class=\"green\"><a href=\"https:\/\/omsi.it\/fr\/wp\/sostenibilita\/\">Sur demande, \u00e9galement en version recycl\u00e9e <img decoding=\"async\" class=\"seconda_vita\" src=\"https:\/\/omsi.it\/wp\/wp-content\/uploads\/2020\/08\/plastica-seconda-vita-omsi.png\" \/><\/a><\/div>\n<p>&nbsp;<\/p>\n<p><strong>DIMENSIONS:<\/strong><br \/>\n[table id=M2025 \/]<\/p>\n<p>&nbsp;<\/p>\n<p><a class=\"btn_sara\" href=\"#contattaci\">Contactez-nous<\/a><\/p>","protected":false},"featured_media":19293,"template":"","meta":[],"product_brand":[],"product_cat":[78,69,77,378,67],"product_tag":[],"class_list":{"0":"post-19288","1":"product","2":"type-product","3":"status-publish","4":"has-post-thumbnail","6":"product_cat-con-schienale","7":"product_cat-green","8":"product_cat-monoscocche","9":"product_cat-sport-2","10":"product_cat-sport","12":"first","13":"instock","14":"shipping-taxable","15":"product-type-simple"},"_links":{"self":[{"href":"https:\/\/omsi.it\/fr\/wp-json\/wp\/v2\/product\/19288","targetHints":{"allow":["GET"]}}],"collection":[{"href":"https:\/\/omsi.it\/fr\/wp-json\/wp\/v2\/product"}],"about":[{"href":"https:\/\/omsi.it\/fr\/wp-json\/wp\/v2\/types\/product"}],"wp:featuredmedia":[{"embeddable":true,"href":"https:\/\/omsi.it\/fr\/wp-json\/wp\/v2\/media\/19293"}],"wp:attachment":[{"href":"https:\/\/omsi.it\/fr\/wp-json\/wp\/v2\/media?parent=19288"}],"wp:term":[{"taxonomy":"product_brand","embeddable":true,"href":"https:\/\/omsi.it\/fr\/wp-json\/wp\/v2\/product_brand?post=19288"},{"taxonomy":"product_cat","embeddable":true,"href":"https:\/\/omsi.it\/fr\/wp-json\/wp\/v2\/product_cat?post=19288"},{"taxonomy":"product_tag","embeddable":true,"href":"https:\/\/omsi.it\/fr\/wp-json\/wp\/v2\/product_tag?post=19288"}],"curies":[{"name":"wp","href":"https:\/\/api.w.org\/{rel}","templated":true}]}}