{"id":7784,"date":"2020-09-17T15:05:17","date_gmt":"2020-09-17T13:05:17","guid":{"rendered":"https:\/\/omsi.it\/wp\/?post_type=product&#038;p=7784"},"modified":"2023-07-31T15:36:52","modified_gmt":"2023-07-31T13:36:52","slug":"m2020-siege-monobloc-pour-installations-sportives-copie","status":"publish","type":"product","link":"https:\/\/omsi.it\/fr\/prodotto\/m2020-seduta-monoblocco-per-impianti-sportivi-copia\/","title":{"rendered":"M2020 - Si\u00e8ge monobloc pour installations sportives"},"content":{"rendered":"<div class=\"wpb-content-wrapper\"><div class=\"vc_row wpb_row vc_row-fluid vc_custom_1535549586274\"><div class=\"wpb_column vc_column_container vc_col-sm-12\"><div class=\"vc_column-inner\"><div class=\"wpb_wrapper\">\n\t\t<div id=\"wd-5fbf7ffd1bc3f\" class=\"title-wrapper wd-wpb wd-set-mb reset-last-child  wd-rs-5fbf7ffd1bc3f wd-title-color-primary wd-title-style-simple text-center  wd-underline-colored\">\n\t\t\t\n\t\t\t<div class=\"liner-continer\">\n\t\t\t\t<h4 class=\"woodmart-title-container title  wd-font-weight- wd-fontsize-l\" >TIPOLOGIE DI INSTALLAZIONE<\/h4>\n\t\t\t\t\t\t\t<\/div>\n\t\t\t\n\t\t\t\n\t\t\t\n\t\t<\/div>\n\t\t\n\t\t<div class=\"vc_empty_space\"   style=\"height: 32px\"><span class=\"vc_empty_space_inner\"><\/span><\/div><div class=\"vc_row wpb_row vc_inner vc_row-fluid vc_column-gap-35\"><div class=\"wpb_column vc_column_container vc_col-sm-3\"><div class=\"vc_column-inner\"><div class=\"wpb_wrapper\">\n\t\t<div id=\"wd-5f509f6cc8ed5\" class=\"title-wrapper wd-wpb wd-set-mb reset-last-child  wd-rs-5f509f6cc8ed5 wd-title-color-default wd-title-style-default text-center  wd-underline-colored\">\n\t\t\t\n\t\t\t<div class=\"liner-continer\">\n\t\t\t\t<h4 class=\"woodmart-title-container title  wd-font-weight- wd-fontsize-m\" >Su gradone<\/h4>\n\t\t\t\t\t\t\t<\/div>\n\t\t\t\n\t\t\t\n\t\t\t\n\t\t<\/div>\n\t\t\n\t\t\n\t<div  class=\"wpb_single_image wpb_content_element vc_align_center\">\n\t\t\n\t\t<figure class=\"wpb_wrapper vc_figure\">\n\t\t\t<a class=\"\" data-lightbox=\"lightbox[rel-7784-1706934736]\" href=\"https:\/\/omsi.it\/wp\/wp-content\/uploads\/2020\/09\/M2020_highback_plastic_stadium_seat.png\" target=\"_self\" class=\"vc_single_image-wrapper   vc_box_border_grey\"><img loading=\"lazy\" decoding=\"async\" width=\"1000\" height=\"1000\" src=\"https:\/\/omsi.it\/wp\/wp-content\/uploads\/2020\/09\/M2020_highback_plastic_stadium_seat.png\" class=\"vc_single_image-img attachment-full\" alt=\"M2020 highback plastic stadium seat\" title=\"M2020 highback plastic stadium seat\" srcset=\"https:\/\/omsi.it\/wp\/wp-content\/uploads\/2020\/09\/M2020_highback_plastic_stadium_seat.png 1000w, https:\/\/omsi.it\/wp\/wp-content\/uploads\/2020\/09\/M2020_highback_plastic_stadium_seat-600x600.png 600w, https:\/\/omsi.it\/wp\/wp-content\/uploads\/2020\/09\/M2020_highback_plastic_stadium_seat-150x150.png 150w, https:\/\/omsi.it\/wp\/wp-content\/uploads\/2020\/09\/M2020_highback_plastic_stadium_seat-300x300.png 300w, https:\/\/omsi.it\/wp\/wp-content\/uploads\/2020\/09\/M2020_highback_plastic_stadium_seat-768x768.png 768w\" sizes=\"auto, (max-width: 1000px) 100vw, 1000px\" wpfc-lazyload-disable=\"true\" \/><\/a>\n\t\t<\/figure>\n\t<\/div>\n<\/div><\/div><\/div><div class=\"wpb_column vc_column_container vc_col-sm-3\"><div class=\"vc_column-inner\"><div class=\"wpb_wrapper\">\n\t\t<div id=\"wd-5f635cdc098b1\" class=\"title-wrapper wd-wpb wd-set-mb reset-last-child  wd-rs-5f635cdc098b1 wd-title-color-default wd-title-style-default text-center  wd-underline-colored\">\n\t\t\t\n\t\t\t<div class=\"liner-continer\">\n\t\t\t\t<h4 class=\"woodmart-title-container title  wd-font-weight- wd-fontsize-m\" >Rialzo<\/h4>\n\t\t\t\t\t\t\t<\/div>\n\t\t\t\n\t\t\t\n\t\t\t\n\t\t<\/div>\n\t\t\n\t\t\n\t<div  class=\"wpb_single_image wpb_content_element vc_align_center\">\n\t\t\n\t\t<figure class=\"wpb_wrapper vc_figure\">\n\t\t\t<a class=\"\" data-lightbox=\"lightbox[rel-7784-3974050479]\" href=\"https:\/\/omsi.it\/wp\/wp-content\/uploads\/2020\/09\/M2020_risingSpacer_plastic_stadium_seat.png\" target=\"_self\" class=\"vc_single_image-wrapper   vc_box_border_grey\"><img loading=\"lazy\" decoding=\"async\" width=\"1000\" height=\"1000\" src=\"https:\/\/omsi.it\/wp\/wp-content\/uploads\/2020\/09\/M2020_risingSpacer_plastic_stadium_seat.png\" class=\"vc_single_image-img attachment-full\" alt=\"M2020 risingSpacer plastic stadium seat\" title=\"M2020 risingSpacer plastic stadium seat\" srcset=\"https:\/\/omsi.it\/wp\/wp-content\/uploads\/2020\/09\/M2020_risingSpacer_plastic_stadium_seat.png 1000w, https:\/\/omsi.it\/wp\/wp-content\/uploads\/2020\/09\/M2020_risingSpacer_plastic_stadium_seat-600x600.png 600w, https:\/\/omsi.it\/wp\/wp-content\/uploads\/2020\/09\/M2020_risingSpacer_plastic_stadium_seat-150x150.png 150w, https:\/\/omsi.it\/wp\/wp-content\/uploads\/2020\/09\/M2020_risingSpacer_plastic_stadium_seat-300x300.png 300w, https:\/\/omsi.it\/wp\/wp-content\/uploads\/2020\/09\/M2020_risingSpacer_plastic_stadium_seat-768x768.png 768w\" sizes=\"auto, (max-width: 1000px) 100vw, 1000px\" wpfc-lazyload-disable=\"true\" \/><\/a>\n\t\t<\/figure>\n\t<\/div>\n<\/div><\/div><\/div><div class=\"wpb_column vc_column_container vc_col-sm-3\"><div class=\"vc_column-inner\"><div class=\"wpb_wrapper\">\n\t\t<div id=\"wd-5f509fa61fd53\" class=\"title-wrapper wd-wpb wd-set-mb reset-last-child  wd-rs-5f509fa61fd53 wd-title-color-default wd-title-style-default text-center  wd-underline-colored\">\n\t\t\t\n\t\t\t<div class=\"liner-continer\">\n\t\t\t\t<h4 class=\"woodmart-title-container title  wd-font-weight- wd-fontsize-m\" >Mensola<\/h4>\n\t\t\t\t\t\t\t<\/div>\n\t\t\t\n\t\t\t\n\t\t\t\n\t\t<\/div>\n\t\t\n\t\t\n\t<div  class=\"wpb_single_image wpb_content_element vc_align_center\">\n\t\t\n\t\t<figure class=\"wpb_wrapper vc_figure\">\n\t\t\t<a class=\"\" data-lightbox=\"lightbox[rel-7784-4024924129]\" href=\"https:\/\/omsi.it\/wp\/wp-content\/uploads\/2020\/09\/M2020_Bracket_plastic_stadium_seat.png\" target=\"_self\" class=\"vc_single_image-wrapper   vc_box_border_grey\"><img loading=\"lazy\" decoding=\"async\" width=\"1000\" height=\"1000\" src=\"https:\/\/omsi.it\/wp\/wp-content\/uploads\/2020\/09\/M2020_Bracket_plastic_stadium_seat.png\" class=\"vc_single_image-img attachment-full\" alt=\"M2020 Bracket plastic stadium seat\" title=\"M2020 Bracket plastic stadium seat\" srcset=\"https:\/\/omsi.it\/wp\/wp-content\/uploads\/2020\/09\/M2020_Bracket_plastic_stadium_seat.png 1000w, https:\/\/omsi.it\/wp\/wp-content\/uploads\/2020\/09\/M2020_Bracket_plastic_stadium_seat-600x600.png 600w, https:\/\/omsi.it\/wp\/wp-content\/uploads\/2020\/09\/M2020_Bracket_plastic_stadium_seat-150x150.png 150w, https:\/\/omsi.it\/wp\/wp-content\/uploads\/2020\/09\/M2020_Bracket_plastic_stadium_seat-300x300.png 300w, https:\/\/omsi.it\/wp\/wp-content\/uploads\/2020\/09\/M2020_Bracket_plastic_stadium_seat-768x768.png 768w\" sizes=\"auto, (max-width: 1000px) 100vw, 1000px\" wpfc-lazyload-disable=\"true\" \/><\/a>\n\t\t<\/figure>\n\t<\/div>\n<\/div><\/div><\/div><div class=\"wpb_column vc_column_container vc_col-sm-3 text-center\"><div class=\"vc_column-inner\"><div class=\"wpb_wrapper\">\n\t\t<div id=\"wd-5f22c9967081e\" class=\"title-wrapper wd-wpb wd-set-mb reset-last-child  wd-rs-5f22c9967081e wd-title-color-default wd-title-style-default text-center  wd-underline-colored\">\n\t\t\t\n\t\t\t<div class=\"liner-continer\">\n\t\t\t\t<h4 class=\"woodmart-title-container title  wd-font-weight- wd-fontsize-m\" >Trave metallica<\/h4>\n\t\t\t\t\t\t\t<\/div>\n\t\t\t\n\t\t\t\n\t\t\t\n\t\t<\/div>\n\t\t\n\t\t\n\t<div  class=\"wpb_single_image wpb_content_element vc_align_center\">\n\t\t\n\t\t<figure class=\"wpb_wrapper vc_figure\">\n\t\t\t<a class=\"\" data-lightbox=\"lightbox[rel-7784-3225882404]\" href=\"https:\/\/omsi.it\/wp\/wp-content\/uploads\/2020\/09\/M2011_onBeam_plastic_stadium_seat.png\" target=\"_self\" class=\"vc_single_image-wrapper   vc_box_border_grey\"><img loading=\"lazy\" decoding=\"async\" width=\"1000\" height=\"1000\" src=\"https:\/\/omsi.it\/wp\/wp-content\/uploads\/2020\/09\/M2011_onBeam_plastic_stadium_seat.png\" class=\"vc_single_image-img attachment-full\" alt=\"M2011 onBeam plastic stadium seat\" title=\"M2011 onBeam plastic stadium seat\" srcset=\"https:\/\/omsi.it\/wp\/wp-content\/uploads\/2020\/09\/M2011_onBeam_plastic_stadium_seat.png 1000w, https:\/\/omsi.it\/wp\/wp-content\/uploads\/2020\/09\/M2011_onBeam_plastic_stadium_seat-600x600.png 600w, https:\/\/omsi.it\/wp\/wp-content\/uploads\/2020\/09\/M2011_onBeam_plastic_stadium_seat-150x150.png 150w, https:\/\/omsi.it\/wp\/wp-content\/uploads\/2020\/09\/M2011_onBeam_plastic_stadium_seat-300x300.png 300w, https:\/\/omsi.it\/wp\/wp-content\/uploads\/2020\/09\/M2011_onBeam_plastic_stadium_seat-768x768.png 768w\" sizes=\"auto, (max-width: 1000px) 100vw, 1000px\" wpfc-lazyload-disable=\"true\" \/><\/a>\n\t\t<\/figure>\n\t<\/div>\n<\/div><\/div><\/div><\/div><\/div><\/div><\/div><\/div><div class=\"vc_row wpb_row vc_row-fluid\"><div class=\"wpb_column vc_column_container vc_col-sm-12\"><div class=\"vc_column-inner\"><div class=\"wpb_wrapper\"><div class=\"vc_empty_space\"   style=\"height: 32px\"><span class=\"vc_empty_space_inner\"><\/span><\/div>\n\t\t<div id=\"wd-64c7ad3cc9c5c\" class=\"title-wrapper wd-wpb wd-set-mb reset-last-child  wd-rs-64c7ad3cc9c5c wd-title-color-primary wd-title-style-simple text-center  wd-underline-colored\">\n\t\t\t\n\t\t\t<div class=\"liner-continer\">\n\t\t\t\t<h4 class=\"woodmart-title-container title  wd-font-weight- wd-fontsize-l\" >AMBIENTAZIONI<\/h4>\n\t\t\t\t\t\t\t<\/div>\n\t\t\t\n\t\t\t\n\t\t\t\n\t\t<\/div>\n\t\t\n\t\t<div class=\"vc_empty_space\"   style=\"height: 32px\"><span class=\"vc_empty_space_inner\"><\/span><\/div><\/div><\/div><\/div><\/div><div class=\"vc_row wpb_row vc_row-fluid vc_custom_1596099536385\"><div class=\"wpb_column vc_column_container vc_col-sm-12\"><div class=\"vc_column-inner\"><div class=\"wpb_wrapper\">\t\t<div id=\"gallery_545\" class=\"wd-images-gallery wd-wpb wd-rs-64c7ae8cd9301 photoswipe-images\" style=\"--wd-justify-content:center;--wd-align-items:center;\">\n\t\t\t\n\t\t\t<div class=\" wd-grid-g\" style=\"--wd-col-lg:3;--wd-col-md:3;--wd-col-sm:1;--wd-gap-lg:0px;\">\n\t\t\t\t\n\t\t\t\t\t\t\t\t\t\t\t\t\t\t\t<div class=\"wd-gallery-item wd-col\">\n\t\t\t\t\t\t\t\t\t\t\t\t\t\t<a href=\"https:\/\/omsi.it\/wp\/wp-content\/uploads\/2022\/05\/M2020_plasticSeating_BinZayedStadium1-scaled.jpg\" data-elementor-open-lightbox=\"no\" data-index=\"1\" data-width=\"1280\" data-height=\"853\" \n\t\t\t\t\t\t\t\t\t\t\t\t\t\t\t\t\t\t\t\t>\n\t\t\t\t\t\t\t\t\n\t\t\t\t\t\t\t\t<img loading=\"lazy\" decoding=\"async\" width=\"1280\" height=\"853\" src=\"https:\/\/omsi.it\/wp\/wp-content\/uploads\/2022\/05\/M2020_plasticSeating_BinZayedStadium1-scaled.jpg\" class=\"wd-gallery-image image-1\" alt=\"M2020 plasticSeating BinZayedStadium1\" srcset=\"https:\/\/omsi.it\/wp\/wp-content\/uploads\/2022\/05\/M2020_plasticSeating_BinZayedStadium1-scaled.jpg 1280w, https:\/\/omsi.it\/wp\/wp-content\/uploads\/2022\/05\/M2020_plasticSeating_BinZayedStadium1-300x200.jpg 300w, https:\/\/omsi.it\/wp\/wp-content\/uploads\/2022\/05\/M2020_plasticSeating_BinZayedStadium1-1024x683.jpg 1024w, https:\/\/omsi.it\/wp\/wp-content\/uploads\/2022\/05\/M2020_plasticSeating_BinZayedStadium1-768x512.jpg 768w, https:\/\/omsi.it\/wp\/wp-content\/uploads\/2022\/05\/M2020_plasticSeating_BinZayedStadium1-1536x1024.jpg 1536w, https:\/\/omsi.it\/wp\/wp-content\/uploads\/2022\/05\/M2020_plasticSeating_BinZayedStadium1-1200x800.jpg 1200w, https:\/\/omsi.it\/wp\/wp-content\/uploads\/2022\/05\/M2020_plasticSeating_BinZayedStadium1-150x100.jpg 150w\" sizes=\"auto, (max-width: 1280px) 100vw, 1280px\" wpfc-lazyload-disable=\"true\" \/>\n\t\t\t\t\t\t\t\t\t\t\t\t\t\t\t<\/a>\n\t\t\t\t\t\t\t\t\t\t\t\t<\/div>\n\t\t\t\t\t\t\t\t\t\t\t<div class=\"wd-gallery-item wd-col\">\n\t\t\t\t\t\t\t\t\t\t\t\t\t\t<a href=\"https:\/\/omsi.it\/wp\/wp-content\/uploads\/2022\/05\/M2020_plasticSeating_BinZayedStadium-scaled.jpg\" data-elementor-open-lightbox=\"no\" data-index=\"2\" data-width=\"1280\" data-height=\"853\" \n\t\t\t\t\t\t\t\t\t\t\t\t\t\t\t\t\t\t\t\t>\n\t\t\t\t\t\t\t\t\n\t\t\t\t\t\t\t\t<img loading=\"lazy\" decoding=\"async\" width=\"1280\" height=\"853\" src=\"https:\/\/omsi.it\/wp\/wp-content\/uploads\/2022\/05\/M2020_plasticSeating_BinZayedStadium-scaled.jpg\" class=\"wd-gallery-image image-2\" alt=\"M2020 plasticSeating BinZayedStadium\" srcset=\"https:\/\/omsi.it\/wp\/wp-content\/uploads\/2022\/05\/M2020_plasticSeating_BinZayedStadium-scaled.jpg 1280w, https:\/\/omsi.it\/wp\/wp-content\/uploads\/2022\/05\/M2020_plasticSeating_BinZayedStadium-300x200.jpg 300w, https:\/\/omsi.it\/wp\/wp-content\/uploads\/2022\/05\/M2020_plasticSeating_BinZayedStadium-1024x683.jpg 1024w, https:\/\/omsi.it\/wp\/wp-content\/uploads\/2022\/05\/M2020_plasticSeating_BinZayedStadium-768x512.jpg 768w, https:\/\/omsi.it\/wp\/wp-content\/uploads\/2022\/05\/M2020_plasticSeating_BinZayedStadium-1536x1024.jpg 1536w, https:\/\/omsi.it\/wp\/wp-content\/uploads\/2022\/05\/M2020_plasticSeating_BinZayedStadium-1200x800.jpg 1200w, https:\/\/omsi.it\/wp\/wp-content\/uploads\/2022\/05\/M2020_plasticSeating_BinZayedStadium-150x100.jpg 150w\" sizes=\"auto, (max-width: 1280px) 100vw, 1280px\" wpfc-lazyload-disable=\"true\" \/>\n\t\t\t\t\t\t\t\t\t\t\t\t\t\t\t<\/a>\n\t\t\t\t\t\t\t\t\t\t\t\t<\/div>\n\t\t\t\t\t\t\t\t\t\t\t<div class=\"wd-gallery-item wd-col\">\n\t\t\t\t\t\t\t\t\t\t\t\t\t\t<a href=\"https:\/\/omsi.it\/wp\/wp-content\/uploads\/2022\/05\/M2020_plasticSeating_BinZayedStadium2-scaled.jpg\" data-elementor-open-lightbox=\"no\" data-index=\"3\" data-width=\"1280\" data-height=\"853\" \n\t\t\t\t\t\t\t\t\t\t\t\t\t\t\t\t\t\t\t\t>\n\t\t\t\t\t\t\t\t\n\t\t\t\t\t\t\t\t<img loading=\"lazy\" decoding=\"async\" width=\"1280\" height=\"853\" src=\"https:\/\/omsi.it\/wp\/wp-content\/uploads\/2022\/05\/M2020_plasticSeating_BinZayedStadium2-scaled.jpg\" class=\"wd-gallery-image image-3\" alt=\"M2020 plasticSeating BinZayedStadium2\" srcset=\"https:\/\/omsi.it\/wp\/wp-content\/uploads\/2022\/05\/M2020_plasticSeating_BinZayedStadium2-scaled.jpg 1280w, https:\/\/omsi.it\/wp\/wp-content\/uploads\/2022\/05\/M2020_plasticSeating_BinZayedStadium2-300x200.jpg 300w, https:\/\/omsi.it\/wp\/wp-content\/uploads\/2022\/05\/M2020_plasticSeating_BinZayedStadium2-1024x683.jpg 1024w, https:\/\/omsi.it\/wp\/wp-content\/uploads\/2022\/05\/M2020_plasticSeating_BinZayedStadium2-768x512.jpg 768w, https:\/\/omsi.it\/wp\/wp-content\/uploads\/2022\/05\/M2020_plasticSeating_BinZayedStadium2-1536x1024.jpg 1536w, https:\/\/omsi.it\/wp\/wp-content\/uploads\/2022\/05\/M2020_plasticSeating_BinZayedStadium2-1200x800.jpg 1200w, https:\/\/omsi.it\/wp\/wp-content\/uploads\/2022\/05\/M2020_plasticSeating_BinZayedStadium2-150x100.jpg 150w\" sizes=\"auto, (max-width: 1280px) 100vw, 1280px\" wpfc-lazyload-disable=\"true\" \/>\n\t\t\t\t\t\t\t\t\t\t\t\t\t\t\t<\/a>\n\t\t\t\t\t\t\t\t\t\t\t\t<\/div>\n\t\t\t\t\t\t\t\t\t\n\t\t\t\t\t\t\t<\/div>\n\n\t\t\t\t\t<\/div>\n\t\t<div class=\"vc_empty_space\"   style=\"height: 32px\"><span class=\"vc_empty_space_inner\"><\/span><\/div><\/div><\/div><\/div><\/div><div id=\"contattaci\" class=\"vc_row wpb_row vc_row-fluid\"><div class=\"wpb_column vc_column_container vc_col-sm-12\"><div class=\"vc_column-inner\"><div class=\"wpb_wrapper\"><div class=\"vc_empty_space\"   style=\"height: 32px\"><span class=\"vc_empty_space_inner\"><\/span><\/div>\n\t\t<div id=\"wd-5f228b4df145e\" class=\"title-wrapper wd-wpb wd-set-mb reset-last-child  wd-rs-5f228b4df145e wd-title-color-primary wd-title-style-simple text-center  wd-underline-colored\">\n\t\t\t\n\t\t\t<div class=\"liner-continer\">\n\t\t\t\t<h4 class=\"woodmart-title-container title  wd-font-weight- wd-fontsize-l\" >CONTATTACI PER UNA PRIMA CONSULENZA<\/h4>\n\t\t\t\t\t\t\t<\/div>\n\t\t\t\n\t\t\t\n\t\t\t\n\t\t<\/div>\n\t\t\n\t\t<div class=\"vc_empty_space\"   style=\"height: 32px\"><span class=\"vc_empty_space_inner\"><\/span><\/div><div class=\"vc_row wpb_row vc_inner vc_row-fluid\"><div class=\"wpb_column vc_column_container vc_col-sm-12\"><div class=\"vc_column-inner\"><div class=\"wpb_wrapper\">\n<div class=\"wpcf7 no-js\" id=\"wpcf7-f608-o1\" lang=\"en-US\" dir=\"ltr\" data-wpcf7-id=\"608\">\n<div class=\"screen-reader-response\"><p role=\"status\" aria-live=\"polite\" aria-atomic=\"true\"><\/p> <ul><\/ul><\/div>\n<form action=\"\/fr\/wp-json\/wp\/v2\/product\/7784#wpcf7-f608-o1\" method=\"post\" class=\"wpcf7-form init\" aria-label=\"Contact form\" novalidate=\"novalidate\" data-status=\"init\">\n<fieldset class=\"hidden-fields-container\"><input type=\"hidden\" name=\"_wpcf7\" value=\"608\" \/><input type=\"hidden\" name=\"_wpcf7_version\" value=\"6.1.5\" \/><input type=\"hidden\" name=\"_wpcf7_locale\" value=\"en_US\" \/><input type=\"hidden\" name=\"_wpcf7_unit_tag\" value=\"wpcf7-f608-o1\" \/><input type=\"hidden\" name=\"_wpcf7_container_post\" value=\"0\" \/><input type=\"hidden\" name=\"_wpcf7_posted_data_hash\" value=\"\" \/><input type=\"hidden\" name=\"_wpcf7_recaptcha_response\" value=\"\" \/>\n<\/fieldset>\n<div class=\"row\">\n\t<div class=\"col-md-6\" style='margin-bottom:20px;'>\n\t\t<p><label>Nome e Cognome (richiesto)<\/label><span class=\"wpcf7-form-control-wrap\" data-name=\"your-name\"><input size=\"40\" maxlength=\"400\" class=\"wpcf7-form-control wpcf7-text wpcf7-validates-as-required\" aria-required=\"true\" aria-invalid=\"false\" value=\"\" type=\"text\" name=\"your-name\" \/><\/span>\n\t\t<\/p>\n\t<\/div>\n\t<div class=\"col-md-6\" style='margin-bottom:20px;'>\n\t\t<p><label>Email (richiesto)<\/label><span class=\"wpcf7-form-control-wrap\" data-name=\"your-email\"><input size=\"40\" maxlength=\"400\" class=\"wpcf7-form-control wpcf7-email wpcf7-validates-as-required wpcf7-text wpcf7-validates-as-email\" aria-required=\"true\" aria-invalid=\"false\" value=\"\" type=\"email\" name=\"your-email\" \/><\/span>\n\t\t<\/p>\n\t<\/div>\n<\/div>\n<div class=\"row\">\n\t<div class=\"col-md-6\" style='margin-bottom:20px;'>\n\t\t<p><label>Telefono<\/label><span class=\"wpcf7-form-control-wrap\" data-name=\"tel-767\"><input size=\"40\" maxlength=\"400\" class=\"wpcf7-form-control wpcf7-tel wpcf7-validates-as-required wpcf7-text wpcf7-validates-as-tel\" aria-required=\"true\" aria-invalid=\"false\" value=\"\" type=\"tel\" name=\"tel-767\" \/><\/span>\n\t\t<\/p>\n\t<\/div>\n\t<div class=\"col-md-6\" style='margin-bottom:20px;'>\n\t\t<p><label>Paese<\/label><span class=\"wpcf7-form-control-wrap\" data-name=\"text-300\"><input size=\"40\" maxlength=\"400\" class=\"wpcf7-form-control wpcf7-text wpcf7-validates-as-required\" aria-required=\"true\" aria-invalid=\"false\" value=\"\" type=\"text\" name=\"text-300\" \/><\/span>\n\t\t<\/p>\n\t<\/div>\n\t<div class=\"col-md-6\" style='margin-bottom:20px;'>\n\t\t<p><label>Area di Interesse<\/label><span class=\"wpcf7-form-control-wrap\" data-name=\"menu-880\"><select class=\"wpcf7-form-control wpcf7-select\" aria-invalid=\"false\" name=\"menu-880\"><option value=\"Sport\">Sport<\/option><option value=\"Scuola\">Scuola<\/option><\/select><\/span>\n\t\t<\/p>\n\t<\/div>\n\t<div class=\"col-md-6\" style='margin-bottom:20px;'>\n\t\t<p><label>Prodotto interessato<\/label><span class=\"wpcf7-form-control-wrap\" data-name=\"text-301\"><input size=\"40\" maxlength=\"400\" class=\"wpcf7-form-control wpcf7-text wpcf7-validates-as-required\" aria-required=\"true\" aria-invalid=\"false\" value=\"\" type=\"text\" name=\"text-301\" \/><\/span>\n\t\t<\/p>\n\t<\/div>\n\t<div class=\"col-md-6\" style='margin-bottom:20px;'>\n\t\t<p><label>Azienda<\/label><span class=\"wpcf7-form-control-wrap\" data-name=\"text-1\"><input size=\"40\" maxlength=\"400\" class=\"wpcf7-form-control wpcf7-text wpcf7-validates-as-required\" aria-required=\"true\" aria-invalid=\"false\" value=\"\" type=\"text\" name=\"text-1\" \/><\/span>\n\t\t<\/p>\n\t<\/div>\n\t<div class=\"col-md-6\" style='margin-bottom:20px;'>\n\t\t<p><label>Indirizzo<\/label><span class=\"wpcf7-form-control-wrap\" data-name=\"text-576\"><input size=\"40\" maxlength=\"400\" class=\"wpcf7-form-control wpcf7-text wpcf7-validates-as-required\" aria-required=\"true\" aria-invalid=\"false\" value=\"\" type=\"text\" name=\"text-576\" \/><\/span>\n\t\t<\/p>\n\t<\/div>\n<\/div>\n<p><label>Messaggio<\/label><span class=\"wpcf7-form-control-wrap\" data-name=\"your-message\"><textarea cols=\"40\" rows=\"10\" maxlength=\"2000\" class=\"wpcf7-form-control wpcf7-textarea wpcf7-validates-as-required\" aria-required=\"true\" aria-invalid=\"false\" name=\"your-message\"><\/textarea><\/span>\n<\/p>\n<p><span class=\"wpcf7-form-control-wrap\" data-name=\"acceptance-427\"><span class=\"wpcf7-form-control wpcf7-acceptance\"><span class=\"wpcf7-list-item\"><label><input type=\"checkbox\" name=\"acceptance-427\" value=\"1\" aria-invalid=\"false\" \/><span class=\"wpcf7-list-item-label\">Ho letto l'<a href=\"https:\/\/omsi.it\/wp\/wp-content\/uploads\/2021\/01\/Informativa-Contatti-SITO-rev2020.pdf\" target=\"_blank\" rel=\"nofollow noopener\">informativa privacy<\/a> e acconsento alla memorizzazione dei miei dati secondo quanto stabilito dal regolamento europeo per la protezione dei dati personali n. 679\/2016, GDPR.<\/span><\/label><\/span><\/span><\/span>\n<\/p>\n<p><input class=\"wpcf7-form-control wpcf7-submit has-spinner btn-color-black\" type=\"submit\" value=\"INVIA\" \/>\n<\/p><div class=\"wpcf7-response-output\" aria-hidden=\"true\"><\/div>\n<\/form>\n<\/div>\n<\/div><\/div><\/div><\/div><\/div><\/div><\/div><\/div>\n<\/div>","protected":false},"excerpt":{"rendered":"<p><b>M2020<\/b> \u00e8 una nuovissima seduta monoblocco in polipropilene dal design italiano, con schienale alto, caratterizzata da linee armoniose e da una moderna ergonomia. Presenta una solida base con nervature di rinforzo trasversali \/ longitudinali che permettono al fruitore di godersi l\u2019evento sportivo nella massima comodit\u00e0, senza rinunciare a qualit\u00e0 e robustezza.<span class=\"Apple-converted-space\">\u00a0<\/span><\/p>\n<p>Ci\u00f2 che la contraddistingue \u00e8 la versatilit\u00e0, infatti la sua profondit\u00e0 pu\u00f2 variare da 320 fino a 400 mm, rendendola adattabile alla maggior parte dei gradoni esistenti o di nuova costruzione.<\/p>\n<p>RISPONDENTE ALLE RACCOMANDAZIONI FIFA\/UEFA<\/p>\n<div class=\"red\">CERTIFICATA EPD (Environmental Product Declaration)\u00a0 <img decoding=\"async\" class=\"seconda_vita alignnone\" src=\"https:\/\/omsi.it\/wp\/wp-content\/uploads\/2023\/07\/EPD_LOGO_300.png\" \/><\/div>\n<p><\/p>\n<p><strong>TESTATA ACUSTICAMENTE SECONDO LA NORMA UNI EN ISO 354:2003<\/strong><\/p>\n<div class=\"green\"><a href=\"https:\/\/omsi.it\/wp\/sostenibilita\/\">Su richiesta anche in versione riciclata <img decoding=\"async\" class=\"seconda_vita\" src=\"https:\/\/omsi.it\/wp\/wp-content\/uploads\/2020\/08\/plastica-seconda-vita-omsi.png\" \/><\/a><\/div>\n<p><\/p>\n<p><strong>DIMENSIONI:<\/strong><br \/>\n[table id=m2020 \/]<\/p>\n<p>&nbsp;<\/p>\n<p><a class=\"btn_sara\" href=\"#contattaci\">Contattaci<\/a><\/p>\n","protected":false},"featured_media":17630,"template":"","meta":[],"product_brand":[],"product_cat":[78,69,77,378,67],"product_tag":[],"class_list":{"0":"post-7784","1":"product","2":"type-product","3":"status-publish","4":"has-post-thumbnail","6":"product_cat-con-schienale","7":"product_cat-green","8":"product_cat-monoscocche","9":"product_cat-sport-2","10":"product_cat-sport","12":"first","13":"instock","14":"shipping-taxable","15":"product-type-simple"},"_links":{"self":[{"href":"https:\/\/omsi.it\/fr\/wp-json\/wp\/v2\/product\/7784","targetHints":{"allow":["GET"]}}],"collection":[{"href":"https:\/\/omsi.it\/fr\/wp-json\/wp\/v2\/product"}],"about":[{"href":"https:\/\/omsi.it\/fr\/wp-json\/wp\/v2\/types\/product"}],"wp:featuredmedia":[{"embeddable":true,"href":"https:\/\/omsi.it\/fr\/wp-json\/wp\/v2\/media\/17630"}],"wp:attachment":[{"href":"https:\/\/omsi.it\/fr\/wp-json\/wp\/v2\/media?parent=7784"}],"wp:term":[{"taxonomy":"product_brand","embeddable":true,"href":"https:\/\/omsi.it\/fr\/wp-json\/wp\/v2\/product_brand?post=7784"},{"taxonomy":"product_cat","embeddable":true,"href":"https:\/\/omsi.it\/fr\/wp-json\/wp\/v2\/product_cat?post=7784"},{"taxonomy":"product_tag","embeddable":true,"href":"https:\/\/omsi.it\/fr\/wp-json\/wp\/v2\/product_tag?post=7784"}],"curies":[{"name":"wp","href":"https:\/\/api.w.org\/{rel}","templated":true}]}}