{"id":8289,"date":"2020-10-08T15:30:43","date_gmt":"2020-10-08T13:30:43","guid":{"rendered":"https:\/\/omsi.it\/wp\/?post_type=product&#038;p=8289"},"modified":"2023-05-16T11:19:22","modified_gmt":"2023-05-16T09:19:22","slug":"parcours-psychomoteurs-pour-lenfance","status":"publish","type":"product","link":"https:\/\/omsi.it\/fr\/produit\/parcours-psychomoteurs-pour-lenfance\/","title":{"rendered":"Parcours psychomoteur maternelle"},"content":{"rendered":"<div class=\"wpb-content-wrapper\"><div class=\"vc_row wpb_row vc_row-fluid\"><div class=\"wpb_column vc_column_container vc_col-sm-12\"><div class=\"vc_column-inner\"><div class=\"wpb_wrapper\"><div class=\"vc_empty_space\"   style=\"height: 32px\"><span class=\"vc_empty_space_inner\"><\/span><\/div>\n\t\t<div id=\"wd-5f2299d53dd29\" class=\"title-wrapper wd-wpb wd-set-mb reset-last-child  wd-rs-5f2299d53dd29 wd-title-color-primary wd-title-style-simple text-center  wd-underline-colored\">\n\t\t\t\n\t\t\t<div class=\"liner-continer\">\n\t\t\t\t<h4 class=\"woodmart-title-container title  wd-font-weight- wd-fontsize-l\" >TOUS LES TYPOLOGIES<\/h4>\n\t\t\t\t\t\t\t<\/div>\n\t\t\t\n\t\t\t\n\t\t\t\n\t\t<\/div>\n\t\t\n\t\t<div class=\"vc_empty_space\"   style=\"height: 32px\"><span class=\"vc_empty_space_inner\"><\/span><\/div><\/div><\/div><\/div><\/div><div class=\"vc_row wpb_row vc_row-fluid vc_custom_1602164085283\"><div class=\"wpb_column vc_column_container vc_col-sm-4 text-center\"><div class=\"vc_column-inner\"><div class=\"wpb_wrapper\">\n\t\t<div id=\"wd-60113d1e426ad\" class=\"title-wrapper wd-wpb wd-set-mb reset-last-child  wd-rs-60113d1e426ad wd-title-color-default wd-title-style-default text-center  wd-underline-colored\">\n\t\t\t\n\t\t\t<div class=\"liner-continer\">\n\t\t\t\t<h4 class=\"woodmart-title-container title  wd-font-weight- wd-fontsize-m\" >Parcours d\u2019\u00e9veil<\/h4>\n\t\t\t\t\t\t\t<\/div>\n\t\t\t\n\t\t\t\n\t\t\t\n\t\t<\/div>\n\t\t\n\t\t\n\t<div  class=\"wpb_single_image wpb_content_element vc_align_left\">\n\t\t\n\t\t<figure class=\"wpb_wrapper vc_figure\">\n\t\t\t<a class=\"\" data-lightbox=\"lightbox[rel-8289-2472131541]\" href=\"https:\/\/omsi.it\/wp\/wp-content\/uploads\/2020\/10\/Psychomotor_kit_kindergarten_path1.png\" target=\"_self\"><img loading=\"lazy\" decoding=\"async\" width=\"1000\" height=\"1000\" src=\"https:\/\/omsi.it\/wp\/wp-content\/uploads\/2020\/10\/Psychomotor_kit_kindergarten_path1.png\" class=\"vc_single_image-img attachment-large\" alt=\"Kit de psychomotricit\u00e9 jardin d&#039;enfants path1\" title=\"Kit de psychomotricit\u00e9 jardin d&#039;enfants path1\" srcset=\"https:\/\/omsi.it\/wp\/wp-content\/uploads\/2020\/10\/Psychomotor_kit_kindergarten_path1.png 1000w, https:\/\/omsi.it\/wp\/wp-content\/uploads\/2020\/10\/Psychomotor_kit_kindergarten_path1-600x600.png 600w, https:\/\/omsi.it\/wp\/wp-content\/uploads\/2020\/10\/Psychomotor_kit_kindergarten_path1-150x150.png 150w, https:\/\/omsi.it\/wp\/wp-content\/uploads\/2020\/10\/Psychomotor_kit_kindergarten_path1-300x300.png 300w, https:\/\/omsi.it\/wp\/wp-content\/uploads\/2020\/10\/Psychomotor_kit_kindergarten_path1-768x768.png 768w\" sizes=\"auto, (max-width: 1000px) 100vw, 1000px\" wpfc-lazyload-disable=\"true\" \/><\/a>\n\t\t<\/figure>\n\t<\/div>\n<\/div><\/div><\/div><div class=\"wpb_column vc_column_container vc_col-sm-4\"><div class=\"vc_column-inner\"><div class=\"wpb_wrapper\">\n\t\t<div id=\"wd-5f7f15d20d204\" class=\"title-wrapper wd-wpb wd-set-mb reset-last-child  wd-rs-5f7f15d20d204 wd-title-color-default wd-title-style-default text-center  wd-underline-colored\">\n\t\t\t\n\t\t\t<div class=\"liner-continer\">\n\t\t\t\t<h4 class=\"woodmart-title-container title  wd-font-weight- wd-fontsize-m\" >Escalade a petals<\/h4>\n\t\t\t\t\t\t\t<\/div>\n\t\t\t\n\t\t\t\n\t\t\t\n\t\t<\/div>\n\t\t\n\t\t\n\t<div  class=\"wpb_single_image wpb_content_element vc_align_left\">\n\t\t\n\t\t<figure class=\"wpb_wrapper vc_figure\">\n\t\t\t<a class=\"\" data-lightbox=\"lightbox[rel-8289-2122952536]\" href=\"https:\/\/omsi.it\/wp\/wp-content\/uploads\/2020\/10\/Climbing_set_with_petals_Kindergarten_path.png\" target=\"_self\"><img loading=\"lazy\" decoding=\"async\" width=\"1000\" height=\"1000\" src=\"https:\/\/omsi.it\/wp\/wp-content\/uploads\/2020\/10\/Climbing_set_with_petals_Kindergarten_path.png\" class=\"vc_single_image-img attachment-large\" alt=\"Jeu d&#039;escalade avec p\u00e9tales Chemin de l&#039;\u00e9cole maternelle\" title=\"Jeu d&#039;escalade avec p\u00e9tales Chemin de l&#039;\u00e9cole maternelle\" srcset=\"https:\/\/omsi.it\/wp\/wp-content\/uploads\/2020\/10\/Climbing_set_with_petals_Kindergarten_path.png 1000w, https:\/\/omsi.it\/wp\/wp-content\/uploads\/2020\/10\/Climbing_set_with_petals_Kindergarten_path-600x600.png 600w, https:\/\/omsi.it\/wp\/wp-content\/uploads\/2020\/10\/Climbing_set_with_petals_Kindergarten_path-150x150.png 150w, https:\/\/omsi.it\/wp\/wp-content\/uploads\/2020\/10\/Climbing_set_with_petals_Kindergarten_path-300x300.png 300w, https:\/\/omsi.it\/wp\/wp-content\/uploads\/2020\/10\/Climbing_set_with_petals_Kindergarten_path-768x768.png 768w\" sizes=\"auto, (max-width: 1000px) 100vw, 1000px\" wpfc-lazyload-disable=\"true\" \/><\/a>\n\t\t<\/figure>\n\t<\/div>\n<\/div><\/div><\/div><div class=\"wpb_column vc_column_container vc_col-sm-4 text-center\"><div class=\"vc_column-inner\"><div class=\"wpb_wrapper\">\n\t\t<div id=\"wd-5f7f15e3b1f25\" class=\"title-wrapper wd-wpb wd-set-mb reset-last-child  wd-rs-5f7f15e3b1f25 wd-title-color-default wd-title-style-default text-center  wd-underline-colored\">\n\t\t\t\n\t\t\t<div class=\"liner-continer\">\n\t\t\t\t<h4 class=\"woodmart-title-container title  wd-font-weight- wd-fontsize-m\" >Tunnel<\/h4>\n\t\t\t\t\t\t\t<\/div>\n\t\t\t\n\t\t\t\n\t\t\t\n\t\t<\/div>\n\t\t\n\t\t\n\t<div  class=\"wpb_single_image wpb_content_element vc_align_left\">\n\t\t\n\t\t<figure class=\"wpb_wrapper vc_figure\">\n\t\t\t<a class=\"\" data-lightbox=\"lightbox[rel-8289-1395396453]\" href=\"https:\/\/omsi.it\/wp\/wp-content\/uploads\/2020\/10\/Gallery_kindergarden_path.png\" target=\"_self\"><img loading=\"lazy\" decoding=\"async\" width=\"1000\" height=\"1000\" src=\"https:\/\/omsi.it\/wp\/wp-content\/uploads\/2020\/10\/Gallery_kindergarden_path.png\" class=\"vc_single_image-img attachment-large\" alt=\"Galerie chemin des jardins d&#039;enfants\" title=\"Galerie chemin des jardins d&#039;enfants\" srcset=\"https:\/\/omsi.it\/wp\/wp-content\/uploads\/2020\/10\/Gallery_kindergarden_path.png 1000w, https:\/\/omsi.it\/wp\/wp-content\/uploads\/2020\/10\/Gallery_kindergarden_path-600x600.png 600w, https:\/\/omsi.it\/wp\/wp-content\/uploads\/2020\/10\/Gallery_kindergarden_path-150x150.png 150w, https:\/\/omsi.it\/wp\/wp-content\/uploads\/2020\/10\/Gallery_kindergarden_path-300x300.png 300w, https:\/\/omsi.it\/wp\/wp-content\/uploads\/2020\/10\/Gallery_kindergarden_path-768x768.png 768w\" sizes=\"auto, (max-width: 1000px) 100vw, 1000px\" wpfc-lazyload-disable=\"true\" \/><\/a>\n\t\t<\/figure>\n\t<\/div>\n<\/div><\/div><\/div><\/div><div class=\"vc_row wpb_row vc_row-fluid vc_custom_1602163518558\"><div class=\"wpb_column vc_column_container vc_col-sm-3\"><div class=\"vc_column-inner\"><div class=\"wpb_wrapper\">\n\t\t<div id=\"wd-5f7f161f852e9\" class=\"title-wrapper wd-wpb wd-set-mb reset-last-child  wd-rs-5f7f161f852e9 wd-title-color-default wd-title-style-default text-center  wd-underline-colored\">\n\t\t\t\n\t\t\t<div class=\"liner-continer\">\n\t\t\t\t<h4 class=\"woodmart-title-container title  wd-font-weight- wd-fontsize-m\" >Module cercle<\/h4>\n\t\t\t\t\t\t\t<\/div>\n\t\t\t\n\t\t\t\n\t\t\t\n\t\t<\/div>\n\t\t\n\t\t\n\t<div  class=\"wpb_single_image wpb_content_element vc_align_left\">\n\t\t\n\t\t<figure class=\"wpb_wrapper vc_figure\">\n\t\t\t<a class=\"\" data-lightbox=\"lightbox[rel-8289-29323012]\" href=\"https:\/\/omsi.it\/wp\/wp-content\/uploads\/2020\/10\/CircleModule_Kindergarten_path.png\" target=\"_self\"><img loading=\"lazy\" decoding=\"async\" width=\"1000\" height=\"1000\" src=\"https:\/\/omsi.it\/wp\/wp-content\/uploads\/2020\/10\/CircleModule_Kindergarten_path.png\" class=\"vc_single_image-img attachment-large\" alt=\"CircleModule Chemin de l&#039;\u00e9cole maternelle\" title=\"CircleModule Chemin de l&#039;\u00e9cole maternelle\" srcset=\"https:\/\/omsi.it\/wp\/wp-content\/uploads\/2020\/10\/CircleModule_Kindergarten_path.png 1000w, https:\/\/omsi.it\/wp\/wp-content\/uploads\/2020\/10\/CircleModule_Kindergarten_path-600x600.png 600w, https:\/\/omsi.it\/wp\/wp-content\/uploads\/2020\/10\/CircleModule_Kindergarten_path-150x150.png 150w, https:\/\/omsi.it\/wp\/wp-content\/uploads\/2020\/10\/CircleModule_Kindergarten_path-300x300.png 300w, https:\/\/omsi.it\/wp\/wp-content\/uploads\/2020\/10\/CircleModule_Kindergarten_path-768x768.png 768w\" sizes=\"auto, (max-width: 1000px) 100vw, 1000px\" wpfc-lazyload-disable=\"true\" \/><\/a>\n\t\t<\/figure>\n\t<\/div>\n<\/div><\/div><\/div><div class=\"wpb_column vc_column_container vc_col-sm-3 text-center\"><div class=\"vc_column-inner\"><div class=\"wpb_wrapper\">\n\t\t<div id=\"wd-5f7f160505f50\" class=\"title-wrapper wd-wpb wd-set-mb reset-last-child  wd-rs-5f7f160505f50 wd-title-color-default wd-title-style-default text-center  wd-underline-colored\">\n\t\t\t\n\t\t\t<div class=\"liner-continer\">\n\t\t\t\t<h4 class=\"woodmart-title-container title  wd-font-weight- wd-fontsize-m\" >Module poutre<\/h4>\n\t\t\t\t\t\t\t<\/div>\n\t\t\t\n\t\t\t\n\t\t\t\n\t\t<\/div>\n\t\t\n\t\t\n\t<div  class=\"wpb_single_image wpb_content_element vc_align_left\">\n\t\t\n\t\t<figure class=\"wpb_wrapper vc_figure\">\n\t\t\t<a class=\"\" data-lightbox=\"lightbox[rel-8289-2328598643]\" href=\"https:\/\/omsi.it\/wp\/wp-content\/uploads\/2020\/10\/BeamModule_Kindergarten_path.png\" target=\"_self\"><img loading=\"lazy\" decoding=\"async\" width=\"1000\" height=\"1000\" src=\"https:\/\/omsi.it\/wp\/wp-content\/uploads\/2020\/10\/BeamModule_Kindergarten_path.png\" class=\"vc_single_image-img attachment-large\" alt=\"BeamModule Chemin de l&#039;\u00e9cole maternelle\" title=\"BeamModule Chemin de l&#039;\u00e9cole maternelle\" srcset=\"https:\/\/omsi.it\/wp\/wp-content\/uploads\/2020\/10\/BeamModule_Kindergarten_path.png 1000w, https:\/\/omsi.it\/wp\/wp-content\/uploads\/2020\/10\/BeamModule_Kindergarten_path-600x600.png 600w, https:\/\/omsi.it\/wp\/wp-content\/uploads\/2020\/10\/BeamModule_Kindergarten_path-150x150.png 150w, https:\/\/omsi.it\/wp\/wp-content\/uploads\/2020\/10\/BeamModule_Kindergarten_path-300x300.png 300w, https:\/\/omsi.it\/wp\/wp-content\/uploads\/2020\/10\/BeamModule_Kindergarten_path-768x768.png 768w\" sizes=\"auto, (max-width: 1000px) 100vw, 1000px\" wpfc-lazyload-disable=\"true\" \/><\/a>\n\t\t<\/figure>\n\t<\/div>\n<\/div><\/div><\/div><div class=\"wpb_column vc_column_container vc_col-sm-3 text-center\"><div class=\"vc_column-inner\"><div class=\"wpb_wrapper\">\n\t\t<div id=\"wd-5f7f161509871\" class=\"title-wrapper wd-wpb wd-set-mb reset-last-child  wd-rs-5f7f161509871 wd-title-color-default wd-title-style-default text-center  wd-underline-colored\">\n\t\t\t\n\t\t\t<div class=\"liner-continer\">\n\t\t\t\t<h4 class=\"woodmart-title-container title  wd-font-weight- wd-fontsize-m\" >Module demi-cercle<\/h4>\n\t\t\t\t\t\t\t<\/div>\n\t\t\t\n\t\t\t\n\t\t\t\n\t\t<\/div>\n\t\t\n\t\t\n\t<div  class=\"wpb_single_image wpb_content_element vc_align_left\">\n\t\t\n\t\t<figure class=\"wpb_wrapper vc_figure\">\n\t\t\t<a class=\"\" data-lightbox=\"lightbox[rel-8289-355918342]\" href=\"https:\/\/omsi.it\/wp\/wp-content\/uploads\/2020\/10\/SemicircleModule_Kindergarten_path4.png\" target=\"_self\"><img loading=\"lazy\" decoding=\"async\" width=\"1000\" height=\"1000\" src=\"https:\/\/omsi.it\/wp\/wp-content\/uploads\/2020\/10\/SemicircleModule_Kindergarten_path4.png\" class=\"vc_single_image-img attachment-large\" alt=\"SemicircleModule Jardin d&#039;enfants path4\" title=\"SemicircleModule Jardin d&#039;enfants path4\" srcset=\"https:\/\/omsi.it\/wp\/wp-content\/uploads\/2020\/10\/SemicircleModule_Kindergarten_path4.png 1000w, https:\/\/omsi.it\/wp\/wp-content\/uploads\/2020\/10\/SemicircleModule_Kindergarten_path4-600x600.png 600w, https:\/\/omsi.it\/wp\/wp-content\/uploads\/2020\/10\/SemicircleModule_Kindergarten_path4-150x150.png 150w, https:\/\/omsi.it\/wp\/wp-content\/uploads\/2020\/10\/SemicircleModule_Kindergarten_path4-300x300.png 300w, https:\/\/omsi.it\/wp\/wp-content\/uploads\/2020\/10\/SemicircleModule_Kindergarten_path4-768x768.png 768w\" sizes=\"auto, (max-width: 1000px) 100vw, 1000px\" wpfc-lazyload-disable=\"true\" \/><\/a>\n\t\t<\/figure>\n\t<\/div>\n<\/div><\/div><\/div><div class=\"wpb_column vc_column_container vc_col-sm-3\"><div class=\"vc_column-inner\"><div class=\"wpb_wrapper\">\n\t\t<div id=\"wd-5f7f15f8569ec\" class=\"title-wrapper wd-wpb wd-set-mb reset-last-child  wd-rs-5f7f15f8569ec wd-title-color-default wd-title-style-default text-center  wd-underline-colored\">\n\t\t\t\n\t\t\t<div class=\"liner-continer\">\n\t\t\t\t<h4 class=\"woodmart-title-container title  wd-font-weight- wd-fontsize-m\" >Module cylindre<\/h4>\n\t\t\t\t\t\t\t<\/div>\n\t\t\t\n\t\t\t\n\t\t\t\n\t\t<\/div>\n\t\t\n\t\t\n\t<div  class=\"wpb_single_image wpb_content_element vc_align_left\">\n\t\t\n\t\t<figure class=\"wpb_wrapper vc_figure\">\n\t\t\t<a class=\"\" data-lightbox=\"lightbox[rel-8289-2741898216]\" href=\"https:\/\/omsi.it\/wp\/wp-content\/uploads\/2020\/10\/CylindricalModule_Kindergarten_path.png\" target=\"_self\"><img loading=\"lazy\" decoding=\"async\" width=\"1000\" height=\"1000\" src=\"https:\/\/omsi.it\/wp\/wp-content\/uploads\/2020\/10\/CylindricalModule_Kindergarten_path.png\" class=\"vc_single_image-img attachment-large\" alt=\"CylindricalModule Chemin de l&#039;\u00e9cole maternelle\" title=\"CylindricalModule Chemin de l&#039;\u00e9cole maternelle\" srcset=\"https:\/\/omsi.it\/wp\/wp-content\/uploads\/2020\/10\/CylindricalModule_Kindergarten_path.png 1000w, https:\/\/omsi.it\/wp\/wp-content\/uploads\/2020\/10\/CylindricalModule_Kindergarten_path-600x600.png 600w, https:\/\/omsi.it\/wp\/wp-content\/uploads\/2020\/10\/CylindricalModule_Kindergarten_path-150x150.png 150w, https:\/\/omsi.it\/wp\/wp-content\/uploads\/2020\/10\/CylindricalModule_Kindergarten_path-300x300.png 300w, https:\/\/omsi.it\/wp\/wp-content\/uploads\/2020\/10\/CylindricalModule_Kindergarten_path-768x768.png 768w\" sizes=\"auto, (max-width: 1000px) 100vw, 1000px\" wpfc-lazyload-disable=\"true\" \/><\/a>\n\t\t<\/figure>\n\t<\/div>\n<\/div><\/div><\/div><\/div><div class=\"vc_row wpb_row vc_row-fluid\"><div class=\"wpb_column vc_column_container vc_col-sm-12\"><div class=\"vc_column-inner\"><div class=\"wpb_wrapper\"><div class=\"vc_empty_space\"   style=\"height: 32px\"><span class=\"vc_empty_space_inner\"><\/span><\/div>\n\t\t<div id=\"wd-5f8950bf8bd29\" class=\"title-wrapper wd-wpb wd-set-mb reset-last-child  wd-rs-5f8950bf8bd29 wd-title-color-primary wd-title-style-simple text-center  wd-underline-colored\">\n\t\t\t\n\t\t\t<div class=\"liner-continer\">\n\t\t\t\t<h4 class=\"woodmart-title-container title  wd-font-weight- wd-fontsize-l\" >ETUDE ET CONCEPTION D\u2019ESPACE<\/h4>\n\t\t\t\t\t\t\t<\/div>\n\t\t\t\n\t\t\t\n\t\t\t\n\t\t<\/div>\n\t\t\n\t\t<div class=\"vc_empty_space\"   style=\"height: 32px\"><span class=\"vc_empty_space_inner\"><\/span><\/div><\/div><\/div><\/div><\/div><div class=\"vc_row wpb_row vc_row-fluid vc_custom_1602835481252 vc_row-o-equal-height vc_row-flex\"><div class=\"wpb_column vc_column_container vc_col-sm-4\"><div class=\"vc_column-inner\"><div class=\"wpb_wrapper\">\n\t<div  class=\"wpb_single_image wpb_content_element vc_align_left\">\n\t\t\n\t\t<figure class=\"wpb_wrapper vc_figure\">\n\t\t\t<a class=\"\" data-lightbox=\"lightbox[rel-8289-1320622039]\" href=\"https:\/\/omsi.it\/wp\/wp-content\/uploads\/2020\/10\/PERCORSI_MODULI_INFANZIA-2-714x1024.jpg\" target=\"_self\"><img loading=\"lazy\" decoding=\"async\" width=\"1021\" height=\"1464\" src=\"https:\/\/omsi.it\/wp\/wp-content\/uploads\/2020\/10\/PERCORSI_MODULI_INFANZIA-2.jpg\" class=\"vc_single_image-img attachment-full\" alt=\"MODULES DE PARCOURS ENFANCE 2\" title=\"MODULES DE PARCOURS ENFANCE 2\" srcset=\"https:\/\/omsi.it\/wp\/wp-content\/uploads\/2020\/10\/PERCORSI_MODULI_INFANZIA-2.jpg 1021w, https:\/\/omsi.it\/wp\/wp-content\/uploads\/2020\/10\/PERCORSI_MODULI_INFANZIA-2-150x215.jpg 150w, https:\/\/omsi.it\/wp\/wp-content\/uploads\/2020\/10\/PERCORSI_MODULI_INFANZIA-2-209x300.jpg 209w, https:\/\/omsi.it\/wp\/wp-content\/uploads\/2020\/10\/PERCORSI_MODULI_INFANZIA-2-714x1024.jpg 714w, https:\/\/omsi.it\/wp\/wp-content\/uploads\/2020\/10\/PERCORSI_MODULI_INFANZIA-2-768x1101.jpg 768w\" sizes=\"auto, (max-width: 1021px) 100vw, 1021px\" wpfc-lazyload-disable=\"true\" \/><\/a>\n\t\t<\/figure>\n\t<\/div>\n<\/div><\/div><\/div><div class=\"wpb_column vc_column_container vc_col-sm-8\"><div class=\"vc_column-inner\"><div class=\"wpb_wrapper\">\n\t<div  class=\"wpb_single_image wpb_content_element vc_align_left\">\n\t\t\n\t\t<figure class=\"wpb_wrapper vc_figure\">\n\t\t\t<a class=\"\" data-lightbox=\"lightbox[rel-8289-389764809]\" href=\"https:\/\/omsi.it\/wp\/wp-content\/uploads\/2020\/10\/PERCORSI_MODULI_SOFT_INFANZIA-1024x750.jpg\" target=\"_self\"><img loading=\"lazy\" decoding=\"async\" width=\"1280\" height=\"937\" src=\"https:\/\/omsi.it\/wp\/wp-content\/uploads\/2020\/10\/PERCORSI_MODULI_SOFT_INFANZIA-scaled.jpg\" class=\"vc_single_image-img attachment-full\" alt=\"PARCOURS MODULES DOUX ENFANCE\" title=\"PARCOURS MODULES DOUX ENFANCE\" srcset=\"https:\/\/omsi.it\/wp\/wp-content\/uploads\/2020\/10\/PERCORSI_MODULI_SOFT_INFANZIA-scaled.jpg 1280w, https:\/\/omsi.it\/wp\/wp-content\/uploads\/2020\/10\/PERCORSI_MODULI_SOFT_INFANZIA-150x110.jpg 150w, https:\/\/omsi.it\/wp\/wp-content\/uploads\/2020\/10\/PERCORSI_MODULI_SOFT_INFANZIA-1200x878.jpg 1200w, https:\/\/omsi.it\/wp\/wp-content\/uploads\/2020\/10\/PERCORSI_MODULI_SOFT_INFANZIA-300x220.jpg 300w, https:\/\/omsi.it\/wp\/wp-content\/uploads\/2020\/10\/PERCORSI_MODULI_SOFT_INFANZIA-1024x750.jpg 1024w, https:\/\/omsi.it\/wp\/wp-content\/uploads\/2020\/10\/PERCORSI_MODULI_SOFT_INFANZIA-768x562.jpg 768w, https:\/\/omsi.it\/wp\/wp-content\/uploads\/2020\/10\/PERCORSI_MODULI_SOFT_INFANZIA-1536x1124.jpg 1536w\" sizes=\"auto, (max-width: 1280px) 100vw, 1280px\" wpfc-lazyload-disable=\"true\" \/><\/a>\n\t\t<\/figure>\n\t<\/div>\n<\/div><\/div><\/div><\/div><div id=\"contattaci\" class=\"vc_row wpb_row vc_row-fluid\"><div class=\"wpb_column vc_column_container vc_col-sm-12\"><div class=\"vc_column-inner\"><div class=\"wpb_wrapper\"><div class=\"vc_empty_space\"   style=\"height: 32px\"><span class=\"vc_empty_space_inner\"><\/span><\/div>\n\t\t<div id=\"wd-5f228ced8e882\" class=\"title-wrapper wd-wpb wd-set-mb reset-last-child  wd-rs-5f228ced8e882 wd-title-color-primary wd-title-style-simple text-center  wd-underline-colored\">\n\t\t\t\n\t\t\t<div class=\"liner-continer\">\n\t\t\t\t<h4 class=\"woodmart-title-container title  wd-font-weight- wd-fontsize-l\" >CONTACTEZ-NOUS POUR UNE PREMI\u00c8RE CONSULTATION<\/h4>\n\t\t\t\t\t\t\t<\/div>\n\t\t\t\n\t\t\t\n\t\t\t\n\t\t<\/div>\n\t\t\n\t\t<div class=\"vc_empty_space\"   style=\"height: 32px\"><span class=\"vc_empty_space_inner\"><\/span><\/div><div class=\"vc_row wpb_row vc_inner vc_row-fluid\"><div class=\"wpb_column vc_column_container vc_col-sm-12\"><div class=\"vc_column-inner\"><div class=\"wpb_wrapper\">\n<div class=\"wpcf7 no-js\" id=\"wpcf7-f608-o1\" lang=\"en-US\" dir=\"ltr\" data-wpcf7-id=\"608\">\n<div class=\"screen-reader-response\"><p role=\"status\" aria-live=\"polite\" aria-atomic=\"true\"><\/p> <ul><\/ul><\/div>\n<form action=\"\/fr\/wp-json\/wp\/v2\/product\/8289#wpcf7-f608-o1\" method=\"post\" class=\"wpcf7-form init\" aria-label=\"Formulaire de contact\" novalidate=\"novalidate\" data-status=\"init\" data-trp-original-action=\"\/fr\/wp-json\/wp\/v2\/product\/8289#wpcf7-f608-o1\">\n<fieldset class=\"hidden-fields-container\"><input type=\"hidden\" name=\"_wpcf7\" value=\"608\" \/><input type=\"hidden\" name=\"_wpcf7_version\" value=\"6.1.4\" \/><input type=\"hidden\" name=\"_wpcf7_locale\" value=\"en_US\" \/><input type=\"hidden\" name=\"_wpcf7_unit_tag\" value=\"wpcf7-f608-o1\" \/><input type=\"hidden\" name=\"_wpcf7_container_post\" value=\"0\" \/><input type=\"hidden\" name=\"_wpcf7_posted_data_hash\" value=\"\" \/><input type=\"hidden\" name=\"_wpcf7_recaptcha_response\" value=\"\" \/>\n<\/fieldset>\n<div class=\"row\">\n\t<div class=\"col-md-6\" style='margin-bottom:20px;'>\n\t\t<p><label>Nom et Pr\u00e9nom (exig\u00e9e)<\/label><span class=\"wpcf7-form-control-wrap\" data-name=\"your-name\"><input size=\"40\" maxlength=\"400\" class=\"wpcf7-form-control wpcf7-text wpcf7-validates-as-required\" aria-required=\"true\" aria-invalid=\"false\" value=\"\" type=\"text\" name=\"your-name\" \/><\/span>\n\t\t<\/p>\n\t<\/div>\n\t<div class=\"col-md-6\" style='margin-bottom:20px;'>\n\t\t<p><label>Email (exig\u00e9e)<\/label><span class=\"wpcf7-form-control-wrap\" data-name=\"your-email\"><input size=\"40\" maxlength=\"400\" class=\"wpcf7-form-control wpcf7-email wpcf7-validates-as-required wpcf7-text wpcf7-validates-as-email\" aria-required=\"true\" aria-invalid=\"false\" value=\"\" type=\"email\" name=\"your-email\" \/><\/span>\n\t\t<\/p>\n\t<\/div>\n<\/div>\n<div class=\"row\">\n\t<div class=\"col-md-6\" style='margin-bottom:20px;'>\n\t\t<p><label>T\u00e9l\u00e9phone<\/label><span class=\"wpcf7-form-control-wrap\" data-name=\"tel-767\"><input size=\"40\" maxlength=\"400\" class=\"wpcf7-form-control wpcf7-tel wpcf7-validates-as-required wpcf7-text wpcf7-validates-as-tel\" aria-required=\"true\" aria-invalid=\"false\" value=\"\" type=\"tel\" name=\"tel-767\" \/><\/span>\n\t\t<\/p>\n\t<\/div>\n\t<div class=\"col-md-6\" style='margin-bottom:20px;'>\n\t\t<p><label>Pays<\/label><span class=\"wpcf7-form-control-wrap\" data-name=\"text-300\"><input size=\"40\" maxlength=\"400\" class=\"wpcf7-form-control wpcf7-text wpcf7-validates-as-required\" aria-required=\"true\" aria-invalid=\"false\" value=\"\" type=\"text\" name=\"text-300\" \/><\/span>\n\t\t<\/p>\n\t<\/div>\n\t<div class=\"col-md-6\" style='margin-bottom:20px;'>\n\t\t<p><label>Domaine d'int\u00e9r\u00eat<\/label><span class=\"wpcf7-form-control-wrap\" data-name=\"menu-880\"><select class=\"wpcf7-form-control wpcf7-select\" aria-invalid=\"false\" name=\"menu-880\"><option value=\"Sport\">Sport<\/option><option value=\"Scuola\">\u00c9cole<\/option><\/select><\/span>\n\t\t<\/p>\n\t<\/div>\n\t<div class=\"col-md-6\" style='margin-bottom:20px;'>\n\t\t<p><label>Produit concern\u00e9<\/label><span class=\"wpcf7-form-control-wrap\" data-name=\"text-301\"><input size=\"40\" maxlength=\"400\" class=\"wpcf7-form-control wpcf7-text wpcf7-validates-as-required\" aria-required=\"true\" aria-invalid=\"false\" value=\"\" type=\"text\" name=\"text-301\" \/><\/span>\n\t\t<\/p>\n\t<\/div>\n\t<div class=\"col-md-6\" style='margin-bottom:20px;'>\n\t\t<p><label>Entreprise<\/label><span class=\"wpcf7-form-control-wrap\" data-name=\"text-1\"><input size=\"40\" maxlength=\"400\" class=\"wpcf7-form-control wpcf7-text wpcf7-validates-as-required\" aria-required=\"true\" aria-invalid=\"false\" value=\"\" type=\"text\" name=\"text-1\" \/><\/span>\n\t\t<\/p>\n\t<\/div>\n\t<div class=\"col-md-6\" style='margin-bottom:20px;'>\n\t\t<p><label>Adresse<\/label><span class=\"wpcf7-form-control-wrap\" data-name=\"text-576\"><input size=\"40\" maxlength=\"400\" class=\"wpcf7-form-control wpcf7-text wpcf7-validates-as-required\" aria-required=\"true\" aria-invalid=\"false\" value=\"\" type=\"text\" name=\"text-576\" \/><\/span>\n\t\t<\/p>\n\t<\/div>\n<\/div>\n<p><label>Message<\/label><span class=\"wpcf7-form-control-wrap\" data-name=\"your-message\"><textarea cols=\"40\" rows=\"10\" maxlength=\"2000\" class=\"wpcf7-form-control wpcf7-textarea wpcf7-validates-as-required\" aria-required=\"true\" aria-invalid=\"false\" name=\"your-message\"><\/textarea><\/span>\n<\/p>\n<p><span class=\"wpcf7-form-control-wrap\" data-name=\"acceptance-427\"><span class=\"wpcf7-form-control wpcf7-acceptance\"><span class=\"wpcf7-list-item\"><label><input type=\"checkbox\" name=\"acceptance-427\" value=\"1\" aria-invalid=\"false\" \/><span class=\"wpcf7-list-item-label\">J'ai lu la<a href=\"https:\/\/omsi.it\/wp\/wp-content\/uploads\/2021\/01\/Informativa-Contatti-SITO-rev2020.pdf\" target=\"_blank\" rel=\"nofollow noopener\">politique de confidentialit\u00e9<\/a> et j'accepte le traitement des mes donn\u00e9es tel qu'\u00e9tabli par le r\u00e8glement europ\u00e9en 2016\/679 relatif \u00e0 la protection des donn\u00e9es \u00e0 caract\u00e8re personnel.<\/span><\/label><\/span><\/span><\/span>\n<\/p>\n<p><input class=\"wpcf7-form-control wpcf7-submit has-spinner btn-color-black\" type=\"submit\" value=\"ENVOYER\" \/>\n<\/p><div class=\"wpcf7-response-output\" aria-hidden=\"true\"><\/div>\n<input type=\"hidden\" name=\"trp-form-language\" value=\"fr\"\/><\/form>\n<\/div>\n<\/div><\/div><\/div><\/div><\/div><\/div><\/div><\/div>\n<\/div>","protected":false},"excerpt":{"rendered":"<p>\u00c9l\u00e9ments Soft rembourr\u00e9s, adapt\u00e9s \u00e0 la r\u00e9alisation de divers chemins psychomoteurs; id\u00e9al pour stimuler le jeu de l\u2019enfant dans la tranche d\u2019\u00e2ge 0\/6 ans.<br><br>\nRembourrage en polyur\u00e9thane \u00e0 cellules ouvertes.<\/p>\n<p>Le rev\u00eatements est en \u00e9co-tissu en polyester appel\u00e9 Green Cover, \u00e9lastique, doux \u00e0 toucher, antid\u00e9rapant, imperm\u00e9able, r\u00e9sistant \u00e0 l\u2019 abrasion, r\u00e9sistant aux lac\u00e9rations, lavable, sans phtalate et non \u2013 feu en classe 1IM.<\/p>\n<p>Tous les rev\u00eatements sont \u00e9quip\u00e9s de fermetures \u00e0 glissi\u00e8re, avec des curseurs r\u00e9tractables dans des poches sp\u00e9ciales.<\/p>\n<p>Les bandes Velcro utilis\u00e9es (5 cm) pour ancrer les parcours sont d'excellente qualit\u00e9 et tr\u00e8s r\u00e9sistantes.<\/p>\n<p>&nbsp;<\/p>\n<p><a class=\"btn_sara\" href=\"#contattaci\">CONTACTEZ-NOUS<\/a><\/p>","protected":false},"featured_media":8291,"template":"","meta":[],"product_brand":[],"product_cat":[660,99,68,124],"product_tag":[],"class_list":{"0":"post-8289","1":"product","2":"type-product","3":"status-publish","4":"has-post-thumbnail","6":"product_cat-nido-infanzia-2","7":"product_cat-percorsi","8":"product_cat-scuola","9":"product_cat-soft","11":"first","12":"instock","13":"shipping-taxable","14":"product-type-simple"},"_links":{"self":[{"href":"https:\/\/omsi.it\/fr\/wp-json\/wp\/v2\/product\/8289","targetHints":{"allow":["GET"]}}],"collection":[{"href":"https:\/\/omsi.it\/fr\/wp-json\/wp\/v2\/product"}],"about":[{"href":"https:\/\/omsi.it\/fr\/wp-json\/wp\/v2\/types\/product"}],"wp:featuredmedia":[{"embeddable":true,"href":"https:\/\/omsi.it\/fr\/wp-json\/wp\/v2\/media\/8291"}],"wp:attachment":[{"href":"https:\/\/omsi.it\/fr\/wp-json\/wp\/v2\/media?parent=8289"}],"wp:term":[{"taxonomy":"product_brand","embeddable":true,"href":"https:\/\/omsi.it\/fr\/wp-json\/wp\/v2\/product_brand?post=8289"},{"taxonomy":"product_cat","embeddable":true,"href":"https:\/\/omsi.it\/fr\/wp-json\/wp\/v2\/product_cat?post=8289"},{"taxonomy":"product_tag","embeddable":true,"href":"https:\/\/omsi.it\/fr\/wp-json\/wp\/v2\/product_tag?post=8289"}],"curies":[{"name":"wp","href":"https:\/\/api.w.org\/{rel}","templated":true}]}}