{"id":8536,"date":"2020-10-23T12:57:54","date_gmt":"2020-10-23T10:57:54","guid":{"rendered":"https:\/\/omsi.it\/wp\/?post_type=product&#038;p=8536"},"modified":"2022-04-20T12:20:09","modified_gmt":"2022-04-20T10:20:09","slug":"b18-tables-de-forme-pour-creches-et-garderies","status":"publish","type":"product","link":"https:\/\/omsi.it\/fr\/produit\/b18-tables-de-forme-pour-creches-et-garderies\/","title":{"rendered":"B18 \u2013 Tables en forme pour cr\u00e8che et maternelle"},"content":{"rendered":"<div class=\"wpb-content-wrapper\"><div class=\"vc_row wpb_row vc_row-fluid\"><div class=\"wpb_column vc_column_container vc_col-sm-12\"><div class=\"vc_column-inner\"><div class=\"wpb_wrapper\"><div class=\"vc_empty_space\"   style=\"height: 32px\"><span class=\"vc_empty_space_inner\"><\/span><\/div>\n\t\t<div id=\"wd-5fc0bb9c2a589\" class=\"title-wrapper wd-wpb wd-set-mb reset-last-child  wd-rs-5fc0bb9c2a589 wd-title-color-primary wd-title-style-simple text-center  wd-underline-colored\">\n\t\t\t\n\t\t\t<div class=\"liner-continer\">\n\t\t\t\t<h4 class=\"woodmart-title-container title  wd-font-weight- wd-fontsize-l\" >TOUS LES TYPOLOGIES<\/h4>\n\t\t\t\t\t\t\t<\/div>\n\t\t\t\n\t\t\t\n\t\t\t\n\t\t<\/div>\n\t\t\n\t\t<div class=\"vc_empty_space\"   style=\"height: 32px\"><span class=\"vc_empty_space_inner\"><\/span><\/div><\/div><\/div><\/div><\/div><div class=\"vc_row wpb_row vc_row-fluid vc_custom_1603448008729\"><div class=\"wpb_column vc_column_container vc_col-sm-3\"><div class=\"vc_column-inner\"><div class=\"wpb_wrapper\">\n\t\t<div id=\"wd-5f92b65eaf13d\" class=\"title-wrapper wd-wpb wd-set-mb reset-last-child  wd-rs-5f92b65eaf13d wd-title-color-default wd-title-style-default text-center  wd-underline-colored\">\n\t\t\t\n\t\t\t<div class=\"liner-continer\">\n\t\t\t\t<h4 class=\"woodmart-title-container title  wd-font-weight- wd-fontsize-m\" >B18 carr\u00e9<\/h4>\n\t\t\t\t\t\t\t<\/div>\n\t\t\t\n\t\t\t\n\t\t\t\n\t\t<\/div>\n\t\t\n\t\t\n\t<div  class=\"wpb_single_image wpb_content_element vc_align_left\">\n\t\t\n\t\t<figure class=\"wpb_wrapper vc_figure\">\n\t\t\t<div class=\"vc_single_image-wrapper   vc_box_border_grey\"><img loading=\"lazy\" decoding=\"async\" width=\"1000\" height=\"1000\" src=\"https:\/\/omsi.it\/wp\/wp-content\/uploads\/2020\/10\/B18_shaped_square_table_kidergarten.png\" class=\"vc_single_image-img attachment-full\" alt=\"Table carr\u00e9e en forme de B18 kidergarten\" title=\"Table carr\u00e9e en forme de B18 kidergarten\" srcset=\"https:\/\/omsi.it\/wp\/wp-content\/uploads\/2020\/10\/B18_shaped_square_table_kidergarten.png 1000w, https:\/\/omsi.it\/wp\/wp-content\/uploads\/2020\/10\/B18_shaped_square_table_kidergarten-600x600.png 600w, https:\/\/omsi.it\/wp\/wp-content\/uploads\/2020\/10\/B18_shaped_square_table_kidergarten-150x150.png 150w, https:\/\/omsi.it\/wp\/wp-content\/uploads\/2020\/10\/B18_shaped_square_table_kidergarten-300x300.png 300w, https:\/\/omsi.it\/wp\/wp-content\/uploads\/2020\/10\/B18_shaped_square_table_kidergarten-768x768.png 768w\" sizes=\"auto, (max-width: 1000px) 100vw, 1000px\" wpfc-lazyload-disable=\"true\" \/><\/div>\n\t\t<\/figure>\n\t<\/div>\n<\/div><\/div><\/div><div class=\"wpb_column vc_column_container vc_col-sm-3 text-center\"><div class=\"vc_column-inner\"><div class=\"wpb_wrapper\">\n\t\t<div id=\"wd-5f92b666964ac\" class=\"title-wrapper wd-wpb wd-set-mb reset-last-child  wd-rs-5f92b666964ac wd-title-color-default wd-title-style-default text-center  wd-underline-colored\">\n\t\t\t\n\t\t\t<div class=\"liner-continer\">\n\t\t\t\t<h4 class=\"woodmart-title-container title  wd-font-weight- wd-fontsize-m\" >B18 rectangulaire<\/h4>\n\t\t\t\t\t\t\t<\/div>\n\t\t\t\n\t\t\t\n\t\t\t\n\t\t<\/div>\n\t\t\n\t\t\n\t<div  class=\"wpb_single_image wpb_content_element vc_align_left\">\n\t\t\n\t\t<figure class=\"wpb_wrapper vc_figure\">\n\t\t\t<div class=\"vc_single_image-wrapper   vc_box_border_grey\"><img loading=\"lazy\" decoding=\"async\" width=\"1000\" height=\"1000\" src=\"https:\/\/omsi.it\/wp\/wp-content\/uploads\/2020\/10\/B18_shaped_rectangular_table_kidergarten.png\" class=\"vc_single_image-img attachment-full\" alt=\"B18 table rectangulaire en forme de kidergarten\" title=\"B18 table rectangulaire en forme de kidergarten\" srcset=\"https:\/\/omsi.it\/wp\/wp-content\/uploads\/2020\/10\/B18_shaped_rectangular_table_kidergarten.png 1000w, https:\/\/omsi.it\/wp\/wp-content\/uploads\/2020\/10\/B18_shaped_rectangular_table_kidergarten-600x600.png 600w, https:\/\/omsi.it\/wp\/wp-content\/uploads\/2020\/10\/B18_shaped_rectangular_table_kidergarten-150x150.png 150w, https:\/\/omsi.it\/wp\/wp-content\/uploads\/2020\/10\/B18_shaped_rectangular_table_kidergarten-300x300.png 300w, https:\/\/omsi.it\/wp\/wp-content\/uploads\/2020\/10\/B18_shaped_rectangular_table_kidergarten-768x768.png 768w\" sizes=\"auto, (max-width: 1000px) 100vw, 1000px\" wpfc-lazyload-disable=\"true\" \/><\/div>\n\t\t<\/figure>\n\t<\/div>\n<\/div><\/div><\/div><div class=\"wpb_column vc_column_container vc_col-sm-3\"><div class=\"vc_column-inner\"><div class=\"wpb_wrapper\">\n\t\t<div id=\"wd-5f92b67534b6b\" class=\"title-wrapper wd-wpb wd-set-mb reset-last-child  wd-rs-5f92b67534b6b wd-title-color-default wd-title-style-default text-center  wd-underline-colored\">\n\t\t\t\n\t\t\t<div class=\"liner-continer\">\n\t\t\t\t<h4 class=\"woodmart-title-container title  wd-font-weight- wd-fontsize-m\" >B18 trap\u00e9zo\u00efdale<\/h4>\n\t\t\t\t\t\t\t<\/div>\n\t\t\t\n\t\t\t\n\t\t\t\n\t\t<\/div>\n\t\t\n\t\t\n\t<div  class=\"wpb_single_image wpb_content_element vc_align_left\">\n\t\t\n\t\t<figure class=\"wpb_wrapper vc_figure\">\n\t\t\t<div class=\"vc_single_image-wrapper   vc_box_border_grey\"><img loading=\"lazy\" decoding=\"async\" width=\"1000\" height=\"1000\" src=\"https:\/\/omsi.it\/wp\/wp-content\/uploads\/2020\/10\/B18_shaped_trapezioidal_table_kidergarten-copia.png\" class=\"vc_single_image-img attachment-full\" alt=\"B18 table trap\u00e9zo\u00efdale de forme kidergarten copie\" title=\"B18 table trap\u00e9zo\u00efdale de forme kidergarten copie\" srcset=\"https:\/\/omsi.it\/wp\/wp-content\/uploads\/2020\/10\/B18_shaped_trapezioidal_table_kidergarten-copia.png 1000w, https:\/\/omsi.it\/wp\/wp-content\/uploads\/2020\/10\/B18_shaped_trapezioidal_table_kidergarten-copia-600x600.png 600w, https:\/\/omsi.it\/wp\/wp-content\/uploads\/2020\/10\/B18_shaped_trapezioidal_table_kidergarten-copia-150x150.png 150w, https:\/\/omsi.it\/wp\/wp-content\/uploads\/2020\/10\/B18_shaped_trapezioidal_table_kidergarten-copia-300x300.png 300w, https:\/\/omsi.it\/wp\/wp-content\/uploads\/2020\/10\/B18_shaped_trapezioidal_table_kidergarten-copia-768x768.png 768w\" sizes=\"auto, (max-width: 1000px) 100vw, 1000px\" wpfc-lazyload-disable=\"true\" \/><\/div>\n\t\t<\/figure>\n\t<\/div>\n<\/div><\/div><\/div><div class=\"wpb_column vc_column_container vc_col-sm-3\"><div class=\"vc_column-inner\"><div class=\"wpb_wrapper\">\n\t\t<div id=\"wd-5f92b67e51c4a\" class=\"title-wrapper wd-wpb wd-set-mb reset-last-child  wd-rs-5f92b67e51c4a wd-title-color-default wd-title-style-default text-center  wd-underline-colored\">\n\t\t\t\n\t\t\t<div class=\"liner-continer\">\n\t\t\t\t<h4 class=\"woodmart-title-container title  wd-font-weight- wd-fontsize-m\" >B18 hexagonal<\/h4>\n\t\t\t\t\t\t\t<\/div>\n\t\t\t\n\t\t\t\n\t\t\t\n\t\t<\/div>\n\t\t\n\t\t\n\t<div  class=\"wpb_single_image wpb_content_element vc_align_left\">\n\t\t\n\t\t<figure class=\"wpb_wrapper vc_figure\">\n\t\t\t<div class=\"vc_single_image-wrapper   vc_box_border_grey\"><img loading=\"lazy\" decoding=\"async\" width=\"1000\" height=\"1000\" src=\"https:\/\/omsi.it\/wp\/wp-content\/uploads\/2020\/10\/B18_shaped_esagonal_table_kidergarten-copia-1.png\" class=\"vc_single_image-img attachment-full\" alt=\"B18 table hexagonale en forme de kidergarten exemplaire 1\" title=\"B18 table hexagonale en forme de kidergarten exemplaire 1\" srcset=\"https:\/\/omsi.it\/wp\/wp-content\/uploads\/2020\/10\/B18_shaped_esagonal_table_kidergarten-copia-1.png 1000w, https:\/\/omsi.it\/wp\/wp-content\/uploads\/2020\/10\/B18_shaped_esagonal_table_kidergarten-copia-1-300x300.png 300w, https:\/\/omsi.it\/wp\/wp-content\/uploads\/2020\/10\/B18_shaped_esagonal_table_kidergarten-copia-1-150x150.png 150w, https:\/\/omsi.it\/wp\/wp-content\/uploads\/2020\/10\/B18_shaped_esagonal_table_kidergarten-copia-1-768x768.png 768w, https:\/\/omsi.it\/wp\/wp-content\/uploads\/2020\/10\/B18_shaped_esagonal_table_kidergarten-copia-1-600x600.png 600w\" sizes=\"auto, (max-width: 1000px) 100vw, 1000px\" wpfc-lazyload-disable=\"true\" \/><\/div>\n\t\t<\/figure>\n\t<\/div>\n<\/div><\/div><\/div><\/div><div class=\"vc_row wpb_row vc_row-fluid\"><div class=\"wpb_column vc_column_container vc_col-sm-12\"><div class=\"vc_column-inner\"><div class=\"wpb_wrapper\"><div class=\"vc_empty_space\"   style=\"height: 32px\"><span class=\"vc_empty_space_inner\"><\/span><\/div>\n\t\t<div id=\"wd-5f228ce5af0f7\" class=\"title-wrapper wd-wpb wd-set-mb reset-last-child  wd-rs-5f228ce5af0f7 wd-title-color-primary wd-title-style-simple text-center  wd-underline-colored\">\n\t\t\t\n\t\t\t<div class=\"liner-continer\">\n\t\t\t\t<h4 class=\"woodmart-title-container title  wd-font-weight- wd-fontsize-l\" >ETUDE ET CONCEPTION D\u2019ESPACE<\/h4>\n\t\t\t\t\t\t\t<\/div>\n\t\t\t\n\t\t\t\n\t\t\t\n\t\t<\/div>\n\t\t\n\t\t<div class=\"vc_empty_space\"   style=\"height: 32px\"><span class=\"vc_empty_space_inner\"><\/span><\/div><\/div><\/div><\/div><\/div><div class=\"vc_row wpb_row vc_row-fluid vc_custom_1596099963870 vc_row-o-equal-height vc_row-o-content-middle vc_row-flex\"><div class=\"wpb_column vc_column_container vc_col-sm-12\"><div class=\"vc_column-inner\"><div class=\"wpb_wrapper\"><div class=\"vc_row wpb_row vc_inner vc_row-fluid\"><div class=\"wpb_column vc_column_container vc_col-sm-12\"><div class=\"vc_column-inner\"><div class=\"wpb_wrapper\">\t\t<div id=\"gallery_788\" class=\"wd-images-gallery wd-wpb photoswipe-images\" style=\"--wd-justify-content:center;--wd-align-items:center;\">\n\t\t\t\n\t\t\t<div class=\"wd-grid-f-col wd-masonry\" style=\"--wd-col-lg:4;--wd-col-md:4;--wd-col-sm:1;--wd-gap-lg:0px;\">\n\t\t\t\t\n\t\t\t\t\t\t\t\t\t\t\t\t\t\t\t<div class=\"wd-gallery-item wd-col\">\n\t\t\t\t\t\t\t\t\t\t\t\t\t\t<a href=\"https:\/\/omsi.it\/wp\/wp-content\/uploads\/2020\/10\/B18_KINDERGARTEN_TABLE-scaled.jpg\" data-elementor-open-lightbox=\"no\" data-index=\"1\" data-width=\"1280\" data-height=\"853\" \n\t\t\t\t\t\t\t\t\t\t\t\t >\n\t\t\t\t\t\t\t\t\n\t\t\t\t\t\t\t\t<img loading=\"lazy\" decoding=\"async\" width=\"1280\" height=\"853\" src=\"https:\/\/omsi.it\/wp\/wp-content\/uploads\/2020\/10\/B18_KINDERGARTEN_TABLE-scaled.jpg\" class=\"wd-gallery-image image-1\" alt=\"B18 TABLE DE JARDIN D&#039;ENFANTS\" srcset=\"https:\/\/omsi.it\/wp\/wp-content\/uploads\/2020\/10\/B18_KINDERGARTEN_TABLE-scaled.jpg 1280w, https:\/\/omsi.it\/wp\/wp-content\/uploads\/2020\/10\/B18_KINDERGARTEN_TABLE-150x100.jpg 150w, https:\/\/omsi.it\/wp\/wp-content\/uploads\/2020\/10\/B18_KINDERGARTEN_TABLE-1200x800.jpg 1200w, https:\/\/omsi.it\/wp\/wp-content\/uploads\/2020\/10\/B18_KINDERGARTEN_TABLE-300x200.jpg 300w, https:\/\/omsi.it\/wp\/wp-content\/uploads\/2020\/10\/B18_KINDERGARTEN_TABLE-1024x683.jpg 1024w, https:\/\/omsi.it\/wp\/wp-content\/uploads\/2020\/10\/B18_KINDERGARTEN_TABLE-768x512.jpg 768w, https:\/\/omsi.it\/wp\/wp-content\/uploads\/2020\/10\/B18_KINDERGARTEN_TABLE-1536x1024.jpg 1536w\" sizes=\"auto, (max-width: 1280px) 100vw, 1280px\" wpfc-lazyload-disable=\"true\" \/>\n\t\t\t\t\t\t\t\t\t\t\t\t\t\t\t<\/a>\n\t\t\t\t\t\t\t\t\t\t\t\t<\/div>\n\t\t\t\t\t\t\t\t\t\t\t<div class=\"wd-gallery-item wd-col\">\n\t\t\t\t\t\t\t\t\t\t\t\t\t\t<a href=\"https:\/\/omsi.it\/wp\/wp-content\/uploads\/2020\/10\/B18_KINDERGARTEN_TABLE1-scaled-scaled.jpg\" data-elementor-open-lightbox=\"no\" data-index=\"2\" data-width=\"1280\" data-height=\"853\" \n\t\t\t\t\t\t\t\t\t\t\t\t >\n\t\t\t\t\t\t\t\t\n\t\t\t\t\t\t\t\t<img loading=\"lazy\" decoding=\"async\" width=\"1280\" height=\"853\" src=\"https:\/\/omsi.it\/wp\/wp-content\/uploads\/2020\/10\/B18_KINDERGARTEN_TABLE1-scaled-scaled.jpg\" class=\"wd-gallery-image image-2\" alt=\"B18 KINDERGARTEN TABLE1 \u00e9chelonn\u00e9\" srcset=\"https:\/\/omsi.it\/wp\/wp-content\/uploads\/2020\/10\/B18_KINDERGARTEN_TABLE1-scaled-scaled.jpg 1280w, https:\/\/omsi.it\/wp\/wp-content\/uploads\/2020\/10\/B18_KINDERGARTEN_TABLE1-scaled-150x100.jpg 150w, https:\/\/omsi.it\/wp\/wp-content\/uploads\/2020\/10\/B18_KINDERGARTEN_TABLE1-scaled-1200x800.jpg 1200w, https:\/\/omsi.it\/wp\/wp-content\/uploads\/2020\/10\/B18_KINDERGARTEN_TABLE1-300x200.jpg 300w, https:\/\/omsi.it\/wp\/wp-content\/uploads\/2020\/10\/B18_KINDERGARTEN_TABLE1-1024x683.jpg 1024w, https:\/\/omsi.it\/wp\/wp-content\/uploads\/2020\/10\/B18_KINDERGARTEN_TABLE1-768x512.jpg 768w, https:\/\/omsi.it\/wp\/wp-content\/uploads\/2020\/10\/B18_KINDERGARTEN_TABLE1-1536x1024.jpg 1536w, https:\/\/omsi.it\/wp\/wp-content\/uploads\/2020\/10\/B18_KINDERGARTEN_TABLE1-2048x1366.jpg 2048w\" sizes=\"auto, (max-width: 1280px) 100vw, 1280px\" wpfc-lazyload-disable=\"true\" \/>\n\t\t\t\t\t\t\t\t\t\t\t\t\t\t\t<\/a>\n\t\t\t\t\t\t\t\t\t\t\t\t<\/div>\n\t\t\t\t\t\t\t\t\t\t\t<div class=\"wd-gallery-item wd-col\">\n\t\t\t\t\t\t\t\t\t\t\t\t\t\t<a href=\"https:\/\/omsi.it\/wp\/wp-content\/uploads\/2020\/10\/B18_KINDERGARTEN_TABLE2-scaled.jpg\" data-elementor-open-lightbox=\"no\" data-index=\"3\" data-width=\"1280\" data-height=\"853\" \n\t\t\t\t\t\t\t\t\t\t\t\t >\n\t\t\t\t\t\t\t\t\n\t\t\t\t\t\t\t\t<img loading=\"lazy\" decoding=\"async\" width=\"1280\" height=\"853\" src=\"https:\/\/omsi.it\/wp\/wp-content\/uploads\/2020\/10\/B18_KINDERGARTEN_TABLE2-scaled.jpg\" class=\"wd-gallery-image image-3\" alt=\"B18 KINDERGARTEN TABLE2\" srcset=\"https:\/\/omsi.it\/wp\/wp-content\/uploads\/2020\/10\/B18_KINDERGARTEN_TABLE2-scaled.jpg 1280w, https:\/\/omsi.it\/wp\/wp-content\/uploads\/2020\/10\/B18_KINDERGARTEN_TABLE2-150x100.jpg 150w, https:\/\/omsi.it\/wp\/wp-content\/uploads\/2020\/10\/B18_KINDERGARTEN_TABLE2-1200x800.jpg 1200w, https:\/\/omsi.it\/wp\/wp-content\/uploads\/2020\/10\/B18_KINDERGARTEN_TABLE2-300x200.jpg 300w, https:\/\/omsi.it\/wp\/wp-content\/uploads\/2020\/10\/B18_KINDERGARTEN_TABLE2-1024x683.jpg 1024w, https:\/\/omsi.it\/wp\/wp-content\/uploads\/2020\/10\/B18_KINDERGARTEN_TABLE2-768x512.jpg 768w, https:\/\/omsi.it\/wp\/wp-content\/uploads\/2020\/10\/B18_KINDERGARTEN_TABLE2-1536x1024.jpg 1536w\" sizes=\"auto, (max-width: 1280px) 100vw, 1280px\" wpfc-lazyload-disable=\"true\" \/>\n\t\t\t\t\t\t\t\t\t\t\t\t\t\t\t<\/a>\n\t\t\t\t\t\t\t\t\t\t\t\t<\/div>\n\t\t\t\t\t\t\t\t\t\t\t<div class=\"wd-gallery-item wd-col\">\n\t\t\t\t\t\t\t\t\t\t\t\t\t\t<a href=\"https:\/\/omsi.it\/wp\/wp-content\/uploads\/2020\/10\/B18_KINDERGARTEN_TABLE3-scaled.jpg\" data-elementor-open-lightbox=\"no\" data-index=\"4\" data-width=\"1280\" data-height=\"850\" \n\t\t\t\t\t\t\t\t\t\t\t\t >\n\t\t\t\t\t\t\t\t\n\t\t\t\t\t\t\t\t<img loading=\"lazy\" decoding=\"async\" width=\"1280\" height=\"850\" src=\"https:\/\/omsi.it\/wp\/wp-content\/uploads\/2020\/10\/B18_KINDERGARTEN_TABLE3-scaled.jpg\" class=\"wd-gallery-image image-4\" alt=\"B18 KINDERGARTEN TABLE3\" srcset=\"https:\/\/omsi.it\/wp\/wp-content\/uploads\/2020\/10\/B18_KINDERGARTEN_TABLE3-scaled.jpg 1280w, https:\/\/omsi.it\/wp\/wp-content\/uploads\/2020\/10\/B18_KINDERGARTEN_TABLE3-150x100.jpg 150w, https:\/\/omsi.it\/wp\/wp-content\/uploads\/2020\/10\/B18_KINDERGARTEN_TABLE3-1200x797.jpg 1200w, https:\/\/omsi.it\/wp\/wp-content\/uploads\/2020\/10\/B18_KINDERGARTEN_TABLE3-300x199.jpg 300w, https:\/\/omsi.it\/wp\/wp-content\/uploads\/2020\/10\/B18_KINDERGARTEN_TABLE3-1024x680.jpg 1024w, https:\/\/omsi.it\/wp\/wp-content\/uploads\/2020\/10\/B18_KINDERGARTEN_TABLE3-768x510.jpg 768w, https:\/\/omsi.it\/wp\/wp-content\/uploads\/2020\/10\/B18_KINDERGARTEN_TABLE3-1536x1020.jpg 1536w\" sizes=\"auto, (max-width: 1280px) 100vw, 1280px\" wpfc-lazyload-disable=\"true\" \/>\n\t\t\t\t\t\t\t\t\t\t\t\t\t\t\t<\/a>\n\t\t\t\t\t\t\t\t\t\t\t\t<\/div>\n\t\t\t\t\t\t\t\t\t\n\t\t\t\t\t\t\t<\/div>\n\n\t\t\t\t\t<\/div>\n\t\t<\/div><\/div><\/div><\/div><\/div><\/div><\/div><\/div><div id=\"contattaci\" class=\"vc_row wpb_row vc_row-fluid\"><div class=\"wpb_column vc_column_container vc_col-sm-12\"><div class=\"vc_column-inner\"><div class=\"wpb_wrapper\"><div class=\"vc_empty_space\"   style=\"height: 32px\"><span class=\"vc_empty_space_inner\"><\/span><\/div>\n\t\t<div id=\"wd-5f228ced8e882\" class=\"title-wrapper wd-wpb wd-set-mb reset-last-child  wd-rs-5f228ced8e882 wd-title-color-primary wd-title-style-simple text-center  wd-underline-colored\">\n\t\t\t\n\t\t\t<div class=\"liner-continer\">\n\t\t\t\t<h4 class=\"woodmart-title-container title  wd-font-weight- wd-fontsize-l\" >CONTACTEZ-NOUS POUR UNE PREMI\u00c8RE CONSULTATION<\/h4>\n\t\t\t\t\t\t\t<\/div>\n\t\t\t\n\t\t\t\n\t\t\t\n\t\t<\/div>\n\t\t\n\t\t<div class=\"vc_empty_space\"   style=\"height: 32px\"><span class=\"vc_empty_space_inner\"><\/span><\/div><div class=\"vc_row wpb_row vc_inner vc_row-fluid\"><div class=\"wpb_column vc_column_container vc_col-sm-12\"><div class=\"vc_column-inner\"><div class=\"wpb_wrapper\">\n<div class=\"wpcf7 no-js\" id=\"wpcf7-f608-o1\" lang=\"en-US\" dir=\"ltr\" data-wpcf7-id=\"608\">\n<div class=\"screen-reader-response\"><p role=\"status\" aria-live=\"polite\" aria-atomic=\"true\"><\/p> <ul><\/ul><\/div>\n<form action=\"\/fr\/wp-json\/wp\/v2\/product\/8536#wpcf7-f608-o1\" method=\"post\" class=\"wpcf7-form init\" aria-label=\"Formulaire de contact\" novalidate=\"novalidate\" data-status=\"init\" data-trp-original-action=\"\/fr\/wp-json\/wp\/v2\/product\/8536#wpcf7-f608-o1\">\n<fieldset class=\"hidden-fields-container\"><input type=\"hidden\" name=\"_wpcf7\" value=\"608\" \/><input type=\"hidden\" name=\"_wpcf7_version\" value=\"6.1.4\" \/><input type=\"hidden\" name=\"_wpcf7_locale\" value=\"en_US\" \/><input type=\"hidden\" name=\"_wpcf7_unit_tag\" value=\"wpcf7-f608-o1\" \/><input type=\"hidden\" name=\"_wpcf7_container_post\" value=\"0\" \/><input type=\"hidden\" name=\"_wpcf7_posted_data_hash\" value=\"\" \/><input type=\"hidden\" name=\"_wpcf7_recaptcha_response\" value=\"\" \/>\n<\/fieldset>\n<div class=\"row\">\n\t<div class=\"col-md-6\" style='margin-bottom:20px;'>\n\t\t<p><label>Nom et Pr\u00e9nom (exig\u00e9e)<\/label><span class=\"wpcf7-form-control-wrap\" data-name=\"your-name\"><input size=\"40\" maxlength=\"400\" class=\"wpcf7-form-control wpcf7-text wpcf7-validates-as-required\" aria-required=\"true\" aria-invalid=\"false\" value=\"\" type=\"text\" name=\"your-name\" \/><\/span>\n\t\t<\/p>\n\t<\/div>\n\t<div class=\"col-md-6\" style='margin-bottom:20px;'>\n\t\t<p><label>Email (exig\u00e9e)<\/label><span class=\"wpcf7-form-control-wrap\" data-name=\"your-email\"><input size=\"40\" maxlength=\"400\" class=\"wpcf7-form-control wpcf7-email wpcf7-validates-as-required wpcf7-text wpcf7-validates-as-email\" aria-required=\"true\" aria-invalid=\"false\" value=\"\" type=\"email\" name=\"your-email\" \/><\/span>\n\t\t<\/p>\n\t<\/div>\n<\/div>\n<div class=\"row\">\n\t<div class=\"col-md-6\" style='margin-bottom:20px;'>\n\t\t<p><label>T\u00e9l\u00e9phone<\/label><span class=\"wpcf7-form-control-wrap\" data-name=\"tel-767\"><input size=\"40\" maxlength=\"400\" class=\"wpcf7-form-control wpcf7-tel wpcf7-validates-as-required wpcf7-text wpcf7-validates-as-tel\" aria-required=\"true\" aria-invalid=\"false\" value=\"\" type=\"tel\" name=\"tel-767\" \/><\/span>\n\t\t<\/p>\n\t<\/div>\n\t<div class=\"col-md-6\" style='margin-bottom:20px;'>\n\t\t<p><label>Pays<\/label><span class=\"wpcf7-form-control-wrap\" data-name=\"text-300\"><input size=\"40\" maxlength=\"400\" class=\"wpcf7-form-control wpcf7-text wpcf7-validates-as-required\" aria-required=\"true\" aria-invalid=\"false\" value=\"\" type=\"text\" name=\"text-300\" \/><\/span>\n\t\t<\/p>\n\t<\/div>\n\t<div class=\"col-md-6\" style='margin-bottom:20px;'>\n\t\t<p><label>Domaine d'int\u00e9r\u00eat<\/label><span class=\"wpcf7-form-control-wrap\" data-name=\"menu-880\"><select class=\"wpcf7-form-control wpcf7-select\" aria-invalid=\"false\" name=\"menu-880\"><option value=\"Sport\">Sport<\/option><option value=\"Scuola\">\u00c9cole<\/option><\/select><\/span>\n\t\t<\/p>\n\t<\/div>\n\t<div class=\"col-md-6\" style='margin-bottom:20px;'>\n\t\t<p><label>Produit concern\u00e9<\/label><span class=\"wpcf7-form-control-wrap\" data-name=\"text-301\"><input size=\"40\" maxlength=\"400\" class=\"wpcf7-form-control wpcf7-text wpcf7-validates-as-required\" aria-required=\"true\" aria-invalid=\"false\" value=\"\" type=\"text\" name=\"text-301\" \/><\/span>\n\t\t<\/p>\n\t<\/div>\n\t<div class=\"col-md-6\" style='margin-bottom:20px;'>\n\t\t<p><label>Entreprise<\/label><span class=\"wpcf7-form-control-wrap\" data-name=\"text-1\"><input size=\"40\" maxlength=\"400\" class=\"wpcf7-form-control wpcf7-text wpcf7-validates-as-required\" aria-required=\"true\" aria-invalid=\"false\" value=\"\" type=\"text\" name=\"text-1\" \/><\/span>\n\t\t<\/p>\n\t<\/div>\n\t<div class=\"col-md-6\" style='margin-bottom:20px;'>\n\t\t<p><label>Adresse<\/label><span class=\"wpcf7-form-control-wrap\" data-name=\"text-576\"><input size=\"40\" maxlength=\"400\" class=\"wpcf7-form-control wpcf7-text wpcf7-validates-as-required\" aria-required=\"true\" aria-invalid=\"false\" value=\"\" type=\"text\" name=\"text-576\" \/><\/span>\n\t\t<\/p>\n\t<\/div>\n<\/div>\n<p><label>Message<\/label><span class=\"wpcf7-form-control-wrap\" data-name=\"your-message\"><textarea cols=\"40\" rows=\"10\" maxlength=\"2000\" class=\"wpcf7-form-control wpcf7-textarea wpcf7-validates-as-required\" aria-required=\"true\" aria-invalid=\"false\" name=\"your-message\"><\/textarea><\/span>\n<\/p>\n<p><span class=\"wpcf7-form-control-wrap\" data-name=\"acceptance-427\"><span class=\"wpcf7-form-control wpcf7-acceptance\"><span class=\"wpcf7-list-item\"><label><input type=\"checkbox\" name=\"acceptance-427\" value=\"1\" aria-invalid=\"false\" \/><span class=\"wpcf7-list-item-label\">J'ai lu la<a href=\"https:\/\/omsi.it\/wp\/wp-content\/uploads\/2021\/01\/Informativa-Contatti-SITO-rev2020.pdf\" target=\"_blank\" rel=\"nofollow noopener\">politique de confidentialit\u00e9<\/a> et j'accepte le traitement des mes donn\u00e9es tel qu'\u00e9tabli par le r\u00e8glement europ\u00e9en 2016\/679 relatif \u00e0 la protection des donn\u00e9es \u00e0 caract\u00e8re personnel.<\/span><\/label><\/span><\/span><\/span>\n<\/p>\n<p><input class=\"wpcf7-form-control wpcf7-submit has-spinner btn-color-black\" type=\"submit\" value=\"ENVOYER\" \/>\n<\/p><div class=\"wpcf7-response-output\" aria-hidden=\"true\"><\/div>\n<input type=\"hidden\" name=\"trp-form-language\" value=\"fr\"\/><\/form>\n<\/div>\n<\/div><\/div><\/div><\/div><\/div><\/div><\/div><\/div>\n<\/div>","protected":false},"excerpt":{"rendered":"<p>Nos tables solides et s\u00fbres ont une structure avec un plateau en bilamin\u00e9 avec des bords arrondis en ABS, les pieds en polypropyl\u00e8ne sont \u00e9quip\u00e9s de bouchons inf\u00e9rieurs qui, avec un simple remplacement, font varier la hauteur de la table de 46 \u00e0 52 cm.<\/p>\n<p>Les salles de classe peuvent \u00eatre am\u00e9nag\u00e9es selon diverses compositions gr\u00e2ce aux diff\u00e9rentes formes des tables.<\/p>\n<p>&nbsp;<\/p>\n<p><a class=\"btn_sara\" href=\"#contattaci\">CONTACTEZ-NOUS<\/a><\/p>","protected":false},"featured_media":8538,"template":"","meta":[],"product_brand":[],"product_cat":[89,93,90,68],"product_tag":[],"class_list":{"0":"post-8536","1":"product","2":"type-product","3":"status-publish","4":"has-post-thumbnail","6":"product_cat-arredamento","7":"product_cat-banchi","8":"product_cat-nido-infanzia","9":"product_cat-scuola","11":"first","12":"instock","13":"shipping-taxable","14":"product-type-simple"},"_links":{"self":[{"href":"https:\/\/omsi.it\/fr\/wp-json\/wp\/v2\/product\/8536","targetHints":{"allow":["GET"]}}],"collection":[{"href":"https:\/\/omsi.it\/fr\/wp-json\/wp\/v2\/product"}],"about":[{"href":"https:\/\/omsi.it\/fr\/wp-json\/wp\/v2\/types\/product"}],"wp:featuredmedia":[{"embeddable":true,"href":"https:\/\/omsi.it\/fr\/wp-json\/wp\/v2\/media\/8538"}],"wp:attachment":[{"href":"https:\/\/omsi.it\/fr\/wp-json\/wp\/v2\/media?parent=8536"}],"wp:term":[{"taxonomy":"product_brand","embeddable":true,"href":"https:\/\/omsi.it\/fr\/wp-json\/wp\/v2\/product_brand?post=8536"},{"taxonomy":"product_cat","embeddable":true,"href":"https:\/\/omsi.it\/fr\/wp-json\/wp\/v2\/product_cat?post=8536"},{"taxonomy":"product_tag","embeddable":true,"href":"https:\/\/omsi.it\/fr\/wp-json\/wp\/v2\/product_tag?post=8536"}],"curies":[{"name":"wp","href":"https:\/\/api.w.org\/{rel}","templated":true}]}}