{"id":8577,"date":"2020-10-27T09:31:06","date_gmt":"2020-10-27T08:31:06","guid":{"rendered":"https:\/\/omsi.it\/wp\/?post_type=product&#038;p=8577"},"modified":"2025-11-11T12:50:10","modified_gmt":"2025-11-11T11:50:10","slug":"s30-s40-chaises-pour-ecoles-primaires-et-secondaires","status":"publish","type":"product","link":"https:\/\/omsi.it\/fr\/produit\/s30-s40-chaises-pour-ecoles-primaires-et-secondaires\/","title":{"rendered":"S30 \/ S40 \u2013 Chaises pour \u00e9coles primaire et secondaire"},"content":{"rendered":"<div class=\"wpb-content-wrapper\"><div class=\"vc_row wpb_row vc_row-fluid\"><div class=\"wpb_column vc_column_container vc_col-sm-12\"><div class=\"vc_column-inner\"><div class=\"wpb_wrapper\"><div class=\"vc_empty_space\"   style=\"height: 32px\"><span class=\"vc_empty_space_inner\"><\/span><\/div>\n\t\t<div id=\"wd-5fae637156357\" class=\"title-wrapper wd-wpb wd-set-mb reset-last-child  wd-rs-5fae637156357 wd-title-color-primary wd-title-style-simple text-center  wd-underline-colored\">\n\t\t\t\n\t\t\t<div class=\"liner-continer\">\n\t\t\t\t<h4 class=\"woodmart-title-container title  wd-font-weight- wd-fontsize-l\" >TOUS LES TYPOLOGIES<\/h4>\n\t\t\t\t\t\t\t<\/div>\n\t\t\t\n\t\t\t\n\t\t\t\n\t\t<\/div>\n\t\t\n\t\t<div class=\"vc_empty_space\"   style=\"height: 32px\"><span class=\"vc_empty_space_inner\"><\/span><\/div><\/div><\/div><\/div><\/div><div class=\"vc_row wpb_row vc_row-fluid vc_custom_1602163518558\"><div class=\"wpb_column vc_column_container vc_col-sm-4\"><div class=\"vc_column-inner\"><div class=\"wpb_wrapper\">\n\t\t<div id=\"wd-5fae6381b05b7\" class=\"title-wrapper wd-wpb wd-set-mb reset-last-child  wd-rs-5fae6381b05b7 wd-title-color-default wd-title-style-default text-center  wd-underline-colored\">\n\t\t\t\n\t\t\t<div class=\"liner-continer\">\n\t\t\t\t<h4 class=\"woodmart-title-container title  wd-font-weight- wd-fontsize-m\" >S20<\/h4>\n\t\t\t\t\t\t\t<\/div>\n\t\t\t\n\t\t\t\n\t\t\t\n\t\t<\/div>\n\t\t\n\t\t\n\t<div  class=\"wpb_single_image wpb_content_element vc_align_left\">\n\t\t\n\t\t<figure class=\"wpb_wrapper vc_figure\">\n\t\t\t<div class=\"vc_single_image-wrapper   vc_box_border_grey\"><img loading=\"lazy\" decoding=\"async\" width=\"1000\" height=\"1000\" src=\"https:\/\/omsi.it\/wp\/wp-content\/uploads\/2020\/10\/S20_plastic_nursery_kindegarten_chair_flipped.png\" class=\"vc_single_image-img attachment-full\" alt=\"S20 chaise de jardin d&#039;enfants en plastique retourn\u00e9e\" title=\"S20 chaise de jardin d&#039;enfants en plastique retourn\u00e9e\" srcset=\"https:\/\/omsi.it\/wp\/wp-content\/uploads\/2020\/10\/S20_plastic_nursery_kindegarten_chair_flipped.png 1000w, https:\/\/omsi.it\/wp\/wp-content\/uploads\/2020\/10\/S20_plastic_nursery_kindegarten_chair_flipped-600x600.png 600w, https:\/\/omsi.it\/wp\/wp-content\/uploads\/2020\/10\/S20_plastic_nursery_kindegarten_chair_flipped-150x150.png 150w, https:\/\/omsi.it\/wp\/wp-content\/uploads\/2020\/10\/S20_plastic_nursery_kindegarten_chair_flipped-300x300.png 300w, https:\/\/omsi.it\/wp\/wp-content\/uploads\/2020\/10\/S20_plastic_nursery_kindegarten_chair_flipped-768x768.png 768w\" sizes=\"auto, (max-width: 1000px) 100vw, 1000px\" wpfc-lazyload-disable=\"true\" \/><\/div>\n\t\t<\/figure>\n\t<\/div>\n<\/div><\/div><\/div><div class=\"wpb_column vc_column_container vc_col-sm-4 text-center\"><div class=\"vc_column-inner\"><div class=\"wpb_wrapper\">\n\t\t<div id=\"wd-5f97dd38ab74c\" class=\"title-wrapper wd-wpb wd-set-mb reset-last-child  wd-rs-5f97dd38ab74c wd-title-color-default wd-title-style-default text-center  wd-underline-colored\">\n\t\t\t\n\t\t\t<div class=\"liner-continer\">\n\t\t\t\t<h4 class=\"woodmart-title-container title  wd-font-weight- wd-fontsize-m\" >S30<\/h4>\n\t\t\t\t\t\t\t<\/div>\n\t\t\t\n\t\t\t\n\t\t\t\n\t\t<\/div>\n\t\t\n\t\t\n\t<div  class=\"wpb_single_image wpb_content_element vc_align_left\">\n\t\t\n\t\t<figure class=\"wpb_wrapper vc_figure\">\n\t\t\t<div class=\"vc_single_image-wrapper   vc_box_border_grey\"><img loading=\"lazy\" decoding=\"async\" width=\"1195\" height=\"1080\" src=\"https:\/\/omsi.it\/wp\/wp-content\/uploads\/2020\/10\/S30_school_plastic_chair_3_4-scaled.png\" class=\"vc_single_image-img attachment-full\" alt=\"S30 chaise scolaire en plastique 3 4\" title=\"S30 chaise scolaire en plastique 3 4\" srcset=\"https:\/\/omsi.it\/wp\/wp-content\/uploads\/2020\/10\/S30_school_plastic_chair_3_4-scaled.png 1195w, https:\/\/omsi.it\/wp\/wp-content\/uploads\/2020\/10\/S30_school_plastic_chair_3_4-150x136.png 150w, https:\/\/omsi.it\/wp\/wp-content\/uploads\/2020\/10\/S30_school_plastic_chair_3_4-1200x1085.png 1200w, https:\/\/omsi.it\/wp\/wp-content\/uploads\/2020\/10\/S30_school_plastic_chair_3_4-300x271.png 300w, https:\/\/omsi.it\/wp\/wp-content\/uploads\/2020\/10\/S30_school_plastic_chair_3_4-1024x926.png 1024w, https:\/\/omsi.it\/wp\/wp-content\/uploads\/2020\/10\/S30_school_plastic_chair_3_4-768x694.png 768w, https:\/\/omsi.it\/wp\/wp-content\/uploads\/2020\/10\/S30_school_plastic_chair_3_4-1536x1388.png 1536w, https:\/\/omsi.it\/wp\/wp-content\/uploads\/2020\/10\/S30_school_plastic_chair_3_4-2048x1851.png 2048w\" sizes=\"auto, (max-width: 1195px) 100vw, 1195px\" wpfc-lazyload-disable=\"true\" \/><\/div>\n\t\t<\/figure>\n\t<\/div>\n<\/div><\/div><\/div><div class=\"wpb_column vc_column_container vc_col-sm-4 text-center\"><div class=\"vc_column-inner\"><div class=\"wpb_wrapper\">\n\t\t<div id=\"wd-5f97dd43c2078\" class=\"title-wrapper wd-wpb wd-set-mb reset-last-child  wd-rs-5f97dd43c2078 wd-title-color-default wd-title-style-default text-center  wd-underline-colored\">\n\t\t\t\n\t\t\t<div class=\"liner-continer\">\n\t\t\t\t<h4 class=\"woodmart-title-container title  wd-font-weight- wd-fontsize-m\" >S40<\/h4>\n\t\t\t\t\t\t\t<\/div>\n\t\t\t\n\t\t\t\n\t\t\t\n\t\t<\/div>\n\t\t\n\t\t\n\t<div  class=\"wpb_single_image wpb_content_element vc_align_left\">\n\t\t\n\t\t<figure class=\"wpb_wrapper vc_figure\">\n\t\t\t<div class=\"vc_single_image-wrapper   vc_box_border_grey\"><img loading=\"lazy\" decoding=\"async\" width=\"1195\" height=\"1080\" src=\"https:\/\/omsi.it\/wp\/wp-content\/uploads\/2020\/10\/S40_school_plastic_chair_5_6-scaled.png\" class=\"vc_single_image-img attachment-full\" alt=\"S40 chaise scolaire en plastique 5 6\" title=\"S40 chaise scolaire en plastique 5 6\" srcset=\"https:\/\/omsi.it\/wp\/wp-content\/uploads\/2020\/10\/S40_school_plastic_chair_5_6-scaled.png 1195w, https:\/\/omsi.it\/wp\/wp-content\/uploads\/2020\/10\/S40_school_plastic_chair_5_6-150x136.png 150w, https:\/\/omsi.it\/wp\/wp-content\/uploads\/2020\/10\/S40_school_plastic_chair_5_6-1200x1085.png 1200w, https:\/\/omsi.it\/wp\/wp-content\/uploads\/2020\/10\/S40_school_plastic_chair_5_6-300x271.png 300w, https:\/\/omsi.it\/wp\/wp-content\/uploads\/2020\/10\/S40_school_plastic_chair_5_6-1024x926.png 1024w, https:\/\/omsi.it\/wp\/wp-content\/uploads\/2020\/10\/S40_school_plastic_chair_5_6-768x694.png 768w, https:\/\/omsi.it\/wp\/wp-content\/uploads\/2020\/10\/S40_school_plastic_chair_5_6-1536x1388.png 1536w, https:\/\/omsi.it\/wp\/wp-content\/uploads\/2020\/10\/S40_school_plastic_chair_5_6-2048x1851.png 2048w\" sizes=\"auto, (max-width: 1195px) 100vw, 1195px\" wpfc-lazyload-disable=\"true\" \/><\/div>\n\t\t<\/figure>\n\t<\/div>\n<\/div><\/div><\/div><\/div><div class=\"vc_row wpb_row vc_row-fluid\"><div class=\"wpb_column vc_column_container vc_col-sm-12\"><div class=\"vc_column-inner\"><div class=\"wpb_wrapper\"><div class=\"vc_empty_space\"   style=\"height: 32px\"><span class=\"vc_empty_space_inner\"><\/span><\/div>\n\t\t<div id=\"wd-5f228ce5af0f7\" class=\"title-wrapper wd-wpb wd-set-mb reset-last-child  wd-rs-5f228ce5af0f7 wd-title-color-primary wd-title-style-simple text-center  wd-underline-colored\">\n\t\t\t\n\t\t\t<div class=\"liner-continer\">\n\t\t\t\t<h4 class=\"woodmart-title-container title  wd-font-weight- wd-fontsize-l\" >ETUDE ET CONCEPTION D\u2019ESPACE<\/h4>\n\t\t\t\t\t\t\t<\/div>\n\t\t\t\n\t\t\t\n\t\t\t\n\t\t<\/div>\n\t\t\n\t\t<div class=\"vc_empty_space\"   style=\"height: 32px\"><span class=\"vc_empty_space_inner\"><\/span><\/div><\/div><\/div><\/div><\/div><div class=\"vc_row wpb_row vc_row-fluid vc_custom_1596099963870 vc_row-o-equal-height vc_row-o-content-middle vc_row-flex\"><div class=\"wpb_column vc_column_container vc_col-sm-12\"><div class=\"vc_column-inner\"><div class=\"wpb_wrapper\"><div class=\"vc_row wpb_row vc_inner vc_row-fluid\"><div class=\"wpb_column vc_column_container vc_col-sm-12\"><div class=\"vc_column-inner\"><div class=\"wpb_wrapper\">\t\t<div id=\"gallery_348\" class=\"wd-images-gallery wd-wpb photoswipe-images\" style=\"--wd-justify-content:center;--wd-align-items:center;\">\n\t\t\t\n\t\t\t<div class=\"wd-grid-f-col wd-masonry\" style=\"--wd-col-lg:4;--wd-col-md:4;--wd-col-sm:1;--wd-gap-lg:0px;\">\n\t\t\t\t\n\t\t\t\t\t\t\t\t\t\t\t\t\t\t\t<div class=\"wd-gallery-item wd-col\">\n\t\t\t\t\t\t\t\t\t\t\t\t\t\t<a href=\"https:\/\/omsi.it\/wp\/wp-content\/uploads\/2020\/10\/CLASSROOM_CHAIRS.jpg\" data-elementor-open-lightbox=\"no\" data-index=\"1\" data-width=\"682\" data-height=\"1024\" \n\t\t\t\t\t\t\t\t\t\t\t\t >\n\t\t\t\t\t\t\t\t\n\t\t\t\t\t\t\t\t<img loading=\"lazy\" decoding=\"async\" width=\"682\" height=\"1024\" src=\"https:\/\/omsi.it\/wp\/wp-content\/uploads\/2020\/10\/CLASSROOM_CHAIRS.jpg\" class=\"wd-gallery-image image-1\" alt=\"CHAISES DE CLASSE\" srcset=\"https:\/\/omsi.it\/wp\/wp-content\/uploads\/2020\/10\/CLASSROOM_CHAIRS.jpg 682w, https:\/\/omsi.it\/wp\/wp-content\/uploads\/2020\/10\/CLASSROOM_CHAIRS-150x225.jpg 150w, https:\/\/omsi.it\/wp\/wp-content\/uploads\/2020\/10\/CLASSROOM_CHAIRS-200x300.jpg 200w\" sizes=\"auto, (max-width: 682px) 100vw, 682px\" wpfc-lazyload-disable=\"true\" \/>\n\t\t\t\t\t\t\t\t\t\t\t\t\t\t\t<\/a>\n\t\t\t\t\t\t\t\t\t\t\t\t<\/div>\n\t\t\t\t\t\t\t\t\t\t\t<div class=\"wd-gallery-item wd-col\">\n\t\t\t\t\t\t\t\t\t\t\t\t\t\t<a href=\"https:\/\/omsi.it\/wp\/wp-content\/uploads\/2020\/10\/S30_CLASSROOM-scaled-scaled.jpg\" data-elementor-open-lightbox=\"no\" data-index=\"2\" data-width=\"720\" data-height=\"1080\" \n\t\t\t\t\t\t\t\t\t\t\t\t >\n\t\t\t\t\t\t\t\t\n\t\t\t\t\t\t\t\t<img loading=\"lazy\" decoding=\"async\" width=\"720\" height=\"1080\" src=\"https:\/\/omsi.it\/wp\/wp-content\/uploads\/2020\/10\/S30_CLASSROOM-scaled-scaled.jpg\" class=\"wd-gallery-image image-2\" alt=\"S30 CLASSROOM \u00e9chelonn\u00e9\" srcset=\"https:\/\/omsi.it\/wp\/wp-content\/uploads\/2020\/10\/S30_CLASSROOM-scaled-scaled.jpg 720w, https:\/\/omsi.it\/wp\/wp-content\/uploads\/2020\/10\/S30_CLASSROOM-scaled-150x225.jpg 150w, https:\/\/omsi.it\/wp\/wp-content\/uploads\/2020\/10\/S30_CLASSROOM-scaled-1200x1801.jpg 1200w, https:\/\/omsi.it\/wp\/wp-content\/uploads\/2020\/10\/S30_CLASSROOM-200x300.jpg 200w, https:\/\/omsi.it\/wp\/wp-content\/uploads\/2020\/10\/S30_CLASSROOM-682x1024.jpg 682w, https:\/\/omsi.it\/wp\/wp-content\/uploads\/2020\/10\/S30_CLASSROOM-768x1152.jpg 768w, https:\/\/omsi.it\/wp\/wp-content\/uploads\/2020\/10\/S30_CLASSROOM-1024x1536.jpg 1024w, https:\/\/omsi.it\/wp\/wp-content\/uploads\/2020\/10\/S30_CLASSROOM-1365x2048.jpg 1365w\" sizes=\"auto, (max-width: 720px) 100vw, 720px\" wpfc-lazyload-disable=\"true\" \/>\n\t\t\t\t\t\t\t\t\t\t\t\t\t\t\t<\/a>\n\t\t\t\t\t\t\t\t\t\t\t\t<\/div>\n\t\t\t\t\t\t\t\t\t\t\t<div class=\"wd-gallery-item wd-col\">\n\t\t\t\t\t\t\t\t\t\t\t\t\t\t<a href=\"https:\/\/omsi.it\/wp\/wp-content\/uploads\/2020\/10\/S30_PLASTIC_CHAIR-scaled.jpg\" data-elementor-open-lightbox=\"no\" data-index=\"3\" data-width=\"720\" data-height=\"1080\" \n\t\t\t\t\t\t\t\t\t\t\t\t >\n\t\t\t\t\t\t\t\t\n\t\t\t\t\t\t\t\t<img loading=\"lazy\" decoding=\"async\" width=\"720\" height=\"1080\" src=\"https:\/\/omsi.it\/wp\/wp-content\/uploads\/2020\/10\/S30_PLASTIC_CHAIR-scaled.jpg\" class=\"wd-gallery-image image-3\" alt=\"CHAISE EN PLASTIQUE S30\" srcset=\"https:\/\/omsi.it\/wp\/wp-content\/uploads\/2020\/10\/S30_PLASTIC_CHAIR-scaled.jpg 720w, https:\/\/omsi.it\/wp\/wp-content\/uploads\/2020\/10\/S30_PLASTIC_CHAIR-150x225.jpg 150w, https:\/\/omsi.it\/wp\/wp-content\/uploads\/2020\/10\/S30_PLASTIC_CHAIR-1200x1800.jpg 1200w, https:\/\/omsi.it\/wp\/wp-content\/uploads\/2020\/10\/S30_PLASTIC_CHAIR-200x300.jpg 200w, https:\/\/omsi.it\/wp\/wp-content\/uploads\/2020\/10\/S30_PLASTIC_CHAIR-682x1024.jpg 682w, https:\/\/omsi.it\/wp\/wp-content\/uploads\/2020\/10\/S30_PLASTIC_CHAIR-768x1152.jpg 768w, https:\/\/omsi.it\/wp\/wp-content\/uploads\/2020\/10\/S30_PLASTIC_CHAIR-1024x1536.jpg 1024w\" sizes=\"auto, (max-width: 720px) 100vw, 720px\" wpfc-lazyload-disable=\"true\" \/>\n\t\t\t\t\t\t\t\t\t\t\t\t\t\t\t<\/a>\n\t\t\t\t\t\t\t\t\t\t\t\t<\/div>\n\t\t\t\t\t\t\t\t\t\t\t<div class=\"wd-gallery-item wd-col\">\n\t\t\t\t\t\t\t\t\t\t\t\t\t\t<a href=\"https:\/\/omsi.it\/wp\/wp-content\/uploads\/2020\/10\/S40_CLASSROOM_CHAIRS-scaled.jpg\" data-elementor-open-lightbox=\"no\" data-index=\"4\" data-width=\"720\" data-height=\"1080\" \n\t\t\t\t\t\t\t\t\t\t\t\t >\n\t\t\t\t\t\t\t\t\n\t\t\t\t\t\t\t\t<img loading=\"lazy\" decoding=\"async\" width=\"720\" height=\"1080\" src=\"https:\/\/omsi.it\/wp\/wp-content\/uploads\/2020\/10\/S40_CLASSROOM_CHAIRS-scaled.jpg\" class=\"wd-gallery-image image-4\" alt=\"CHAISES DE CLASSE S40\" srcset=\"https:\/\/omsi.it\/wp\/wp-content\/uploads\/2020\/10\/S40_CLASSROOM_CHAIRS-scaled.jpg 720w, https:\/\/omsi.it\/wp\/wp-content\/uploads\/2020\/10\/S40_CLASSROOM_CHAIRS-150x225.jpg 150w, https:\/\/omsi.it\/wp\/wp-content\/uploads\/2020\/10\/S40_CLASSROOM_CHAIRS-1200x1800.jpg 1200w, https:\/\/omsi.it\/wp\/wp-content\/uploads\/2020\/10\/S40_CLASSROOM_CHAIRS-200x300.jpg 200w, https:\/\/omsi.it\/wp\/wp-content\/uploads\/2020\/10\/S40_CLASSROOM_CHAIRS-682x1024.jpg 682w, https:\/\/omsi.it\/wp\/wp-content\/uploads\/2020\/10\/S40_CLASSROOM_CHAIRS-768x1152.jpg 768w, https:\/\/omsi.it\/wp\/wp-content\/uploads\/2020\/10\/S40_CLASSROOM_CHAIRS-1024x1536.jpg 1024w\" sizes=\"auto, (max-width: 720px) 100vw, 720px\" wpfc-lazyload-disable=\"true\" \/>\n\t\t\t\t\t\t\t\t\t\t\t\t\t\t\t<\/a>\n\t\t\t\t\t\t\t\t\t\t\t\t<\/div>\n\t\t\t\t\t\t\t\t\t\n\t\t\t\t\t\t\t<\/div>\n\n\t\t\t\t\t<\/div>\n\t\t<\/div><\/div><\/div><\/div><\/div><\/div><\/div><\/div><div id=\"contattaci\" class=\"vc_row wpb_row vc_row-fluid\"><div class=\"wpb_column vc_column_container vc_col-sm-12\"><div class=\"vc_column-inner\"><div class=\"wpb_wrapper\"><div class=\"vc_empty_space\"   style=\"height: 32px\"><span class=\"vc_empty_space_inner\"><\/span><\/div>\n\t\t<div id=\"wd-5f228ced8e882\" class=\"title-wrapper wd-wpb wd-set-mb reset-last-child  wd-rs-5f228ced8e882 wd-title-color-primary wd-title-style-simple text-center  wd-underline-colored\">\n\t\t\t\n\t\t\t<div class=\"liner-continer\">\n\t\t\t\t<h4 class=\"woodmart-title-container title  wd-font-weight- wd-fontsize-l\" >CONTACTEZ-NOUS POUR UNE PREMI\u00c8RE CONSULTATION<\/h4>\n\t\t\t\t\t\t\t<\/div>\n\t\t\t\n\t\t\t\n\t\t\t\n\t\t<\/div>\n\t\t\n\t\t<div class=\"vc_empty_space\"   style=\"height: 32px\"><span class=\"vc_empty_space_inner\"><\/span><\/div><div class=\"vc_row wpb_row vc_inner vc_row-fluid\"><div class=\"wpb_column vc_column_container vc_col-sm-12\"><div class=\"vc_column-inner\"><div class=\"wpb_wrapper\">\n<div class=\"wpcf7 no-js\" id=\"wpcf7-f608-o1\" lang=\"en-US\" dir=\"ltr\" data-wpcf7-id=\"608\">\n<div class=\"screen-reader-response\"><p role=\"status\" aria-live=\"polite\" aria-atomic=\"true\"><\/p> <ul><\/ul><\/div>\n<form action=\"\/fr\/wp-json\/wp\/v2\/product\/8577#wpcf7-f608-o1\" method=\"post\" class=\"wpcf7-form init\" aria-label=\"Formulaire de contact\" novalidate=\"novalidate\" data-status=\"init\" data-trp-original-action=\"\/fr\/wp-json\/wp\/v2\/product\/8577#wpcf7-f608-o1\">\n<fieldset class=\"hidden-fields-container\"><input type=\"hidden\" name=\"_wpcf7\" value=\"608\" \/><input type=\"hidden\" name=\"_wpcf7_version\" value=\"6.1.4\" \/><input type=\"hidden\" name=\"_wpcf7_locale\" value=\"en_US\" \/><input type=\"hidden\" name=\"_wpcf7_unit_tag\" value=\"wpcf7-f608-o1\" \/><input type=\"hidden\" name=\"_wpcf7_container_post\" value=\"0\" \/><input type=\"hidden\" name=\"_wpcf7_posted_data_hash\" value=\"\" \/><input type=\"hidden\" name=\"_wpcf7_recaptcha_response\" value=\"\" \/>\n<\/fieldset>\n<div class=\"row\">\n\t<div class=\"col-md-6\" style='margin-bottom:20px;'>\n\t\t<p><label>Nom et Pr\u00e9nom (exig\u00e9e)<\/label><span class=\"wpcf7-form-control-wrap\" data-name=\"your-name\"><input size=\"40\" maxlength=\"400\" class=\"wpcf7-form-control wpcf7-text wpcf7-validates-as-required\" aria-required=\"true\" aria-invalid=\"false\" value=\"\" type=\"text\" name=\"your-name\" \/><\/span>\n\t\t<\/p>\n\t<\/div>\n\t<div class=\"col-md-6\" style='margin-bottom:20px;'>\n\t\t<p><label>Email (exig\u00e9e)<\/label><span class=\"wpcf7-form-control-wrap\" data-name=\"your-email\"><input size=\"40\" maxlength=\"400\" class=\"wpcf7-form-control wpcf7-email wpcf7-validates-as-required wpcf7-text wpcf7-validates-as-email\" aria-required=\"true\" aria-invalid=\"false\" value=\"\" type=\"email\" name=\"your-email\" \/><\/span>\n\t\t<\/p>\n\t<\/div>\n<\/div>\n<div class=\"row\">\n\t<div class=\"col-md-6\" style='margin-bottom:20px;'>\n\t\t<p><label>T\u00e9l\u00e9phone<\/label><span class=\"wpcf7-form-control-wrap\" data-name=\"tel-767\"><input size=\"40\" maxlength=\"400\" class=\"wpcf7-form-control wpcf7-tel wpcf7-validates-as-required wpcf7-text wpcf7-validates-as-tel\" aria-required=\"true\" aria-invalid=\"false\" value=\"\" type=\"tel\" name=\"tel-767\" \/><\/span>\n\t\t<\/p>\n\t<\/div>\n\t<div class=\"col-md-6\" style='margin-bottom:20px;'>\n\t\t<p><label>Pays<\/label><span class=\"wpcf7-form-control-wrap\" data-name=\"text-300\"><input size=\"40\" maxlength=\"400\" class=\"wpcf7-form-control wpcf7-text wpcf7-validates-as-required\" aria-required=\"true\" aria-invalid=\"false\" value=\"\" type=\"text\" name=\"text-300\" \/><\/span>\n\t\t<\/p>\n\t<\/div>\n\t<div class=\"col-md-6\" style='margin-bottom:20px;'>\n\t\t<p><label>Domaine d'int\u00e9r\u00eat<\/label><span class=\"wpcf7-form-control-wrap\" data-name=\"menu-880\"><select class=\"wpcf7-form-control wpcf7-select\" aria-invalid=\"false\" name=\"menu-880\"><option value=\"Sport\">Sport<\/option><option value=\"Scuola\">\u00c9cole<\/option><\/select><\/span>\n\t\t<\/p>\n\t<\/div>\n\t<div class=\"col-md-6\" style='margin-bottom:20px;'>\n\t\t<p><label>Produit concern\u00e9<\/label><span class=\"wpcf7-form-control-wrap\" data-name=\"text-301\"><input size=\"40\" maxlength=\"400\" class=\"wpcf7-form-control wpcf7-text wpcf7-validates-as-required\" aria-required=\"true\" aria-invalid=\"false\" value=\"\" type=\"text\" name=\"text-301\" \/><\/span>\n\t\t<\/p>\n\t<\/div>\n\t<div class=\"col-md-6\" style='margin-bottom:20px;'>\n\t\t<p><label>Entreprise<\/label><span class=\"wpcf7-form-control-wrap\" data-name=\"text-1\"><input size=\"40\" maxlength=\"400\" class=\"wpcf7-form-control wpcf7-text wpcf7-validates-as-required\" aria-required=\"true\" aria-invalid=\"false\" value=\"\" type=\"text\" name=\"text-1\" \/><\/span>\n\t\t<\/p>\n\t<\/div>\n\t<div class=\"col-md-6\" style='margin-bottom:20px;'>\n\t\t<p><label>Adresse<\/label><span class=\"wpcf7-form-control-wrap\" data-name=\"text-576\"><input size=\"40\" maxlength=\"400\" class=\"wpcf7-form-control wpcf7-text wpcf7-validates-as-required\" aria-required=\"true\" aria-invalid=\"false\" value=\"\" type=\"text\" name=\"text-576\" \/><\/span>\n\t\t<\/p>\n\t<\/div>\n<\/div>\n<p><label>Message<\/label><span class=\"wpcf7-form-control-wrap\" data-name=\"your-message\"><textarea cols=\"40\" rows=\"10\" maxlength=\"2000\" class=\"wpcf7-form-control wpcf7-textarea wpcf7-validates-as-required\" aria-required=\"true\" aria-invalid=\"false\" name=\"your-message\"><\/textarea><\/span>\n<\/p>\n<p><span class=\"wpcf7-form-control-wrap\" data-name=\"acceptance-427\"><span class=\"wpcf7-form-control wpcf7-acceptance\"><span class=\"wpcf7-list-item\"><label><input type=\"checkbox\" name=\"acceptance-427\" value=\"1\" aria-invalid=\"false\" \/><span class=\"wpcf7-list-item-label\">J'ai lu la<a href=\"https:\/\/omsi.it\/wp\/wp-content\/uploads\/2021\/01\/Informativa-Contatti-SITO-rev2020.pdf\" target=\"_blank\" rel=\"nofollow noopener\">politique de confidentialit\u00e9<\/a> et j'accepte le traitement des mes donn\u00e9es tel qu'\u00e9tabli par le r\u00e8glement europ\u00e9en 2016\/679 relatif \u00e0 la protection des donn\u00e9es \u00e0 caract\u00e8re personnel.<\/span><\/label><\/span><\/span><\/span>\n<\/p>\n<p><input class=\"wpcf7-form-control wpcf7-submit has-spinner btn-color-black\" type=\"submit\" value=\"ENVOYER\" \/>\n<\/p><div class=\"wpcf7-response-output\" aria-hidden=\"true\"><\/div>\n<input type=\"hidden\" name=\"trp-form-language\" value=\"fr\"\/><\/form>\n<\/div>\n<\/div><\/div><\/div><\/div><\/div><\/div><\/div><\/div>\n<\/div>","protected":false},"excerpt":{"rendered":"<p>Sp\u00e9cialement con\u00e7u pour l\u2019\u00e9cole primaire et secondaire, r\u00e9alis\u00e9e en polypropyl\u00e8ne de premi\u00e8re qualit\u00e9, dot\u00e9e d\u2019une structure m\u00e9tallique \u00e0 4 jambes en tube de 22 mm de diam\u00e8tre, robuste, de style moderne et facile \u00e0 d\u00e9placer gr\u00e2ce \u00e0 la prise de main au centre du dossier.<\/p>\n<p>La coque anatomique est de la m\u00eame couleur que les embouts en plastique que peux fournir insonor\u00e9s et antiglisse \u00e0 la demande.\nEmpilables et garantissant une posture confortable et correcte, elles sont conformes aux nouvelles r\u00e9glementations scolaires europ\u00e9ennes EN1729.<\/p>\n<p>Ils sont empilables et garantissent une assise confortable et correcte.<\/p>\n<p>Les angles et les chants sont arrondis de mani\u00e8re \u00e0 pr\u00e9server la s\u00e9curit\u00e9 de l\u2019enfant et la surface lisse se nettoie facilement.<\/p>\n<p>Conforme aux nouvelles normes scolaires europ\u00e9ennes EN1729.<\/p>\n<p><b>S30<\/b><\/p>\n<p>TAILLE 3: Dimension: 35 x 36 x 66 h x 35 h<br \/>\nTAILLE 4: Dimension: 35 x 36 x 69 h x 38 h<\/p>\n<p><b>S40<\/b><\/p>\n<p>TAILLE 5: Dimension: 42 x 46 x 77 h x 43 h<br \/>\nTAILLE 6: Dimension: 42 x 46 x 80 h x 46 h<\/p>\n<p>&nbsp;<\/p>\n<div><strong>R\u00e9ponde aux crit\u00e8res environnementaux minimum (CAM)<\/strong> <img decoding=\"async\" class=\"cam\" src=\"https:\/\/omsi.it\/wp\/wp-content\/uploads\/2021\/01\/Marchio-CQP-CAM-ARREDI-Omsi-61-20-1.png\" \/><\/div>\n<p>&nbsp;<\/p>\n<div class=\"green\"><a href=\"https:\/\/omsi.it\/fr\/wp\/sostenibilita\/\">Sur demande, \u00e9galement en version recycl\u00e9e <img decoding=\"async\" class=\"seconda_vita\" src=\"https:\/\/omsi.it\/wp\/wp-content\/uploads\/2020\/08\/plastica-seconda-vita-omsi.png\" \/><\/a><\/div>\n<p>&nbsp;<\/p>\n<p><a class=\"btn_sara\" href=\"#contattaci\">Contactez-nous<\/a><\/p>","protected":false},"featured_media":17209,"template":"","meta":[],"product_brand":[],"product_cat":[89,69,91,68,377,95],"product_tag":[],"class_list":{"0":"post-8577","1":"product","2":"type-product","3":"status-publish","4":"has-post-thumbnail","6":"product_cat-arredamento","7":"product_cat-green","8":"product_cat-primaria-secondaria","9":"product_cat-scuola","10":"product_cat-scuola-2","11":"product_cat-sedie-primaria-secondaria","13":"first","14":"instock","15":"shipping-taxable","16":"product-type-simple"},"_links":{"self":[{"href":"https:\/\/omsi.it\/fr\/wp-json\/wp\/v2\/product\/8577","targetHints":{"allow":["GET"]}}],"collection":[{"href":"https:\/\/omsi.it\/fr\/wp-json\/wp\/v2\/product"}],"about":[{"href":"https:\/\/omsi.it\/fr\/wp-json\/wp\/v2\/types\/product"}],"wp:featuredmedia":[{"embeddable":true,"href":"https:\/\/omsi.it\/fr\/wp-json\/wp\/v2\/media\/17209"}],"wp:attachment":[{"href":"https:\/\/omsi.it\/fr\/wp-json\/wp\/v2\/media?parent=8577"}],"wp:term":[{"taxonomy":"product_brand","embeddable":true,"href":"https:\/\/omsi.it\/fr\/wp-json\/wp\/v2\/product_brand?post=8577"},{"taxonomy":"product_cat","embeddable":true,"href":"https:\/\/omsi.it\/fr\/wp-json\/wp\/v2\/product_cat?post=8577"},{"taxonomy":"product_tag","embeddable":true,"href":"https:\/\/omsi.it\/fr\/wp-json\/wp\/v2\/product_tag?post=8577"}],"curies":[{"name":"wp","href":"https:\/\/api.w.org\/{rel}","templated":true}]}}