{"id":8748,"date":"2020-11-05T09:45:02","date_gmt":"2020-11-05T08:45:02","guid":{"rendered":"https:\/\/omsi.it\/wp\/?post_type=product&#038;p=8748"},"modified":"2025-11-11T12:37:38","modified_gmt":"2025-11-11T11:37:38","slug":"a1-sieges-pour-les-espaces-collectifs","status":"publish","type":"product","link":"https:\/\/omsi.it\/fr\/produit\/a1-sieges-pour-les-espaces-collectifs\/","title":{"rendered":"A1 - Si\u00e8ges pour espaces collectifs"},"content":{"rendered":"<div class=\"wpb-content-wrapper\"><div class=\"vc_row wpb_row vc_row-fluid\"><div class=\"wpb_column vc_column_container vc_col-sm-12\"><div class=\"vc_column-inner\"><div class=\"wpb_wrapper\"><div class=\"vc_empty_space\"   style=\"height: 32px\"><span class=\"vc_empty_space_inner\"><\/span><\/div>\n\t\t<div id=\"wd-5fc0d2bb2fba7\" class=\"title-wrapper wd-wpb wd-set-mb reset-last-child  wd-rs-5fc0d2bb2fba7 wd-title-color-primary wd-title-style-simple text-center  wd-underline-colored\">\n\t\t\t\n\t\t\t<div class=\"liner-continer\">\n\t\t\t\t<h4 class=\"woodmart-title-container title  wd-font-weight- wd-fontsize-l\" >TOUS LES RACCORDS<\/h4>\n\t\t\t\t\t\t\t<\/div>\n\t\t\t\n\t\t\t\n\t\t\t\n\t\t<\/div>\n\t\t\n\t\t<div class=\"vc_empty_space\"   style=\"height: 32px\"><span class=\"vc_empty_space_inner\"><\/span><\/div><\/div><\/div><\/div><\/div><div class=\"vc_row wpb_row vc_row-fluid vc_custom_1604566227133\"><div class=\"wpb_column vc_column_container vc_col-sm-6 text-center\"><div class=\"vc_column-inner\"><div class=\"wpb_wrapper\">\n\t\t<div id=\"wd-5fa278059ea42\" class=\"title-wrapper wd-wpb wd-set-mb reset-last-child  wd-rs-5fa278059ea42 wd-title-color-default wd-title-style-default text-center  wd-underline-colored\">\n\t\t\t\n\t\t\t<div class=\"liner-continer\">\n\t\t\t\t<h4 class=\"woodmart-title-container title  wd-font-weight- wd-fontsize-m\" >4 pieds<\/h4>\n\t\t\t\t\t\t\t<\/div>\n\t\t\t\n\t\t\t\n\t\t\t\n\t\t<\/div>\n\t\t\n\t\t\n\t<div  class=\"wpb_single_image wpb_content_element vc_align_left\">\n\t\t\n\t\t<figure class=\"wpb_wrapper vc_figure\">\n\t\t\t<div class=\"vc_single_image-wrapper   vc_box_border_grey\"><img loading=\"lazy\" decoding=\"async\" width=\"1000\" height=\"1000\" src=\"https:\/\/omsi.it\/wp\/wp-content\/uploads\/2020\/11\/A1_4LegFrame_publicSpaces_chair.png\" class=\"vc_single_image-img attachment-full\" alt=\"A1 4LegFrame publicSpaces chair\" title=\"A1 4LegFrame publicSpaces chair\" srcset=\"https:\/\/omsi.it\/wp\/wp-content\/uploads\/2020\/11\/A1_4LegFrame_publicSpaces_chair.png 1000w, https:\/\/omsi.it\/wp\/wp-content\/uploads\/2020\/11\/A1_4LegFrame_publicSpaces_chair-600x600.png 600w, https:\/\/omsi.it\/wp\/wp-content\/uploads\/2020\/11\/A1_4LegFrame_publicSpaces_chair-150x150.png 150w, https:\/\/omsi.it\/wp\/wp-content\/uploads\/2020\/11\/A1_4LegFrame_publicSpaces_chair-300x300.png 300w, https:\/\/omsi.it\/wp\/wp-content\/uploads\/2020\/11\/A1_4LegFrame_publicSpaces_chair-768x768.png 768w\" sizes=\"auto, (max-width: 1000px) 100vw, 1000px\" wpfc-lazyload-disable=\"true\" \/><\/div>\n\t\t<\/figure>\n\t<\/div>\n<\/div><\/div><\/div><div class=\"wpb_column vc_column_container vc_col-sm-6\"><div class=\"vc_column-inner\"><div class=\"wpb_wrapper\">\n\t\t<div id=\"wd-5fa3bcc429c69\" class=\"title-wrapper wd-wpb wd-set-mb reset-last-child  wd-rs-5fa3bcc429c69 wd-title-color-default wd-title-style-default text-center  wd-underline-colored\">\n\t\t\t\n\t\t\t<div class=\"liner-continer\">\n\t\t\t\t<h4 class=\"woodmart-title-container title  wd-font-weight- wd-fontsize-m\" >Avec tablette \u00e9critoire<\/h4>\n\t\t\t\t\t\t\t<\/div>\n\t\t\t\n\t\t\t\n\t\t\t\n\t\t<\/div>\n\t\t\n\t\t\n\t<div  class=\"wpb_single_image wpb_content_element vc_align_left\">\n\t\t\n\t\t<figure class=\"wpb_wrapper vc_figure\">\n\t\t\t<div class=\"vc_single_image-wrapper   vc_box_border_grey\"><img loading=\"lazy\" decoding=\"async\" width=\"1000\" height=\"1000\" src=\"https:\/\/omsi.it\/wp\/wp-content\/uploads\/2020\/11\/A1_tablet_4LegFrame_publicSpaces_chair.png\" class=\"vc_single_image-img attachment-full\" alt=\"A1 tablet 4LegFrame publicSpaces chair\" title=\"A1 tablet 4LegFrame publicSpaces chair\" srcset=\"https:\/\/omsi.it\/wp\/wp-content\/uploads\/2020\/11\/A1_tablet_4LegFrame_publicSpaces_chair.png 1000w, https:\/\/omsi.it\/wp\/wp-content\/uploads\/2020\/11\/A1_tablet_4LegFrame_publicSpaces_chair-600x600.png 600w, https:\/\/omsi.it\/wp\/wp-content\/uploads\/2020\/11\/A1_tablet_4LegFrame_publicSpaces_chair-150x150.png 150w, https:\/\/omsi.it\/wp\/wp-content\/uploads\/2020\/11\/A1_tablet_4LegFrame_publicSpaces_chair-300x300.png 300w, https:\/\/omsi.it\/wp\/wp-content\/uploads\/2020\/11\/A1_tablet_4LegFrame_publicSpaces_chair-768x768.png 768w\" sizes=\"auto, (max-width: 1000px) 100vw, 1000px\" wpfc-lazyload-disable=\"true\" \/><\/div>\n\t\t<\/figure>\n\t<\/div>\n<\/div><\/div><\/div><\/div><div class=\"vc_row wpb_row vc_row-fluid\"><div class=\"wpb_column vc_column_container vc_col-sm-12\"><div class=\"vc_column-inner\"><div class=\"wpb_wrapper\"><div class=\"vc_empty_space\"   style=\"height: 32px\"><span class=\"vc_empty_space_inner\"><\/span><\/div>\n\t\t<div id=\"wd-5f228ce5af0f7\" class=\"title-wrapper wd-wpb wd-set-mb reset-last-child  wd-rs-5f228ce5af0f7 wd-title-color-primary wd-title-style-simple text-center  wd-underline-colored\">\n\t\t\t\n\t\t\t<div class=\"liner-continer\">\n\t\t\t\t<h4 class=\"woodmart-title-container title  wd-font-weight- wd-fontsize-l\" >ETUDE ET CONCEPTION D\u2019ESPACE<\/h4>\n\t\t\t\t\t\t\t<\/div>\n\t\t\t\n\t\t\t\n\t\t\t\n\t\t<\/div>\n\t\t\n\t\t<div class=\"vc_empty_space\"   style=\"height: 32px\"><span class=\"vc_empty_space_inner\"><\/span><\/div><\/div><\/div><\/div><\/div><div class=\"vc_row wpb_row vc_row-fluid vc_custom_1596099963870 vc_row-o-equal-height vc_row-o-content-middle vc_row-flex\"><div class=\"wpb_column vc_column_container vc_col-sm-12\"><div class=\"vc_column-inner\"><div class=\"wpb_wrapper\"><div class=\"vc_row wpb_row vc_inner vc_row-fluid\"><div class=\"wpb_column vc_column_container vc_col-sm-12\"><div class=\"vc_column-inner\"><div class=\"wpb_wrapper\">\n\t<div  class=\"wpb_single_image wpb_content_element vc_align_center\">\n\t\t\n\t\t<figure class=\"wpb_wrapper vc_figure\">\n\t\t\t<a class=\"\" data-lightbox=\"lightbox[rel-8748-3390149515]\" href=\"https:\/\/omsi.it\/wp\/wp-content\/uploads\/2020\/11\/A1_publicSpaces.jpg\" target=\"_self\"><img loading=\"lazy\" decoding=\"async\" width=\"970\" height=\"660\" src=\"https:\/\/omsi.it\/wp\/wp-content\/uploads\/2020\/11\/A1_publicSpaces.jpg\" class=\"vc_single_image-img attachment-full\" alt=\"A1 espaces publics\" title=\"A1 espaces publics\" srcset=\"https:\/\/omsi.it\/wp\/wp-content\/uploads\/2020\/11\/A1_publicSpaces.jpg 970w, https:\/\/omsi.it\/wp\/wp-content\/uploads\/2020\/11\/A1_publicSpaces-150x102.jpg 150w, https:\/\/omsi.it\/wp\/wp-content\/uploads\/2020\/11\/A1_publicSpaces-300x204.jpg 300w, https:\/\/omsi.it\/wp\/wp-content\/uploads\/2020\/11\/A1_publicSpaces-768x523.jpg 768w\" sizes=\"auto, (max-width: 970px) 100vw, 970px\" wpfc-lazyload-disable=\"true\" \/><\/a>\n\t\t<\/figure>\n\t<\/div>\n<\/div><\/div><\/div><\/div><\/div><\/div><\/div><\/div><div id=\"contattaci\" class=\"vc_row wpb_row vc_row-fluid\"><div class=\"wpb_column vc_column_container vc_col-sm-12\"><div class=\"vc_column-inner\"><div class=\"wpb_wrapper\"><div class=\"vc_empty_space\"   style=\"height: 32px\"><span class=\"vc_empty_space_inner\"><\/span><\/div>\n\t\t<div id=\"wd-5f228ced8e882\" class=\"title-wrapper wd-wpb wd-set-mb reset-last-child  wd-rs-5f228ced8e882 wd-title-color-primary wd-title-style-simple text-center  wd-underline-colored\">\n\t\t\t\n\t\t\t<div class=\"liner-continer\">\n\t\t\t\t<h4 class=\"woodmart-title-container title  wd-font-weight- wd-fontsize-l\" >CONTACTEZ-NOUS POUR UNE PREMI\u00c8RE CONSULTATION<\/h4>\n\t\t\t\t\t\t\t<\/div>\n\t\t\t\n\t\t\t\n\t\t\t\n\t\t<\/div>\n\t\t\n\t\t<div class=\"vc_empty_space\"   style=\"height: 32px\"><span class=\"vc_empty_space_inner\"><\/span><\/div><div class=\"vc_row wpb_row vc_inner vc_row-fluid\"><div class=\"wpb_column vc_column_container vc_col-sm-12\"><div class=\"vc_column-inner\"><div class=\"wpb_wrapper\">\n<div class=\"wpcf7 no-js\" id=\"wpcf7-f608-o1\" lang=\"en-US\" dir=\"ltr\" data-wpcf7-id=\"608\">\n<div class=\"screen-reader-response\"><p role=\"status\" aria-live=\"polite\" aria-atomic=\"true\"><\/p> <ul><\/ul><\/div>\n<form action=\"\/fr\/wp-json\/wp\/v2\/product\/8748#wpcf7-f608-o1\" method=\"post\" class=\"wpcf7-form init\" aria-label=\"Formulaire de contact\" novalidate=\"novalidate\" data-status=\"init\" data-trp-original-action=\"\/fr\/wp-json\/wp\/v2\/product\/8748#wpcf7-f608-o1\">\n<fieldset class=\"hidden-fields-container\"><input type=\"hidden\" name=\"_wpcf7\" value=\"608\" \/><input type=\"hidden\" name=\"_wpcf7_version\" value=\"6.1.4\" \/><input type=\"hidden\" name=\"_wpcf7_locale\" value=\"en_US\" \/><input type=\"hidden\" name=\"_wpcf7_unit_tag\" value=\"wpcf7-f608-o1\" \/><input type=\"hidden\" name=\"_wpcf7_container_post\" value=\"0\" \/><input type=\"hidden\" name=\"_wpcf7_posted_data_hash\" value=\"\" \/><input type=\"hidden\" name=\"_wpcf7_recaptcha_response\" value=\"\" \/>\n<\/fieldset>\n<div class=\"row\">\n\t<div class=\"col-md-6\" style='margin-bottom:20px;'>\n\t\t<p><label>Nom et Pr\u00e9nom (exig\u00e9e)<\/label><span class=\"wpcf7-form-control-wrap\" data-name=\"your-name\"><input size=\"40\" maxlength=\"400\" class=\"wpcf7-form-control wpcf7-text wpcf7-validates-as-required\" aria-required=\"true\" aria-invalid=\"false\" value=\"\" type=\"text\" name=\"your-name\" \/><\/span>\n\t\t<\/p>\n\t<\/div>\n\t<div class=\"col-md-6\" style='margin-bottom:20px;'>\n\t\t<p><label>Email (exig\u00e9e)<\/label><span class=\"wpcf7-form-control-wrap\" data-name=\"your-email\"><input size=\"40\" maxlength=\"400\" class=\"wpcf7-form-control wpcf7-email wpcf7-validates-as-required wpcf7-text wpcf7-validates-as-email\" aria-required=\"true\" aria-invalid=\"false\" value=\"\" type=\"email\" name=\"your-email\" \/><\/span>\n\t\t<\/p>\n\t<\/div>\n<\/div>\n<div class=\"row\">\n\t<div class=\"col-md-6\" style='margin-bottom:20px;'>\n\t\t<p><label>T\u00e9l\u00e9phone<\/label><span class=\"wpcf7-form-control-wrap\" data-name=\"tel-767\"><input size=\"40\" maxlength=\"400\" class=\"wpcf7-form-control wpcf7-tel wpcf7-validates-as-required wpcf7-text wpcf7-validates-as-tel\" aria-required=\"true\" aria-invalid=\"false\" value=\"\" type=\"tel\" name=\"tel-767\" \/><\/span>\n\t\t<\/p>\n\t<\/div>\n\t<div class=\"col-md-6\" style='margin-bottom:20px;'>\n\t\t<p><label>Pays<\/label><span class=\"wpcf7-form-control-wrap\" data-name=\"text-300\"><input size=\"40\" maxlength=\"400\" class=\"wpcf7-form-control wpcf7-text wpcf7-validates-as-required\" aria-required=\"true\" aria-invalid=\"false\" value=\"\" type=\"text\" name=\"text-300\" \/><\/span>\n\t\t<\/p>\n\t<\/div>\n\t<div class=\"col-md-6\" style='margin-bottom:20px;'>\n\t\t<p><label>Domaine d'int\u00e9r\u00eat<\/label><span class=\"wpcf7-form-control-wrap\" data-name=\"menu-880\"><select class=\"wpcf7-form-control wpcf7-select\" aria-invalid=\"false\" name=\"menu-880\"><option value=\"Sport\">Sport<\/option><option value=\"Scuola\">\u00c9cole<\/option><\/select><\/span>\n\t\t<\/p>\n\t<\/div>\n\t<div class=\"col-md-6\" style='margin-bottom:20px;'>\n\t\t<p><label>Produit concern\u00e9<\/label><span class=\"wpcf7-form-control-wrap\" data-name=\"text-301\"><input size=\"40\" maxlength=\"400\" class=\"wpcf7-form-control wpcf7-text wpcf7-validates-as-required\" aria-required=\"true\" aria-invalid=\"false\" value=\"\" type=\"text\" name=\"text-301\" \/><\/span>\n\t\t<\/p>\n\t<\/div>\n\t<div class=\"col-md-6\" style='margin-bottom:20px;'>\n\t\t<p><label>Entreprise<\/label><span class=\"wpcf7-form-control-wrap\" data-name=\"text-1\"><input size=\"40\" maxlength=\"400\" class=\"wpcf7-form-control wpcf7-text wpcf7-validates-as-required\" aria-required=\"true\" aria-invalid=\"false\" value=\"\" type=\"text\" name=\"text-1\" \/><\/span>\n\t\t<\/p>\n\t<\/div>\n\t<div class=\"col-md-6\" style='margin-bottom:20px;'>\n\t\t<p><label>Adresse<\/label><span class=\"wpcf7-form-control-wrap\" data-name=\"text-576\"><input size=\"40\" maxlength=\"400\" class=\"wpcf7-form-control wpcf7-text wpcf7-validates-as-required\" aria-required=\"true\" aria-invalid=\"false\" value=\"\" type=\"text\" name=\"text-576\" \/><\/span>\n\t\t<\/p>\n\t<\/div>\n<\/div>\n<p><label>Message<\/label><span class=\"wpcf7-form-control-wrap\" data-name=\"your-message\"><textarea cols=\"40\" rows=\"10\" maxlength=\"2000\" class=\"wpcf7-form-control wpcf7-textarea wpcf7-validates-as-required\" aria-required=\"true\" aria-invalid=\"false\" name=\"your-message\"><\/textarea><\/span>\n<\/p>\n<p><span class=\"wpcf7-form-control-wrap\" data-name=\"acceptance-427\"><span class=\"wpcf7-form-control wpcf7-acceptance\"><span class=\"wpcf7-list-item\"><label><input type=\"checkbox\" name=\"acceptance-427\" value=\"1\" aria-invalid=\"false\" \/><span class=\"wpcf7-list-item-label\">J'ai lu la<a href=\"https:\/\/omsi.it\/wp\/wp-content\/uploads\/2021\/01\/Informativa-Contatti-SITO-rev2020.pdf\" target=\"_blank\" rel=\"nofollow noopener\">politique de confidentialit\u00e9<\/a> et j'accepte le traitement des mes donn\u00e9es tel qu'\u00e9tabli par le r\u00e8glement europ\u00e9en 2016\/679 relatif \u00e0 la protection des donn\u00e9es \u00e0 caract\u00e8re personnel.<\/span><\/label><\/span><\/span><\/span>\n<\/p>\n<p><input class=\"wpcf7-form-control wpcf7-submit has-spinner btn-color-black\" type=\"submit\" value=\"ENVOYER\" \/>\n<\/p><div class=\"wpcf7-response-output\" aria-hidden=\"true\"><\/div>\n<input type=\"hidden\" name=\"trp-form-language\" value=\"fr\"\/><\/form>\n<\/div>\n<\/div><\/div><\/div><\/div><\/div><\/div><\/div><\/div>\n<\/div>","protected":false},"excerpt":{"rendered":"<p class=\"translation-block\">La chaise mod\u00e8le A1 conjugue \u00e0 la perfection design et confort; elle est durable et robuste, simple mais polyvalente, parfaite dans les bars, bureaux et lieux publics en g\u00e9n\u00e9ral, tr\u00e8s utilis\u00e9e \u00e9galement pour les spectacles publics dans les espaces collectifs, aussi bien dans des milieux ferm\u00e9s qu\u2019en plein air.<\/p>\n<p class=\"translation-block\">La coque est en polypropyl\u00e8ne de premi\u00e8re qualit\u00e9, mati\u00e8re plastique atoxique et anti-tache, fix\u00e9e \u00e0 la structure par un syst\u00e8me d\u2019accrochage \u00e0 clip; ce dernier est r\u00e9alis\u00e9 en acier tubulaire de 18 mm, finition chrom\u00e9e.<\/p>\n<p class=\"translation-block\">A1 est empilable et fabriqu\u00e9e 100% en Italie.<\/p>\n<p>Elle est disponible avec ou sans syst\u00e8me d\u2019accrochage et avec ou sans tablette \/ \u00e9critoire.<\/p>\n<p>&nbsp;<\/p>\n[table id=a1 \/]\n<p>&nbsp;<\/p>\n<p><a class=\"btn_sara\" href=\"#contattaci\">Contactez-nous<\/a><\/p>","protected":false},"featured_media":8753,"template":"","meta":[],"product_brand":[],"product_cat":[88,68,548],"product_tag":[],"class_list":{"0":"post-8748","1":"product","2":"type-product","3":"status-publish","4":"has-post-thumbnail","6":"product_cat-collettivita","7":"product_cat-scuola","8":"product_cat-sedie-2","10":"first","11":"instock","12":"shipping-taxable","13":"product-type-simple"},"_links":{"self":[{"href":"https:\/\/omsi.it\/fr\/wp-json\/wp\/v2\/product\/8748","targetHints":{"allow":["GET"]}}],"collection":[{"href":"https:\/\/omsi.it\/fr\/wp-json\/wp\/v2\/product"}],"about":[{"href":"https:\/\/omsi.it\/fr\/wp-json\/wp\/v2\/types\/product"}],"wp:featuredmedia":[{"embeddable":true,"href":"https:\/\/omsi.it\/fr\/wp-json\/wp\/v2\/media\/8753"}],"wp:attachment":[{"href":"https:\/\/omsi.it\/fr\/wp-json\/wp\/v2\/media?parent=8748"}],"wp:term":[{"taxonomy":"product_brand","embeddable":true,"href":"https:\/\/omsi.it\/fr\/wp-json\/wp\/v2\/product_brand?post=8748"},{"taxonomy":"product_cat","embeddable":true,"href":"https:\/\/omsi.it\/fr\/wp-json\/wp\/v2\/product_cat?post=8748"},{"taxonomy":"product_tag","embeddable":true,"href":"https:\/\/omsi.it\/fr\/wp-json\/wp\/v2\/product_tag?post=8748"}],"curies":[{"name":"wp","href":"https:\/\/api.w.org\/{rel}","templated":true}]}}